{"id":5366,"date":"2022-03-17T19:46:39","date_gmt":"2022-03-17T18:46:39","guid":{"rendered":"https:\/\/agora.xtec.cat\/escolamiramar\/?page_id=5366"},"modified":"2023-02-02T18:33:46","modified_gmt":"2023-02-02T17:33:46","slug":"gep","status":"publish","type":"page","link":"https:\/\/agora.xtec.cat\/escolamiramar\/gep\/","title":{"rendered":"GEP"},"content":{"rendered":"<h1><strong>GEneraci\u00f3 Pluril\u00edng\u00fce <\/strong><img loading=\"lazy\" decoding=\"async\" class=\"wp-image-6070 alignnone\" style=\"font-size: 16px; font-weight: normal;\" src=\"http:\/\/blocs.xtec.cat\/escolamiramar\/files\/2022\/01\/LOGOTIPS.png\" alt=\"\" width=\"61\" height=\"61\" \/><\/h1>\n<p>El curs 2021-2022 l\u2019Escola Miramar inicia el<strong>\u00a0programa GEP<\/strong>\u00a0(Generaci\u00f3 Pluriling\u00fce) amb l\u2019objectiu d\u2019augmentar la compet\u00e8ncia comunicativa de l\u2019alumnat en\u00a0 la llengua anglesa. A trav\u00e9s del programa s\u2019impulsen accions innovadores en l\u2019\u00e0mbit de l\u2019organitzaci\u00f3 curricular i en l\u2019\u00e0mbit metodol\u00f2gic de l\u2019ensenyament d\u2019aquesta llengua.<\/p>\n<p>A l\u2019escola es treballen les seg\u00fcents \u00e0rees no ling\u00fc\u00edstiques en angl\u00e8s: Art, Ed.F\u00edsica, Laboratory i Matem\u00e0tiques (Geometry).<\/p>\n<p>Aquest curs escolar s\u2019estan treballant els continguts de geometria en llengua anglesa promovent un aprenentatge actiu i significatiu per part de l\u2019alumnat a trav\u00e9s d\u2019un treball m\u00e9s manipulatiu i en grups redu\u00efts.<\/p>\n<p><img loading=\"lazy\" decoding=\"async\" class=\"alignleft wp-image-6070\" src=\"http:\/\/blocs.xtec.cat\/escolamiramar\/files\/2022\/01\/LOGOTIPS.png\" alt=\"\" width=\"298\" height=\"298\" \/><\/p>\n<p><em>This school year 2021-2022 we have started <strong>GEP<\/strong> in Escola Miramar.<\/em><\/p>\n<p><em>GEP is an educational programme (Generaci\u00f3 Pluriling\u00fce) with the aim of increasing the communicative competence in English of our students. Through this programme we develop different innovative actions, improving organization and methodology aspects.<\/em><\/p>\n<p><em>We work these non-linguistic subjects in English such as: Art, P.E., Laboratory and Maths (Geometry).<\/em><\/p>\n<p><em>This year students are working on Geometry contents in English, encouraging active and meaningful learning. They are also using manipulative material in small groups.<\/em><\/p>\n<p>&nbsp;<\/p>\n<p>&nbsp;<\/p>\n<h2>Consulta les activitats del curs 2021-2022 al seg\u00fcent enlla\u00e7:<\/h2>\n<p><a href=\"https:\/\/blocs.xtec.cat\/escolamiramar\/gep\/\"><img loading=\"lazy\" decoding=\"async\" class=\"alignnone wp-image-7020 size-full\" src=\"https:\/\/agora.xtec.cat\/escolamiramar\/wp-content\/uploads\/usu2300\/2022\/11\/GEP.png\" alt=\"\" width=\"296\" height=\"109\" \/><\/a><\/p>\n","protected":false},"excerpt":{"rendered":"<p>GEneraci\u00f3 Pluril\u00edng\u00fce<br \/>\nEl curs 2021-2022 l\u2019Escola Miramar inicia el\u00a0programa GEP\u00a0(Generaci\u00f3 Pluriling\u00fce) amb l\u2019objectiu d\u2019augmentar la compet\u00e8ncia comunicativa de l\u2019alumnat en\u00a0 la llengua anglesa. A trav\u00e9s del programa s\u2019impulsen accions innovadores en l\u2019\u00e0mbit de l\u2019organitzaci\u00f3 curricular i en l\u2019\u00e0mbit metodol\u00f2gic de l\u2019ensenyament d\u2019aquesta llengua.<br \/>\nA l\u2019escola es&hellip;  <a href=\"https:\/\/agora.xtec.cat\/escolamiramar\/gep\/\" title=\"Read GEP\">Llegeix m\u00e9s\u00bb<\/a><\/p>\n","protected":false},"author":3,"featured_media":0,"parent":0,"menu_order":0,"comment_status":"closed","ping_status":"closed","template":"","meta":{"_bbp_topic_count":0,"_bbp_reply_count":0,"_bbp_total_topic_count":0,"_bbp_total_reply_count":0,"_bbp_voice_count":0,"_bbp_anonymous_reply_count":0,"_bbp_topic_count_hidden":0,"_bbp_reply_count_hidden":0,"_bbp_forum_subforum_count":0,"footnotes":""},"class_list":["post-5366","page","type-page","status-publish","hentry"],"post_mailing_queue_ids":[],"_links":{"self":[{"href":"https:\/\/agora.xtec.cat\/escolamiramar\/wp-json\/wp\/v2\/pages\/5366","targetHints":{"allow":["GET"]}}],"collection":[{"href":"https:\/\/agora.xtec.cat\/escolamiramar\/wp-json\/wp\/v2\/pages"}],"about":[{"href":"https:\/\/agora.xtec.cat\/escolamiramar\/wp-json\/wp\/v2\/types\/page"}],"author":[{"embeddable":true,"href":"https:\/\/agora.xtec.cat\/escolamiramar\/wp-json\/wp\/v2\/users\/3"}],"replies":[{"embeddable":true,"href":"https:\/\/agora.xtec.cat\/escolamiramar\/wp-json\/wp\/v2\/comments?post=5366"}],"version-history":[{"count":3,"href":"https:\/\/agora.xtec.cat\/escolamiramar\/wp-json\/wp\/v2\/pages\/5366\/revisions"}],"predecessor-version":[{"id":7082,"href":"https:\/\/agora.xtec.cat\/escolamiramar\/wp-json\/wp\/v2\/pages\/5366\/revisions\/7082"}],"wp:attachment":[{"href":"https:\/\/agora.xtec.cat\/escolamiramar\/wp-json\/wp\/v2\/media?parent=5366"}],"curies":[{"name":"wp","href":"https:\/\/api.w.org\/{rel}","templated":true}]}}