{"id":26,"date":"2014-09-18T12:24:32","date_gmt":"2014-09-18T10:24:32","guid":{"rendered":"http:\/\/agora.xtec.cat\/escolamiramar\/?page_id=26"},"modified":"2023-05-09T21:45:25","modified_gmt":"2023-05-09T19:45:25","slug":"historia","status":"publish","type":"page","link":"https:\/\/agora.xtec.cat\/escolamiramar\/escola\/historia\/","title":{"rendered":"Atenci\u00f3 fam\u00edlies"},"content":{"rendered":"<h1><strong><span style=\"color: #038594;\">TUTORIES<\/span><\/strong><\/h1>\n<h2>DIMECRES de 12.30 a 13.30 amb cita pr\u00e8via<\/h2>\n<p>&nbsp;<\/p>\n<h1><strong><span style=\"color: #e9472b;\">SECRETARIA<\/span><\/strong><\/h1>\n<h2>MATINS de 9.10 a 13.00<\/h2>\n<h2>TARDES de 15.10 a 16.15<\/h2>\n<p>&nbsp;<\/p>\n<h1><strong><span style=\"color: #fab426;\">DIRECCI\u00d3<\/span><\/strong><\/h1>\n<h2>Amb cita pr\u00e8via telef\u00f2nicament o mitjan\u00e7ant correu electr\u00f2nic<\/h2>\n<p>&nbsp;<\/p>\n","protected":false},"excerpt":{"rendered":"<p>TUTORIES<br \/>\nDIMECRES de 12.30 a 13.30 amb cita pr\u00e8via<br \/>\n&nbsp;<br \/>\nSECRETARIA<br \/>\nMATINS de 9.10 a 13.00<br \/>\nTARDES de 15.10 a 16.15<br \/>\n&nbsp;<br \/>\nDIRECCI\u00d3<br \/>\nAmb cita pr\u00e8via telef\u00f2nicament o mitjan\u00e7ant correu electr\u00f2nic<br \/>\n&nbsp;<\/p>\n","protected":false},"author":1,"featured_media":0,"parent":6708,"menu_order":20,"comment_status":"closed","ping_status":"closed","template":"page-templates\/side-menu.php","meta":{"_bbp_topic_count":0,"_bbp_reply_count":0,"_bbp_total_topic_count":0,"_bbp_total_reply_count":0,"_bbp_voice_count":0,"_bbp_anonymous_reply_count":0,"_bbp_topic_count_hidden":0,"_bbp_reply_count_hidden":0,"_bbp_forum_subforum_count":0,"footnotes":""},"class_list":["post-26","page","type-page","status-publish","hentry"],"post_mailing_queue_ids":[],"_links":{"self":[{"href":"https:\/\/agora.xtec.cat\/escolamiramar\/wp-json\/wp\/v2\/pages\/26","targetHints":{"allow":["GET"]}}],"collection":[{"href":"https:\/\/agora.xtec.cat\/escolamiramar\/wp-json\/wp\/v2\/pages"}],"about":[{"href":"https:\/\/agora.xtec.cat\/escolamiramar\/wp-json\/wp\/v2\/types\/page"}],"author":[{"embeddable":true,"href":"https:\/\/agora.xtec.cat\/escolamiramar\/wp-json\/wp\/v2\/users\/1"}],"replies":[{"embeddable":true,"href":"https:\/\/agora.xtec.cat\/escolamiramar\/wp-json\/wp\/v2\/comments?post=26"}],"version-history":[{"count":3,"href":"https:\/\/agora.xtec.cat\/escolamiramar\/wp-json\/wp\/v2\/pages\/26\/revisions"}],"predecessor-version":[{"id":7236,"href":"https:\/\/agora.xtec.cat\/escolamiramar\/wp-json\/wp\/v2\/pages\/26\/revisions\/7236"}],"up":[{"embeddable":true,"href":"https:\/\/agora.xtec.cat\/escolamiramar\/wp-json\/wp\/v2\/pages\/6708"}],"wp:attachment":[{"href":"https:\/\/agora.xtec.cat\/escolamiramar\/wp-json\/wp\/v2\/media?parent=26"}],"curies":[{"name":"wp","href":"https:\/\/api.w.org\/{rel}","templated":true}]}}