{"id":506,"date":"2022-11-10T10:12:54","date_gmt":"2022-11-10T09:12:54","guid":{"rendered":"https:\/\/agora.xtec.cat\/escolaminerva\/?page_id=506"},"modified":"2022-12-01T09:50:26","modified_gmt":"2022-12-01T08:50:26","slug":"trets-didentitat","status":"publish","type":"page","link":"https:\/\/agora.xtec.cat\/escolaminerva\/trets-didentitat\/","title":{"rendered":"Trets d&#8217;identitat"},"content":{"rendered":"<p><strong>Escola catalana.<\/strong>\u00a0Empra el catal\u00e0 com a llengua pr\u00f2pia i vehicular d\u2019ensenyament i aprenentatge.<\/p>\n<p><strong>Escola aconfessional i pluralista.<\/strong>\u00a0Respecta les diferents maneres de pensar i \u00e9s oberta a tothom. Educa per la llibertat, la responsabilitat i per l\u2019adquisici\u00f3 d\u2019h\u00e0bits i conductes que fan dels seus membres persones socials dignes de la comunitat on viuen.<\/p>\n<p><strong>Escola coeducadora i no sexista.<\/strong>\u00a0Educa per la conviv\u00e8ncia i respecte als altres basant-se en la coeducaci\u00f3, sense cap mena de discriminaci\u00f3 per ra\u00f3 de sexe.<\/p>\n<p><strong>Escola solid\u00e0ria i tolerant.<\/strong>\u00a0Educa per la just\u00edcia, la solidaritat i la no discriminaci\u00f3.<\/p>\n<p><strong>Educaci\u00f3 integral.<\/strong>\u00a0Escola que descobreix en el treball, les aptituds de cadasc\u00fa, aprenent a desenvolupar totes les capacitats personals i a respectar les dels altres, fomentant l\u2019autoestima i real\u00e7ant l\u2019aspecte formatiu de la persona. La comunitat educativa estimula i potencia el desenvolupament integral de l\u2019alumnat tenint en compte les caracter\u00edstiques personals que fan \u00fanic\/a a cada alumne\/a.<\/p>\n<p><strong>Educaci\u00f3 socialitzadora.<\/strong>\u00a0Educa en les estrat\u00e8gies per resoldre les dificultats i per concienciar dels drets i deures que comporta la vida en societat, fugint de l\u2019estricta competitivitat. Cerca f\u00f3rmules diveres d\u2019actuaci\u00f3, que si b\u00e9 inclouen la competici\u00f3 ho fan de manera no prioritzada i sempre vetllant perqu\u00e8 es donin les adequades condicions de respecte entre els companys i companyes. Eduquem per ser competents.<\/p>\n<p><strong>Escola dialogant.<\/strong>\u00a0Afavoridora del di\u00e0leg, mantenint una relaci\u00f3 real i efectiva entre els pares, mestres, alumnes i altres professionals implicats dins la comunitat escolar, per mitj\u00e0 dels representants elegits per cada un d\u2019aquests estaments.<\/p>\n<p><strong>Ensenyament personalitzat i de qualitat.<\/strong>\u00a0Escola ques aspira a un ensenyament de qualitat i personalitzat, que ensenyi i a aprendre, a consultar i a adaptar-se a la constant evoluci\u00f3 social (aprenentatge significatiu).<\/p>\n<p><strong>Ensenyament actiu i innovador.<\/strong>\u00a0Escola que potencia l\u2019aspecte instructiu, que fomenta l\u2019experimentaci\u00f3, el descobriment, la formaci\u00f3 d\u2019h\u00e0bits \u00e8tics i c\u00edvics, aprendre a aprendre, el coneixement del medi.<\/p>\n<p><strong>Escola oberta a la participaci\u00f3.<\/strong>\u00a0Valora com a fonamental la participaci\u00f3 de l\u2019alumnat en totes les tasques d\u2019aprenentatges i en les diferents activitats, i que fomenta el treball individual i en equip. Facilita que el professorat, pares, treballadors no docents i alumnes participin en la gesti\u00f3 i activitats diverses del centre, segons la legislaci\u00f3 vigent.<\/p>\n<p><strong>Escola respectuosa amb l\u2019entorn i compromesa amb el medi ambient.<\/strong>\u00a0Es vol treballar per la sostenibilitat: residus, mobilitat, gesti\u00f3 de recursos\u2026<\/p>\n<p><strong>Visi\u00f3 cr\u00edtica.<\/strong>\u00a0Escola que vol aconseguir que es valorin els fets amb visi\u00f3 cr\u00edtica, fomentant l\u2019observaci\u00f3, la investigaci\u00f3, l\u2019an\u00e0lisi, la s\u00edntesi, l\u2019autoavaluaci\u00f3 i l\u2019aprendre del propi error.<\/p>\n","protected":false},"excerpt":{"rendered":"<p>Escola catalana.\u00a0Empra el catal\u00e0 com a llengua pr\u00f2pia i vehicular d\u2019ensenyament i aprenentatge.<br \/>\nEscola aconfessional i pluralista.\u00a0Respecta les diferents maneres de pensar i \u00e9s oberta a tothom. Educa per la llibertat, la responsabilitat i per l\u2019adquisici\u00f3 d\u2019h\u00e0bits i conductes que fan dels seus membres persones socials&hellip;  <a href=\"https:\/\/agora.xtec.cat\/escolaminerva\/trets-didentitat\/\" title=\"Read Trets d&#8217;identitat\">Llegeix m\u00e9s\u00bb<\/a><\/p>\n","protected":false},"author":1,"featured_media":0,"parent":0,"menu_order":0,"comment_status":"closed","ping_status":"closed","template":"","meta":{"_bbp_topic_count":0,"_bbp_reply_count":0,"_bbp_total_topic_count":0,"_bbp_total_reply_count":0,"_bbp_voice_count":0,"_bbp_anonymous_reply_count":0,"_bbp_topic_count_hidden":0,"_bbp_reply_count_hidden":0,"_bbp_forum_subforum_count":0,"footnotes":""},"class_list":["post-506","page","type-page","status-publish","hentry"],"post_mailing_queue_ids":[],"_links":{"self":[{"href":"https:\/\/agora.xtec.cat\/escolaminerva\/wp-json\/wp\/v2\/pages\/506","targetHints":{"allow":["GET"]}}],"collection":[{"href":"https:\/\/agora.xtec.cat\/escolaminerva\/wp-json\/wp\/v2\/pages"}],"about":[{"href":"https:\/\/agora.xtec.cat\/escolaminerva\/wp-json\/wp\/v2\/types\/page"}],"author":[{"embeddable":true,"href":"https:\/\/agora.xtec.cat\/escolaminerva\/wp-json\/wp\/v2\/users\/1"}],"replies":[{"embeddable":true,"href":"https:\/\/agora.xtec.cat\/escolaminerva\/wp-json\/wp\/v2\/comments?post=506"}],"version-history":[{"count":1,"href":"https:\/\/agora.xtec.cat\/escolaminerva\/wp-json\/wp\/v2\/pages\/506\/revisions"}],"predecessor-version":[{"id":507,"href":"https:\/\/agora.xtec.cat\/escolaminerva\/wp-json\/wp\/v2\/pages\/506\/revisions\/507"}],"wp:attachment":[{"href":"https:\/\/agora.xtec.cat\/escolaminerva\/wp-json\/wp\/v2\/media?parent=506"}],"curies":[{"name":"wp","href":"https:\/\/api.w.org\/{rel}","templated":true}]}}