{"id":3519,"date":"2026-04-22T13:19:06","date_gmt":"2026-04-22T11:19:06","guid":{"rendered":"https:\/\/agora.xtec.cat\/escolaminerva\/?page_id=3519"},"modified":"2026-04-22T13:20:23","modified_gmt":"2026-04-22T11:20:23","slug":"sollicitud-de-certificat","status":"publish","type":"page","link":"https:\/\/agora.xtec.cat\/escolaminerva\/sollicitud-de-certificat\/","title":{"rendered":"Sol\u00b7licitud de certificat"},"content":{"rendered":"<p data-start=\"111\" data-end=\"224\">Per sol\u00b7licitar un certificat acad\u00e8mic, cal enviar un correu electr\u00f2nic a l\u2019adre\u00e7a seg\u00fcent: <strong data-start=\"203\" data-end=\"224\"><a class=\"decorated-link cursor-pointer\" rel=\"noopener\" data-start=\"205\" data-end=\"222\">c5010413@xtec.cat<\/a><\/strong><\/p>\n<p data-start=\"226\" data-end=\"428\">A causa de l\u2019elevat nombre de sol\u00b7licituds relacionades amb processos de regularitzaci\u00f3 al nostre pa\u00eds, \u00e9s important adjuntar tota la documentaci\u00f3 necess\u00e0ria per poder gestionar correctament la petici\u00f3.<\/p>\n<p data-start=\"430\" data-end=\"476\"><strong data-start=\"430\" data-end=\"476\">Documentaci\u00f3 i informaci\u00f3 que cal aportar:<\/strong><\/p>\n<ul data-start=\"478\" data-end=\"808\">\n<li data-section-id=\"6tglp6\" data-start=\"478\" data-end=\"553\">C\u00f2pia escanejada o fotografia del document d\u2019identitat vigent (DNI o NIE)<\/li>\n<li data-section-id=\"1kwfha5\" data-start=\"554\" data-end=\"583\">Nom i cognoms de l\u2019alumne\/a<\/li>\n<li data-section-id=\"1c6h1vq\" data-start=\"584\" data-end=\"605\">N\u00famero de DNI o NIE<\/li>\n<li data-section-id=\"5ahp3d\" data-start=\"606\" data-end=\"631\">Data o any de naixement<\/li>\n<li data-section-id=\"e101sj\" data-start=\"632\" data-end=\"703\">Cursos realitzats al centre i indicaci\u00f3 de si s\u2019ha repetit algun curs<\/li>\n<li data-section-id=\"s2s7bv\" data-start=\"704\" data-end=\"738\">Any de finalitzaci\u00f3 dels estudis<\/li>\n<li data-section-id=\"5gj6n2\" data-start=\"739\" data-end=\"760\">Tel\u00e8fon de contacte<\/li>\n<li data-section-id=\"luqw2l\" data-start=\"761\" data-end=\"808\">Motiu o tipus de certificat que se sol\u00b7licita<\/li>\n<\/ul>\n<p data-start=\"810\" data-end=\"963\">Un cop rebuda i tramitada la sol\u00b7licitud, es contactar\u00e0 telef\u00f2nicament amb la fam\u00edlia per confirmar la recepci\u00f3 del document i acordar la seva signatura.<\/p>\n<p data-start=\"965\" data-end=\"1001\">Gr\u00e0cies per la vostra col\u00b7laboraci\u00f3.<\/p>\n","protected":false},"excerpt":{"rendered":"<p>Per sol\u00b7licitar un certificat acad\u00e8mic, cal enviar un correu electr\u00f2nic a l\u2019adre\u00e7a seg\u00fcent: <a class=\"decorated-link cursor-pointer\" rel=\"noopener\" data-start=\"205\" data-end=\"222\">c5010413@xtec.cat<\/a><br \/>\nA causa de l\u2019elevat nombre de sol\u00b7licituds relacionades amb processos de regularitzaci\u00f3 al nostre pa\u00eds, \u00e9s important adjuntar tota la documentaci\u00f3 necess\u00e0ria per poder gestionar correctament la&hellip;  <a href=\"https:\/\/agora.xtec.cat\/escolaminerva\/sollicitud-de-certificat\/\" title=\"Read Sol\u00b7licitud de certificat\">Llegeix m\u00e9s\u00bb<\/a><\/p>\n","protected":false},"author":4,"featured_media":0,"parent":0,"menu_order":0,"comment_status":"closed","ping_status":"closed","template":"","meta":{"_bbp_topic_count":0,"_bbp_reply_count":0,"_bbp_total_topic_count":0,"_bbp_total_reply_count":0,"_bbp_voice_count":0,"_bbp_anonymous_reply_count":0,"_bbp_topic_count_hidden":0,"_bbp_reply_count_hidden":0,"_bbp_forum_subforum_count":0,"footnotes":""},"class_list":["post-3519","page","type-page","status-publish","hentry"],"post_mailing_queue_ids":[],"_links":{"self":[{"href":"https:\/\/agora.xtec.cat\/escolaminerva\/wp-json\/wp\/v2\/pages\/3519","targetHints":{"allow":["GET"]}}],"collection":[{"href":"https:\/\/agora.xtec.cat\/escolaminerva\/wp-json\/wp\/v2\/pages"}],"about":[{"href":"https:\/\/agora.xtec.cat\/escolaminerva\/wp-json\/wp\/v2\/types\/page"}],"author":[{"embeddable":true,"href":"https:\/\/agora.xtec.cat\/escolaminerva\/wp-json\/wp\/v2\/users\/4"}],"replies":[{"embeddable":true,"href":"https:\/\/agora.xtec.cat\/escolaminerva\/wp-json\/wp\/v2\/comments?post=3519"}],"version-history":[{"count":1,"href":"https:\/\/agora.xtec.cat\/escolaminerva\/wp-json\/wp\/v2\/pages\/3519\/revisions"}],"predecessor-version":[{"id":3520,"href":"https:\/\/agora.xtec.cat\/escolaminerva\/wp-json\/wp\/v2\/pages\/3519\/revisions\/3520"}],"wp:attachment":[{"href":"https:\/\/agora.xtec.cat\/escolaminerva\/wp-json\/wp\/v2\/media?parent=3519"}],"curies":[{"name":"wp","href":"https:\/\/api.w.org\/{rel}","templated":true}]}}