{"id":30,"date":"2014-09-18T12:30:23","date_gmt":"2014-09-18T11:30:23","guid":{"rendered":"http:\/\/agora.xtec.cat\/escolaminerva\/?page_id=30"},"modified":"2024-03-15T12:59:13","modified_gmt":"2024-03-15T11:59:13","slug":"instal%c2%b7lacions","status":"publish","type":"page","link":"https:\/\/agora.xtec.cat\/escolaminerva\/instal%c2%b7lacions\/","title":{"rendered":"Instal\u00b7lacions"},"content":{"rendered":"<p>A continuaci\u00f3 us mostrarem els espais on els nostres alumnes aprenen, descobreixen, els relacionen i es diverteixen. Tots els espais estan adaptats per tal de satisfer les necessitats educatives i personals dels nostres infants.<\/p>\n<p>Una educaci\u00f3 de qualitat requereix uns espais de qualitat. \u00c9s per aix\u00f2 que la nostra escola compta d\u2019unes instal\u00b7lacions molt modernes i d\u2019espais molt v\u00e0lids. A m\u00e9s a m\u00e9s de les aules ordin\u00e0ries, l\u2019escola compta amb aules de m\u00fasica, d\u2019inform\u00e0tica, de psicomotricitat, biblioteca, zones d\u2019esbarjo amb pistes de futbol i b\u00e0squet, banys, sales de reunions i un poliesportiu cobert.<\/p>\n<p>Tots els espais del centre tenen connexi\u00f3 Wi-fi i compleixen les mesures de seguretat<\/p>\n<p><strong>ESPAIS DEL CENTRE<\/strong><\/p>\n<table style=\"height: 320px; width: 100%; border-collapse: collapse; border-style: dotted; border-color: #1c1414;\">\n<tbody>\n<tr style=\"height: 32px;\">\n<td style=\"width: 33.3333%; height: 32px; text-align: center;\"><a href=\"https:\/\/agora.xtec.cat\/escolaminerva\/wp-content\/uploads\/usu2356\/2024\/02\/IMG-20240222-WA0005.jpg\"><img loading=\"lazy\" decoding=\"async\" class=\"alignnone size-large wp-image-1530\" src=\"https:\/\/agora.xtec.cat\/escolaminerva\/wp-content\/uploads\/usu2356\/2024\/02\/IMG-20240222-WA0005-1024x768.jpg\" alt=\"\" width=\"1024\" height=\"768\" srcset=\"https:\/\/agora.xtec.cat\/escolaminerva\/wp-content\/uploads\/usu2356\/2024\/02\/IMG-20240222-WA0005-1024x768.jpg 1024w, https:\/\/agora.xtec.cat\/escolaminerva\/wp-content\/uploads\/usu2356\/2024\/02\/IMG-20240222-WA0005-300x225.jpg 300w, https:\/\/agora.xtec.cat\/escolaminerva\/wp-content\/uploads\/usu2356\/2024\/02\/IMG-20240222-WA0005-768x576.jpg 768w, https:\/\/agora.xtec.cat\/escolaminerva\/wp-content\/uploads\/usu2356\/2024\/02\/IMG-20240222-WA0005-1536x1152.jpg 1536w, https:\/\/agora.xtec.cat\/escolaminerva\/wp-content\/uploads\/usu2356\/2024\/02\/IMG-20240222-WA0005-200x150.jpg 200w, https:\/\/agora.xtec.cat\/escolaminerva\/wp-content\/uploads\/usu2356\/2024\/02\/IMG-20240222-WA0005.jpg 1600w\" sizes=\"auto, (max-width: 1024px) 100vw, 1024px\" \/><\/a><\/td>\n<td style=\"width: 33.3333%; height: 32px; text-align: center;\"><a href=\"https:\/\/agora.xtec.cat\/escolaminerva\/wp-content\/uploads\/usu2356\/2024\/02\/IMG_3715_Easy-Resize.com_.jpg\"><img loading=\"lazy\" decoding=\"async\" class=\"alignnone size-large wp-image-1527\" src=\"https:\/\/agora.xtec.cat\/escolaminerva\/wp-content\/uploads\/usu2356\/2024\/02\/IMG_3715_Easy-Resize.com_-1024x768.jpg\" alt=\"\" width=\"1024\" height=\"768\" srcset=\"https:\/\/agora.xtec.cat\/escolaminerva\/wp-content\/uploads\/usu2356\/2024\/02\/IMG_3715_Easy-Resize.com_-1024x768.jpg 1024w, https:\/\/agora.xtec.cat\/escolaminerva\/wp-content\/uploads\/usu2356\/2024\/02\/IMG_3715_Easy-Resize.com_-300x225.jpg 300w, https:\/\/agora.xtec.cat\/escolaminerva\/wp-content\/uploads\/usu2356\/2024\/02\/IMG_3715_Easy-Resize.com_-768x576.jpg 768w, https:\/\/agora.xtec.cat\/escolaminerva\/wp-content\/uploads\/usu2356\/2024\/02\/IMG_3715_Easy-Resize.com_-200x150.jpg 200w, https:\/\/agora.xtec.cat\/escolaminerva\/wp-content\/uploads\/usu2356\/2024\/02\/IMG_3715_Easy-Resize.com_.jpg 1280w\" sizes=\"auto, (max-width: 1024px) 100vw, 1024px\" \/><\/a><\/td>\n<td style=\"width: 33.3333%; height: 32px; text-align: center;\"><a href=\"https:\/\/agora.xtec.cat\/escolaminerva\/wp-content\/uploads\/usu2356\/2024\/02\/IMG-20240222-WA0002.jpg\"><img loading=\"lazy\" decoding=\"async\" class=\"alignnone size-large wp-image-1531\" src=\"https:\/\/agora.xtec.cat\/escolaminerva\/wp-content\/uploads\/usu2356\/2024\/02\/IMG-20240222-WA0002-1024x768.jpg\" alt=\"\" width=\"1024\" height=\"768\" srcset=\"https:\/\/agora.xtec.cat\/escolaminerva\/wp-content\/uploads\/usu2356\/2024\/02\/IMG-20240222-WA0002-1024x768.jpg 1024w, https:\/\/agora.xtec.cat\/escolaminerva\/wp-content\/uploads\/usu2356\/2024\/02\/IMG-20240222-WA0002-300x225.jpg 300w, https:\/\/agora.xtec.cat\/escolaminerva\/wp-content\/uploads\/usu2356\/2024\/02\/IMG-20240222-WA0002-768x576.jpg 768w, https:\/\/agora.xtec.cat\/escolaminerva\/wp-content\/uploads\/usu2356\/2024\/02\/IMG-20240222-WA0002-1536x1152.jpg 1536w, https:\/\/agora.xtec.cat\/escolaminerva\/wp-content\/uploads\/usu2356\/2024\/02\/IMG-20240222-WA0002-200x150.jpg 200w, https:\/\/agora.xtec.cat\/escolaminerva\/wp-content\/uploads\/usu2356\/2024\/02\/IMG-20240222-WA0002.jpg 1600w\" sizes=\"auto, (max-width: 1024px) 100vw, 1024px\" \/><\/a><\/td>\n<\/tr>\n<tr style=\"height: 32px;\">\n<td style=\"width: 33.3333%; height: 32px; text-align: center;\"><strong>Aula Educaci\u00f3 infantil<\/strong><\/td>\n<td style=\"width: 33.3333%; height: 32px; text-align: center;\"><strong>Aula Psicomotricitat<\/strong><\/td>\n<td style=\"width: 33.3333%; height: 32px; text-align: center;\"><strong>Pati Educaci\u00f3 infantil<\/strong><\/td>\n<\/tr>\n<tr style=\"height: 32px;\">\n<td style=\"width: 33.3333%; height: 32px; text-align: center;\"><a href=\"https:\/\/agora.xtec.cat\/escolaminerva\/wp-content\/uploads\/usu2356\/2024\/02\/IMG-20240222-WA0006.jpg\"><img loading=\"lazy\" decoding=\"async\" class=\"alignnone size-large wp-image-1532\" src=\"https:\/\/agora.xtec.cat\/escolaminerva\/wp-content\/uploads\/usu2356\/2024\/02\/IMG-20240222-WA0006-1024x768.jpg\" alt=\"\" width=\"1024\" height=\"768\" srcset=\"https:\/\/agora.xtec.cat\/escolaminerva\/wp-content\/uploads\/usu2356\/2024\/02\/IMG-20240222-WA0006-1024x768.jpg 1024w, https:\/\/agora.xtec.cat\/escolaminerva\/wp-content\/uploads\/usu2356\/2024\/02\/IMG-20240222-WA0006-300x225.jpg 300w, https:\/\/agora.xtec.cat\/escolaminerva\/wp-content\/uploads\/usu2356\/2024\/02\/IMG-20240222-WA0006-768x576.jpg 768w, https:\/\/agora.xtec.cat\/escolaminerva\/wp-content\/uploads\/usu2356\/2024\/02\/IMG-20240222-WA0006-1536x1152.jpg 1536w, https:\/\/agora.xtec.cat\/escolaminerva\/wp-content\/uploads\/usu2356\/2024\/02\/IMG-20240222-WA0006-200x150.jpg 200w, https:\/\/agora.xtec.cat\/escolaminerva\/wp-content\/uploads\/usu2356\/2024\/02\/IMG-20240222-WA0006.jpg 1600w\" sizes=\"auto, (max-width: 1024px) 100vw, 1024px\" \/><\/a><\/td>\n<td style=\"width: 33.3333%; height: 32px; text-align: center;\"><a href=\"https:\/\/agora.xtec.cat\/escolaminerva\/wp-content\/uploads\/usu2356\/2024\/02\/IMG_20240208_155407_Easy-Resize.com_.jpg\"><img loading=\"lazy\" decoding=\"async\" class=\"alignnone size-large wp-image-1525\" src=\"https:\/\/agora.xtec.cat\/escolaminerva\/wp-content\/uploads\/usu2356\/2024\/02\/IMG_20240208_155407_Easy-Resize.com_-1024x768.jpg\" alt=\"\" width=\"1024\" height=\"768\" srcset=\"https:\/\/agora.xtec.cat\/escolaminerva\/wp-content\/uploads\/usu2356\/2024\/02\/IMG_20240208_155407_Easy-Resize.com_-1024x768.jpg 1024w, https:\/\/agora.xtec.cat\/escolaminerva\/wp-content\/uploads\/usu2356\/2024\/02\/IMG_20240208_155407_Easy-Resize.com_-300x225.jpg 300w, https:\/\/agora.xtec.cat\/escolaminerva\/wp-content\/uploads\/usu2356\/2024\/02\/IMG_20240208_155407_Easy-Resize.com_-768x576.jpg 768w, https:\/\/agora.xtec.cat\/escolaminerva\/wp-content\/uploads\/usu2356\/2024\/02\/IMG_20240208_155407_Easy-Resize.com_-200x150.jpg 200w, https:\/\/agora.xtec.cat\/escolaminerva\/wp-content\/uploads\/usu2356\/2024\/02\/IMG_20240208_155407_Easy-Resize.com_.jpg 1280w\" sizes=\"auto, (max-width: 1024px) 100vw, 1024px\" \/><\/a><\/td>\n<td style=\"width: 33.3333%; height: 32px; text-align: center;\"><\/td>\n<\/tr>\n<tr style=\"height: 32px;\">\n<td style=\"width: 33.3333%; height: 32px; text-align: center;\"><strong>Biblioteca<\/strong><\/td>\n<td style=\"width: 33.3333%; height: 32px; text-align: center;\"><strong>Menjador<\/strong><\/td>\n<td style=\"width: 33.3333%; height: 32px; text-align: center;\"><strong>Aula de m\u00fasica<\/strong><\/td>\n<\/tr>\n<tr style=\"height: 32px;\">\n<td style=\"width: 33.3333%; height: 32px;\"><\/td>\n<td style=\"width: 33.3333%; height: 32px;\"><a href=\"https:\/\/agora.xtec.cat\/escolaminerva\/wp-content\/uploads\/usu2356\/2024\/02\/IMG_20240208_155255_Easy-Resize.com-1.jpg\"><img loading=\"lazy\" decoding=\"async\" class=\"alignnone size-large wp-image-1526\" src=\"https:\/\/agora.xtec.cat\/escolaminerva\/wp-content\/uploads\/usu2356\/2024\/02\/IMG_20240208_155255_Easy-Resize.com-1-1024x768.jpg\" alt=\"\" width=\"1024\" height=\"768\" srcset=\"https:\/\/agora.xtec.cat\/escolaminerva\/wp-content\/uploads\/usu2356\/2024\/02\/IMG_20240208_155255_Easy-Resize.com-1-1024x768.jpg 1024w, https:\/\/agora.xtec.cat\/escolaminerva\/wp-content\/uploads\/usu2356\/2024\/02\/IMG_20240208_155255_Easy-Resize.com-1-300x225.jpg 300w, https:\/\/agora.xtec.cat\/escolaminerva\/wp-content\/uploads\/usu2356\/2024\/02\/IMG_20240208_155255_Easy-Resize.com-1-768x576.jpg 768w, https:\/\/agora.xtec.cat\/escolaminerva\/wp-content\/uploads\/usu2356\/2024\/02\/IMG_20240208_155255_Easy-Resize.com-1-200x150.jpg 200w, https:\/\/agora.xtec.cat\/escolaminerva\/wp-content\/uploads\/usu2356\/2024\/02\/IMG_20240208_155255_Easy-Resize.com-1.jpg 1280w\" sizes=\"auto, (max-width: 1024px) 100vw, 1024px\" \/><\/a><\/td>\n<td style=\"width: 33.3333%; height: 32px;\"><a href=\"https:\/\/agora.xtec.cat\/escolaminerva\/wp-content\/uploads\/usu2356\/2024\/02\/IMG-20240222-WA0001.jpg\"><img loading=\"lazy\" decoding=\"async\" class=\"alignnone size-large wp-image-1533\" src=\"https:\/\/agora.xtec.cat\/escolaminerva\/wp-content\/uploads\/usu2356\/2024\/02\/IMG-20240222-WA0001-1024x768.jpg\" alt=\"\" width=\"1024\" height=\"768\" srcset=\"https:\/\/agora.xtec.cat\/escolaminerva\/wp-content\/uploads\/usu2356\/2024\/02\/IMG-20240222-WA0001-1024x768.jpg 1024w, https:\/\/agora.xtec.cat\/escolaminerva\/wp-content\/uploads\/usu2356\/2024\/02\/IMG-20240222-WA0001-300x225.jpg 300w, https:\/\/agora.xtec.cat\/escolaminerva\/wp-content\/uploads\/usu2356\/2024\/02\/IMG-20240222-WA0001-768x576.jpg 768w, https:\/\/agora.xtec.cat\/escolaminerva\/wp-content\/uploads\/usu2356\/2024\/02\/IMG-20240222-WA0001-1536x1152.jpg 1536w, https:\/\/agora.xtec.cat\/escolaminerva\/wp-content\/uploads\/usu2356\/2024\/02\/IMG-20240222-WA0001-200x150.jpg 200w, https:\/\/agora.xtec.cat\/escolaminerva\/wp-content\/uploads\/usu2356\/2024\/02\/IMG-20240222-WA0001.jpg 1600w\" sizes=\"auto, (max-width: 1024px) 100vw, 1024px\" \/><\/a><\/td>\n<\/tr>\n<tr style=\"height: 32px;\">\n<td style=\"width: 33.3333%; height: 32px; text-align: center;\"><strong>Aula compet\u00e8ncia digital<\/strong><\/td>\n<td style=\"width: 33.3333%; height: 32px; text-align: center;\"><strong>Secretaria<\/strong><\/td>\n<td style=\"width: 33.3333%; height: 32px; text-align: center;\"><strong>Aules de prim\u00e0ria<\/strong><\/td>\n<\/tr>\n<tr style=\"height: 32px;\">\n<td style=\"width: 33.3333%; height: 32px;\"><a href=\"https:\/\/agora.xtec.cat\/escolaminerva\/wp-content\/uploads\/usu2356\/2024\/02\/IMG-20240222-WA0010.jpg\"><img loading=\"lazy\" decoding=\"async\" class=\"alignnone size-large wp-image-1539\" src=\"https:\/\/agora.xtec.cat\/escolaminerva\/wp-content\/uploads\/usu2356\/2024\/02\/IMG-20240222-WA0010-1024x768.jpg\" alt=\"\" width=\"1024\" height=\"768\" srcset=\"https:\/\/agora.xtec.cat\/escolaminerva\/wp-content\/uploads\/usu2356\/2024\/02\/IMG-20240222-WA0010-1024x768.jpg 1024w, https:\/\/agora.xtec.cat\/escolaminerva\/wp-content\/uploads\/usu2356\/2024\/02\/IMG-20240222-WA0010-300x225.jpg 300w, https:\/\/agora.xtec.cat\/escolaminerva\/wp-content\/uploads\/usu2356\/2024\/02\/IMG-20240222-WA0010-768x576.jpg 768w, https:\/\/agora.xtec.cat\/escolaminerva\/wp-content\/uploads\/usu2356\/2024\/02\/IMG-20240222-WA0010-1536x1152.jpg 1536w, https:\/\/agora.xtec.cat\/escolaminerva\/wp-content\/uploads\/usu2356\/2024\/02\/IMG-20240222-WA0010-200x150.jpg 200w, https:\/\/agora.xtec.cat\/escolaminerva\/wp-content\/uploads\/usu2356\/2024\/02\/IMG-20240222-WA0010.jpg 1600w\" sizes=\"auto, (max-width: 1024px) 100vw, 1024px\" \/><\/a><\/td>\n<td style=\"width: 33.3333%; height: 32px;\"><a href=\"https:\/\/agora.xtec.cat\/escolaminerva\/wp-content\/uploads\/usu2356\/2024\/02\/IMG-20240222-WA0011.jpg\"><img loading=\"lazy\" decoding=\"async\" class=\"alignnone size-large wp-image-1538\" src=\"https:\/\/agora.xtec.cat\/escolaminerva\/wp-content\/uploads\/usu2356\/2024\/02\/IMG-20240222-WA0011-1024x768.jpg\" alt=\"\" width=\"1024\" height=\"768\" srcset=\"https:\/\/agora.xtec.cat\/escolaminerva\/wp-content\/uploads\/usu2356\/2024\/02\/IMG-20240222-WA0011-1024x768.jpg 1024w, https:\/\/agora.xtec.cat\/escolaminerva\/wp-content\/uploads\/usu2356\/2024\/02\/IMG-20240222-WA0011-300x225.jpg 300w, https:\/\/agora.xtec.cat\/escolaminerva\/wp-content\/uploads\/usu2356\/2024\/02\/IMG-20240222-WA0011-768x576.jpg 768w, https:\/\/agora.xtec.cat\/escolaminerva\/wp-content\/uploads\/usu2356\/2024\/02\/IMG-20240222-WA0011-1536x1152.jpg 1536w, https:\/\/agora.xtec.cat\/escolaminerva\/wp-content\/uploads\/usu2356\/2024\/02\/IMG-20240222-WA0011-200x150.jpg 200w, https:\/\/agora.xtec.cat\/escolaminerva\/wp-content\/uploads\/usu2356\/2024\/02\/IMG-20240222-WA0011.jpg 1600w\" sizes=\"auto, (max-width: 1024px) 100vw, 1024px\" \/><\/a><\/td>\n<td style=\"width: 33.3333%; height: 32px;\"><\/td>\n<\/tr>\n<tr style=\"height: 32px;\">\n<td style=\"width: 33.3333%; text-align: center; height: 32px;\"><strong>Pati Educaci\u00f3 Prim\u00e0ria<\/strong><\/td>\n<td style=\"width: 33.3333%; text-align: center; height: 32px;\"><strong>Pista\u00a0<\/strong><\/td>\n<td style=\"width: 33.3333%; text-align: center; height: 32px;\"><strong>Hort<\/strong><\/td>\n<\/tr>\n<tr style=\"height: 32px;\">\n<td style=\"width: 33.3333%; height: 32px; text-align: center;\"><a href=\"https:\/\/agora.xtec.cat\/escolaminerva\/wp-content\/uploads\/usu2356\/2024\/02\/IMG_4009_Easy-Resize.com_.jpg\"><img loading=\"lazy\" decoding=\"async\" class=\"alignnone size-large wp-image-1528\" src=\"https:\/\/agora.xtec.cat\/escolaminerva\/wp-content\/uploads\/usu2356\/2024\/02\/IMG_4009_Easy-Resize.com_-768x1024.jpg\" alt=\"\" width=\"768\" height=\"1024\" srcset=\"https:\/\/agora.xtec.cat\/escolaminerva\/wp-content\/uploads\/usu2356\/2024\/02\/IMG_4009_Easy-Resize.com_-768x1024.jpg 768w, https:\/\/agora.xtec.cat\/escolaminerva\/wp-content\/uploads\/usu2356\/2024\/02\/IMG_4009_Easy-Resize.com_-225x300.jpg 225w, https:\/\/agora.xtec.cat\/escolaminerva\/wp-content\/uploads\/usu2356\/2024\/02\/IMG_4009_Easy-Resize.com_.jpg 960w\" sizes=\"auto, (max-width: 768px) 100vw, 768px\" \/><\/a><\/td>\n<td style=\"width: 33.3333%; height: 32px; text-align: center;\"><a href=\"https:\/\/agora.xtec.cat\/escolaminerva\/wp-content\/uploads\/usu2356\/2024\/02\/IMG-20240222-WA0015.jpg\"><img loading=\"lazy\" decoding=\"async\" class=\"alignnone size-large wp-image-1537\" src=\"https:\/\/agora.xtec.cat\/escolaminerva\/wp-content\/uploads\/usu2356\/2024\/02\/IMG-20240222-WA0015-1024x768.jpg\" alt=\"\" width=\"1024\" height=\"768\" srcset=\"https:\/\/agora.xtec.cat\/escolaminerva\/wp-content\/uploads\/usu2356\/2024\/02\/IMG-20240222-WA0015-1024x768.jpg 1024w, https:\/\/agora.xtec.cat\/escolaminerva\/wp-content\/uploads\/usu2356\/2024\/02\/IMG-20240222-WA0015-300x225.jpg 300w, https:\/\/agora.xtec.cat\/escolaminerva\/wp-content\/uploads\/usu2356\/2024\/02\/IMG-20240222-WA0015-768x576.jpg 768w, https:\/\/agora.xtec.cat\/escolaminerva\/wp-content\/uploads\/usu2356\/2024\/02\/IMG-20240222-WA0015-1536x1152.jpg 1536w, https:\/\/agora.xtec.cat\/escolaminerva\/wp-content\/uploads\/usu2356\/2024\/02\/IMG-20240222-WA0015-200x150.jpg 200w, https:\/\/agora.xtec.cat\/escolaminerva\/wp-content\/uploads\/usu2356\/2024\/02\/IMG-20240222-WA0015.jpg 1600w\" sizes=\"auto, (max-width: 1024px) 100vw, 1024px\" \/><\/a><\/td>\n<td style=\"width: 33.3333%; height: 32px; text-align: center;\"><a href=\"https:\/\/agora.xtec.cat\/escolaminerva\/wp-content\/uploads\/usu2356\/2024\/02\/IMG-20240222-WA0009.jpg\"><img loading=\"lazy\" decoding=\"async\" class=\"alignnone  wp-image-1541\" src=\"https:\/\/agora.xtec.cat\/escolaminerva\/wp-content\/uploads\/usu2356\/2024\/02\/IMG-20240222-WA0009-1024x768.jpg\" alt=\"\" width=\"1024\" height=\"768\" srcset=\"https:\/\/agora.xtec.cat\/escolaminerva\/wp-content\/uploads\/usu2356\/2024\/02\/IMG-20240222-WA0009-1024x768.jpg 1024w, https:\/\/agora.xtec.cat\/escolaminerva\/wp-content\/uploads\/usu2356\/2024\/02\/IMG-20240222-WA0009-300x225.jpg 300w, https:\/\/agora.xtec.cat\/escolaminerva\/wp-content\/uploads\/usu2356\/2024\/02\/IMG-20240222-WA0009-768x576.jpg 768w, https:\/\/agora.xtec.cat\/escolaminerva\/wp-content\/uploads\/usu2356\/2024\/02\/IMG-20240222-WA0009-1536x1152.jpg 1536w, https:\/\/agora.xtec.cat\/escolaminerva\/wp-content\/uploads\/usu2356\/2024\/02\/IMG-20240222-WA0009-200x150.jpg 200w, https:\/\/agora.xtec.cat\/escolaminerva\/wp-content\/uploads\/usu2356\/2024\/02\/IMG-20240222-WA0009.jpg 1600w\" sizes=\"auto, (max-width: 1024px) 100vw, 1024px\" \/><\/a><\/td>\n<\/tr>\n<tr style=\"height: 32px;\">\n<td style=\"width: 33.3333%; text-align: center; height: 32px;\"><strong>Aula SIEI<\/strong><\/td>\n<td style=\"width: 33.3333%; text-align: center; height: 32px;\"><strong>Aules de desdoblament<\/strong><\/td>\n<td style=\"width: 33.3333%; text-align: center; height: 32px;\"><strong>Despatxos<\/strong><\/td>\n<\/tr>\n<tr>\n<td style=\"width: 33.3333%; text-align: center;\"><strong> <a href=\"https:\/\/agora.xtec.cat\/escolaminerva\/wp-content\/uploads\/usu2356\/2024\/02\/IMG-20240222-WA0004.jpg\"><img loading=\"lazy\" decoding=\"async\" class=\"alignnone size-large wp-image-1534\" src=\"https:\/\/agora.xtec.cat\/escolaminerva\/wp-content\/uploads\/usu2356\/2024\/02\/IMG-20240222-WA0004-1024x768.jpg\" alt=\"\" width=\"1024\" height=\"768\" srcset=\"https:\/\/agora.xtec.cat\/escolaminerva\/wp-content\/uploads\/usu2356\/2024\/02\/IMG-20240222-WA0004-1024x768.jpg 1024w, https:\/\/agora.xtec.cat\/escolaminerva\/wp-content\/uploads\/usu2356\/2024\/02\/IMG-20240222-WA0004-300x225.jpg 300w, https:\/\/agora.xtec.cat\/escolaminerva\/wp-content\/uploads\/usu2356\/2024\/02\/IMG-20240222-WA0004-768x576.jpg 768w, https:\/\/agora.xtec.cat\/escolaminerva\/wp-content\/uploads\/usu2356\/2024\/02\/IMG-20240222-WA0004-1536x1152.jpg 1536w, https:\/\/agora.xtec.cat\/escolaminerva\/wp-content\/uploads\/usu2356\/2024\/02\/IMG-20240222-WA0004-200x150.jpg 200w, https:\/\/agora.xtec.cat\/escolaminerva\/wp-content\/uploads\/usu2356\/2024\/02\/IMG-20240222-WA0004.jpg 1600w\" sizes=\"auto, (max-width: 1024px) 100vw, 1024px\" \/><\/a><\/strong><\/td>\n<td style=\"width: 33.3333%; text-align: center;\"><strong>\u00a0<\/strong><\/td>\n<td style=\"width: 33.3333%; text-align: center;\"><strong>\u00a0<\/strong><\/td>\n<\/tr>\n<tr>\n<td style=\"width: 33.3333%; text-align: center;\"><strong>Pavell\u00f3<\/strong><\/td>\n<td style=\"width: 33.3333%; text-align: center;\"><strong>\u00a0<\/strong><\/td>\n<td style=\"width: 33.3333%; text-align: center;\"><strong>\u00a0<\/strong><\/td>\n<\/tr>\n<\/tbody>\n<\/table>\n","protected":false},"excerpt":{"rendered":"<p>A continuaci\u00f3 us mostrarem els espais on els nostres alumnes aprenen, descobreixen, els relacionen i es diverteixen. Tots els espais estan adaptats per tal de satisfer les necessitats educatives i personals dels nostres infants.<br \/>\nUna educaci\u00f3 de qualitat requereix uns espais de qualitat. \u00c9s per aix\u00f2&hellip;  <a href=\"https:\/\/agora.xtec.cat\/escolaminerva\/instal%c2%b7lacions\/\" title=\"Read Instal\u00b7lacions\">Llegeix m\u00e9s\u00bb<\/a><\/p>\n","protected":false},"author":1,"featured_media":0,"parent":0,"menu_order":10,"comment_status":"closed","ping_status":"closed","template":"","meta":{"_bbp_topic_count":0,"_bbp_reply_count":0,"_bbp_total_topic_count":0,"_bbp_total_reply_count":0,"_bbp_voice_count":0,"_bbp_anonymous_reply_count":0,"_bbp_topic_count_hidden":0,"_bbp_reply_count_hidden":0,"_bbp_forum_subforum_count":0,"footnotes":""},"class_list":["post-30","page","type-page","status-publish","hentry"],"post_mailing_queue_ids":[],"_links":{"self":[{"href":"https:\/\/agora.xtec.cat\/escolaminerva\/wp-json\/wp\/v2\/pages\/30","targetHints":{"allow":["GET"]}}],"collection":[{"href":"https:\/\/agora.xtec.cat\/escolaminerva\/wp-json\/wp\/v2\/pages"}],"about":[{"href":"https:\/\/agora.xtec.cat\/escolaminerva\/wp-json\/wp\/v2\/types\/page"}],"author":[{"embeddable":true,"href":"https:\/\/agora.xtec.cat\/escolaminerva\/wp-json\/wp\/v2\/users\/1"}],"replies":[{"embeddable":true,"href":"https:\/\/agora.xtec.cat\/escolaminerva\/wp-json\/wp\/v2\/comments?post=30"}],"version-history":[{"count":6,"href":"https:\/\/agora.xtec.cat\/escolaminerva\/wp-json\/wp\/v2\/pages\/30\/revisions"}],"predecessor-version":[{"id":1635,"href":"https:\/\/agora.xtec.cat\/escolaminerva\/wp-json\/wp\/v2\/pages\/30\/revisions\/1635"}],"wp:attachment":[{"href":"https:\/\/agora.xtec.cat\/escolaminerva\/wp-json\/wp\/v2\/media?parent=30"}],"curies":[{"name":"wp","href":"https:\/\/api.w.org\/{rel}","templated":true}]}}