{"id":16917,"date":"2026-02-16T18:18:32","date_gmt":"2026-02-16T17:18:32","guid":{"rendered":"https:\/\/agora.xtec.cat\/escolametllers\/?page_id=16917"},"modified":"2026-02-16T18:18:32","modified_gmt":"2026-02-16T17:18:32","slug":"documents-de-centre-2","status":"publish","type":"page","link":"https:\/\/agora.xtec.cat\/escolametllers\/projecte-educatiu\/documents-de-centre-2\/","title":{"rendered":"Documents de centre"},"content":{"rendered":"<p>Feu clic als seg\u00fcents enlla\u00e7os per consultar els documents de centre:<\/p>\n<ul>\n<li><strong><a href=\"https:\/\/agora.xtec.cat\/escolametllers\/documents-de-centre\/pec\/\">PEC &#8211; Projecte Educatiu de Centre<\/a><\/strong><\/li>\n<li><strong><a href=\"https:\/\/agora.xtec.cat\/escolametllers\/documents-de-centre\/plic\/\">PLIC &#8211; Projecte Ling\u00fc\u00edstic de centre<\/a><\/strong><\/li>\n<li><strong><a href=\"https:\/\/agora.xtec.cat\/escolametllers\/documents-de-centre\/nofc\/\">NOFC &#8211; Normes d&#8217;Organitzaci\u00f3 i Funcionament del Centre<\/a><\/strong><\/li>\n<li><strong><a href=\"https:\/\/agora.xtec.cat\/escolametllers\/documents-de-centre\/pga\/\">PGA &#8211; Programaci\u00f3 General Anual<\/a><\/strong><\/li>\n<li><strong><a href=\"https:\/\/agora.xtec.cat\/escolametllers\/documents-de-centre\/pla-de-convivencia\/\">Pla de Conviv\u00e8ncia<\/a><\/strong><\/li>\n<\/ul>\n","protected":false},"excerpt":{"rendered":"<p>Feu clic als seg\u00fcents enlla\u00e7os per consultar els documents de centre: PEC &#8211; Projecte Educatiu de Centre PLIC &#8211; Projecte Ling\u00fc\u00edstic de centre NOFC &#8211; Normes d&#8217;Organitzaci\u00f3 i Funcionament del Centre PGA &#8211; Programaci\u00f3 General Anual Pla de Conviv\u00e8ncia<\/p>\n","protected":false},"author":104,"featured_media":0,"parent":16908,"menu_order":3,"comment_status":"closed","ping_status":"closed","template":"","meta":{"_bbp_topic_count":0,"_bbp_reply_count":0,"_bbp_total_topic_count":0,"_bbp_total_reply_count":0,"_bbp_voice_count":0,"_bbp_anonymous_reply_count":0,"_bbp_topic_count_hidden":0,"_bbp_reply_count_hidden":0,"_bbp_forum_subforum_count":0,"site-sidebar-layout":"default","site-content-layout":"","ast-site-content-layout":"default","site-content-style":"default","site-sidebar-style":"default","ast-global-header-display":"","ast-banner-title-visibility":"","ast-main-header-display":"","ast-hfb-above-header-display":"","ast-hfb-below-header-display":"","ast-hfb-mobile-header-display":"","site-post-title":"","ast-breadcrumbs-content":"","ast-featured-img":"","footer-sml-layout":"","theme-transparent-header-meta":"default","adv-header-id-meta":"","stick-header-meta":"","header-above-stick-meta":"","header-main-stick-meta":"","header-below-stick-meta":"","astra-migrate-meta-layouts":"set","ast-page-background-enabled":"default","ast-page-background-meta":{"desktop":{"background-color":"var(--ast-global-color-4)","background-image":"","background-repeat":"repeat","background-position":"center center","background-size":"auto","background-attachment":"scroll","background-type":"","background-media":"","overlay-type":"","overlay-color":"","overlay-opacity":"","overlay-gradient":""},"tablet":{"background-color":"","background-image":"","background-repeat":"repeat","background-position":"center center","background-size":"auto","background-attachment":"scroll","background-type":"","background-media":"","overlay-type":"","overlay-color":"","overlay-opacity":"","overlay-gradient":""},"mobile":{"background-color":"","background-image":"","background-repeat":"repeat","background-position":"center center","background-size":"auto","background-attachment":"scroll","background-type":"","background-media":"","overlay-type":"","overlay-color":"","overlay-opacity":"","overlay-gradient":""}},"ast-content-background-meta":{"desktop":{"background-color":"var(--ast-global-color-5)","background-image":"","background-repeat":"repeat","background-position":"center center","background-size":"auto","background-attachment":"scroll","background-type":"","background-media":"","overlay-type":"","overlay-color":"","overlay-opacity":"","overlay-gradient":""},"tablet":{"background-color":"var(--ast-global-color-5)","background-image":"","background-repeat":"repeat","background-position":"center center","background-size":"auto","background-attachment":"scroll","background-type":"","background-media":"","overlay-type":"","overlay-color":"","overlay-opacity":"","overlay-gradient":""},"mobile":{"background-color":"var(--ast-global-color-5)","background-image":"","background-repeat":"repeat","background-position":"center center","background-size":"auto","background-attachment":"scroll","background-type":"","background-media":"","overlay-type":"","overlay-color":"","overlay-opacity":"","overlay-gradient":""}},"footnotes":""},"class_list":["post-16917","page","type-page","status-publish","hentry"],"post_mailing_queue_ids":[],"_links":{"self":[{"href":"https:\/\/agora.xtec.cat\/escolametllers\/wp-json\/wp\/v2\/pages\/16917","targetHints":{"allow":["GET"]}}],"collection":[{"href":"https:\/\/agora.xtec.cat\/escolametllers\/wp-json\/wp\/v2\/pages"}],"about":[{"href":"https:\/\/agora.xtec.cat\/escolametllers\/wp-json\/wp\/v2\/types\/page"}],"author":[{"embeddable":true,"href":"https:\/\/agora.xtec.cat\/escolametllers\/wp-json\/wp\/v2\/users\/104"}],"replies":[{"embeddable":true,"href":"https:\/\/agora.xtec.cat\/escolametllers\/wp-json\/wp\/v2\/comments?post=16917"}],"version-history":[{"count":1,"href":"https:\/\/agora.xtec.cat\/escolametllers\/wp-json\/wp\/v2\/pages\/16917\/revisions"}],"predecessor-version":[{"id":16918,"href":"https:\/\/agora.xtec.cat\/escolametllers\/wp-json\/wp\/v2\/pages\/16917\/revisions\/16918"}],"up":[{"embeddable":true,"href":"https:\/\/agora.xtec.cat\/escolametllers\/wp-json\/wp\/v2\/pages\/16908"}],"wp:attachment":[{"href":"https:\/\/agora.xtec.cat\/escolametllers\/wp-json\/wp\/v2\/media?parent=16917"}],"curies":[{"name":"wp","href":"https:\/\/api.w.org\/{rel}","templated":true}]}}