{"id":73,"date":"2014-09-18T14:01:51","date_gmt":"2014-09-18T13:01:51","guid":{"rendered":"http:\/\/agora.xtec.cat\/escolamestralvila-seca\/?page_id=73"},"modified":"2025-01-14T13:20:17","modified_gmt":"2025-01-14T12:20:17","slug":"menjador-escolar","status":"publish","type":"page","link":"https:\/\/agora.xtec.cat\/escolamestralvila-seca\/families\/oferta-educativa\/menjador-escolar\/","title":{"rendered":"Menjador escolar"},"content":{"rendered":"<p>La gesti\u00f3 del menjador es fa a trav\u00e9s de l&#8217;empresa AgoraCatering. L&#8217;inscripci\u00f3 al menjador i la gesti\u00f3 de comunicar els dies que es queden a dinar es fa a trav\u00e9s de l&#8217;app:<\/p>\n<p><img loading=\"lazy\" decoding=\"async\" class=\"aligncenter size-medium wp-image-5153\" src=\"https:\/\/agora.xtec.cat\/escolamestralvila-seca\/wp-content\/uploads\/usu1138\/2025\/01\/AgoraCatering-300x107.png\" alt=\"\" width=\"300\" height=\"107\" srcset=\"https:\/\/agora.xtec.cat\/escolamestralvila-seca\/wp-content\/uploads\/usu1138\/2025\/01\/AgoraCatering-300x107.png 300w, https:\/\/agora.xtec.cat\/escolamestralvila-seca\/wp-content\/uploads\/usu1138\/2025\/01\/AgoraCatering.png 377w\" sizes=\"auto, (max-width: 300px) 100vw, 300px\" \/><\/p>\n<p>&nbsp;<\/p>\n<p>&nbsp;<\/p>\n<p>&nbsp;<\/p>\n<p>&nbsp;<\/p>\n","protected":false},"excerpt":{"rendered":"<p>La gesti\u00f3 del menjador es fa a trav\u00e9s de l&#8217;empresa AgoraCatering. L&#8217;inscripci\u00f3 al menjador i la gesti\u00f3 de comunicar els dies que es queden a dinar es fa a trav\u00e9s de l&#8217;app:<\/p>\n<p>&nbsp;<br \/>\n&nbsp;<br \/>\n&nbsp;<br \/>\n&nbsp;<\/p>\n","protected":false},"author":1,"featured_media":0,"parent":34,"menu_order":20,"comment_status":"closed","ping_status":"closed","template":"page-templates\/side-menu.php","meta":{"_bbp_topic_count":0,"_bbp_reply_count":0,"_bbp_total_topic_count":0,"_bbp_total_reply_count":0,"_bbp_voice_count":0,"_bbp_anonymous_reply_count":0,"_bbp_topic_count_hidden":0,"_bbp_reply_count_hidden":0,"_bbp_forum_subforum_count":0,"footnotes":""},"class_list":["post-73","page","type-page","status-publish","hentry"],"post_mailing_queue_ids":[],"_links":{"self":[{"href":"https:\/\/agora.xtec.cat\/escolamestralvila-seca\/wp-json\/wp\/v2\/pages\/73","targetHints":{"allow":["GET"]}}],"collection":[{"href":"https:\/\/agora.xtec.cat\/escolamestralvila-seca\/wp-json\/wp\/v2\/pages"}],"about":[{"href":"https:\/\/agora.xtec.cat\/escolamestralvila-seca\/wp-json\/wp\/v2\/types\/page"}],"author":[{"embeddable":true,"href":"https:\/\/agora.xtec.cat\/escolamestralvila-seca\/wp-json\/wp\/v2\/users\/1"}],"replies":[{"embeddable":true,"href":"https:\/\/agora.xtec.cat\/escolamestralvila-seca\/wp-json\/wp\/v2\/comments?post=73"}],"version-history":[{"count":6,"href":"https:\/\/agora.xtec.cat\/escolamestralvila-seca\/wp-json\/wp\/v2\/pages\/73\/revisions"}],"predecessor-version":[{"id":5155,"href":"https:\/\/agora.xtec.cat\/escolamestralvila-seca\/wp-json\/wp\/v2\/pages\/73\/revisions\/5155"}],"up":[{"embeddable":true,"href":"https:\/\/agora.xtec.cat\/escolamestralvila-seca\/wp-json\/wp\/v2\/pages\/34"}],"wp:attachment":[{"href":"https:\/\/agora.xtec.cat\/escolamestralvila-seca\/wp-json\/wp\/v2\/media?parent=73"}],"curies":[{"name":"wp","href":"https:\/\/api.w.org\/{rel}","templated":true}]}}