{"id":5079,"date":"2024-01-11T16:21:08","date_gmt":"2024-01-11T15:21:08","guid":{"rendered":"https:\/\/agora.xtec.cat\/escolamestralvila-seca\/?page_id=5079"},"modified":"2024-01-11T16:26:20","modified_gmt":"2024-01-11T15:26:20","slug":"google-classroom","status":"publish","type":"page","link":"https:\/\/agora.xtec.cat\/escolamestralvila-seca\/google-classroom\/","title":{"rendered":"Google Classroom"},"content":{"rendered":"<p>A la nostra escola l&#8217;alumnat de 5\u00e8 i 6\u00e8 fan servir el Google Classroom com a entorn virtual d&#8217;aprenentatge (EVA). A continuaci\u00f3 us donem l&#8217;enlla\u00e7 d&#8217;uns v\u00eddeos per si necessiteu ajuda a l&#8217;hora de fer-ho servir.<\/p>\n<ul>\n<li><a href=\"https:\/\/ateneu.xtec.cat\/wikiform\/wikiexport\/cmd\/tac\/treballaralnuvol\/treballalaula\/classroom\/alumnes_entren_classr\"><span style=\"font-weight: 400;\">Com entrar a una classe de classroom<\/span><\/a><img loading=\"lazy\" decoding=\"async\" class=\"wp-image-5072 size-medium alignright\" src=\"https:\/\/agora.xtec.cat\/escolamestralvila-seca\/wp-content\/uploads\/usu1138\/2024\/01\/Google-classroom-300x187.jpg\" alt=\"\" width=\"300\" height=\"187\" srcset=\"https:\/\/agora.xtec.cat\/escolamestralvila-seca\/wp-content\/uploads\/usu1138\/2024\/01\/Google-classroom-300x187.jpg 300w, https:\/\/agora.xtec.cat\/escolamestralvila-seca\/wp-content\/uploads\/usu1138\/2024\/01\/Google-classroom.jpg 502w\" sizes=\"auto, (max-width: 300px) 100vw, 300px\" \/><\/li>\n<li><a href=\"https:\/\/youtu.be\/2WGhrc66GXQ\"><span style=\"font-weight: 400;\">V\u00eddeo explicatiu<\/span><\/a><\/li>\n<li><a href=\"https:\/\/ateneu.xtec.cat\/wikiform\/wikiexport\/cmd\/tac\/treballaralnuvol\/treballalaula\/classroom\/alumnes_fan_les_tasques\"><span style=\"font-weight: 400;\">Com fer les tasques encomanades<\/span><\/a><span style=\"font-weight: 400;\"> pel professorat.<\/span><\/li>\n<\/ul>\n","protected":false},"excerpt":{"rendered":"<p>A la nostra escola l&#8217;alumnat de 5\u00e8 i 6\u00e8 fan servir el Google Classroom com a entorn virtual d&#8217;aprenentatge (EVA). A continuaci\u00f3 us donem l&#8217;enlla\u00e7 d&#8217;uns v\u00eddeos per si necessiteu ajuda a l&#8217;hora de fer-ho servir.<\/p>\n<ul>\n<li><a href=\"https:\/\/ateneu.xtec.cat\/wikiform\/wikiexport\/cmd\/tac\/treballaralnuvol\/treballalaula\/classroom\/alumnes_entren_classr\">Com entrar a una classe de classroom<\/a><\/li>\n<li><a href=\"https:\/\/youtu.be\/2WGhrc66GXQ\">V\u00eddeo explicatiu<\/a><\/li>\n<li><a&hellip;  <a href=\"https:\/\/agora.xtec.cat\/escolamestralvila-seca\/google-classroom\/\" title=\"Read Google Classroom\">Llegeix m\u00e9s\u00bb<\/a><br \/>\n","protected":false},"author":3,"featured_media":0,"parent":0,"menu_order":0,"comment_status":"closed","ping_status":"closed","template":"","meta":{"_bbp_topic_count":0,"_bbp_reply_count":0,"_bbp_total_topic_count":0,"_bbp_total_reply_count":0,"_bbp_voice_count":0,"_bbp_anonymous_reply_count":0,"_bbp_topic_count_hidden":0,"_bbp_reply_count_hidden":0,"_bbp_forum_subforum_count":0,"footnotes":""},"class_list":["post-5079","page","type-page","status-publish","hentry"],"post_mailing_queue_ids":[],"_links":{"self":[{"href":"https:\/\/agora.xtec.cat\/escolamestralvila-seca\/wp-json\/wp\/v2\/pages\/5079","targetHints":{"allow":["GET"]}}],"collection":[{"href":"https:\/\/agora.xtec.cat\/escolamestralvila-seca\/wp-json\/wp\/v2\/pages"}],"about":[{"href":"https:\/\/agora.xtec.cat\/escolamestralvila-seca\/wp-json\/wp\/v2\/types\/page"}],"author":[{"embeddable":true,"href":"https:\/\/agora.xtec.cat\/escolamestralvila-seca\/wp-json\/wp\/v2\/users\/3"}],"replies":[{"embeddable":true,"href":"https:\/\/agora.xtec.cat\/escolamestralvila-seca\/wp-json\/wp\/v2\/comments?post=5079"}],"version-history":[{"count":2,"href":"https:\/\/agora.xtec.cat\/escolamestralvila-seca\/wp-json\/wp\/v2\/pages\/5079\/revisions"}],"predecessor-version":[{"id":5082,"href":"https:\/\/agora.xtec.cat\/escolamestralvila-seca\/wp-json\/wp\/v2\/pages\/5079\/revisions\/5082"}],"wp:attachment":[{"href":"https:\/\/agora.xtec.cat\/escolamestralvila-seca\/wp-json\/wp\/v2\/media?parent=5079"}],"curies":[{"name":"wp","href":"https:\/\/api.w.org\/{rel}","templated":true}]}}