{"id":4607,"date":"2023-01-24T18:31:19","date_gmt":"2023-01-24T17:31:19","guid":{"rendered":"https:\/\/agora.xtec.cat\/escolamestralvila-seca\/?page_id=4607"},"modified":"2024-01-11T16:12:10","modified_gmt":"2024-01-11T15:12:10","slug":"relacio-familia-escola","status":"publish","type":"page","link":"https:\/\/agora.xtec.cat\/escolamestralvila-seca\/families\/relacio-familia-escola\/","title":{"rendered":"Relaci\u00f3 fam\u00edlia-escola"},"content":{"rendered":"<p>La comunicaci\u00f3 entre l&#8217;escola i les fam\u00edlies (i a l&#8217;inrev\u00e9s) es fa a traves de l&#8217;aplicaci\u00f3 TokApp. A trav\u00e9s d&#8217;aquesta aplicaci\u00f3 rebreu tota la informaci\u00f3 important de l&#8217;escola i a m\u00e9s a m\u00e9s us podreu posar en contacte amb els mestres dels vostres fills\/es.<\/p>\n<p><img loading=\"lazy\" decoding=\"async\" class=\"size-full wp-image-4987 alignright\" src=\"https:\/\/agora.xtec.cat\/escolamestralvila-seca\/wp-content\/uploads\/usu1138\/2023\/02\/tokapp.jpg\" alt=\"\" width=\"398\" height=\"240\" srcset=\"https:\/\/agora.xtec.cat\/escolamestralvila-seca\/wp-content\/uploads\/usu1138\/2023\/02\/tokapp.jpg 398w, https:\/\/agora.xtec.cat\/escolamestralvila-seca\/wp-content\/uploads\/usu1138\/2023\/02\/tokapp-300x181.jpg 300w\" sizes=\"auto, (max-width: 398px) 100vw, 398px\" \/><\/p>\n<p>&nbsp;<\/p>\n<p>Ajuda<\/p>\n<ul>\n<li><a href=\"https:\/\/www.youtube.com\/watch?v=gMtFN9MSSSo\"><span style=\"font-weight: 400;\">Tutorial tokapp fam\u00edlies<\/span><\/a><span style=\"font-weight: 400;\"> (en castell\u00e0)<\/span><\/li>\n<li><a href=\"https:\/\/www.youtube.com\/watch?v=h5B6V1eX790\"><span style=\"font-weight: 400;\">Com instal\u00b7lar l\u2019app<\/span><\/a><\/li>\n<li><a href=\"https:\/\/www.youtube.com\/watch?v=eOcx1Vb9EdU\"><span style=\"font-weight: 400;\">Com registrar-se<\/span><\/a><\/li>\n<\/ul>\n","protected":false},"excerpt":{"rendered":"<p>La comunicaci\u00f3 entre l&#8217;escola i les fam\u00edlies (i a l&#8217;inrev\u00e9s) es fa a traves de l&#8217;aplicaci\u00f3 TokApp. A trav\u00e9s d&#8217;aquesta aplicaci\u00f3 rebreu tota la informaci\u00f3 important de l&#8217;escola i a m\u00e9s a m\u00e9s us podreu posar en contacte amb els mestres dels vostres fills\/es.<\/p>\n<p>&nbsp;<br \/>\nAjuda<\/p>\n<ul>\n<li><a href=\"https:\/\/www.youtube.com\/watch?v=gMtFN9MSSSo\">Tutorial&hellip;  <a href=\"https:\/\/agora.xtec.cat\/escolamestralvila-seca\/families\/relacio-familia-escola\/\" title=\"Read Relaci\u00f3 fam\u00edlia-escola\">Llegeix m\u00e9s\u00bb<\/a><br \/>\n","protected":false},"author":3,"featured_media":0,"parent":4595,"menu_order":0,"comment_status":"closed","ping_status":"closed","template":"page-templates\/side-menu.php","meta":{"_bbp_topic_count":0,"_bbp_reply_count":0,"_bbp_total_topic_count":0,"_bbp_total_reply_count":0,"_bbp_voice_count":0,"_bbp_anonymous_reply_count":0,"_bbp_topic_count_hidden":0,"_bbp_reply_count_hidden":0,"_bbp_forum_subforum_count":0,"footnotes":""},"class_list":["post-4607","page","type-page","status-publish","hentry"],"post_mailing_queue_ids":[],"_links":{"self":[{"href":"https:\/\/agora.xtec.cat\/escolamestralvila-seca\/wp-json\/wp\/v2\/pages\/4607","targetHints":{"allow":["GET"]}}],"collection":[{"href":"https:\/\/agora.xtec.cat\/escolamestralvila-seca\/wp-json\/wp\/v2\/pages"}],"about":[{"href":"https:\/\/agora.xtec.cat\/escolamestralvila-seca\/wp-json\/wp\/v2\/types\/page"}],"author":[{"embeddable":true,"href":"https:\/\/agora.xtec.cat\/escolamestralvila-seca\/wp-json\/wp\/v2\/users\/3"}],"replies":[{"embeddable":true,"href":"https:\/\/agora.xtec.cat\/escolamestralvila-seca\/wp-json\/wp\/v2\/comments?post=4607"}],"version-history":[{"count":4,"href":"https:\/\/agora.xtec.cat\/escolamestralvila-seca\/wp-json\/wp\/v2\/pages\/4607\/revisions"}],"predecessor-version":[{"id":5078,"href":"https:\/\/agora.xtec.cat\/escolamestralvila-seca\/wp-json\/wp\/v2\/pages\/4607\/revisions\/5078"}],"up":[{"embeddable":true,"href":"https:\/\/agora.xtec.cat\/escolamestralvila-seca\/wp-json\/wp\/v2\/pages\/4595"}],"wp:attachment":[{"href":"https:\/\/agora.xtec.cat\/escolamestralvila-seca\/wp-json\/wp\/v2\/media?parent=4607"}],"curies":[{"name":"wp","href":"https:\/\/api.w.org\/{rel}","templated":true}]}}