{"id":6867,"date":"2020-04-28T10:27:46","date_gmt":"2020-04-28T08:27:46","guid":{"rendered":"http:\/\/agora.xtec.cat\/escolamercerodoredamartorell\/?page_id=6867"},"modified":"2020-12-16T12:42:32","modified_gmt":"2020-12-16T11:42:32","slug":"darreres-informacions","status":"publish","type":"page","link":"https:\/\/agora.xtec.cat\/escolamercerodoredamartorell\/darreres-informacions\/","title":{"rendered":"Darreres informacions"},"content":{"rendered":"<p><strong>(16 de desembre)<\/strong><\/p>\n<div>En previsi\u00f3 de que l&#8217;evoluci\u00f3 de la pand\u00e8mia despr\u00e9s de les vacances de Nadal no sigui gaire afavoridora, els departaments d&#8217;Educaci\u00f3 i Salut han previst diverses mesures perqu\u00e8 les escoles siguin espais el m\u00e9s segurs possible.<\/div>\n<div><\/div>\n<ul>\n<li>\n<div>L&#8217;inici de curs del segon trimestre s&#8217;endarrereix fins al <strong>dilluns 11 de gener<\/strong>, com a conseq\u00fc\u00e8ncia d\u2019haver avaluat i tingut en compte les recomanacions sanit\u00e0ries: el Govern aprovar\u00e0 la disposici\u00f3 normativa per fer efectiva la modificaci\u00f3 del calendari escolar el proper 22 de desembre.<\/div>\n<\/li>\n<li>Es faran cribratges als i a les professionals en tornar de les festes nadalenques.<\/li>\n<\/ul>\n<hr \/>\n<p><strong>(25 de novembre)<\/strong><\/p>\n<p><span style=\"font-weight: 400;\">Cada vegada s\u00f3n m\u00e9s els infants que han passat la COVID-19.\u00a0 En cas que el grup bombolla s\u2019hagi de confinar els nens i nenes que han passat la malaltia <\/span><b>en els darrers 3 mesos <\/b><span style=\"font-weight: 400;\">(amb documentaci\u00f3 confirmada) no estan obligats a fer quarantena.\u00a0<\/span><\/p>\n<p><span style=\"font-weight: 400;\">L\u2019escola oferir\u00e0 a la fam\u00edlia de l\u2019alumne la possibilitat de fer la quarantena amb la resta del grup, o seguir assistint al centre, incorporant-se en una altra classe del mateix nivell, els dies que dura la quarantena de la seva classe, sempre i quan no tinguin s\u00edmptomes compatibles amb COVID. En aquest cas caldria repetir la PCR i confinar-se amb el grup.<\/span><\/p>\n<hr \/>\n<p><strong>(19 d&#8217;octubre)<\/strong><\/p>\n<p>Traducci\u00f3 a 18 lleng\u00fces del document &#8220;<b>Mesures extraordin\u00e0ries de Salut per evitar els brots de la COVID-19 a les escoles<\/b>&#8221; i l&#8217;annex &#8220;<b>Altres recomanacions i procediment d&#8217;actuaci\u00f3<\/b>&#8220;:\u00a0<a href=\"http:\/\/ensenyament.gencat.cat\/ca\/actualitat\/escolasegura\/recursos\/documentacio-families-escola\/documents-altres-idiomes\/\" target=\"_blank\" rel=\"noopener noreferrer\" data-saferedirecturl=\"https:\/\/www.google.com\/url?q=http:\/\/ensenyament.gencat.cat\/ca\/actualitat\/escolasegura\/recursos\/documentacio-families-escola\/documents-altres-idiomes\/&amp;source=gmail&amp;ust=1603347621473000&amp;usg=AFQjCNEaFzLcVX1GWEY_QerKayUyV8-ycQ\">http:\/\/<wbr \/>ensenyament.gencat.cat\/ca\/<wbr \/>actualitat\/escolasegura\/<wbr \/>recursos\/documentacio-<wbr \/>families-escola\/documents-<wbr \/>altres-idiomes\/<\/a><\/p>\n<hr \/>\n<p><strong>(6 d&#8217;octubre)<\/strong><\/p>\n<p><span style=\"font-weight: 400;\">Seguint les recomanacions de salut les proves PCR, en el cas de grups confinats es faran a l&#8217;escola per evitar que els centres d\u2019atenci\u00f3 prim\u00e0ria es sobrecarreguin.<\/span><\/p>\n<p><span style=\"font-weight: 400;\">Els pares i mares no podran accedir a l\u2019interior del\u00a0 centre per acompanyar els infants quan se\u2019ls fa la prova, per\u00f2 l\u2019unitat m\u00f2bil es situar\u00e0 molt a prop del punt d\u2019acc\u00e9s al centre.<\/span><\/p>\n<p><span style=\"font-weight: 400;\">Pel recull de mostres de PCR als centres educatius, s\u2019utilitzen t\u00e8cniques de frotis nasal menys molestes que les del frotis nasofaringi, que s\u00f3n m\u00e9s agressives. El frotis nasal \u00e9s una t\u00e8cnica molt senzilla que nom\u00e9s requereix posar un bastonet a l\u2019interior de les fosses nasals, a uns 2 cm de l\u2019entrada.<\/span><\/p>\n<hr \/>\n<p><strong>(1 d&#8217;octubre)<\/strong><\/p>\n<p><strong>\u200bLes quarantenes per als contactes estrets i per als grups de conviv\u00e8ncia estables passen de 14 a 10 dies per a tota la poblaci\u00f3 de Catalunya.<\/strong> Aix\u00ed ho estableix el nou \u201cProcediment d\u2019actuaci\u00f3 enfront de casos d\u2019infecci\u00f3 pel nou coronavirus SARS-CoV-2\u201d, actualitzat pel Departament de Salut.<\/p>\n<div><strong>\u200bAquest canvi tamb\u00e9 tindr\u00e0 incid\u00e8ncia en l\u2019\u00e0mbit escolar.<\/strong> Aix\u00ed, les quarantenes que tinguin lloc als centres educatius seran ja per un per\u00edode de 10 dies.<\/div>\n<div><\/div>\n<hr \/>\n<p style=\"text-align: justify;\"><strong>(22 de setembre de 2020)<\/strong><\/p>\n<p>Segons l&#8217;\u00faltima actualitzaci\u00f3 del protocol de procediment i gesti\u00f3 : &#8220;Mentre no es disposi del resultat de la PCR, els germans que pertanyin a un Grup Conviv\u00e8ncia Estable d\u2019un centre educatiu (encara que sigui diferent del cas sospit\u00f3s) hauran d\u2019estar confinats.<\/p>\n<hr \/>\n<p style=\"text-align: justify;\"><strong>(9 de setembre de 2020)<\/strong><\/p>\n<p style=\"text-align: justify;\"><strong>Darreres informacions<\/strong> per comen\u00e7ar el nou curs escolar 2020-21.<\/p>\n<div>\n<p style=\"text-align: justify;\"><b>\u00das de la mascareta: <\/b>El Procicat ha aprovat l&#8217;actualitzaci\u00f3 de les darreres mesures sanit\u00e0ries en l&#8217;\u00e0mbit educatiu. <b>El primer dia del curs, i almenys durant les dues primeres setmanes, tots els infants a partir dels 6 anys hauran de dur mascareta en tots els centres educatius.\u00a0<\/b><\/p>\n<p><strong>Actualitzaci\u00f3 de la simptomatologia de Covid-19 en infants.\u00a0 <\/strong>El llistat de s\u00edmptomes \u00e9s:<\/p>\n<div>\n<ul>\n<li style=\"list-style-type: none;\">\n<ul>\n<li style=\"text-align: justify;\">Febre o febr\u00edcula (per sobre de 37.5\u00baC)<\/li>\n<li style=\"text-align: justify;\">Tos<\/li>\n<li style=\"text-align: justify;\">Dificultat per a respirar<\/li>\n<li style=\"text-align: justify;\">Mal de coll<strong>*<\/strong><\/li>\n<li style=\"text-align: justify;\">Refredat nasal<strong>*<\/strong><\/li>\n<li style=\"text-align: justify;\">Fatiga, dolors musculars i\/o mal de cap<\/li>\n<li style=\"text-align: justify;\">Mal de panxa amb v\u00f2mits o diarrea<\/li>\n<li style=\"text-align: justify;\">P\u00e8rdua d\u2019olfacte o gust (infants grans i adolescents)<\/li>\n<\/ul>\n<\/li>\n<\/ul>\n<p><strong>*<\/strong>At\u00e8s que el mal de coll i el refredat nasal (amb o sense mocs) s\u00f3n molt habituals en els infants, nom\u00e9s s\u2019haurien de considerar s\u00edmptomes potencials de Covid-19 quan tamb\u00e9 hi ha febre o altres manifestacions de la llista de s\u00edmptomes.<\/p>\n<hr \/>\n<\/div>\n<\/div>\n<p><strong>(1 de setembre de 2020)<\/strong><\/p>\n<p><strong>Carta amb <\/strong><span style=\"color: #000000;\"><strong>les\u00a0<\/strong><a style=\"color: #000000;\" href=\"https:\/\/drive.google.com\/file\/d\/1GNGxcEtu8Vgw07XAhznryfnwOFi3l8Pw\/view?usp=sharing\"><strong>mesures extraordin\u00e0ries de Salut<\/strong> per evitar els brots de la covid-19 a les escoles<\/a>\u00a0i un annex amb\u00a0<strong><a style=\"color: #000000;\" href=\"https:\/\/drive.google.com\/file\/d\/10OS-XdMhvMhKqyNHOiEICTNR9ZfcprKp\/view?usp=sharing\">&#8220;Altres recomanacions i procediment d&#8217;actuaci\u00f3&#8221;.<\/a><\/strong><\/span><\/p>\n<hr \/>\n<p><strong>(30 de juliol de 2020)<\/strong><\/p>\n<p><span style=\"font-weight: 400;\">Durant el mes de juliol hem estat elaborant el pla d\u2019actuaci\u00f3 pel proper curs 20-21, el qual segueix la normativa marcada pel Departament d\u2019Educaci\u00f3 i aprovada pel PROCICAT. Aquest pla es revisar\u00e0 i s&#8217;adequar\u00e0 a les instruccions del moment, la primera setmana de setembre. Despr\u00e9s de ser aprovat pel Consell Escolar es penjar\u00e0 a la WEB de l\u2019escola per tal que tothom en sigui coneixedor.<\/span><\/p>\n<p><span style=\"font-weight: 400;\">Per tal que pugueu anar parlant amb els vostres fills i filles us volem avan\u00e7ar alguns dels criteris que s\u00f3n els pilars del pla que s\u2019ha elaborat per facilitar la tra\u00e7abilitat en cas de contagi.<\/span><\/p>\n<ul>\n<li style=\"font-weight: 400;\"><b>L\u2019estabilitat dels grups<\/b><span style=\"font-weight: 400;\"> (no es barrejaran alumnes de diferents grups per realitzar cap activitat).<\/span><\/li>\n<li style=\"font-weight: 400;\"><b>Espais fixes <\/b><span style=\"font-weight: 400;\">per cada grup.<\/span><\/li>\n<li style=\"font-weight: 400;\"><span style=\"font-weight: 400;\">Reducci\u00f3 del <\/span><b>nombre de mestres<\/b><span style=\"font-weight: 400;\"> que entraran a cada grup estable.<\/span><\/li>\n<li style=\"font-weight: 400;\"><b>Atenci\u00f3 a la diversitat<\/b><span style=\"font-weight: 400;\"> dins de l\u2019aula.<\/span><\/li>\n<\/ul>\n<p><span style=\"font-weight: 400;\">Els grups des de P-3 fins a 4t de prim\u00e0ria es mantindran el grup natural existent de cada nivell educatiu amb el seu tutor\/a de refer\u00e8ncia.\u00a0<\/span><\/p>\n<p><span style=\"font-weight: 400;\">Els grups de cicle superior (5\u00e8 i 6\u00e8) seran d\u2019un m\u00e0xim de 20 alumnes, per tant variaran les agrupacions. Durant la primera setmana de setembre us farem arribar el grup al que anir\u00e0 el vostre fill\/a i el\/la tutor\/a d\u2019aquest.<\/span><\/p>\n<p><span style=\"font-weight: 400;\">Est\u00e0 previst que durant la <\/span><b>segona setmana de setembre<\/b><span style=\"font-weight: 400;\"> es facin reunions per explicar l\u2019organitzaci\u00f3 at\u00edpica del curs 20-21.<\/span><\/p>\n<p><span style=\"font-weight: 400;\">Enllacem el <\/span><a href=\"https:\/\/drive.google.com\/file\/d\/1HjvhB0T3GIc_dmrI_9stu_8wpdcf72se\/view?usp=sharing\"><span style=\"font-weight: 400;\">calendari del curs<\/span><\/a><span style=\"font-weight: 400;\">.<\/span><\/p>\n<hr \/>\n<p><strong>(12 de juny de 2020)<\/strong><\/p>\n<p style=\"text-align: justify;\"><span style=\"font-weight: 400;\">Us recordem que aquest curs 2019-2020 finalitzar\u00e0 de manera telem\u00e0tica el divendres 19 de juny.<\/span><\/p>\n<p style=\"text-align: justify;\"><span style=\"font-weight: 400;\">Per tal de poder acomiadar-nos d\u2019aquest convuls curs hem previst fer el <\/span><b>lliurament d\u2019informes<\/b><span style=\"font-weight: 400;\"> al pati de l\u2019escola. Ser\u00e0 la manera de poder fer un petit comiat, aquest any per\u00f2, sense petons ni abra\u00e7ades.<\/span><\/p>\n<p style=\"text-align: justify;\"><span style=\"font-weight: 400;\">Cada curs realitzar\u00e0 el lliurament un dia i una hora determinada (els tutors la faran arribar).\u00a0<\/span><\/p>\n<p style=\"text-align: justify;\"><b>L\u2019acc\u00e9s ser\u00e0 per avinguda Cam\u00ed Fondo <\/b><span style=\"font-weight: 400;\">(pistes). Recordeu que caldr\u00e0 venir amb <\/span><b>mascareta <\/b><span style=\"font-weight: 400;\">i garantir la <\/span><b>dist\u00e0ncia de seguretat<\/b><span style=\"font-weight: 400;\">. No es podr\u00e0 accedir a l\u2019edifici.<\/span><\/p>\n<p style=\"text-align: justify;\"><span style=\"font-weight: 400;\">En cas de que els alumnes vinguin sols a fer la recollida, caldr\u00e0 que portin signada l\u2019autoritzaci\u00f3 de la familia o que la fam\u00edlia ho comuniqui per mail a la tutora de l\u2019alumne.\u00a0<\/span><\/p>\n<p style=\"text-align: justify;\"><span style=\"font-weight: 400;\">Les mestres recolliran els llibres de l\u2019escola que els alumnes tinguin a casa i\u00a0 Oliclack\u00a0 plenes.<\/span><\/p>\n<p style=\"text-align: justify;\"><span style=\"font-weight: 400;\">Si no es pot venir a recollir els informes quedaran a secretaria i es podran passar a recollir a partir del 29 de juny entre les 9:00 i les 13:00.<\/span><\/p>\n<p style=\"text-align: justify;\"><span style=\"font-weight: 400;\">El dia 29 es faran entrevistes amb les fam\u00edlies que ho vulguin per comentar les notes en la franja hor\u00e0ria de 9:00 a 13:00. Caldr\u00e0 contactar per correu electr\u00f2nic amb la tutora del vostre fill\/a per sol\u00b7licitar cita.<\/span><\/p>\n<hr \/>\n<p><strong>(2 de juny de 2020)<\/strong><\/p>\n<p><span style=\"font-weight: 400;\">La convocat\u00f2ria per sol\u00b7licitar ajuts de menjador escolar per al curs 2020-2021 ser\u00e0 del <\/span><b>4 al 17 de juny de 2020.<\/b><\/p>\n<p><span style=\"font-weight: 400;\">El <\/span><b>tr\u00e0mit es realitzar\u00e0 per via telem\u00e0tica<\/b><span style=\"font-weight: 400;\"> a <\/span><span style=\"font-weight: 400;\">la web del Consell Comarcal<\/span> <a href=\"http:\/\/www.elbaixllobregat.cat\"><span style=\"font-weight: 400;\">www.elbaixllobregat.cat<\/span><\/a><span style=\"font-weight: 400;\">.<\/span><\/p>\n<p><span style=\"font-weight: 400;\">El n\u00famero de <strong>l\u2019IDALU\u00a0<\/strong> \u00e9s necessari a l\u2019hora de fer el tr\u00e0mit.\u00a0<\/span><\/p>\n<hr \/>\n<p><strong>(28 de maig de 2020)<\/strong><\/p>\n<p>Us informem que el Departament d\u2019Educaci\u00f3 ha posat en marxa el Pla d\u2019Obertura de Centres Educatius a partir de l\u2019entrada del municipi en<strong> Fase 2.<br \/>\n<\/strong><\/p>\n<p>Malgrat tot aix\u00f2, tamb\u00e9 \u00e9s prioritat del Departament atendre <b>els alumnes de sis\u00e8 i Educaci\u00f3 Infantil que ho requereixin<\/b>, abans de la finalitzaci\u00f3 del curs 2019-2020, amb totes les limitacions que imposen les consideracions pr\u00e8vies.<\/p>\n<p>L&#8217;activitat presencial \u00e9s volunt\u00e0ria per a l\u2019alumnat de prim\u00e0ria, i <b>es garantir\u00e0 la continu\u00eftat de la doc\u00e8ncia telem\u00e0tica<\/b>.<\/p>\n<p><strong>Acollida en un espai espec\u00edfic per a l\u2019alumnat d\u2019ed. infantil (3-6)<\/strong> per facilitar la conciliaci\u00f3 de fam\u00edlies els progenitors de les quals, per motius laborals i professionals, hagin de realitzar treball presencial sense possibilitat de flexibilitzar-lo.<\/p>\n<p><strong>Atenci\u00f3 tutorial segons necessitats de l\u2019alumnat<\/strong> (1r a 5\u00e8), quan es cregui necessari. Aquesta \u00e9s una mesura de car\u00e0cter no continu, puntual i compatible amb l\u2019atenci\u00f3 personalitzada.<\/p>\n<p style=\"text-align: justify;\"><b>L\u2019escola est\u00e0 elaborant un pla d\u2019obertura del centre<\/b> en funci\u00f3 del nombre d\u2019alumnes que s&#8217;incorporen al centre en la fase 2 de desescalada, per tal garantir, d\u2019una manera extremadament estricta, les condicions de salut de l\u2019alumnat i del personal docent i no docent, d\u2019acord amb les exig\u00e8ncies de l\u2019autoritat sanit\u00e0ria i de l\u2019atenci\u00f3 a la vulnerabilitat d\u2019alumnat, professorat i altre personal.<\/p>\n<p>Cal presentar el primer dia de retorn al centre educatiu una <b>declaraci\u00f3 responsable<\/b>, per la qual els seus fills o filles compleixen els requisits per assistir al centre educatiu.<\/p>\n<hr \/>\n<p><strong>(13 de maig de 2020)<\/strong><\/p>\n<p>La\u00a0 DGAFiCE d\u00f3na la possibilitat que tot l\u2019alumnat\u00a0 matriculat ja al centre es <strong>confirmi d\u2019ofici<\/strong>.<\/p>\n<hr \/>\n<p><strong>(28 d&#8217;abril de 2020)<\/strong><\/p>\n<p>Durant aquest tercer trimestre des de l\u2019escola proposem activitats contextualitzades, amb la intenci\u00f3 de promoure l\u2019inter\u00e8s de l&#8217;alumnat i que contribueixin en l\u2019adquisici\u00f3 de les compet\u00e8ncies b\u00e0siques i fomentin l\u2019aprenentatge aut\u00f2nom i l\u2019autoavaluaci\u00f3.<\/p>\n<p>Hem intentat fer \u00fas de tots els recursos disponibles per mantenir el contacte amb els alumnes, a fi de donar suport i establir un seguiment peri\u00f2dic del seu estat i evoluci\u00f3. Les tutories grupals i individuals en l\u00ednia, les trucades telef\u00f2niques i l&#8217;\u00fas d\u2019altres plataformes diverses ens estan ajudant a mantenir seguiment acad\u00e8mic i emocional de cada alumne.<\/p>\n<p>Els docents revisaran les produccions de l\u2019alumnat i faran efectiu un retorn positiu dels aprenentatges i dels resultats obtinguts, per tal d\u2019ajudar a autoregular l&#8217;aprenentatge de l&#8217;alumne.<\/p>\n<p>L\u2019autoavaluaci\u00f3 adquireix import\u00e0ncia, l\u2019alumne ha de ser conscient de tot all\u00f2 que ha apr\u00e8s i s\u2019ha enriquit com a persona. L\u2019avaluaci\u00f3 ser\u00e0 formadora, formativa i reflectir\u00e0 el proc\u00e9s d\u2019aprenentatge de l\u2019alumne de forma individualitzada. L\u2019avaluaci\u00f3 final es basar\u00e0 en el treball realitzat durant la primera i segona avaluaci\u00f3.<\/p>\n<p>Restem a la vostra disposici\u00f3 i esperem que aquesta informaci\u00f3 sigui del vostre inter\u00e8s.<\/p>\n<hr \/>\n<p><strong>(14 d&#8217;abril de 2020)<\/strong><\/p>\n<p>Avui comen\u00e7a el tercer trimestre. Donat que el confinament s\u2019allarga, el Departament ha previst uns nous criteris pel que fa a les tasques pedag\u00f2giques que fins ara hem portat a terme. Durant aquest trimestre els mestres demanarem el <strong>retorn d\u2019algunes tasques<\/strong>, podent fer aix\u00ed un <strong>seguiment m\u00e9s personalitzat dels alumnes<\/strong>, que passaran a formar part de la 3a avaluaci\u00f3 (sempre com a <strong>valor afegit<\/strong>, mai com a penalitzaci\u00f3).<\/p>\n<p>Aquesta setmana l\u2019equip de mestres estem treballant sobre aquestes noves directrius per tal de poder donar la resposta m\u00e9s ajustada al nostre alumnat durant aquest per\u00edode de confinament. Tant aviat, com ens sigui possible, per\u00f2 no m\u00e9s enll\u00e0 de la setmana vinent, les tutores us aniran guiant de com es portar\u00e0 a terme aquest seguiment amb els vostres fills\/es i, si cal, tamb\u00e9 es proporcionaran tutorials per a facilitar l\u2019acc\u00e9s a les tasques.<\/p>\n<p>Si teniu algun dubte i\/o consulta podeu contactar a trav\u00e9s de l\u2019adre\u00e7a electr\u00f2nica del vostre cicle o nivell, tal\u00a0 com ho heu anat fent fins ara o a l\u2019adre\u00e7a de l\u2019escola.<\/p>\n<hr \/>\n<p><strong>(2 d&#8217;abril de 2020)<\/strong><\/p>\n<p>A continuaci\u00f3 us informarem de diversos aspectes d&#8217;inter\u00e8s i que recomanem que llegiu amb molta atenci\u00f3.<\/p>\n<p>En relaci\u00f3 a l&#8217;obertura dels centres educatius i l&#8217;inici de les classes presencials, \u00e9s a dir, de la tornada a l&#8217;escola, en aquest moment no tenim informacions de si la situaci\u00f3 s&#8217;allargar\u00e0 m\u00e9s enll\u00e0 del dia 13 d&#8217;abril. En aquest sentit, us farem saber qualsevol novetat en el mateix moment que el Departament d&#8217;Educaci\u00f3 ens ho comuniqui.<\/p>\n<p>Davant l&#8217;ampliaci\u00f3 del confinament, hem procedit a suspendre totes les excursions, sortides, col\u00f2nies i activitats complement\u00e0ries previstes pel mes d&#8217;abril.<\/p>\n<p>Pel que fa a la preinscripci\u00f3 i matr\u00edcula pel curs 2020-21 als centres de prim\u00e0ria i als instituts, estem a l&#8217;espera de m\u00e9s informaci\u00f3.<\/p>\n<p>Sobre les proves de Compet\u00e8ncies B\u00e0siques de 6\u00e8, aquestes han quedat totalment suspeses per a aquest curs.<\/p>\n<p>Respecte a la 2a Avaluaci\u00f3, aquesta ha quedat tancada a dia 13 de mar\u00e7 de 2020 i per tant, iniciarem el tercer trimestre a data 14 d&#8217;abril. Els informes de l\u2019avaluaci\u00f3 del segon trimestre es lliuraran un cop es normalitzi l&#8217;activitat acad\u00e8mica.<\/p>\n<p>Pel que fa a l&#8217;acci\u00f3 educativa que portarem a terme a partir d&#8217;ara, i seguint les instruccions del Departament d&#8217;Educaci\u00f3, en els propers dies <b>els vostres tutors\/tutores es posaran en contacte<\/b> amb vosaltres per donar continu\u00eftat al proc\u00e9s d\u2019aprenentatge dels alumnes. Per tant, hi haur\u00e0 seguiment tutorial i suport amb activitats orientades a desenvolupar les compet\u00e8ncies b\u00e0siques i es prioritzaran tasques globalitzades en els diferents \u00e0mbits curriculars.<\/p>\n<p>Des de l\u2019escola estem treballant per coordinar tota aquesta infraestructura de treball amb els alumnes des de casa. L&#8217;equip del Merc\u00e8 Rodoreda est\u00e0 treballant per tal que els nostres alumnes rebin tot el suport i assessorament necessari per avan\u00e7ar en els aprenentatges, per mantenir bons h\u00e0bits en relaci\u00f3 als coneixements i sobretot per disposar d&#8217;un acompanyament hum\u00e0 per part dels seus mestres.<\/p>\n<p>No cal dir-vos que, davant d&#8217;una situaci\u00f3 tan excepcional com aquesta, estem posant tots els mitjans que estan a la nostra m\u00e0 per facilitar aquest confinament als nens i nenes i a les fam\u00edlies. Podeu enviar al correu de l&#8217;escola qualsevol dubte, consulta, pregunta o necessitat que tingueu i farem tot el que estigui a les nostres mans per buscar solucions.<\/p>\n","protected":false},"excerpt":{"rendered":"<p>(16 de desembre)<br \/>\nEn previsi\u00f3 de que l&#8217;evoluci\u00f3 de la pand\u00e8mia despr\u00e9s de les vacances de Nadal no sigui gaire afavoridora, els departaments d&#8217;Educaci\u00f3 i Salut han previst diverses mesures perqu\u00e8 les escoles siguin espais el m\u00e9s segurs possible.<\/p>\n<ul>\n<li>\nL&#8217;inici de curs del segon trimestre s&#8217;endarrereix fins&hellip;  <a href=\"https:\/\/agora.xtec.cat\/escolamercerodoredamartorell\/darreres-informacions\/\" title=\"Read Darreres informacions\">Llegeix m\u00e9s\u00bb<\/a><\/p>\n","protected":false},"author":1,"featured_media":0,"parent":0,"menu_order":0,"comment_status":"closed","ping_status":"closed","template":"","meta":{"_bbp_topic_count":0,"_bbp_reply_count":0,"_bbp_total_topic_count":0,"_bbp_total_reply_count":0,"_bbp_voice_count":0,"_bbp_anonymous_reply_count":0,"_bbp_topic_count_hidden":0,"_bbp_reply_count_hidden":0,"_bbp_forum_subforum_count":0,"footnotes":""},"class_list":["post-6867","page","type-page","status-publish","hentry"],"post_mailing_queue_ids":[],"_links":{"self":[{"href":"https:\/\/agora.xtec.cat\/escolamercerodoredamartorell\/wp-json\/wp\/v2\/pages\/6867","targetHints":{"allow":["GET"]}}],"collection":[{"href":"https:\/\/agora.xtec.cat\/escolamercerodoredamartorell\/wp-json\/wp\/v2\/pages"}],"about":[{"href":"https:\/\/agora.xtec.cat\/escolamercerodoredamartorell\/wp-json\/wp\/v2\/types\/page"}],"author":[{"embeddable":true,"href":"https:\/\/agora.xtec.cat\/escolamercerodoredamartorell\/wp-json\/wp\/v2\/users\/1"}],"replies":[{"embeddable":true,"href":"https:\/\/agora.xtec.cat\/escolamercerodoredamartorell\/wp-json\/wp\/v2\/comments?post=6867"}],"version-history":[{"count":4,"href":"https:\/\/agora.xtec.cat\/escolamercerodoredamartorell\/wp-json\/wp\/v2\/pages\/6867\/revisions"}],"predecessor-version":[{"id":8154,"href":"https:\/\/agora.xtec.cat\/escolamercerodoredamartorell\/wp-json\/wp\/v2\/pages\/6867\/revisions\/8154"}],"wp:attachment":[{"href":"https:\/\/agora.xtec.cat\/escolamercerodoredamartorell\/wp-json\/wp\/v2\/media?parent=6867"}],"curies":[{"name":"wp","href":"https:\/\/api.w.org\/{rel}","templated":true}]}}