{"id":3124,"date":"2018-10-31T10:15:38","date_gmt":"2018-10-31T09:15:38","guid":{"rendered":"http:\/\/agora.xtec.cat\/escolamercerodoredamartorell\/?page_id=3124"},"modified":"2023-07-31T15:55:38","modified_gmt":"2023-07-31T13:55:38","slug":"compartim-amb-les-families","status":"publish","type":"page","link":"https:\/\/agora.xtec.cat\/escolamercerodoredamartorell\/compartim-amb-les-families\/","title":{"rendered":"Compartim amb les fam\u00edlies"},"content":{"rendered":"<p style=\"text-align: justify;\"><strong>LES FAM\u00cdLIES V\u00c9NEN A L\u2019 AULA<\/strong> \u00e9s un <strong>projecte de col\u00b7laboraci\u00f3<\/strong> \u00a0per tal d&#8217;<span style=\"font-weight: 400;\"> afavorir la comunicaci\u00f3 i la bona relaci\u00f3 entre les<strong> fam\u00edlies i l\u2019 escola,<\/strong> \u00a0alhora que apropem els infants a la realitat del seu entorn. P<\/span><span style=\"font-weight: 400;\">ret\u00e9n la participaci\u00f3 d\u2019 una manera molt directa i activa amb l\u2019 escola per tal de poder gaudir durant una estona del mateix espai que els \u00a0fills\/es i que puguin compartir amb els infants experi\u00e8ncies i emocions.<\/span><\/p>\n<p style=\"text-align: justify;\"><span style=\"font-weight: 400;\">El que es preten \u00e9s que un dia a la setmana, s \u2019expliquin a les aules:<\/span><\/p>\n<ul>\n<li style=\"text-align: justify;\"><span style=\"font-family: inherit; font-size: 1em;\">Experi\u00e8ncies relacionades amb la \u00a0fam\u00edlia, costums, objectes personals, fotos de quan eren m\u00e9s petits i aix\u00ed poder con\u00e8ixer \u00a0diferents realitats. <\/span>L\u2019ofici<span style=\"font-weight: 400;\"> o alguna afici\u00f3 per ajudar a \u00a0con\u00e8ixer la realitat social de l\u2019 entorn.\u00a0<\/span><\/li>\n<li style=\"text-align: justify;\"><span style=\"font-family: inherit; font-size: 1em;\">Receptes culin\u00e0ries, un conte o un joc, per tal que els infants puguin participar de l\u2019 activitat, ja sigui ajudant-vos a preparar la recepta, menjant el resultat, gaudir del joc o de la narraci\u00f3 i\/o representaci\u00f3 del conte.<\/span><\/li>\n<li style=\"text-align: justify;\"><span style=\"font-family: inherit; font-size: 1em;\">Jocs, \u00a0viatges, aficions etc..<\/span><\/li>\n<\/ul>\n<p style=\"text-align: justify;\"><b>JORNADES DE PORTES OBERTES<\/b><\/p>\n<p style=\"text-align: justify;\"><span style=\"font-weight: 400;\">En el marc d&#8217;aquest \u00a0projecte tamb\u00e9 es proposa una segona proposta d&#8217;apropament a les aules amb l\u2019objectiu de poder veure i gaudir dels treballs que es fan. <\/span><b>\u00a0<\/b><\/p>\n<p><strong>CAF\u00c8S PEDAG\u00d2GICS<\/strong><\/p>\n<p><strong>XERRADES\u00a0<\/strong><\/p>\n<p>&nbsp;<\/p>\n<p>&nbsp;<\/p>\n<p>&nbsp;<\/p>\n","protected":false},"excerpt":{"rendered":"<p>LES FAM\u00cdLIES V\u00c9NEN A L\u2019 AULA \u00e9s un projecte de col\u00b7laboraci\u00f3 \u00a0per tal d&#8217; afavorir la comunicaci\u00f3 i la bona relaci\u00f3 entre les fam\u00edlies i l\u2019 escola, \u00a0alhora que apropem els infants a la realitat del seu entorn. Pret\u00e9n la participaci\u00f3 d\u2019 una manera molt&hellip;  <a href=\"https:\/\/agora.xtec.cat\/escolamercerodoredamartorell\/compartim-amb-les-families\/\" title=\"Read Compartim amb les fam\u00edlies\">Llegeix m\u00e9s\u00bb<\/a><\/p>\n","protected":false},"author":1,"featured_media":0,"parent":0,"menu_order":0,"comment_status":"closed","ping_status":"closed","template":"","meta":{"_bbp_topic_count":0,"_bbp_reply_count":0,"_bbp_total_topic_count":0,"_bbp_total_reply_count":0,"_bbp_voice_count":0,"_bbp_anonymous_reply_count":0,"_bbp_topic_count_hidden":0,"_bbp_reply_count_hidden":0,"_bbp_forum_subforum_count":0,"footnotes":""},"class_list":["post-3124","page","type-page","status-publish","hentry"],"post_mailing_queue_ids":[],"_links":{"self":[{"href":"https:\/\/agora.xtec.cat\/escolamercerodoredamartorell\/wp-json\/wp\/v2\/pages\/3124","targetHints":{"allow":["GET"]}}],"collection":[{"href":"https:\/\/agora.xtec.cat\/escolamercerodoredamartorell\/wp-json\/wp\/v2\/pages"}],"about":[{"href":"https:\/\/agora.xtec.cat\/escolamercerodoredamartorell\/wp-json\/wp\/v2\/types\/page"}],"author":[{"embeddable":true,"href":"https:\/\/agora.xtec.cat\/escolamercerodoredamartorell\/wp-json\/wp\/v2\/users\/1"}],"replies":[{"embeddable":true,"href":"https:\/\/agora.xtec.cat\/escolamercerodoredamartorell\/wp-json\/wp\/v2\/comments?post=3124"}],"version-history":[{"count":3,"href":"https:\/\/agora.xtec.cat\/escolamercerodoredamartorell\/wp-json\/wp\/v2\/pages\/3124\/revisions"}],"predecessor-version":[{"id":10548,"href":"https:\/\/agora.xtec.cat\/escolamercerodoredamartorell\/wp-json\/wp\/v2\/pages\/3124\/revisions\/10548"}],"wp:attachment":[{"href":"https:\/\/agora.xtec.cat\/escolamercerodoredamartorell\/wp-json\/wp\/v2\/media?parent=3124"}],"curies":[{"name":"wp","href":"https:\/\/api.w.org\/{rel}","templated":true}]}}