{"id":10741,"date":"2023-12-04T10:00:32","date_gmt":"2023-12-04T09:00:32","guid":{"rendered":"https:\/\/agora.xtec.cat\/escolamercerodoredamartorell\/?page_id=10741"},"modified":"2025-10-10T17:44:00","modified_gmt":"2025-10-10T15:44:00","slug":"programa-de-complexitat-pmoe-proa","status":"publish","type":"page","link":"https:\/\/agora.xtec.cat\/escolamercerodoredamartorell\/projecte-educatiu\/programa-de-complexitat-pmoe-proa\/","title":{"rendered":"Programa Millora d&#8217;oportunitats Educatives (PMOE PROA+)"},"content":{"rendered":"<p><b>Programa Millora d&#8217;oportunitats Educatives (PMOE PROA+)<\/b><\/p>\n<p>Objectius generals<br \/>\n*Contribuir a la millora de l&#8217;equitat en l&#8217;acc\u00e9s a oportunitats educatives i a l&#8217;\u00e8xit escolar de tot l&#8217;alumnat amb l&#8217;enfortiment dels centres educatius p\u00fablics de m\u00e9s complexitat educativa del Servei d&#8217;Educaci\u00f3 de Catalunya per tal que disposin dels recursos necessaris per compensar les necessitats i desigualtats educatives de l&#8217;alumnat i les seves fam\u00edlies.<br \/>\n*Integrar el Programa de cooperaci\u00f3 territorial per a l&#8217;orientaci\u00f3, l&#8217;aven\u00e7 i l&#8217;enriquiment educatiu PROA+ en el Pla de millora d&#8217;oportunitats educatives PMOE.<br \/>\n*Refor\u00e7ar l&#8217;atenci\u00f3 de l&#8217;alumnat amb necessitats espec\u00edfiques de suport educatiu i millorar l&#8217;enfocament inclusiu.<br \/>\n*Refor\u00e7ar la dimensi\u00f3 comunit\u00e0ria de l&#8217;acci\u00f3 educativa.<\/p>\n<p style=\"text-align: justify;\">Objectius espec\u00edfics<br \/>\n<em>En relaci\u00f3 als centres que participen en el PMOE PROA+<\/em><br \/>\n&#8211; Refor\u00e7ar l&#8217;equitat educativa.<br \/>\n&#8211; Refor\u00e7ar l&#8217;organitzaci\u00f3 i funcionament dels centres educatius promovent un enfocament inclusiu que eradiqui situacions de segregaci\u00f3 interna al centre.<br \/>\n&#8211; Garantir la continu\u00eftat i el progr\u00e9s educatiu de l&#8217;alumnat, amb especial atenci\u00f3 a l&#8217;alumnat en situaci\u00f3 de vulnerabilitat.<br \/>\n&#8211; Refor\u00e7ar l&#8217;acompanyament, la motivaci\u00f3 i el suport individual a l&#8217;alumnat, especialment de l&#8217;alumnat en situaci\u00f3 de vulnerabilitat.<br \/>\n&#8211; Promoure i mantenir expectatives positives del professorat sobre tot l&#8217;alumnat.<br \/>\n&#8211; Treballar per la millora del benestar emocional.<br \/>\n&#8211; Facilitar i impulsar la implicaci\u00f3 i la participaci\u00f3 de les fam\u00edlies.<br \/>\n&#8211; Millorar la comunicaci\u00f3 entre les fam\u00edlies i els centres educatius.<br \/>\n&#8211; Potenciar les oportunitats educatives m\u00e9s enll\u00e0 de l&#8217;escola en relaci\u00f3 amb l&#8217;alumnat en situaci\u00f3 de vulnerabilitat.<br \/>\n&#8211; Facilitar la participaci\u00f3 en el PROA+ del Ministeri d&#8217;Educaci\u00f3 i Formaci\u00f3 Professional integrat en el PMOE<\/p>\n<p><em>En relaci\u00f3 amb la dimensi\u00f3 comunit\u00e0ria de l&#8217;acci\u00f3 educativa a trav\u00e9s dels Plans educatius d&#8217;entorn:<\/em><br \/>\n&#8211; Potenciar les oportunitats educatives m\u00e9s enll\u00e0 de l&#8217;horari lectiu i a temps complet (\u00e0mbit formal i no formal).<br \/>\n&#8211; Potenciar la dimensi\u00f3 comunit\u00e0ria de l&#8217;educaci\u00f3 amb el refor\u00e7ament de l&#8217;orientaci\u00f3 d&#8217;\u00e0mbit comunitari.<\/p>\n<p><em>En relaci\u00f3 amb l&#8217;alumnat amb necessitats espec\u00edfiques de suport educatiu:<\/em><br \/>\n&#8211; Refor\u00e7ar el Projecte de promoci\u00f3 escolar del poble gitano de Catalunya.<br \/>\n&#8211; Refor\u00e7ar el suport a l&#8217;alumnat amb necessitats educatives espec\u00edfiques.<\/p>\n<p><img decoding=\"async\" src=\"https:\/\/serveiseducatius.xtec.cat\/baixllobregat\/wp-content\/uploads\/usu2515\/2025\/07\/Logos-PROA-_fons.png\" \/><\/p>\n","protected":false},"excerpt":{"rendered":"<p>Programa Millora d&#8217;oportunitats Educatives (PMOE PROA+)<br \/>\nObjectius generals<br \/>\n*Contribuir a la millora de l&#8217;equitat en l&#8217;acc\u00e9s a oportunitats educatives i a l&#8217;\u00e8xit escolar de tot l&#8217;alumnat amb l&#8217;enfortiment dels centres educatius p\u00fablics de m\u00e9s complexitat educativa del Servei d&#8217;Educaci\u00f3 de Catalunya per tal que disposin dels recursos&hellip;  <a href=\"https:\/\/agora.xtec.cat\/escolamercerodoredamartorell\/projecte-educatiu\/programa-de-complexitat-pmoe-proa\/\" title=\"Read Programa Millora d&#8217;oportunitats Educatives (PMOE PROA+)\">Llegeix m\u00e9s\u00bb<\/a><\/p>\n","protected":false},"author":1,"featured_media":0,"parent":64,"menu_order":5,"comment_status":"closed","ping_status":"closed","template":"page-templates\/side-menu.php","meta":{"_bbp_topic_count":0,"_bbp_reply_count":0,"_bbp_total_topic_count":0,"_bbp_total_reply_count":0,"_bbp_voice_count":0,"_bbp_anonymous_reply_count":0,"_bbp_topic_count_hidden":0,"_bbp_reply_count_hidden":0,"_bbp_forum_subforum_count":0,"footnotes":""},"class_list":["post-10741","page","type-page","status-publish","hentry"],"post_mailing_queue_ids":[],"_links":{"self":[{"href":"https:\/\/agora.xtec.cat\/escolamercerodoredamartorell\/wp-json\/wp\/v2\/pages\/10741","targetHints":{"allow":["GET"]}}],"collection":[{"href":"https:\/\/agora.xtec.cat\/escolamercerodoredamartorell\/wp-json\/wp\/v2\/pages"}],"about":[{"href":"https:\/\/agora.xtec.cat\/escolamercerodoredamartorell\/wp-json\/wp\/v2\/types\/page"}],"author":[{"embeddable":true,"href":"https:\/\/agora.xtec.cat\/escolamercerodoredamartorell\/wp-json\/wp\/v2\/users\/1"}],"replies":[{"embeddable":true,"href":"https:\/\/agora.xtec.cat\/escolamercerodoredamartorell\/wp-json\/wp\/v2\/comments?post=10741"}],"version-history":[{"count":7,"href":"https:\/\/agora.xtec.cat\/escolamercerodoredamartorell\/wp-json\/wp\/v2\/pages\/10741\/revisions"}],"predecessor-version":[{"id":11640,"href":"https:\/\/agora.xtec.cat\/escolamercerodoredamartorell\/wp-json\/wp\/v2\/pages\/10741\/revisions\/11640"}],"up":[{"embeddable":true,"href":"https:\/\/agora.xtec.cat\/escolamercerodoredamartorell\/wp-json\/wp\/v2\/pages\/64"}],"wp:attachment":[{"href":"https:\/\/agora.xtec.cat\/escolamercerodoredamartorell\/wp-json\/wp\/v2\/media?parent=10741"}],"curies":[{"name":"wp","href":"https:\/\/api.w.org\/{rel}","templated":true}]}}