{"id":71,"date":"2014-09-18T12:44:56","date_gmt":"2014-09-18T11:44:56","guid":{"rendered":"http:\/\/agora.xtec.cat\/escolamercerodoredabadalona\/?page_id=71"},"modified":"2020-01-23T10:13:27","modified_gmt":"2020-01-23T09:13:27","slug":"serveis-digitals","status":"publish","type":"page","link":"https:\/\/agora.xtec.cat\/escolamercerodoredabadalona\/serveis\/serveis-digitals\/","title":{"rendered":"TPV Escola"},"content":{"rendered":"<div>A partir d&#8217;aquest curs 2019-2020 les comunicacions de l&#8217;escola us les enviarem mitjan\u00e7ant TPVEscola, un sistema \u00e0gil i senzill.<\/div>\n<div><\/div>\n<div>Tota la informaci\u00f3 que fins ara reb\u00edeu per correu electr\u00f2nic la rebreu mitjan\u00e7ant tres vies:<\/div>\n<div><\/div>\n<ul>\n<li>L&#8217;aplicaci\u00f3 de tel\u00e8fon m\u00f2bil TPVEscola.<\/li>\n<li>La p\u00e0gina web\u00a0<a href=\"http:\/\/www.tpvescola.com\/\" target=\"_blank\" rel=\"noopener noreferrer\" data-saferedirecturl=\"https:\/\/www.google.com\/url?q=http:\/\/www.tpvescola.com&amp;source=gmail&amp;ust=1576766513023000&amp;usg=AFQjCNGY3QzrBpv7gx-6rr6cOdSqU5NYxg\">www.tpvescola.com<\/a><\/li>\n<li>Al vostre compte de correu electr\u00f2nic.<\/li>\n<\/ul>\n<div><\/div>\n<div><span style=\"text-decoration: underline;\">Instruccions per accedir a\u00a0TPVEscola:<\/span><\/div>\n<div><\/div>\n<div><\/div>\n<div>Amb l\u2019APP gratu\u00efta del m\u00f2bil:<\/div>\n<div><\/div>\n<ol>\n<li>Descarregueu l&#8217;APP \u201cTPVEscola\u201d a Google Play o App Store.<\/li>\n<li>Seleccioneu poblaci\u00f3 Badalona i Escola Merc\u00e8\u00a0Rodoreda.<\/li>\n<li>Us demanar\u00e0 el nom d\u2019usuari i la contrasenya indicades al requadre de sota. Un cop introdu\u00efda, ja queda gravat per properes vegades.<\/li>\n<li>Si teniu m\u00e9s d&#8217;un\/a fill\/a al centre, podeu incorporar tots els usuaris des de \u201cUsuaris\/Nou usuari\u201d. Podeu canviar de fill\/a a \u201cUsuaris\/Canvi d&#8217;usuari\u201d.<\/li>\n<\/ol>\n<div>Per internet:<\/div>\n<div><\/div>\n<ol>\n<li>Accediu a\u00a0<a href=\"http:\/\/www.tpvescola.com\/\" target=\"_blank\" rel=\"noopener noreferrer\" data-saferedirecturl=\"https:\/\/www.google.com\/url?q=http:\/\/www.tpvescola.com&amp;source=gmail&amp;ust=1576766513023000&amp;usg=AFQjCNGY3QzrBpv7gx-6rr6cOdSqU5NYxg\">www.tpvescola.com<\/a><\/li>\n<li>Seleccioneu poblaci\u00f3 Badalona i Escola Merc\u00e8\u00a0Rodoreda.<\/li>\n<li>Us demanar\u00e0 el nom d&#8217;usuari i la contrasenya indicats al requadre de sota.<\/li>\n<\/ol>\n<div>Aquest curs, alguns pagaments especials de cicle superior i els pagaments que gestiona l\u2019AMPA de l&#8217;escola a finals de curs, es faran mitjan\u00e7ant TPVEscola, de manera \u00e0gil, senzilla i transparent.<\/div>\n","protected":false},"excerpt":{"rendered":"<p>A partir d&#8217;aquest curs 2019-2020 les comunicacions de l&#8217;escola us les enviarem mitjan\u00e7ant TPVEscola, un sistema \u00e0gil i senzill. Tota la informaci\u00f3 que fins ara reb\u00edeu per correu electr\u00f2nic la rebreu mitjan\u00e7ant tres vies: L&#8217;aplicaci\u00f3 de tel\u00e8fon m\u00f2bil TPVEscola. La p\u00e0gina web\u00a0www.tpvescola.com Al vostre compte de correu electr\u00f2nic. Instruccions per accedir a\u00a0TPVEscola: Amb l\u2019APP gratu\u00efta [&hellip;]<\/p>\n","protected":false},"author":1,"featured_media":0,"parent":66,"menu_order":10,"comment_status":"closed","ping_status":"closed","template":"page-templates\/side-menu.php","meta":{"_bbp_topic_count":0,"_bbp_reply_count":0,"_bbp_total_topic_count":0,"_bbp_total_reply_count":0,"_bbp_voice_count":0,"_bbp_anonymous_reply_count":0,"_bbp_topic_count_hidden":0,"_bbp_reply_count_hidden":0,"_bbp_forum_subforum_count":0,"site-sidebar-layout":"default","site-content-layout":"","ast-site-content-layout":"","site-content-style":"default","site-sidebar-style":"default","ast-global-header-display":"","ast-banner-title-visibility":"","ast-main-header-display":"","ast-hfb-above-header-display":"","ast-hfb-below-header-display":"","ast-hfb-mobile-header-display":"","site-post-title":"","ast-breadcrumbs-content":"","ast-featured-img":"","footer-sml-layout":"","theme-transparent-header-meta":"","adv-header-id-meta":"","stick-header-meta":"","header-above-stick-meta":"","header-main-stick-meta":"","header-below-stick-meta":"","astra-migrate-meta-layouts":"default","ast-page-background-enabled":"default","ast-page-background-meta":{"desktop":{"background-color":"var(--ast-global-color-4)","background-image":"","background-repeat":"repeat","background-position":"center center","background-size":"auto","background-attachment":"scroll","background-type":"","background-media":"","overlay-type":"","overlay-color":"","overlay-opacity":"","overlay-gradient":""},"tablet":{"background-color":"","background-image":"","background-repeat":"repeat","background-position":"center center","background-size":"auto","background-attachment":"scroll","background-type":"","background-media":"","overlay-type":"","overlay-color":"","overlay-opacity":"","overlay-gradient":""},"mobile":{"background-color":"","background-image":"","background-repeat":"repeat","background-position":"center center","background-size":"auto","background-attachment":"scroll","background-type":"","background-media":"","overlay-type":"","overlay-color":"","overlay-opacity":"","overlay-gradient":""}},"ast-content-background-meta":{"desktop":{"background-color":"var(--ast-global-color-5)","background-image":"","background-repeat":"repeat","background-position":"center center","background-size":"auto","background-attachment":"scroll","background-type":"","background-media":"","overlay-type":"","overlay-color":"","overlay-opacity":"","overlay-gradient":""},"tablet":{"background-color":"var(--ast-global-color-5)","background-image":"","background-repeat":"repeat","background-position":"center center","background-size":"auto","background-attachment":"scroll","background-type":"","background-media":"","overlay-type":"","overlay-color":"","overlay-opacity":"","overlay-gradient":""},"mobile":{"background-color":"var(--ast-global-color-5)","background-image":"","background-repeat":"repeat","background-position":"center center","background-size":"auto","background-attachment":"scroll","background-type":"","background-media":"","overlay-type":"","overlay-color":"","overlay-opacity":"","overlay-gradient":""}},"footnotes":""},"class_list":["post-71","page","type-page","status-publish","hentry"],"post_mailing_queue_ids":[],"_links":{"self":[{"href":"https:\/\/agora.xtec.cat\/escolamercerodoredabadalona\/wp-json\/wp\/v2\/pages\/71","targetHints":{"allow":["GET"]}}],"collection":[{"href":"https:\/\/agora.xtec.cat\/escolamercerodoredabadalona\/wp-json\/wp\/v2\/pages"}],"about":[{"href":"https:\/\/agora.xtec.cat\/escolamercerodoredabadalona\/wp-json\/wp\/v2\/types\/page"}],"author":[{"embeddable":true,"href":"https:\/\/agora.xtec.cat\/escolamercerodoredabadalona\/wp-json\/wp\/v2\/users\/1"}],"replies":[{"embeddable":true,"href":"https:\/\/agora.xtec.cat\/escolamercerodoredabadalona\/wp-json\/wp\/v2\/comments?post=71"}],"version-history":[{"count":3,"href":"https:\/\/agora.xtec.cat\/escolamercerodoredabadalona\/wp-json\/wp\/v2\/pages\/71\/revisions"}],"predecessor-version":[{"id":748,"href":"https:\/\/agora.xtec.cat\/escolamercerodoredabadalona\/wp-json\/wp\/v2\/pages\/71\/revisions\/748"}],"up":[{"embeddable":true,"href":"https:\/\/agora.xtec.cat\/escolamercerodoredabadalona\/wp-json\/wp\/v2\/pages\/66"}],"wp:attachment":[{"href":"https:\/\/agora.xtec.cat\/escolamercerodoredabadalona\/wp-json\/wp\/v2\/media?parent=71"}],"curies":[{"name":"wp","href":"https:\/\/api.w.org\/{rel}","templated":true}]}}