{"id":681,"date":"2019-12-19T12:32:48","date_gmt":"2019-12-19T11:32:48","guid":{"rendered":"https:\/\/agora.xtec.cat\/escolamercerodoredabadalona\/?page_id=681"},"modified":"2019-12-19T12:38:52","modified_gmt":"2019-12-19T11:38:52","slug":"families","status":"publish","type":"page","link":"https:\/\/agora.xtec.cat\/escolamercerodoredabadalona\/families\/","title":{"rendered":"Fam\u00edlies"},"content":{"rendered":"<p>Considerem la cooperaci\u00f3 amb les fam\u00edlies i la seva participaci\u00f3 imprescindibles per portar a terme l\u2019educaci\u00f3 que pretenem. Afavorim la col\u00b7laboraci\u00f3 de les fam\u00edlies amb els professionals en la tasca educativa di\u00e0ria, mitjan\u00e7ant l\u2019orientaci\u00f3 tutorial. Mantenim informades les fam\u00edlies del proc\u00e9s educatiu dels seus fills\/es, mitjan\u00e7ant les entrevistes i les comunicacions puntuals.<\/p>\n<p>L\u2019escola organitza reunions peri\u00f2diques amb l\u2019AFA i amb els familiars delegats de cada curs per informar d\u2019aspectes organitzatius, educatius, \u2026 que afecten al conjunt de la comunitat educativa.<\/p>\n<p>L\u2019AFA de la nostra escola \u00e9s molt activa: gestiona la socialitzaci\u00f3 de llibres i material socialitzat, organitza benvingudes, promou xerrades, organitza festes, col\u00b7labora amb les festes internes de l\u2019escola, organitza activitats per recaptar fons, dinamitza les col\u00f2nies familiars.<\/p>\n<p>Comptem amb una nova comissi\u00f3 de creaci\u00f3 de material did\u00e0ctic composada per fam\u00edlies volunt\u00e0ries i mestres de l\u2019escola que venen dos matins per setmana.<\/p>\n<p>Celebrem les festes i tradicions de la cultura catalana (Castanyada, Nadal, Setmana cultural, Carnestoltes, la pasqua i Sant Jordi) i sempre que podem obrim l\u2019escola a les fam\u00edlies amb l\u2019objectiu de compartir uns objectius comuns i mostrar els processos d\u2019aprenentatge\u00a0 dels infants.<\/p>\n","protected":false},"excerpt":{"rendered":"<p>Considerem la cooperaci\u00f3 amb les fam\u00edlies i la seva participaci\u00f3 imprescindibles per portar a terme l\u2019educaci\u00f3 que pretenem. Afavorim la col\u00b7laboraci\u00f3 de les fam\u00edlies amb els professionals en la tasca educativa di\u00e0ria, mitjan\u00e7ant l\u2019orientaci\u00f3 tutorial. Mantenim informades les fam\u00edlies del proc\u00e9s educatiu dels seus fills\/es, mitjan\u00e7ant les entrevistes i les comunicacions puntuals. L\u2019escola organitza reunions [&hellip;]<\/p>\n","protected":false},"author":1,"featured_media":0,"parent":0,"menu_order":0,"comment_status":"closed","ping_status":"closed","template":"page-templates\/side-menu.php","meta":{"_bbp_topic_count":0,"_bbp_reply_count":0,"_bbp_total_topic_count":0,"_bbp_total_reply_count":0,"_bbp_voice_count":0,"_bbp_anonymous_reply_count":0,"_bbp_topic_count_hidden":0,"_bbp_reply_count_hidden":0,"_bbp_forum_subforum_count":0,"site-sidebar-layout":"default","site-content-layout":"","ast-site-content-layout":"","site-content-style":"default","site-sidebar-style":"default","ast-global-header-display":"","ast-banner-title-visibility":"","ast-main-header-display":"","ast-hfb-above-header-display":"","ast-hfb-below-header-display":"","ast-hfb-mobile-header-display":"","site-post-title":"","ast-breadcrumbs-content":"","ast-featured-img":"","footer-sml-layout":"","theme-transparent-header-meta":"","adv-header-id-meta":"","stick-header-meta":"","header-above-stick-meta":"","header-main-stick-meta":"","header-below-stick-meta":"","astra-migrate-meta-layouts":"default","ast-page-background-enabled":"default","ast-page-background-meta":{"desktop":{"background-color":"var(--ast-global-color-4)","background-image":"","background-repeat":"repeat","background-position":"center center","background-size":"auto","background-attachment":"scroll","background-type":"","background-media":"","overlay-type":"","overlay-color":"","overlay-opacity":"","overlay-gradient":""},"tablet":{"background-color":"","background-image":"","background-repeat":"repeat","background-position":"center center","background-size":"auto","background-attachment":"scroll","background-type":"","background-media":"","overlay-type":"","overlay-color":"","overlay-opacity":"","overlay-gradient":""},"mobile":{"background-color":"","background-image":"","background-repeat":"repeat","background-position":"center center","background-size":"auto","background-attachment":"scroll","background-type":"","background-media":"","overlay-type":"","overlay-color":"","overlay-opacity":"","overlay-gradient":""}},"ast-content-background-meta":{"desktop":{"background-color":"var(--ast-global-color-5)","background-image":"","background-repeat":"repeat","background-position":"center center","background-size":"auto","background-attachment":"scroll","background-type":"","background-media":"","overlay-type":"","overlay-color":"","overlay-opacity":"","overlay-gradient":""},"tablet":{"background-color":"var(--ast-global-color-5)","background-image":"","background-repeat":"repeat","background-position":"center center","background-size":"auto","background-attachment":"scroll","background-type":"","background-media":"","overlay-type":"","overlay-color":"","overlay-opacity":"","overlay-gradient":""},"mobile":{"background-color":"var(--ast-global-color-5)","background-image":"","background-repeat":"repeat","background-position":"center center","background-size":"auto","background-attachment":"scroll","background-type":"","background-media":"","overlay-type":"","overlay-color":"","overlay-opacity":"","overlay-gradient":""}},"footnotes":""},"class_list":["post-681","page","type-page","status-publish","hentry"],"post_mailing_queue_ids":[],"_links":{"self":[{"href":"https:\/\/agora.xtec.cat\/escolamercerodoredabadalona\/wp-json\/wp\/v2\/pages\/681","targetHints":{"allow":["GET"]}}],"collection":[{"href":"https:\/\/agora.xtec.cat\/escolamercerodoredabadalona\/wp-json\/wp\/v2\/pages"}],"about":[{"href":"https:\/\/agora.xtec.cat\/escolamercerodoredabadalona\/wp-json\/wp\/v2\/types\/page"}],"author":[{"embeddable":true,"href":"https:\/\/agora.xtec.cat\/escolamercerodoredabadalona\/wp-json\/wp\/v2\/users\/1"}],"replies":[{"embeddable":true,"href":"https:\/\/agora.xtec.cat\/escolamercerodoredabadalona\/wp-json\/wp\/v2\/comments?post=681"}],"version-history":[{"count":2,"href":"https:\/\/agora.xtec.cat\/escolamercerodoredabadalona\/wp-json\/wp\/v2\/pages\/681\/revisions"}],"predecessor-version":[{"id":689,"href":"https:\/\/agora.xtec.cat\/escolamercerodoredabadalona\/wp-json\/wp\/v2\/pages\/681\/revisions\/689"}],"wp:attachment":[{"href":"https:\/\/agora.xtec.cat\/escolamercerodoredabadalona\/wp-json\/wp\/v2\/media?parent=681"}],"curies":[{"name":"wp","href":"https:\/\/api.w.org\/{rel}","templated":true}]}}