{"id":676,"date":"2019-12-19T12:30:44","date_gmt":"2019-12-19T11:30:44","guid":{"rendered":"https:\/\/agora.xtec.cat\/escolamercerodoredabadalona\/?page_id=676"},"modified":"2021-10-28T15:51:45","modified_gmt":"2021-10-28T13:51:45","slug":"comissio-de-material","status":"publish","type":"page","link":"https:\/\/agora.xtec.cat\/escolamercerodoredabadalona\/families\/comissio-de-material\/","title":{"rendered":"Comissi\u00f3 de material"},"content":{"rendered":"<p>Des del curs 2018-19 vam crear una comissi\u00f3 de creaci\u00f3 de material did\u00e0ctic composada per fam\u00edlies volunt\u00e0ries que venen a col\u00b7laborar dos matins a la setmana, i varies mestres de l&#8217;escola.<\/p>\n<p>Degut a la Covid, el curs 20-21, quan les condicions sanitaries ho van permetre, la comissi\u00f3 va treballar des de casa en projectes puntuals.<\/p>\n<p>Aquest curs 2021-2022 hem tornat a reprendre l&#8217;activitat de la comissi\u00f3. Ens reunim els dilluns al mat\u00ed a l&#8217;escola. Si en vols formar part envia&#8217;ns un correu al mail de l&#8217;escola a8040345@xtec.cat, estrem encantats que hi participis!!!<\/p>\n<p><a href=\"https:\/\/agora.xtec.cat\/escolamercerodoredabadalona\/wp-content\/uploads\/usu22\/2019\/12\/IMG_7604.jpg\"><img loading=\"lazy\" decoding=\"async\" class=\"wp-image-691 aligncenter\" src=\"https:\/\/agora.xtec.cat\/escolamercerodoredabadalona\/wp-content\/uploads\/usu22\/2019\/12\/IMG_7604.jpg\" alt=\"\" width=\"499\" height=\"374\" srcset=\"https:\/\/agora.xtec.cat\/escolamercerodoredabadalona\/wp-content\/uploads\/usu22\/2019\/12\/IMG_7604.jpg 640w, https:\/\/agora.xtec.cat\/escolamercerodoredabadalona\/wp-content\/uploads\/usu22\/2019\/12\/IMG_7604-300x225.jpg 300w, https:\/\/agora.xtec.cat\/escolamercerodoredabadalona\/wp-content\/uploads\/usu22\/2019\/12\/IMG_7604-200x150.jpg 200w\" sizes=\"auto, (max-width: 499px) 100vw, 499px\" \/><\/a><\/p>\n<p>&nbsp;<\/p>\n","protected":false},"excerpt":{"rendered":"<p>Des del curs 2018-19 vam crear una comissi\u00f3 de creaci\u00f3 de material did\u00e0ctic composada per fam\u00edlies volunt\u00e0ries que venen a col\u00b7laborar dos matins a la setmana, i varies mestres de l&#8217;escola. Degut a la Covid, el curs 20-21, quan les condicions sanitaries ho van permetre, la comissi\u00f3 va treballar des de casa en projectes puntuals. [&hellip;]<\/p>\n","protected":false},"author":1,"featured_media":0,"parent":681,"menu_order":0,"comment_status":"closed","ping_status":"closed","template":"page-templates\/side-menu.php","meta":{"_bbp_topic_count":0,"_bbp_reply_count":0,"_bbp_total_topic_count":0,"_bbp_total_reply_count":0,"_bbp_voice_count":0,"_bbp_anonymous_reply_count":0,"_bbp_topic_count_hidden":0,"_bbp_reply_count_hidden":0,"_bbp_forum_subforum_count":0,"site-sidebar-layout":"default","site-content-layout":"","ast-site-content-layout":"","site-content-style":"default","site-sidebar-style":"default","ast-global-header-display":"","ast-banner-title-visibility":"","ast-main-header-display":"","ast-hfb-above-header-display":"","ast-hfb-below-header-display":"","ast-hfb-mobile-header-display":"","site-post-title":"","ast-breadcrumbs-content":"","ast-featured-img":"","footer-sml-layout":"","theme-transparent-header-meta":"","adv-header-id-meta":"","stick-header-meta":"","header-above-stick-meta":"","header-main-stick-meta":"","header-below-stick-meta":"","astra-migrate-meta-layouts":"default","ast-page-background-enabled":"default","ast-page-background-meta":{"desktop":{"background-color":"var(--ast-global-color-4)","background-image":"","background-repeat":"repeat","background-position":"center center","background-size":"auto","background-attachment":"scroll","background-type":"","background-media":"","overlay-type":"","overlay-color":"","overlay-opacity":"","overlay-gradient":""},"tablet":{"background-color":"","background-image":"","background-repeat":"repeat","background-position":"center center","background-size":"auto","background-attachment":"scroll","background-type":"","background-media":"","overlay-type":"","overlay-color":"","overlay-opacity":"","overlay-gradient":""},"mobile":{"background-color":"","background-image":"","background-repeat":"repeat","background-position":"center center","background-size":"auto","background-attachment":"scroll","background-type":"","background-media":"","overlay-type":"","overlay-color":"","overlay-opacity":"","overlay-gradient":""}},"ast-content-background-meta":{"desktop":{"background-color":"var(--ast-global-color-5)","background-image":"","background-repeat":"repeat","background-position":"center center","background-size":"auto","background-attachment":"scroll","background-type":"","background-media":"","overlay-type":"","overlay-color":"","overlay-opacity":"","overlay-gradient":""},"tablet":{"background-color":"var(--ast-global-color-5)","background-image":"","background-repeat":"repeat","background-position":"center center","background-size":"auto","background-attachment":"scroll","background-type":"","background-media":"","overlay-type":"","overlay-color":"","overlay-opacity":"","overlay-gradient":""},"mobile":{"background-color":"var(--ast-global-color-5)","background-image":"","background-repeat":"repeat","background-position":"center center","background-size":"auto","background-attachment":"scroll","background-type":"","background-media":"","overlay-type":"","overlay-color":"","overlay-opacity":"","overlay-gradient":""}},"footnotes":""},"class_list":["post-676","page","type-page","status-publish","hentry"],"post_mailing_queue_ids":[],"_links":{"self":[{"href":"https:\/\/agora.xtec.cat\/escolamercerodoredabadalona\/wp-json\/wp\/v2\/pages\/676","targetHints":{"allow":["GET"]}}],"collection":[{"href":"https:\/\/agora.xtec.cat\/escolamercerodoredabadalona\/wp-json\/wp\/v2\/pages"}],"about":[{"href":"https:\/\/agora.xtec.cat\/escolamercerodoredabadalona\/wp-json\/wp\/v2\/types\/page"}],"author":[{"embeddable":true,"href":"https:\/\/agora.xtec.cat\/escolamercerodoredabadalona\/wp-json\/wp\/v2\/users\/1"}],"replies":[{"embeddable":true,"href":"https:\/\/agora.xtec.cat\/escolamercerodoredabadalona\/wp-json\/wp\/v2\/comments?post=676"}],"version-history":[{"count":4,"href":"https:\/\/agora.xtec.cat\/escolamercerodoredabadalona\/wp-json\/wp\/v2\/pages\/676\/revisions"}],"predecessor-version":[{"id":1345,"href":"https:\/\/agora.xtec.cat\/escolamercerodoredabadalona\/wp-json\/wp\/v2\/pages\/676\/revisions\/1345"}],"up":[{"embeddable":true,"href":"https:\/\/agora.xtec.cat\/escolamercerodoredabadalona\/wp-json\/wp\/v2\/pages\/681"}],"wp:attachment":[{"href":"https:\/\/agora.xtec.cat\/escolamercerodoredabadalona\/wp-json\/wp\/v2\/media?parent=676"}],"curies":[{"name":"wp","href":"https:\/\/api.w.org\/{rel}","templated":true}]}}