{"id":671,"date":"2019-12-19T12:24:33","date_gmt":"2019-12-19T11:24:33","guid":{"rendered":"https:\/\/agora.xtec.cat\/escolamercerodoredabadalona\/?page_id=671"},"modified":"2024-05-09T13:36:50","modified_gmt":"2024-05-09T11:36:50","slug":"afa","status":"publish","type":"page","link":"https:\/\/agora.xtec.cat\/escolamercerodoredabadalona\/families\/afa\/","title":{"rendered":"AFA"},"content":{"rendered":"<p>&nbsp;<\/p>\n<p><a href=\"https:\/\/agora.xtec.cat\/escolamercerodoredabadalona\/families\/afa\/attachment\/screenshot_20220429-111535_whatsapp\/\" rel=\"attachment wp-att-1455\"><img loading=\"lazy\" decoding=\"async\" class=\"wp-image-1455 alignnone\" src=\"https:\/\/agora.xtec.cat\/escolamercerodoredabadalona\/wp-content\/uploads\/usu22\/2022\/07\/Screenshot_20220429-111535_WhatsApp-1024x1021.jpg\" alt=\"\" width=\"272\" height=\"271\" srcset=\"https:\/\/agora.xtec.cat\/escolamercerodoredabadalona\/wp-content\/uploads\/usu22\/2022\/07\/Screenshot_20220429-111535_WhatsApp-1024x1021.jpg 1024w, https:\/\/agora.xtec.cat\/escolamercerodoredabadalona\/wp-content\/uploads\/usu22\/2022\/07\/Screenshot_20220429-111535_WhatsApp-300x300.jpg 300w, https:\/\/agora.xtec.cat\/escolamercerodoredabadalona\/wp-content\/uploads\/usu22\/2022\/07\/Screenshot_20220429-111535_WhatsApp-150x150.jpg 150w, https:\/\/agora.xtec.cat\/escolamercerodoredabadalona\/wp-content\/uploads\/usu22\/2022\/07\/Screenshot_20220429-111535_WhatsApp-768x766.jpg 768w, https:\/\/agora.xtec.cat\/escolamercerodoredabadalona\/wp-content\/uploads\/usu22\/2022\/07\/Screenshot_20220429-111535_WhatsApp.jpg 1080w\" sizes=\"auto, (max-width: 272px) 100vw, 272px\" \/><\/a><\/p>\n<p>L\u2019AFA de la nostra escola \u00e9s molt activa:<\/p>\n<ul>\n<li>gestiona la socialitzaci\u00f3 de llibres i material socialitzat<\/li>\n<li>gestiona les activitats extraescolars i l&#8217;acollida (amb l&#8217;empresa \u00c0MBIT ESCOLA)<\/li>\n<li>organitza benvingudes, promou xerrades, organitza festes<\/li>\n<li>col\u00b7labora amb les festes internes de l&#8217;escola<\/li>\n<li>organitza activitats per recaptar fons<\/li>\n<li>dinamitza les col\u00f2nies familiars<\/li>\n<\/ul>\n<p>Contacte: \u00a0<span style=\"color: #0000ff;\">afamercerodoreda@gmail.com<\/span><\/p>\n<table style=\"height: 161px; width: 60.0828%; border-collapse: collapse; border-style: double;\">\n<tbody>\n<tr style=\"height: 32px;\">\n<td style=\"width: 2.12766%; height: 57px;\"><strong>Presidenta<\/strong><\/td>\n<td style=\"width: 28.8349%; height: 57px;\"><span style=\"font-weight: 400;\">Janet Blanco (mare Hugo I3)<\/span><\/td>\n<\/tr>\n<tr style=\"height: 32px;\">\n<td style=\"width: 2.12766%; height: 49px;\"><strong>Secret\u00e0ria<\/strong><\/td>\n<td style=\"width: 28.8349%; height: 49px;\"><span style=\"font-weight: 400;\">Montse Garc\u00eda (mare Yago I3)<\/span><\/td>\n<\/tr>\n<tr style=\"height: 32px;\">\n<td style=\"width: 2.12766%; height: 45px;\"><strong>Tresorera<\/strong><\/td>\n<td style=\"width: 28.8349%; height: 45px;\"><span style=\"font-weight: 400;\">Gemma Siles (mare Guillem I3)<\/span><\/td>\n<\/tr>\n<tr style=\"height: 155px;\">\n<td style=\"width: 2.12766%; height: 10px;\"><strong>Vocals<\/strong><\/td>\n<td style=\"width: 28.8349%; height: 10px;\"><span style=\"font-weight: 400;\">Joaqu\u00edn Gonz\u00e1lez i Patricia Navarro (pare i mare Paula I3)<\/span><\/p>\n<p><span style=\"font-weight: 400;\">Vanessa Uceira (mare Marc I3)<\/span><\/p>\n<p><span style=\"font-weight: 400;\">Ra\u00fal Gallego (mare Jon I4)<\/span><\/p>\n<p><span style=\"font-weight: 400;\">Isa Fern\u00e1ndez (mare Alex 1r)<\/span><\/td>\n<\/tr>\n<\/tbody>\n<\/table>\n","protected":false},"excerpt":{"rendered":"<p>&nbsp; L\u2019AFA de la nostra escola \u00e9s molt activa: gestiona la socialitzaci\u00f3 de llibres i material socialitzat gestiona les activitats extraescolars i l&#8217;acollida (amb l&#8217;empresa \u00c0MBIT ESCOLA) organitza benvingudes, promou xerrades, organitza festes col\u00b7labora amb les festes internes de l&#8217;escola organitza activitats per recaptar fons dinamitza les col\u00f2nies familiars Contacte: \u00a0afamercerodoreda@gmail.com Presidenta Janet Blanco (mare [&hellip;]<\/p>\n","protected":false},"author":1,"featured_media":0,"parent":681,"menu_order":1,"comment_status":"closed","ping_status":"closed","template":"page-templates\/side-menu.php","meta":{"_bbp_topic_count":0,"_bbp_reply_count":0,"_bbp_total_topic_count":0,"_bbp_total_reply_count":0,"_bbp_voice_count":0,"_bbp_anonymous_reply_count":0,"_bbp_topic_count_hidden":0,"_bbp_reply_count_hidden":0,"_bbp_forum_subforum_count":0,"site-sidebar-layout":"default","site-content-layout":"","ast-site-content-layout":"","site-content-style":"default","site-sidebar-style":"default","ast-global-header-display":"","ast-banner-title-visibility":"","ast-main-header-display":"","ast-hfb-above-header-display":"","ast-hfb-below-header-display":"","ast-hfb-mobile-header-display":"","site-post-title":"","ast-breadcrumbs-content":"","ast-featured-img":"","footer-sml-layout":"","theme-transparent-header-meta":"","adv-header-id-meta":"","stick-header-meta":"","header-above-stick-meta":"","header-main-stick-meta":"","header-below-stick-meta":"","astra-migrate-meta-layouts":"default","ast-page-background-enabled":"default","ast-page-background-meta":{"desktop":{"background-color":"var(--ast-global-color-4)","background-image":"","background-repeat":"repeat","background-position":"center center","background-size":"auto","background-attachment":"scroll","background-type":"","background-media":"","overlay-type":"","overlay-color":"","overlay-opacity":"","overlay-gradient":""},"tablet":{"background-color":"","background-image":"","background-repeat":"repeat","background-position":"center center","background-size":"auto","background-attachment":"scroll","background-type":"","background-media":"","overlay-type":"","overlay-color":"","overlay-opacity":"","overlay-gradient":""},"mobile":{"background-color":"","background-image":"","background-repeat":"repeat","background-position":"center center","background-size":"auto","background-attachment":"scroll","background-type":"","background-media":"","overlay-type":"","overlay-color":"","overlay-opacity":"","overlay-gradient":""}},"ast-content-background-meta":{"desktop":{"background-color":"var(--ast-global-color-5)","background-image":"","background-repeat":"repeat","background-position":"center center","background-size":"auto","background-attachment":"scroll","background-type":"","background-media":"","overlay-type":"","overlay-color":"","overlay-opacity":"","overlay-gradient":""},"tablet":{"background-color":"var(--ast-global-color-5)","background-image":"","background-repeat":"repeat","background-position":"center center","background-size":"auto","background-attachment":"scroll","background-type":"","background-media":"","overlay-type":"","overlay-color":"","overlay-opacity":"","overlay-gradient":""},"mobile":{"background-color":"var(--ast-global-color-5)","background-image":"","background-repeat":"repeat","background-position":"center center","background-size":"auto","background-attachment":"scroll","background-type":"","background-media":"","overlay-type":"","overlay-color":"","overlay-opacity":"","overlay-gradient":""}},"footnotes":""},"class_list":["post-671","page","type-page","status-publish","hentry"],"post_mailing_queue_ids":[],"_links":{"self":[{"href":"https:\/\/agora.xtec.cat\/escolamercerodoredabadalona\/wp-json\/wp\/v2\/pages\/671","targetHints":{"allow":["GET"]}}],"collection":[{"href":"https:\/\/agora.xtec.cat\/escolamercerodoredabadalona\/wp-json\/wp\/v2\/pages"}],"about":[{"href":"https:\/\/agora.xtec.cat\/escolamercerodoredabadalona\/wp-json\/wp\/v2\/types\/page"}],"author":[{"embeddable":true,"href":"https:\/\/agora.xtec.cat\/escolamercerodoredabadalona\/wp-json\/wp\/v2\/users\/1"}],"replies":[{"embeddable":true,"href":"https:\/\/agora.xtec.cat\/escolamercerodoredabadalona\/wp-json\/wp\/v2\/comments?post=671"}],"version-history":[{"count":5,"href":"https:\/\/agora.xtec.cat\/escolamercerodoredabadalona\/wp-json\/wp\/v2\/pages\/671\/revisions"}],"predecessor-version":[{"id":1804,"href":"https:\/\/agora.xtec.cat\/escolamercerodoredabadalona\/wp-json\/wp\/v2\/pages\/671\/revisions\/1804"}],"up":[{"embeddable":true,"href":"https:\/\/agora.xtec.cat\/escolamercerodoredabadalona\/wp-json\/wp\/v2\/pages\/681"}],"wp:attachment":[{"href":"https:\/\/agora.xtec.cat\/escolamercerodoredabadalona\/wp-json\/wp\/v2\/media?parent=671"}],"curies":[{"name":"wp","href":"https:\/\/api.w.org\/{rel}","templated":true}]}}