{"id":657,"date":"2019-12-19T12:05:43","date_gmt":"2019-12-19T11:05:43","guid":{"rendered":"https:\/\/agora.xtec.cat\/escolamercerodoredabadalona\/?page_id=657"},"modified":"2025-07-10T11:11:23","modified_gmt":"2025-07-10T09:11:23","slug":"normativa-de-menjador","status":"publish","type":"page","link":"https:\/\/agora.xtec.cat\/escolamercerodoredabadalona\/serveis\/menjador-escolar-2\/normativa-de-menjador\/","title":{"rendered":"Normativa de menjador"},"content":{"rendered":"<p><span style=\"text-decoration: underline;\">EL DINAR<\/span><\/p>\n<p>El men\u00fa \u00e9s variat i equilibrat. Cada mes el pengem a la p\u00e0gina web de l\u2019escola per a que el pugueu consultar.<\/p>\n<p>Les fam\u00edlies dels infants d\u2019I3 rebreu di\u00e0riament una fitxa informativa on hi constar\u00e0 com ha menjat i, quan calgui, algun comentari de petites incid\u00e8ncies.<\/p>\n<p>&nbsp;<\/p>\n<p><span style=\"text-decoration: underline;\">DIETES ESPECIALS<\/span><\/p>\n<ul>\n<li aria-level=\"1\">Dieta puntual:<\/li>\n<\/ul>\n<p>Si un dia algun infant necessita menjar dieta astringent o laxant, la fam\u00edlia el pot demanar mitjan\u00e7ant <b>el correu menjador@mrodoreda.cat abans de les 9h<\/b> (no cal indicaci\u00f3 del metge). Nom\u00e9s es pot demanar dieta per motius de salut i no quan el dinar no agrada.<\/p>\n<p>&nbsp;<\/p>\n<ul>\n<li aria-level=\"1\">Al\u00b7l\u00e8rgies i intoler\u00e0ncies:<\/li>\n<\/ul>\n<p>Quan un infant t\u00e9 una al\u00b7l\u00e8rgia a algun aliment o presenta algun tipus d\u2019intoler\u00e0ncia, el men\u00fa s\u2019adapta a les seves necessitats i, si cal, se li cuina un plat especial. \u00c9s imprescindible que la fam\u00edlia presenti un document del metge on especifiqui els aliments que no pot menjar <b>abans de comen\u00e7ar el curs.<\/b><\/p>\n<p>&nbsp;<\/p>\n<ul>\n<li aria-level=\"1\">Men\u00fa alternatiu<\/li>\n<\/ul>\n<p>S\u2019oferir\u00e0 un men\u00fa alternatiu a tots aquell usuaris que ho justifiquin degudament; intentant evitant difer\u00e8ncies excessives entre els men\u00fas de la resta dels infants. Per aix\u00f2 cal que les fam\u00edlies es posin en contacte amb la coordinadora de menjador mitjan\u00e7ant el correu <a href=\"mailto:menjador@mrodoreda.cat\"><b>menjador@mrodoreda.cat<\/b><\/a><b> abans de comen\u00e7ar el curs.<\/b><\/p>\n<p>&nbsp;<\/p>\n<p><span style=\"text-decoration: underline;\">MEDICAMENTS<\/span><\/p>\n<p>Se segueix el mateix protocol establert per l\u2019escola.<\/p>\n<p>&nbsp;<\/p>\n<p><span style=\"text-decoration: underline;\">MIGDIADA<\/span><\/p>\n<p>Tots els infants d\u2019I3 fan la migdiada despr\u00e9s de dinar. L\u2019escola proporciona un llen\u00e7ol adequat als llitets que s\u2019utilitzen. Les fam\u00edlies han de portar de casa un llen\u00e7ol o manteta per tapar-se.<\/p>\n<p>A l\u2019hora de dormir s\u2019intentar\u00e0 respectar els petits costums dels infants, si cal, poden portar xumet, coix\u00ed, ossets\u2026<\/p>\n<p>&nbsp;<\/p>\n<p><span style=\"text-decoration: underline;\">QU\u00c8 CAL FER PER QUEDAR-SE A DINAR<\/span><\/p>\n<ul>\n<li aria-level=\"1\">Per utilitzar el servei de menjador de forma fixa, cal informar a la responsable del menjador, Sra. Raquel Fandi\u00f1o, mitjan\u00e7ant el correu electr\u00f2nic a principi de curs o en el moment en el que es doni d\u2019alta l\u2019alumne.<\/li>\n<li aria-level=\"1\"><b>Els infants que tenen beca de menjador estan obligats a quedar-se i a informar quan falten.<\/b><\/li>\n<li aria-level=\"1\">Per quedar-se a dinar espor\u00e0dicament, cal <b>comprar un tiquet<\/b> a trav\u00e9s de l\u2019aplicaci\u00f3 TPV escola i <b>validar-lo abans de les 9h<\/b> del dia que s\u2019utilitzar\u00e0. Cal tamb\u00e9 informar a la tutora mitjan\u00e7ant el correu de tutoria.<\/li>\n<\/ul>\n<p>Podeu veure el tutorial a l\u2019enlla\u00e7:<\/p>\n<p><a href=\"https:\/\/drive.google.com\/file\/d\/1BGWkV_TmejgRrwVLFzMsBE8iVch2hDIm\/view?usp=sharing\">https:\/\/drive.google.com\/file\/d\/1BGWkV_TmejgRrwVLFzMsBE8iVch2hDIm\/view?usp=sharing<\/a><\/p>\n<p>&nbsp;<\/p>\n<p><span style=\"text-decoration: underline;\">PREU DEL MEN\u00da<\/span><\/p>\n<ul>\n<li aria-level=\"1\">Men\u00fa fix de 3, 4 o 5 dies: <strong>7,54\u20ac<\/strong><\/li>\n<li aria-level=\"1\">Men\u00fa espor\u00e0dic:\u00a0 <strong>8,29\u20ac<\/strong><\/li>\n<\/ul>\n<p>Es considera fix aquell nen o nena que fa \u00fas del servei, a partir de 3 dies fixos a la setmana i sempre que es tracti dels mateixos dies de la setmana.<\/p>\n<p>&nbsp;<\/p>\n<p><span style=\"text-decoration: underline;\">FORMA DE PAGAMENT<\/span><\/p>\n<p>El pagament es realitzar\u00e0 mitjan\u00e7ant transfer\u00e8ncia banc\u00e0ria al compte corrent: <b>ES58 2100 6321 7302 0005 9111<\/b> entre els dies 1 i 10 de cada mes.<\/p>\n<p>Quan per algun motiu de malaltia o causa justificada i comunicada abans de les 9h del mat\u00ed, l\u2019alumne\/a no assisteix al menjador, el mes seg\u00fcent se li descomptar\u00e0 2\u20ac per cada dia. No es considera causa justificada els dies de col\u00f2nies de la comunitat de grans.<\/p>\n<p>Si una fam\u00edlia no ha fet efectiva la quota d\u2019un mes, el mes seg\u00fcent no podr\u00e0 fer \u00fas del servei fins que no pagui el deute.<\/p>\n<p>&nbsp;<\/p>\n<p><span style=\"text-decoration: underline;\">CONTACTE<\/span><\/p>\n<p>Per qualsevol gesti\u00f3 o consulta podeu adre\u00e7ar-vos al correu del menjador.<\/p>\n<p><b>Raquel Fandi\u00f1o<\/b><\/p>\n<p><a href=\"mailto:menjador@mrodoreda.cat\"><b>menjador@mrodoreda.cat<\/b><\/a><\/p>\n<p>Per informar de les abs\u00e8ncies al menjador o dietes especials puntuals cal enviar el correu electr\u00f2nic abans de les 9h del mateix dia i informar a la tutora mitjan\u00e7ant el correu de tutoria.<\/p>\n","protected":false},"excerpt":{"rendered":"<p>EL DINAR<br \/>\nEl men\u00fa \u00e9s variat i equilibrat. Cada mes el pengem a la p\u00e0gina web de l\u2019escola per a que el pugueu consultar.<br \/>\nLes fam\u00edlies dels infants d\u2019I3 rebreu di\u00e0riament una fitxa informativa on hi constar\u00e0 com ha menjat i, quan calgui, algun comentari de petites&hellip;  <a href=\"https:\/\/agora.xtec.cat\/escolamercerodoredabadalona\/serveis\/menjador-escolar-2\/normativa-de-menjador\/\" title=\"Read Normativa de menjador\">Llegeix m\u00e9s\u00bb<\/a><\/p>\n","protected":false},"author":1,"featured_media":0,"parent":554,"menu_order":1,"comment_status":"closed","ping_status":"closed","template":"","meta":{"_bbp_topic_count":0,"_bbp_reply_count":0,"_bbp_total_topic_count":0,"_bbp_total_reply_count":0,"_bbp_voice_count":0,"_bbp_anonymous_reply_count":0,"_bbp_topic_count_hidden":0,"_bbp_reply_count_hidden":0,"_bbp_forum_subforum_count":0,"footnotes":""},"class_list":["post-657","page","type-page","status-publish","hentry"],"post_mailing_queue_ids":[],"_links":{"self":[{"href":"https:\/\/agora.xtec.cat\/escolamercerodoredabadalona\/wp-json\/wp\/v2\/pages\/657","targetHints":{"allow":["GET"]}}],"collection":[{"href":"https:\/\/agora.xtec.cat\/escolamercerodoredabadalona\/wp-json\/wp\/v2\/pages"}],"about":[{"href":"https:\/\/agora.xtec.cat\/escolamercerodoredabadalona\/wp-json\/wp\/v2\/types\/page"}],"author":[{"embeddable":true,"href":"https:\/\/agora.xtec.cat\/escolamercerodoredabadalona\/wp-json\/wp\/v2\/users\/1"}],"replies":[{"embeddable":true,"href":"https:\/\/agora.xtec.cat\/escolamercerodoredabadalona\/wp-json\/wp\/v2\/comments?post=657"}],"version-history":[{"count":6,"href":"https:\/\/agora.xtec.cat\/escolamercerodoredabadalona\/wp-json\/wp\/v2\/pages\/657\/revisions"}],"predecessor-version":[{"id":1959,"href":"https:\/\/agora.xtec.cat\/escolamercerodoredabadalona\/wp-json\/wp\/v2\/pages\/657\/revisions\/1959"}],"up":[{"embeddable":true,"href":"https:\/\/agora.xtec.cat\/escolamercerodoredabadalona\/wp-json\/wp\/v2\/pages\/554"}],"wp:attachment":[{"href":"https:\/\/agora.xtec.cat\/escolamercerodoredabadalona\/wp-json\/wp\/v2\/media?parent=657"}],"curies":[{"name":"wp","href":"https:\/\/api.w.org\/{rel}","templated":true}]}}