{"id":567,"date":"2019-12-18T16:19:04","date_gmt":"2019-12-18T15:19:04","guid":{"rendered":"https:\/\/agora.xtec.cat\/escolamercerodoredabadalona\/?page_id=567"},"modified":"2026-04-23T12:37:48","modified_gmt":"2026-04-23T10:37:48","slug":"equip","status":"publish","type":"page","link":"https:\/\/agora.xtec.cat\/escolamercerodoredabadalona\/lescola\/equip\/","title":{"rendered":"Equip hum\u00e0"},"content":{"rendered":"<p>&nbsp;<\/p>\n<table style=\"width: 100%; border-style: solid; border-color: #000000;\">\n<tbody>\n<tr>\n<td style=\"width: 99.9499%; border-style: solid; border-color: #000000;\" colspan=\"2\"><b>COMUNITAT PETITS<\/b><\/td>\n<\/tr>\n<tr>\n<td style=\"width: 10.5711%; border-style: solid; border-color: #000000;\"><span style=\"font-weight: 400;\">I3<\/span><\/td>\n<td style=\"width: 89.3788%; border-style: solid; border-color: #000000;\"><span style=\"font-weight: 400;\">Carmen L\u00f3pez<\/span><\/td>\n<\/tr>\n<tr>\n<td style=\"width: 10.5711%; border-style: solid; border-color: #000000;\"><span style=\"font-weight: 400;\">I4<\/span><\/td>\n<td style=\"width: 89.3788%; border-style: solid; border-color: #000000;\"><span style=\"font-weight: 400;\">Marta Reverter<\/span><\/td>\n<\/tr>\n<tr>\n<td style=\"width: 10.5711%; border-style: solid; border-color: #000000;\"><span style=\"font-weight: 400;\">I5<\/span><\/td>\n<td style=\"width: 89.3788%; border-style: solid; border-color: #000000;\"><span style=\"font-weight: 400;\">Alba Viola<\/span><\/td>\n<\/tr>\n<tr>\n<td style=\"width: 10.5711%; border-style: solid; border-color: #000000;\"><span style=\"font-weight: 400;\">Refor\u00e7<\/span><\/td>\n<td style=\"width: 89.3788%; border-style: solid; border-color: #000000;\"><span style=\"font-weight: 400;\">Marta Rius<\/span><\/td>\n<\/tr>\n<tr>\n<td style=\"width: 10.5711%; border-style: solid; border-color: #000000;\"><span style=\"font-weight: 400;\">TEI<\/span><\/td>\n<td style=\"width: 89.3788%; border-style: solid; border-color: #000000;\"><span style=\"font-weight: 400;\">Vanessa Vega<\/span><\/td>\n<\/tr>\n<\/tbody>\n<\/table>\n<p><span style=\"font-weight: 400;\">\u00a0\u00a0<\/span><\/p>\n<table style=\"border-style: solid; border-color: #000000;\">\n<tbody>\n<tr>\n<td style=\"border-style: solid; border-color: #000000;\" colspan=\"2\"><b>COMUNITAT MITJANS<\/b><\/td>\n<\/tr>\n<tr>\n<td style=\"border-style: solid; border-color: #000000;\"><span style=\"font-weight: 400;\">1r<\/span><\/td>\n<td style=\"border-style: solid; border-color: #000000;\"><span style=\"font-weight: 400;\">Elisa Chavarrias<\/span><\/td>\n<\/tr>\n<tr>\n<td style=\"border-style: solid; border-color: #000000;\"><span style=\"font-weight: 400;\">2n<\/span><\/td>\n<td style=\"border-style: solid; border-color: #000000;\"><span style=\"font-weight: 400;\">Laura Roa<\/span><\/td>\n<\/tr>\n<tr>\n<td style=\"border-style: solid; border-color: #000000;\"><span style=\"font-weight: 400;\">3r<\/span><\/td>\n<td style=\"border-style: solid; border-color: #000000;\"><span style=\"font-weight: 400;\">Elisenda Pinel \/ Laura Guerrero<\/span><\/td>\n<\/tr>\n<tr>\n<td style=\"border-style: solid; border-color: #000000;\"><span style=\"font-weight: 400;\">Especialistes<\/span><\/td>\n<td style=\"border-style: solid; border-color: #000000;\"><span style=\"font-weight: 400;\">Adri\u00e0 Soler (m\u00fasica), Vera Mart\u00ednez\u00a0 (angl\u00e8s), Mireia Pallar\u00e8s (refor\u00e7), Jose Mengual\u00a0 (Ed. f\u00edsica,\u00a0 (refor\u00e7) i Laura Rocabruna (Ed. especial).<\/span><\/td>\n<\/tr>\n<\/tbody>\n<\/table>\n<p>&nbsp;<\/p>\n<table style=\"border-style: solid; border-color: #000000;\">\n<tbody>\n<tr>\n<td style=\"border-style: solid; border-color: #000000;\" colspan=\"2\"><b>COMUNITAT GRANS<\/b><\/td>\n<\/tr>\n<tr>\n<td style=\"border-style: solid; border-color: #000000;\"><span style=\"font-weight: 400;\">4t<\/span><\/td>\n<td style=\"border-style: solid; border-color: #000000;\"><span style=\"font-weight: 400;\">Neli Barragan ( i Azahara M\u00e9ndez)<\/span><\/td>\n<\/tr>\n<tr>\n<td style=\"border-style: solid; border-color: #000000;\"><span style=\"font-weight: 400;\">5\u00e8<\/span><\/td>\n<td style=\"border-style: solid; border-color: #000000;\"><span style=\"font-weight: 400;\">Ana Frades<\/span><\/td>\n<\/tr>\n<tr>\n<td style=\"border-style: solid; border-color: #000000;\"><span style=\"font-weight: 400;\">6\u00e8<\/span><\/td>\n<td style=\"border-style: solid; border-color: #000000;\"><span style=\"font-weight: 400;\">Raquel Exposito ( i Merc\u00e8 Ib\u00e1\u00f1ez)<\/span><\/td>\n<\/tr>\n<tr>\n<td style=\"border-style: solid; border-color: #000000;\"><span style=\"font-weight: 400;\">Especialistes<\/span><\/td>\n<td style=\"border-style: solid; border-color: #000000;\"><span style=\"font-weight: 400;\"> Adri\u00e0 Soler(m\u00fasica),\u00a0 Vera Mart\u00ednez (angl\u00e8s), Mireia Pallar\u00e8s (refor\u00e7), Azahara M\u00e9ndez (refor\u00e7),\u00a0 Merc\u00e8 Ib\u00e1\u00f1ez (refor\u00e7), Laura Rocabruna (Ed. especial) i Jose Mengual (Ed. f\u00edsica).<\/span><\/td>\n<\/tr>\n<\/tbody>\n<\/table>\n<p>&nbsp;<\/p>\n<table style=\"width: 100%; border-style: solid; border-color: #000000;\">\n<tbody>\n<tr>\n<td style=\"width: 99.8998%; border-style: solid; border-color: #000000;\" colspan=\"2\"><b>EQUIP DIRECTIU<\/b><\/td>\n<\/tr>\n<tr>\n<td style=\"width: 11.7234%; border-style: solid; border-color: #000000;\"><span style=\"font-weight: 400;\">DIRECTORA<\/span><\/td>\n<td style=\"width: 88.1764%; border-style: solid; border-color: #000000;\"><span style=\"font-weight: 400;\">Mireia Pallar\u00e8s<\/span><\/td>\n<\/tr>\n<tr>\n<td style=\"width: 11.7234%; border-style: solid; border-color: #000000;\"><span style=\"font-weight: 400;\">CAP D&#8217;ESTUDIS<\/span><\/td>\n<td style=\"width: 88.1764%; border-style: solid; border-color: #000000;\"><span style=\"font-weight: 400;\">Marta Rius<\/span><\/td>\n<\/tr>\n<tr>\n<td style=\"width: 11.7234%; border-style: solid; border-color: #000000;\"><span style=\"font-weight: 400;\">SECRETARIA<\/span><\/td>\n<td style=\"width: 88.1764%; border-style: solid; border-color: #000000;\"><span style=\"font-weight: 400;\">Vera Mart\u00ednez<\/span><\/td>\n<\/tr>\n<\/tbody>\n<\/table>\n<p>&nbsp;<\/p>\n<table style=\"width: 100%; border-style: solid; border-color: #000000;\">\n<tbody>\n<tr>\n<td style=\"width: 99.9499%; border-style: solid; border-color: #000000;\" colspan=\"2\"><b>ALTRES PROFESSIONALS DEL CENTRE<\/b><\/td>\n<\/tr>\n<tr>\n<td style=\"width: 11.9739%; border-style: solid; border-color: #000000;\"><span style=\"font-weight: 400;\">VETLLADORA<\/span><\/td>\n<td style=\"width: 87.976%; border-style: solid; border-color: #000000;\"><span style=\"font-weight: 400;\">Soraya Hern\u00e1ndez<\/span><\/td>\n<\/tr>\n<tr>\n<td style=\"width: 11.9739%; border-style: solid; border-color: #000000;\"><span style=\"font-weight: 400;\">ADMINISTRATIVA<\/span><\/td>\n<td style=\"width: 87.976%; border-style: solid; border-color: #000000;\"><span style=\"font-weight: 400;\">Carme Izquierdo<\/span><\/td>\n<\/tr>\n<tr>\n<td style=\"width: 11.9739%; border-style: solid; border-color: #000000;\"><span style=\"font-weight: 400;\">EAP<\/span><\/td>\n<td style=\"width: 87.976%; border-style: solid; border-color: #000000;\"><span style=\"font-weight: 400;\">Rosa Cuesta<\/span><\/td>\n<\/tr>\n<tr>\n<td style=\"width: 11.9739%; border-style: solid; border-color: #000000;\"><span style=\"font-weight: 400;\">Oficial d&#8217;oficis<\/span><\/td>\n<td style=\"width: 87.976%; border-style: solid; border-color: #000000;\"><span style=\"font-weight: 400;\">Montse Larrosa<\/span><\/td>\n<\/tr>\n<\/tbody>\n<\/table>\n<p>&nbsp;<\/p>\n","protected":false},"excerpt":{"rendered":"<p>&nbsp; COMUNITAT PETITS I3 Carmen L\u00f3pez I4 Marta Reverter I5 Alba Viola Refor\u00e7 Marta Rius TEI Vanessa Vega \u00a0\u00a0 COMUNITAT MITJANS 1r Elisa Chavarrias 2n Laura Roa 3r Elisenda Pinel \/ Laura Guerrero Especialistes Adri\u00e0 Soler (m\u00fasica), Vera Mart\u00ednez\u00a0 (angl\u00e8s), Mireia Pallar\u00e8s (refor\u00e7), Jose Mengual\u00a0 (Ed. f\u00edsica,\u00a0 (refor\u00e7) i Laura Rocabruna (Ed. especial). &nbsp; COMUNITAT [&hellip;]<\/p>\n","protected":false},"author":1,"featured_media":0,"parent":22,"menu_order":3,"comment_status":"closed","ping_status":"closed","template":"","meta":{"_bbp_topic_count":0,"_bbp_reply_count":0,"_bbp_total_topic_count":0,"_bbp_total_reply_count":0,"_bbp_voice_count":0,"_bbp_anonymous_reply_count":0,"_bbp_topic_count_hidden":0,"_bbp_reply_count_hidden":0,"_bbp_forum_subforum_count":0,"site-sidebar-layout":"default","site-content-layout":"","ast-site-content-layout":"default","site-content-style":"default","site-sidebar-style":"default","ast-global-header-display":"","ast-banner-title-visibility":"","ast-main-header-display":"","ast-hfb-above-header-display":"","ast-hfb-below-header-display":"","ast-hfb-mobile-header-display":"","site-post-title":"","ast-breadcrumbs-content":"","ast-featured-img":"","footer-sml-layout":"","theme-transparent-header-meta":"default","adv-header-id-meta":"","stick-header-meta":"","header-above-stick-meta":"","header-main-stick-meta":"","header-below-stick-meta":"","astra-migrate-meta-layouts":"set","ast-page-background-enabled":"default","ast-page-background-meta":{"desktop":{"background-color":"var(--ast-global-color-4)","background-image":"","background-repeat":"repeat","background-position":"center center","background-size":"auto","background-attachment":"scroll","background-type":"","background-media":"","overlay-type":"","overlay-color":"","overlay-opacity":"","overlay-gradient":""},"tablet":{"background-color":"","background-image":"","background-repeat":"repeat","background-position":"center center","background-size":"auto","background-attachment":"scroll","background-type":"","background-media":"","overlay-type":"","overlay-color":"","overlay-opacity":"","overlay-gradient":""},"mobile":{"background-color":"","background-image":"","background-repeat":"repeat","background-position":"center center","background-size":"auto","background-attachment":"scroll","background-type":"","background-media":"","overlay-type":"","overlay-color":"","overlay-opacity":"","overlay-gradient":""}},"ast-content-background-meta":{"desktop":{"background-color":"var(--ast-global-color-5)","background-image":"","background-repeat":"repeat","background-position":"center center","background-size":"auto","background-attachment":"scroll","background-type":"","background-media":"","overlay-type":"","overlay-color":"","overlay-opacity":"","overlay-gradient":""},"tablet":{"background-color":"var(--ast-global-color-5)","background-image":"","background-repeat":"repeat","background-position":"center center","background-size":"auto","background-attachment":"scroll","background-type":"","background-media":"","overlay-type":"","overlay-color":"","overlay-opacity":"","overlay-gradient":""},"mobile":{"background-color":"var(--ast-global-color-5)","background-image":"","background-repeat":"repeat","background-position":"center center","background-size":"auto","background-attachment":"scroll","background-type":"","background-media":"","overlay-type":"","overlay-color":"","overlay-opacity":"","overlay-gradient":""}},"footnotes":""},"class_list":["post-567","page","type-page","status-publish","hentry"],"post_mailing_queue_ids":[],"_links":{"self":[{"href":"https:\/\/agora.xtec.cat\/escolamercerodoredabadalona\/wp-json\/wp\/v2\/pages\/567","targetHints":{"allow":["GET"]}}],"collection":[{"href":"https:\/\/agora.xtec.cat\/escolamercerodoredabadalona\/wp-json\/wp\/v2\/pages"}],"about":[{"href":"https:\/\/agora.xtec.cat\/escolamercerodoredabadalona\/wp-json\/wp\/v2\/types\/page"}],"author":[{"embeddable":true,"href":"https:\/\/agora.xtec.cat\/escolamercerodoredabadalona\/wp-json\/wp\/v2\/users\/1"}],"replies":[{"embeddable":true,"href":"https:\/\/agora.xtec.cat\/escolamercerodoredabadalona\/wp-json\/wp\/v2\/comments?post=567"}],"version-history":[{"count":7,"href":"https:\/\/agora.xtec.cat\/escolamercerodoredabadalona\/wp-json\/wp\/v2\/pages\/567\/revisions"}],"predecessor-version":[{"id":2111,"href":"https:\/\/agora.xtec.cat\/escolamercerodoredabadalona\/wp-json\/wp\/v2\/pages\/567\/revisions\/2111"}],"up":[{"embeddable":true,"href":"https:\/\/agora.xtec.cat\/escolamercerodoredabadalona\/wp-json\/wp\/v2\/pages\/22"}],"wp:attachment":[{"href":"https:\/\/agora.xtec.cat\/escolamercerodoredabadalona\/wp-json\/wp\/v2\/media?parent=567"}],"curies":[{"name":"wp","href":"https:\/\/api.w.org\/{rel}","templated":true}]}}