{"id":556,"date":"2019-12-18T15:54:41","date_gmt":"2019-12-18T14:54:41","guid":{"rendered":"https:\/\/agora.xtec.cat\/escolamercerodoredabadalona\/?page_id=556"},"modified":"2025-09-29T15:29:00","modified_gmt":"2025-09-29T13:29:00","slug":"activitats-extraescolars-2","status":"publish","type":"page","link":"https:\/\/agora.xtec.cat\/escolamercerodoredabadalona\/serveis\/activitats-extraescolars-2\/","title":{"rendered":"Activitats extraescolars"},"content":{"rendered":"<p style=\"font-weight: 400;\">A partir del curs escolar 2025-26 comptarem amb una nova empresa d\u2019extraescolars, amb un projecte pensat per enriquir l\u2019experi\u00e8ncia educativa dels nostres fills i filles i fomentar el seu desenvolupament personal, social i creatiu.<\/p>\n<p style=\"font-weight: 400;\">Es tracta\u00a0d\u2019un\u00a0equip de professionals amb bons recursos, gran disposici\u00f3 i una comunicaci\u00f3 flu\u00efda, a m\u00e9s\u00a0d\u2019estar\u00a0totalment alineats amb el projecte educatiu de\u00a0l\u2019escola.<\/p>\n<p style=\"font-weight: 400;\">Adjunt trobareu l\u2019arxiu amb tota la informaci\u00f3 necess\u00e0ria per fer les inscripcions: el pas a pas a seguir a la seva web, els horaris i els preus detallats.<\/p>\n<p style=\"font-weight: 400;\">La majoria d\u2019activitats extraescolars es mantenen, aix\u00ed com els dies i horaris per cursos. A m\u00e9s, s\u2019ha afegit alguna activitat nova.<\/p>\n<p style=\"font-weight: 400;\">Les activitats es realitzaran, com fins ara, en horari de tarda de 16:30 a 18:00 h, de dilluns a dijous, i estaran obertes als infants des d\u2019I4 fins a 6\u00e8.<\/p>\n<p style=\"font-weight: 400;\">Per qualsevol dubte o suggeriment, podeu contactar amb l&#8217;AFA a trav\u00e9s del correu electr\u00f2nic: <a href=\"mailto:afamercerodoreda@gmail.com\">afamercerodoreda@gmail.com<\/a><\/p>\n<p><a href=\"https:\/\/drive.google.com\/file\/d\/1wuTMUb7nuCDPov2by9i7o_HhilfQOynl\/view?usp=drive_link\" rel=\"attachment wp-att-1974\"><img loading=\"lazy\" decoding=\"async\" class=\"alignnone size-medium wp-image-1974\" src=\"https:\/\/agora.xtec.cat\/escolamercerodoredabadalona\/wp-content\/uploads\/usu22\/2025\/09\/Captura-de-pantalla-2025-09-29-152335-300x164.png\" alt=\"\" width=\"300\" height=\"164\" srcset=\"https:\/\/agora.xtec.cat\/escolamercerodoredabadalona\/wp-content\/uploads\/usu22\/2025\/09\/Captura-de-pantalla-2025-09-29-152335-300x164.png 300w, https:\/\/agora.xtec.cat\/escolamercerodoredabadalona\/wp-content\/uploads\/usu22\/2025\/09\/Captura-de-pantalla-2025-09-29-152335-1024x560.png 1024w, https:\/\/agora.xtec.cat\/escolamercerodoredabadalona\/wp-content\/uploads\/usu22\/2025\/09\/Captura-de-pantalla-2025-09-29-152335-768x420.png 768w, https:\/\/agora.xtec.cat\/escolamercerodoredabadalona\/wp-content\/uploads\/usu22\/2025\/09\/Captura-de-pantalla-2025-09-29-152335.png 1192w\" sizes=\"auto, (max-width: 300px) 100vw, 300px\" \/><\/a><\/p>\n<p>&nbsp;<\/p>\n","protected":false},"excerpt":{"rendered":"<p>A partir del curs escolar 2025-26 comptarem amb una nova empresa d\u2019extraescolars, amb un projecte pensat per enriquir l\u2019experi\u00e8ncia educativa dels nostres fills i filles i fomentar el seu desenvolupament personal, social i creatiu. Es tracta\u00a0d\u2019un\u00a0equip de professionals amb bons recursos, gran disposici\u00f3 i una comunicaci\u00f3 flu\u00efda, a m\u00e9s\u00a0d\u2019estar\u00a0totalment alineats amb el projecte educatiu de\u00a0l\u2019escola. [&hellip;]<\/p>\n","protected":false},"author":1,"featured_media":0,"parent":66,"menu_order":3,"comment_status":"closed","ping_status":"closed","template":"page-templates\/side-menu.php","meta":{"_bbp_topic_count":0,"_bbp_reply_count":0,"_bbp_total_topic_count":0,"_bbp_total_reply_count":0,"_bbp_voice_count":0,"_bbp_anonymous_reply_count":0,"_bbp_topic_count_hidden":0,"_bbp_reply_count_hidden":0,"_bbp_forum_subforum_count":0,"site-sidebar-layout":"default","site-content-layout":"","ast-site-content-layout":"","site-content-style":"default","site-sidebar-style":"default","ast-global-header-display":"","ast-banner-title-visibility":"","ast-main-header-display":"","ast-hfb-above-header-display":"","ast-hfb-below-header-display":"","ast-hfb-mobile-header-display":"","site-post-title":"","ast-breadcrumbs-content":"","ast-featured-img":"","footer-sml-layout":"","theme-transparent-header-meta":"","adv-header-id-meta":"","stick-header-meta":"","header-above-stick-meta":"","header-main-stick-meta":"","header-below-stick-meta":"","astra-migrate-meta-layouts":"default","ast-page-background-enabled":"default","ast-page-background-meta":{"desktop":{"background-color":"var(--ast-global-color-4)","background-image":"","background-repeat":"repeat","background-position":"center center","background-size":"auto","background-attachment":"scroll","background-type":"","background-media":"","overlay-type":"","overlay-color":"","overlay-opacity":"","overlay-gradient":""},"tablet":{"background-color":"","background-image":"","background-repeat":"repeat","background-position":"center center","background-size":"auto","background-attachment":"scroll","background-type":"","background-media":"","overlay-type":"","overlay-color":"","overlay-opacity":"","overlay-gradient":""},"mobile":{"background-color":"","background-image":"","background-repeat":"repeat","background-position":"center center","background-size":"auto","background-attachment":"scroll","background-type":"","background-media":"","overlay-type":"","overlay-color":"","overlay-opacity":"","overlay-gradient":""}},"ast-content-background-meta":{"desktop":{"background-color":"var(--ast-global-color-5)","background-image":"","background-repeat":"repeat","background-position":"center center","background-size":"auto","background-attachment":"scroll","background-type":"","background-media":"","overlay-type":"","overlay-color":"","overlay-opacity":"","overlay-gradient":""},"tablet":{"background-color":"var(--ast-global-color-5)","background-image":"","background-repeat":"repeat","background-position":"center center","background-size":"auto","background-attachment":"scroll","background-type":"","background-media":"","overlay-type":"","overlay-color":"","overlay-opacity":"","overlay-gradient":""},"mobile":{"background-color":"var(--ast-global-color-5)","background-image":"","background-repeat":"repeat","background-position":"center center","background-size":"auto","background-attachment":"scroll","background-type":"","background-media":"","overlay-type":"","overlay-color":"","overlay-opacity":"","overlay-gradient":""}},"footnotes":""},"class_list":["post-556","page","type-page","status-publish","hentry"],"post_mailing_queue_ids":[],"_links":{"self":[{"href":"https:\/\/agora.xtec.cat\/escolamercerodoredabadalona\/wp-json\/wp\/v2\/pages\/556","targetHints":{"allow":["GET"]}}],"collection":[{"href":"https:\/\/agora.xtec.cat\/escolamercerodoredabadalona\/wp-json\/wp\/v2\/pages"}],"about":[{"href":"https:\/\/agora.xtec.cat\/escolamercerodoredabadalona\/wp-json\/wp\/v2\/types\/page"}],"author":[{"embeddable":true,"href":"https:\/\/agora.xtec.cat\/escolamercerodoredabadalona\/wp-json\/wp\/v2\/users\/1"}],"replies":[{"embeddable":true,"href":"https:\/\/agora.xtec.cat\/escolamercerodoredabadalona\/wp-json\/wp\/v2\/comments?post=556"}],"version-history":[{"count":6,"href":"https:\/\/agora.xtec.cat\/escolamercerodoredabadalona\/wp-json\/wp\/v2\/pages\/556\/revisions"}],"predecessor-version":[{"id":1976,"href":"https:\/\/agora.xtec.cat\/escolamercerodoredabadalona\/wp-json\/wp\/v2\/pages\/556\/revisions\/1976"}],"up":[{"embeddable":true,"href":"https:\/\/agora.xtec.cat\/escolamercerodoredabadalona\/wp-json\/wp\/v2\/pages\/66"}],"wp:attachment":[{"href":"https:\/\/agora.xtec.cat\/escolamercerodoredabadalona\/wp-json\/wp\/v2\/media?parent=556"}],"curies":[{"name":"wp","href":"https:\/\/api.w.org\/{rel}","templated":true}]}}