{"id":554,"date":"2019-12-18T15:53:58","date_gmt":"2019-12-18T14:53:58","guid":{"rendered":"https:\/\/agora.xtec.cat\/escolamercerodoredabadalona\/?page_id=554"},"modified":"2023-10-11T09:29:57","modified_gmt":"2023-10-11T07:29:57","slug":"menjador-escolar-2","status":"publish","type":"page","link":"https:\/\/agora.xtec.cat\/escolamercerodoredabadalona\/serveis\/menjador-escolar-2\/","title":{"rendered":"Menjador escolar"},"content":{"rendered":"<p>L\u2019escola gaudeix de servei de menjador des del curs 1991-1992, despr\u00e9s de molts anys de que l&#8217;equip de mestres pens\u00e9s que era un servei necessari per a totes les fam\u00edlies treballadores del barri. Aquest menjador escolar va ser el primer que va funcionar al barri i sempre ho ha fet amb cuina pr\u00f2pia.<\/p>\n<p>&nbsp;<\/p>\n<h5><strong><span style=\"text-decoration: underline;\">Personal del menjador<\/span><\/strong><\/h5>\n<p><strong>Cuina:<\/strong><br \/>\nRAQUEL FANDI\u00d1O (cuinera)<\/p>\n<p>RAQUEL HERN\u00c1NDEZ (ajudant de cuina)<\/p>\n<p>ANA RIVIRIEGO (ajudant de cuina)<\/p>\n<p><strong>Monitores:<\/strong><\/p>\n<p>RAQUEL HERN\u00c1NDEZ<\/p>\n<p>EDU HERN\u00c1DEZ<\/p>\n<p>SORAYA HERN\u00c1DEZ<\/p>\n<p>LAURA OYAG\u00dcE<\/p>\n<p>ROSA PADILLA<\/p>\n<p>&nbsp;<\/p>\n<h4><span style=\"text-decoration: underline;\"><strong>Contacte:<\/strong><\/span> Raquel<\/h4>\n<h4><span style=\"color: #000000;\">menjador@mrodoreda.cat<\/span><\/h4>\n<p>&nbsp;<\/p>\n","protected":false},"excerpt":{"rendered":"<p>L\u2019escola gaudeix de servei de menjador des del curs 1991-1992, despr\u00e9s de molts anys de que l&#8217;equip de mestres pens\u00e9s que era un servei necessari per a totes les fam\u00edlies treballadores del barri. Aquest menjador escolar va ser el primer que va funcionar al barri&hellip;  <a href=\"https:\/\/agora.xtec.cat\/escolamercerodoredabadalona\/serveis\/menjador-escolar-2\/\" title=\"Read Menjador escolar\">Llegeix m\u00e9s\u00bb<\/a><\/p>\n","protected":false},"author":1,"featured_media":0,"parent":66,"menu_order":2,"comment_status":"closed","ping_status":"closed","template":"page-templates\/side-menu.php","meta":{"_bbp_topic_count":0,"_bbp_reply_count":0,"_bbp_total_topic_count":0,"_bbp_total_reply_count":0,"_bbp_voice_count":0,"_bbp_anonymous_reply_count":0,"_bbp_topic_count_hidden":0,"_bbp_reply_count_hidden":0,"_bbp_forum_subforum_count":0,"footnotes":""},"class_list":["post-554","page","type-page","status-publish","hentry"],"post_mailing_queue_ids":[],"_links":{"self":[{"href":"https:\/\/agora.xtec.cat\/escolamercerodoredabadalona\/wp-json\/wp\/v2\/pages\/554","targetHints":{"allow":["GET"]}}],"collection":[{"href":"https:\/\/agora.xtec.cat\/escolamercerodoredabadalona\/wp-json\/wp\/v2\/pages"}],"about":[{"href":"https:\/\/agora.xtec.cat\/escolamercerodoredabadalona\/wp-json\/wp\/v2\/types\/page"}],"author":[{"embeddable":true,"href":"https:\/\/agora.xtec.cat\/escolamercerodoredabadalona\/wp-json\/wp\/v2\/users\/1"}],"replies":[{"embeddable":true,"href":"https:\/\/agora.xtec.cat\/escolamercerodoredabadalona\/wp-json\/wp\/v2\/comments?post=554"}],"version-history":[{"count":6,"href":"https:\/\/agora.xtec.cat\/escolamercerodoredabadalona\/wp-json\/wp\/v2\/pages\/554\/revisions"}],"predecessor-version":[{"id":1729,"href":"https:\/\/agora.xtec.cat\/escolamercerodoredabadalona\/wp-json\/wp\/v2\/pages\/554\/revisions\/1729"}],"up":[{"embeddable":true,"href":"https:\/\/agora.xtec.cat\/escolamercerodoredabadalona\/wp-json\/wp\/v2\/pages\/66"}],"wp:attachment":[{"href":"https:\/\/agora.xtec.cat\/escolamercerodoredabadalona\/wp-json\/wp\/v2\/media?parent=554"}],"curies":[{"name":"wp","href":"https:\/\/api.w.org\/{rel}","templated":true}]}}