{"id":28,"date":"2014-09-18T12:29:35","date_gmt":"2014-09-18T10:29:35","guid":{"rendered":"http:\/\/agora.xtec.cat\/escolamercerodoredabadalona\/?page_id=28"},"modified":"2026-04-23T12:39:15","modified_gmt":"2026-04-23T10:39:15","slug":"consell-escolar","status":"publish","type":"page","link":"https:\/\/agora.xtec.cat\/escolamercerodoredabadalona\/lescola\/consell-escolar\/","title":{"rendered":"Consell Escolar"},"content":{"rendered":"<p>La composici\u00f3 del Consell Escolar \u00e9s la seg\u00fcent:<\/p>\n<table style=\"height: 465px; border-style: solid; border-color: #000000;\">\n<tbody>\n<tr style=\"height: 31px;\">\n<td style=\"height: 31px; width: 258px; border-style: solid; border-color: #000000;\"><strong>President<\/strong><\/td>\n<td style=\"height: 31px; width: 341px; border-style: solid; border-color: #000000;\">Iv\u00e1n Fern\u00e1ndez<\/td>\n<\/tr>\n<tr style=\"height: 31px;\">\n<td style=\"height: 31px; width: 258px; border-style: solid; border-color: #000000;\"><strong>Cap d\u2019estudis<\/strong><\/td>\n<td style=\"height: 31px; width: 341px; border-style: solid; border-color: #000000;\">Mireia Pallar\u00e8s<\/td>\n<\/tr>\n<tr style=\"height: 31px;\">\n<td style=\"height: 31px; width: 258px; border-style: solid; border-color: #000000;\"><strong>Secretaria<\/strong><\/td>\n<td style=\"height: 31px; width: 341px; border-style: solid; border-color: #000000;\">Marta Rius<\/td>\n<\/tr>\n<tr style=\"height: 174px;\">\n<td style=\"height: 174px; width: 258px; border-style: solid; border-color: #000000;\"><strong>Sector mestres<\/strong><\/td>\n<td style=\"height: 174px; width: 341px; border-style: solid; border-color: #000000;\">&nbsp;<\/p>\n<p>Ana Frades<\/p>\n<p>Vera Mart\u00ednez<\/p>\n<p>Carmen L\u00f3pez<\/td>\n<\/tr>\n<tr style=\"height: 95px;\">\n<td style=\"height: 20px; width: 258px; border-style: solid; border-color: #000000;\"><strong>Representant AFA<\/strong><\/td>\n<td style=\"height: 20px; width: 341px; border-style: solid; border-color: #000000;\">Janet Blanco<\/td>\n<\/tr>\n<tr style=\"height: 135px;\">\n<td style=\"height: 116px; width: 258px; border-style: solid; border-color: #000000;\"><strong>Sector pares\/mares<\/strong><\/td>\n<td style=\"height: 116px; width: 341px; border-style: solid; border-color: #000000;\">&nbsp;<\/p>\n<p>Lara Sansegundo<\/p>\n<p>Susana Oliver<\/td>\n<\/tr>\n<tr style=\"height: 31px;\">\n<td style=\"height: 31px; width: 258px; border-style: solid; border-color: #000000;\"><strong>Personal administraci\u00f3 i serveis<\/strong><\/td>\n<td style=\"height: 31px; width: 341px; border-style: solid; border-color: #000000;\">Carme Izquierdo<\/td>\n<\/tr>\n<tr style=\"height: 31px;\">\n<td style=\"height: 31px; width: 258px; border-style: solid; border-color: #000000;\"><strong>Ajuntament<\/strong><\/td>\n<td style=\"height: 31px; width: 341px; border-style: solid; border-color: #000000;\"><\/td>\n<\/tr>\n<\/tbody>\n<\/table>\n","protected":false},"excerpt":{"rendered":"<p>La composici\u00f3 del Consell Escolar \u00e9s la seg\u00fcent: President Iv\u00e1n Fern\u00e1ndez Cap d\u2019estudis Mireia Pallar\u00e8s Secretaria Marta Rius Sector mestres &nbsp; Ana Frades Vera Mart\u00ednez Carmen L\u00f3pez Representant AFA Janet Blanco Sector pares\/mares &nbsp; Lara Sansegundo Susana Oliver Personal administraci\u00f3 i serveis Carme Izquierdo Ajuntament<\/p>\n","protected":false},"author":1,"featured_media":0,"parent":22,"menu_order":5,"comment_status":"closed","ping_status":"closed","template":"","meta":{"_bbp_topic_count":0,"_bbp_reply_count":0,"_bbp_total_topic_count":0,"_bbp_total_reply_count":0,"_bbp_voice_count":0,"_bbp_anonymous_reply_count":0,"_bbp_topic_count_hidden":0,"_bbp_reply_count_hidden":0,"_bbp_forum_subforum_count":0,"site-sidebar-layout":"default","site-content-layout":"","ast-site-content-layout":"default","site-content-style":"default","site-sidebar-style":"default","ast-global-header-display":"","ast-banner-title-visibility":"","ast-main-header-display":"","ast-hfb-above-header-display":"","ast-hfb-below-header-display":"","ast-hfb-mobile-header-display":"","site-post-title":"","ast-breadcrumbs-content":"","ast-featured-img":"","footer-sml-layout":"","theme-transparent-header-meta":"default","adv-header-id-meta":"","stick-header-meta":"","header-above-stick-meta":"","header-main-stick-meta":"","header-below-stick-meta":"","astra-migrate-meta-layouts":"set","ast-page-background-enabled":"default","ast-page-background-meta":{"desktop":{"background-color":"var(--ast-global-color-4)","background-image":"","background-repeat":"repeat","background-position":"center center","background-size":"auto","background-attachment":"scroll","background-type":"","background-media":"","overlay-type":"","overlay-color":"","overlay-opacity":"","overlay-gradient":""},"tablet":{"background-color":"","background-image":"","background-repeat":"repeat","background-position":"center center","background-size":"auto","background-attachment":"scroll","background-type":"","background-media":"","overlay-type":"","overlay-color":"","overlay-opacity":"","overlay-gradient":""},"mobile":{"background-color":"","background-image":"","background-repeat":"repeat","background-position":"center center","background-size":"auto","background-attachment":"scroll","background-type":"","background-media":"","overlay-type":"","overlay-color":"","overlay-opacity":"","overlay-gradient":""}},"ast-content-background-meta":{"desktop":{"background-color":"var(--ast-global-color-5)","background-image":"","background-repeat":"repeat","background-position":"center center","background-size":"auto","background-attachment":"scroll","background-type":"","background-media":"","overlay-type":"","overlay-color":"","overlay-opacity":"","overlay-gradient":""},"tablet":{"background-color":"var(--ast-global-color-5)","background-image":"","background-repeat":"repeat","background-position":"center center","background-size":"auto","background-attachment":"scroll","background-type":"","background-media":"","overlay-type":"","overlay-color":"","overlay-opacity":"","overlay-gradient":""},"mobile":{"background-color":"var(--ast-global-color-5)","background-image":"","background-repeat":"repeat","background-position":"center center","background-size":"auto","background-attachment":"scroll","background-type":"","background-media":"","overlay-type":"","overlay-color":"","overlay-opacity":"","overlay-gradient":""}},"footnotes":""},"class_list":["post-28","page","type-page","status-publish","hentry"],"post_mailing_queue_ids":[],"_links":{"self":[{"href":"https:\/\/agora.xtec.cat\/escolamercerodoredabadalona\/wp-json\/wp\/v2\/pages\/28","targetHints":{"allow":["GET"]}}],"collection":[{"href":"https:\/\/agora.xtec.cat\/escolamercerodoredabadalona\/wp-json\/wp\/v2\/pages"}],"about":[{"href":"https:\/\/agora.xtec.cat\/escolamercerodoredabadalona\/wp-json\/wp\/v2\/types\/page"}],"author":[{"embeddable":true,"href":"https:\/\/agora.xtec.cat\/escolamercerodoredabadalona\/wp-json\/wp\/v2\/users\/1"}],"replies":[{"embeddable":true,"href":"https:\/\/agora.xtec.cat\/escolamercerodoredabadalona\/wp-json\/wp\/v2\/comments?post=28"}],"version-history":[{"count":6,"href":"https:\/\/agora.xtec.cat\/escolamercerodoredabadalona\/wp-json\/wp\/v2\/pages\/28\/revisions"}],"predecessor-version":[{"id":2113,"href":"https:\/\/agora.xtec.cat\/escolamercerodoredabadalona\/wp-json\/wp\/v2\/pages\/28\/revisions\/2113"}],"up":[{"embeddable":true,"href":"https:\/\/agora.xtec.cat\/escolamercerodoredabadalona\/wp-json\/wp\/v2\/pages\/22"}],"wp:attachment":[{"href":"https:\/\/agora.xtec.cat\/escolamercerodoredabadalona\/wp-json\/wp\/v2\/media?parent=28"}],"curies":[{"name":"wp","href":"https:\/\/api.w.org\/{rel}","templated":true}]}}