{"id":2208,"date":"2026-04-26T16:28:47","date_gmt":"2026-04-26T14:28:47","guid":{"rendered":"https:\/\/agora.xtec.cat\/escolamercerodoredabadalona\/?page_id=2208"},"modified":"2026-04-26T17:42:52","modified_gmt":"2026-04-26T15:42:52","slug":"lhort","status":"publish","type":"page","link":"https:\/\/agora.xtec.cat\/escolamercerodoredabadalona\/projecte-educatiu\/lhort\/","title":{"rendered":"L&#8217;hort"},"content":{"rendered":"<p id=\"p-rc_6aea3be1f17d973d-66\" data-path-to-node=\"3\">Entenem l\u2019escola com un espai viu, i qu\u00e8 hi ha m\u00e9s viu que un hort? <span class=\"citation-151\">El nostre projecte d\u2019hort escolar \u00e9s una realitat que omple de vida i color el pati del centre<\/span>. <span class=\"citation-150\">Mitjan\u00e7ant aquest espai natural, volem que els nostres alumnes aprenguin bot\u00e0nica i connectin directament amb la terra i el medi ambient.<\/span><\/p>\n<p id=\"p-rc_6aea3be1f17d973d-67\" data-path-to-node=\"5\"><span class=\"citation-149\">L\u2019hort est\u00e0 organitzat en <\/span><span class=\"citation-149\">quatre taules de cultiu<\/span>. <span class=\"citation-148\">En aquestes taules, preparem la terra per sembrar una gran varietat de plantes: hortalisses, verdures, llegums i fruites<\/span>.<\/p>\n<p id=\"p-rc_6aea3be1f17d973d-68\" data-path-to-node=\"6\"><span class=\"citation-147\">L\u2019alumnat de i5, primer, tercer i cinqu\u00e8 s\u2019encarrega de tot el proc\u00e9s, des de la sembra fins al manteniment, utilitzant eines com pales, regadores i plantadors, i realitzant un <\/span><span class=\"citation-147\">reg manual<\/span><span class=\"citation-147\"> amb\u00a0 regadores per fomentar la responsabilitat en l&#8217;\u00fas de l&#8217;aigua<\/span>.<\/p>\n<p id=\"p-rc_6aea3be1f17d973d-73\" data-path-to-node=\"11\"><span class=\"citation-142\">L&#8217;objectiu principal no \u00e9s nom\u00e9s la col<\/span><span class=\"citation-142\">lita, sin\u00f3 l\u2019<\/span><span class=\"citation-142\">educaci\u00f3 ambiental<\/span>. Amb aquest projecte treballem:<\/p>\n<p id=\"p-rc_6aea3be1f17d973d-74\" data-path-to-node=\"12,0,1\"><span class=\"citation-141\">El cicle vital:<\/span><span class=\"citation-141\"> Con\u00e8ixer i endinsar-se en el proc\u00e9s evolutiu de les plantes<\/span>.<\/p>\n<p id=\"p-rc_6aea3be1f17d973d-75\" data-path-to-node=\"12,1,1\"><span class=\"citation-140\">Biodiversitat:<\/span><span class=\"citation-140\"> Descobrir els petits habitants de l\u2019hort i la seva import\u00e0ncia<\/span>.<\/p>\n<p id=\"p-rc_6aea3be1f17d973d-76\" data-path-to-node=\"12,2,1\"><span class=\"citation-139\">H\u00e0bits saludables:<\/span><span class=\"citation-139\"> Valorar la natura i els aliments que consumim per refor\u00e7ar una alimentaci\u00f3 sana<\/span>.<\/p>\n<p id=\"p-rc_6aea3be1f17d973d-77\" data-path-to-node=\"12,3,1\"><span class=\"citation-138\">Sostenibilitat:<\/span><span class=\"citation-138\"> Fomentar el respecte i la cura pel medi ambient<\/span>.<\/p>\n<p data-path-to-node=\"12,3,1\"><span class=\"citation-135\">Estem molt orgullosos de veure com l\u2019hort es converteix en una aula a l\u2019aire lliure on creixen, dia a dia, futurs ciutadans m\u00e9s conscients i compromesos amb el nostre planeta<\/span>.<\/p>\n<p style=\"text-align: center;\" data-path-to-node=\"12,3,1\"><a href=\"https:\/\/agora.xtec.cat\/escolamercerodoredabadalona\/lhort\/attachment\/img_2255\/\" rel=\"attachment wp-att-2216\"><img loading=\"lazy\" decoding=\"async\" class=\"alignnone size-full wp-image-2216\" src=\"https:\/\/agora.xtec.cat\/escolamercerodoredabadalona\/wp-content\/uploads\/usu22\/2026\/04\/IMG_2255-rotated-e1777214946439.jpeg\" alt=\"\" width=\"320\" height=\"240\" srcset=\"https:\/\/agora.xtec.cat\/escolamercerodoredabadalona\/wp-content\/uploads\/usu22\/2026\/04\/IMG_2255-rotated-e1777214946439.jpeg 320w, https:\/\/agora.xtec.cat\/escolamercerodoredabadalona\/wp-content\/uploads\/usu22\/2026\/04\/IMG_2255-rotated-e1777214946439-300x225.jpeg 300w\" sizes=\"auto, (max-width: 320px) 100vw, 320px\" \/> <\/a><a href=\"https:\/\/agora.xtec.cat\/escolamercerodoredabadalona\/img_7357-2\/\"><img loading=\"lazy\" decoding=\"async\" class=\"alignnone wp-image-2221\" src=\"https:\/\/agora.xtec.cat\/escolamercerodoredabadalona\/wp-content\/uploads\/usu22\/2026\/04\/IMG_7357-1.jpeg\" alt=\"\" width=\"318\" height=\"239\" srcset=\"https:\/\/agora.xtec.cat\/escolamercerodoredabadalona\/wp-content\/uploads\/usu22\/2026\/04\/IMG_7357-1.jpeg 640w, https:\/\/agora.xtec.cat\/escolamercerodoredabadalona\/wp-content\/uploads\/usu22\/2026\/04\/IMG_7357-1-300x225.jpeg 300w\" sizes=\"auto, (max-width: 318px) 100vw, 318px\" \/><\/a><\/p>\n<p style=\"text-align: center;\" data-path-to-node=\"12,3,1\"><a href=\"https:\/\/agora.xtec.cat\/escolamercerodoredabadalona\/lhort\/attachment\/img_5748\/\" rel=\"attachment wp-att-2218\"><img loading=\"lazy\" decoding=\"async\" class=\"alignnone size-full wp-image-2218\" src=\"https:\/\/agora.xtec.cat\/escolamercerodoredabadalona\/wp-content\/uploads\/usu22\/2026\/04\/IMG_5748.jpeg\" alt=\"\" width=\"320\" height=\"240\" srcset=\"https:\/\/agora.xtec.cat\/escolamercerodoredabadalona\/wp-content\/uploads\/usu22\/2026\/04\/IMG_5748.jpeg 320w, https:\/\/agora.xtec.cat\/escolamercerodoredabadalona\/wp-content\/uploads\/usu22\/2026\/04\/IMG_5748-300x225.jpeg 300w\" sizes=\"auto, (max-width: 320px) 100vw, 320px\" \/><\/a> <img loading=\"lazy\" decoding=\"async\" class=\"alignnone size-full wp-image-2217\" src=\"https:\/\/agora.xtec.cat\/escolamercerodoredabadalona\/wp-content\/uploads\/usu22\/2026\/04\/IMG_3594.jpeg\" alt=\"\" width=\"320\" height=\"240\" srcset=\"https:\/\/agora.xtec.cat\/escolamercerodoredabadalona\/wp-content\/uploads\/usu22\/2026\/04\/IMG_3594.jpeg 320w, https:\/\/agora.xtec.cat\/escolamercerodoredabadalona\/wp-content\/uploads\/usu22\/2026\/04\/IMG_3594-300x225.jpeg 300w\" sizes=\"auto, (max-width: 320px) 100vw, 320px\" \/><\/p>\n","protected":false},"excerpt":{"rendered":"<p>Entenem l\u2019escola com un espai viu, i qu\u00e8 hi ha m\u00e9s viu que un hort? El nostre projecte d\u2019hort escolar \u00e9s una realitat que omple de vida i color el pati del centre. Mitjan\u00e7ant aquest espai natural, volem que els nostres alumnes aprenguin bot\u00e0nica i connectin directament amb la terra i el medi ambient. L\u2019hort [&hellip;]<\/p>\n","protected":false},"author":1,"featured_media":0,"parent":2160,"menu_order":0,"comment_status":"closed","ping_status":"closed","template":"","meta":{"_bbp_topic_count":0,"_bbp_reply_count":0,"_bbp_total_topic_count":0,"_bbp_total_reply_count":0,"_bbp_voice_count":0,"_bbp_anonymous_reply_count":0,"_bbp_topic_count_hidden":0,"_bbp_reply_count_hidden":0,"_bbp_forum_subforum_count":0,"site-sidebar-layout":"default","site-content-layout":"","ast-site-content-layout":"default","site-content-style":"default","site-sidebar-style":"default","ast-global-header-display":"","ast-banner-title-visibility":"","ast-main-header-display":"","ast-hfb-above-header-display":"","ast-hfb-below-header-display":"","ast-hfb-mobile-header-display":"","site-post-title":"","ast-breadcrumbs-content":"","ast-featured-img":"","footer-sml-layout":"","theme-transparent-header-meta":"default","adv-header-id-meta":"","stick-header-meta":"","header-above-stick-meta":"","header-main-stick-meta":"","header-below-stick-meta":"","astra-migrate-meta-layouts":"set","ast-page-background-enabled":"default","ast-page-background-meta":{"desktop":{"background-color":"var(--ast-global-color-4)","background-image":"","background-repeat":"repeat","background-position":"center center","background-size":"auto","background-attachment":"scroll","background-type":"","background-media":"","overlay-type":"","overlay-color":"","overlay-opacity":"","overlay-gradient":""},"tablet":{"background-color":"","background-image":"","background-repeat":"repeat","background-position":"center center","background-size":"auto","background-attachment":"scroll","background-type":"","background-media":"","overlay-type":"","overlay-color":"","overlay-opacity":"","overlay-gradient":""},"mobile":{"background-color":"","background-image":"","background-repeat":"repeat","background-position":"center center","background-size":"auto","background-attachment":"scroll","background-type":"","background-media":"","overlay-type":"","overlay-color":"","overlay-opacity":"","overlay-gradient":""}},"ast-content-background-meta":{"desktop":{"background-color":"var(--ast-global-color-5)","background-image":"","background-repeat":"repeat","background-position":"center center","background-size":"auto","background-attachment":"scroll","background-type":"","background-media":"","overlay-type":"","overlay-color":"","overlay-opacity":"","overlay-gradient":""},"tablet":{"background-color":"var(--ast-global-color-5)","background-image":"","background-repeat":"repeat","background-position":"center center","background-size":"auto","background-attachment":"scroll","background-type":"","background-media":"","overlay-type":"","overlay-color":"","overlay-opacity":"","overlay-gradient":""},"mobile":{"background-color":"var(--ast-global-color-5)","background-image":"","background-repeat":"repeat","background-position":"center center","background-size":"auto","background-attachment":"scroll","background-type":"","background-media":"","overlay-type":"","overlay-color":"","overlay-opacity":"","overlay-gradient":""}},"footnotes":""},"class_list":["post-2208","page","type-page","status-publish","hentry"],"post_mailing_queue_ids":[],"_links":{"self":[{"href":"https:\/\/agora.xtec.cat\/escolamercerodoredabadalona\/wp-json\/wp\/v2\/pages\/2208","targetHints":{"allow":["GET"]}}],"collection":[{"href":"https:\/\/agora.xtec.cat\/escolamercerodoredabadalona\/wp-json\/wp\/v2\/pages"}],"about":[{"href":"https:\/\/agora.xtec.cat\/escolamercerodoredabadalona\/wp-json\/wp\/v2\/types\/page"}],"author":[{"embeddable":true,"href":"https:\/\/agora.xtec.cat\/escolamercerodoredabadalona\/wp-json\/wp\/v2\/users\/1"}],"replies":[{"embeddable":true,"href":"https:\/\/agora.xtec.cat\/escolamercerodoredabadalona\/wp-json\/wp\/v2\/comments?post=2208"}],"version-history":[{"count":6,"href":"https:\/\/agora.xtec.cat\/escolamercerodoredabadalona\/wp-json\/wp\/v2\/pages\/2208\/revisions"}],"predecessor-version":[{"id":2248,"href":"https:\/\/agora.xtec.cat\/escolamercerodoredabadalona\/wp-json\/wp\/v2\/pages\/2208\/revisions\/2248"}],"up":[{"embeddable":true,"href":"https:\/\/agora.xtec.cat\/escolamercerodoredabadalona\/wp-json\/wp\/v2\/pages\/2160"}],"wp:attachment":[{"href":"https:\/\/agora.xtec.cat\/escolamercerodoredabadalona\/wp-json\/wp\/v2\/media?parent=2208"}],"curies":[{"name":"wp","href":"https:\/\/api.w.org\/{rel}","templated":true}]}}