{"id":22,"date":"2014-09-18T12:19:57","date_gmt":"2014-09-18T10:19:57","guid":{"rendered":"http:\/\/agora.xtec.cat\/escolamercerodoredabadalona\/?page_id=22"},"modified":"2020-03-23T18:15:34","modified_gmt":"2020-03-23T17:15:34","slug":"lescola","status":"publish","type":"page","link":"https:\/\/agora.xtec.cat\/escolamercerodoredabadalona\/lescola\/","title":{"rendered":"L&#8217;escola"},"content":{"rendered":"<p><span style=\"font-weight: 400;\">L\u2019escola Merc\u00e8 Rodoreda \u00e9s una escola p\u00fablica d\u2019Educaci\u00f3 Infantil i Prim\u00e0ria, ubicada al barri de Nova Lloreda de Badalona. Va ser fundada al 1983 ubicada en barracons fins que al gener de 1990 s\u2019inici\u00e0 la utilitzaci\u00f3 de l\u2019edifici actual.<\/span><\/p>\n<p><span style=\"font-weight: 400;\">La nostra escola t\u00e9 una sola l\u00ednia, \u00e9s a dir, un curs per nivell. Est\u00e0 al servei de l\u2019educaci\u00f3 d\u2019infants de Badalona, tenint com a objectiu fonamental la persona, el desenvolupament i creixement integral de la seva personalitat.<\/span><\/p>\n<p><span style=\"font-weight: 400;\">L\u2019escola educa per i en la conviv\u00e8ncia, fent sentir a l\u2019infant membre important del grup. Volem desenvolupar infants amb la capacitat d\u2019actuar efica\u00e7ment per resoldre els problemes que es plantegen.<\/span><\/p>\n<p><span style=\"font-weight: 400;\">L\u2019escola s\u2019ent\u00e9n com un espai d\u2019acompanyament i respecte pels processos de vida dels infants. El\/la mestre\/a conviu amb els nens i les nenes amb la voluntat que se sentin reconeguts, acceptats i estimats i puguin cr\u00e9ixer en equilibri i benestar.<\/span><\/p>\n<p><span style=\"font-weight: 400;\">Cada infant de l\u2019escola \u00e9s \u00fanic i \u00e9s necessari cuidar-lo i acompanyar-lo.\u00a0<\/span><\/p>\n<p><span style=\"font-weight: 400;\">Entenem l\u2019educaci\u00f3 com un fet que abra\u00e7a els diferents aspectes que integren la personalitat de l\u2019infant. L\u2019acompanyament emocional de l\u2019infant \u00e9s un aspecte b\u00e0sic i imprescindible pel desenvolupament de la persona. Cada infant ha de ser el protagonista i el centre del seu propi aprenentatge, per tal que aquest sigui real, significatiu, vivencial i competencial.<\/span><\/p>\n<p><span style=\"font-weight: 400;\">Els eixos metodol\u00f2gics principals s\u00f3n:<\/span><\/p>\n<ul>\n<li style=\"font-weight: 400;\"><span style=\"font-weight: 400;\">Els espais d\u2019aprenentatge de lliure circulaci\u00f3<\/span><\/li>\n<li style=\"font-weight: 400;\"><span style=\"font-weight: 400;\">Propostes matem\u00e0tiques i ling\u00fc\u00edstiques<\/span><\/li>\n<li style=\"font-weight: 400;\"><span style=\"font-weight: 400;\">Treball per projectes<\/span><\/li>\n<li style=\"font-weight: 400;\"><span style=\"font-weight: 400;\">Escrivim<\/span><\/li>\n<li style=\"font-weight: 400;\"><span style=\"font-weight: 400;\">Llegim<\/span><\/li>\n<li style=\"font-weight: 400;\"><span style=\"font-weight: 400;\">Activitats de relaci\u00f3 i de comprom\u00eds entre diferents nivells<\/span><\/li>\n<li style=\"font-weight: 400;\"><span style=\"font-weight: 400;\">Tallers de pl\u00e0stica<\/span><\/li>\n<li style=\"font-weight: 400;\"><span style=\"font-weight: 400;\">Pres\u00e8ncia de la llengua anglesa en altres \u00e0rees.\u00a0<\/span><\/li>\n<\/ul>\n<p><span style=\"font-weight: 400;\">Trobareu aquesta i d\u2019altra informaci\u00f3 sobre l\u2019escola m\u00e9s desenvolupada al document Projecte Educatiu de Centre.<\/span><\/p>\n<p>&nbsp;<\/p>\n","protected":false},"excerpt":{"rendered":"<p>L\u2019escola Merc\u00e8 Rodoreda \u00e9s una escola p\u00fablica d\u2019Educaci\u00f3 Infantil i Prim\u00e0ria, ubicada al barri de Nova Lloreda de Badalona. Va ser fundada al 1983 ubicada en barracons fins que al gener de 1990 s\u2019inici\u00e0 la utilitzaci\u00f3 de l\u2019edifici actual. La nostra escola t\u00e9 una sola l\u00ednia, \u00e9s a dir, un curs per nivell. Est\u00e0 al [&hellip;]<\/p>\n","protected":false},"author":1,"featured_media":0,"parent":0,"menu_order":0,"comment_status":"closed","ping_status":"closed","template":"page-templates\/side-menu.php","meta":{"_bbp_topic_count":0,"_bbp_reply_count":0,"_bbp_total_topic_count":0,"_bbp_total_reply_count":0,"_bbp_voice_count":0,"_bbp_anonymous_reply_count":0,"_bbp_topic_count_hidden":0,"_bbp_reply_count_hidden":0,"_bbp_forum_subforum_count":0,"site-sidebar-layout":"default","site-content-layout":"","ast-site-content-layout":"","site-content-style":"default","site-sidebar-style":"default","ast-global-header-display":"","ast-banner-title-visibility":"","ast-main-header-display":"","ast-hfb-above-header-display":"","ast-hfb-below-header-display":"","ast-hfb-mobile-header-display":"","site-post-title":"","ast-breadcrumbs-content":"","ast-featured-img":"","footer-sml-layout":"","theme-transparent-header-meta":"","adv-header-id-meta":"","stick-header-meta":"","header-above-stick-meta":"","header-main-stick-meta":"","header-below-stick-meta":"","astra-migrate-meta-layouts":"default","ast-page-background-enabled":"default","ast-page-background-meta":{"desktop":{"background-color":"var(--ast-global-color-4)","background-image":"","background-repeat":"repeat","background-position":"center center","background-size":"auto","background-attachment":"scroll","background-type":"","background-media":"","overlay-type":"","overlay-color":"","overlay-opacity":"","overlay-gradient":""},"tablet":{"background-color":"","background-image":"","background-repeat":"repeat","background-position":"center center","background-size":"auto","background-attachment":"scroll","background-type":"","background-media":"","overlay-type":"","overlay-color":"","overlay-opacity":"","overlay-gradient":""},"mobile":{"background-color":"","background-image":"","background-repeat":"repeat","background-position":"center center","background-size":"auto","background-attachment":"scroll","background-type":"","background-media":"","overlay-type":"","overlay-color":"","overlay-opacity":"","overlay-gradient":""}},"ast-content-background-meta":{"desktop":{"background-color":"var(--ast-global-color-5)","background-image":"","background-repeat":"repeat","background-position":"center center","background-size":"auto","background-attachment":"scroll","background-type":"","background-media":"","overlay-type":"","overlay-color":"","overlay-opacity":"","overlay-gradient":""},"tablet":{"background-color":"var(--ast-global-color-5)","background-image":"","background-repeat":"repeat","background-position":"center center","background-size":"auto","background-attachment":"scroll","background-type":"","background-media":"","overlay-type":"","overlay-color":"","overlay-opacity":"","overlay-gradient":""},"mobile":{"background-color":"var(--ast-global-color-5)","background-image":"","background-repeat":"repeat","background-position":"center center","background-size":"auto","background-attachment":"scroll","background-type":"","background-media":"","overlay-type":"","overlay-color":"","overlay-opacity":"","overlay-gradient":""}},"footnotes":""},"class_list":["post-22","page","type-page","status-publish","hentry"],"post_mailing_queue_ids":[],"_links":{"self":[{"href":"https:\/\/agora.xtec.cat\/escolamercerodoredabadalona\/wp-json\/wp\/v2\/pages\/22","targetHints":{"allow":["GET"]}}],"collection":[{"href":"https:\/\/agora.xtec.cat\/escolamercerodoredabadalona\/wp-json\/wp\/v2\/pages"}],"about":[{"href":"https:\/\/agora.xtec.cat\/escolamercerodoredabadalona\/wp-json\/wp\/v2\/types\/page"}],"author":[{"embeddable":true,"href":"https:\/\/agora.xtec.cat\/escolamercerodoredabadalona\/wp-json\/wp\/v2\/users\/1"}],"replies":[{"embeddable":true,"href":"https:\/\/agora.xtec.cat\/escolamercerodoredabadalona\/wp-json\/wp\/v2\/comments?post=22"}],"version-history":[{"count":3,"href":"https:\/\/agora.xtec.cat\/escolamercerodoredabadalona\/wp-json\/wp\/v2\/pages\/22\/revisions"}],"predecessor-version":[{"id":818,"href":"https:\/\/agora.xtec.cat\/escolamercerodoredabadalona\/wp-json\/wp\/v2\/pages\/22\/revisions\/818"}],"wp:attachment":[{"href":"https:\/\/agora.xtec.cat\/escolamercerodoredabadalona\/wp-json\/wp\/v2\/media?parent=22"}],"curies":[{"name":"wp","href":"https:\/\/api.w.org\/{rel}","templated":true}]}}