{"id":2160,"date":"2026-04-26T15:56:25","date_gmt":"2026-04-26T13:56:25","guid":{"rendered":"https:\/\/agora.xtec.cat\/escolamercerodoredabadalona\/?page_id=2160"},"modified":"2026-04-26T17:22:40","modified_gmt":"2026-04-26T15:22:40","slug":"projecte-educatiu","status":"publish","type":"page","link":"https:\/\/agora.xtec.cat\/escolamercerodoredabadalona\/projecte-educatiu\/","title":{"rendered":"Projecte educatiu"},"content":{"rendered":"<p>TRETS D&#8217;IDENTITAT:<a href=\"https:\/\/agora.xtec.cat\/escolamercerodoredabadalona\/projecte-educatiu\/lhort\/attachment\/img_2255\/\" rel=\"attachment wp-att-2216\"><img loading=\"lazy\" decoding=\"async\" class=\" wp-image-2216 alignright\" src=\"https:\/\/agora.xtec.cat\/escolamercerodoredabadalona\/wp-content\/uploads\/usu22\/2026\/04\/IMG_2255-rotated-e1777214946439.jpeg\" alt=\"\" width=\"345\" height=\"259\" srcset=\"https:\/\/agora.xtec.cat\/escolamercerodoredabadalona\/wp-content\/uploads\/usu22\/2026\/04\/IMG_2255-rotated-e1777214946439.jpeg 320w, https:\/\/agora.xtec.cat\/escolamercerodoredabadalona\/wp-content\/uploads\/usu22\/2026\/04\/IMG_2255-rotated-e1777214946439-300x225.jpeg 300w\" sizes=\"auto, (max-width: 345px) 100vw, 345px\" \/><\/a><\/p>\n<ul>\n<li>L\u2019Escola es defineix com a Catalana, Democr\u00e0tica i Laica.<\/li>\n<li>La llengua vehicular i la d\u2019ensenyament-aprenentatge\u00a0 \u00e9s la Catalana.<\/li>\n<li>Som una escola inclusiva i plural oberta a tothom, on el respecte als drets humans i la diversitat s\u00f3n els nostres valors fonamentals.<\/li>\n<li data-path-to-node=\"5,0,0\">Practiquem la coeducaci\u00f3 per garantir la igualtat real d&#8217;oportunitats i prevenir qualsevol tipus de discriminaci\u00f3 de g\u00e8nere o LGTBIf\u00f2bica.<\/li>\n<li data-path-to-node=\"5,0,0\">Promovem els valors ecol\u00f2gics i el respecte pel medi ambient per formar infants compromesos amb la conservaci\u00f3 de l&#8217;entorn.<\/li>\n<li>Som una part activa de la ciutat i treballem en xarxa amb el barri per donar resposta a les necessitats de la nostra comunitat.<\/li>\n<li>\n<p data-path-to-node=\"7,0,0\">L\u2019infant \u00e9s el centre del seu aprenentatge a trav\u00e9s d&#8217;una metodologia activa i vivencial basada en els espais de lliure circulaci\u00f3 i els projectes.<\/p>\n<\/li>\n<li>Acompanyem els infants en el seu creixement integral.<\/li>\n<li>\n<p data-path-to-node=\"7,1,0\">Considerem que la cura emocional \u00e9s un aspecte b\u00e0sic i imprescindible per al correcte desenvolupament de l&#8217;infant.<\/p>\n<\/li>\n<li>El nostre claustre est\u00e0 en formaci\u00f3 permanent i conjunta per evolucionar de manera cohesionada cap a una millora pedag\u00f2gica constant.<\/li>\n<li>Considerem la col\u00b7laboraci\u00f3 amb les fam\u00edlies una pe\u00e7a clau de l&#8217;\u00e8xit educatiu, mantenint un di\u00e0leg fluid i una orientaci\u00f3 tutorial propera.<\/li>\n<li>Comptem amb una AFA activa que gestiona el material socialitzat i dinamitza la vida escolar amb festes i projectes compartits.<\/li>\n<li>\n<p data-path-to-node=\"9,2,0\">Impulsem la participaci\u00f3 directa a trav\u00e9s de la comissi\u00f3 de creaci\u00f3 de material, on fam\u00edlies volunt\u00e0ries i mestres col\u00b7laboren setmanalment.<\/p>\n<\/li>\n<\/ul>\n","protected":false},"excerpt":{"rendered":"<p>TRETS D&#8217;IDENTITAT: L\u2019Escola es defineix com a Catalana, Democr\u00e0tica i Laica. La llengua vehicular i la d\u2019ensenyament-aprenentatge\u00a0 \u00e9s la Catalana. Som una escola inclusiva i plural oberta a tothom, on el respecte als drets humans i la diversitat s\u00f3n els nostres valors fonamentals. Practiquem la coeducaci\u00f3 per garantir la igualtat real d&#8217;oportunitats i prevenir qualsevol [&hellip;]<\/p>\n","protected":false},"author":1,"featured_media":0,"parent":0,"menu_order":0,"comment_status":"closed","ping_status":"closed","template":"","meta":{"_bbp_topic_count":0,"_bbp_reply_count":0,"_bbp_total_topic_count":0,"_bbp_total_reply_count":0,"_bbp_voice_count":0,"_bbp_anonymous_reply_count":0,"_bbp_topic_count_hidden":0,"_bbp_reply_count_hidden":0,"_bbp_forum_subforum_count":0,"site-sidebar-layout":"default","site-content-layout":"","ast-site-content-layout":"default","site-content-style":"default","site-sidebar-style":"default","ast-global-header-display":"","ast-banner-title-visibility":"","ast-main-header-display":"","ast-hfb-above-header-display":"","ast-hfb-below-header-display":"","ast-hfb-mobile-header-display":"","site-post-title":"","ast-breadcrumbs-content":"","ast-featured-img":"","footer-sml-layout":"","theme-transparent-header-meta":"default","adv-header-id-meta":"","stick-header-meta":"","header-above-stick-meta":"","header-main-stick-meta":"","header-below-stick-meta":"","astra-migrate-meta-layouts":"set","ast-page-background-enabled":"default","ast-page-background-meta":{"desktop":{"background-color":"var(--ast-global-color-4)","background-image":"","background-repeat":"repeat","background-position":"center center","background-size":"auto","background-attachment":"scroll","background-type":"","background-media":"","overlay-type":"","overlay-color":"","overlay-opacity":"","overlay-gradient":""},"tablet":{"background-color":"","background-image":"","background-repeat":"repeat","background-position":"center center","background-size":"auto","background-attachment":"scroll","background-type":"","background-media":"","overlay-type":"","overlay-color":"","overlay-opacity":"","overlay-gradient":""},"mobile":{"background-color":"","background-image":"","background-repeat":"repeat","background-position":"center center","background-size":"auto","background-attachment":"scroll","background-type":"","background-media":"","overlay-type":"","overlay-color":"","overlay-opacity":"","overlay-gradient":""}},"ast-content-background-meta":{"desktop":{"background-color":"var(--ast-global-color-5)","background-image":"","background-repeat":"repeat","background-position":"center center","background-size":"auto","background-attachment":"scroll","background-type":"","background-media":"","overlay-type":"","overlay-color":"","overlay-opacity":"","overlay-gradient":""},"tablet":{"background-color":"var(--ast-global-color-5)","background-image":"","background-repeat":"repeat","background-position":"center center","background-size":"auto","background-attachment":"scroll","background-type":"","background-media":"","overlay-type":"","overlay-color":"","overlay-opacity":"","overlay-gradient":""},"mobile":{"background-color":"var(--ast-global-color-5)","background-image":"","background-repeat":"repeat","background-position":"center center","background-size":"auto","background-attachment":"scroll","background-type":"","background-media":"","overlay-type":"","overlay-color":"","overlay-opacity":"","overlay-gradient":""}},"footnotes":""},"class_list":["post-2160","page","type-page","status-publish","hentry"],"post_mailing_queue_ids":[],"_links":{"self":[{"href":"https:\/\/agora.xtec.cat\/escolamercerodoredabadalona\/wp-json\/wp\/v2\/pages\/2160","targetHints":{"allow":["GET"]}}],"collection":[{"href":"https:\/\/agora.xtec.cat\/escolamercerodoredabadalona\/wp-json\/wp\/v2\/pages"}],"about":[{"href":"https:\/\/agora.xtec.cat\/escolamercerodoredabadalona\/wp-json\/wp\/v2\/types\/page"}],"author":[{"embeddable":true,"href":"https:\/\/agora.xtec.cat\/escolamercerodoredabadalona\/wp-json\/wp\/v2\/users\/1"}],"replies":[{"embeddable":true,"href":"https:\/\/agora.xtec.cat\/escolamercerodoredabadalona\/wp-json\/wp\/v2\/comments?post=2160"}],"version-history":[{"count":6,"href":"https:\/\/agora.xtec.cat\/escolamercerodoredabadalona\/wp-json\/wp\/v2\/pages\/2160\/revisions"}],"predecessor-version":[{"id":2231,"href":"https:\/\/agora.xtec.cat\/escolamercerodoredabadalona\/wp-json\/wp\/v2\/pages\/2160\/revisions\/2231"}],"wp:attachment":[{"href":"https:\/\/agora.xtec.cat\/escolamercerodoredabadalona\/wp-json\/wp\/v2\/media?parent=2160"}],"curies":[{"name":"wp","href":"https:\/\/api.w.org\/{rel}","templated":true}]}}