{"id":77,"date":"2014-09-18T14:05:08","date_gmt":"2014-09-18T14:05:08","guid":{"rendered":"http:\/\/agora.xtec.cat\/escolamediterrania\/?page_id=77"},"modified":"2024-09-12T10:47:01","modified_gmt":"2024-09-12T08:47:01","slug":"acollida","status":"publish","type":"page","link":"https:\/\/agora.xtec.cat\/escolamediterrania\/serveis\/acollida\/","title":{"rendered":"MENJADOR"},"content":{"rendered":"<p><a href=\"https:\/\/drive.google.com\/file\/d\/1NsuAVRJGInAMqKec_DHalLNVLNKnum4d\/view?usp=sharing\" target=\"_blank\" rel=\"noopener\">PLA DE FUNCIONAMENT DE L&#8217;ESPAI DE MIGDIA<\/a><\/p>\n<p><a href=\"https:\/\/drive.google.com\/file\/d\/171zSPakWef18iTs0ZzO656o_LOIH4x4_\/view?usp=sharing\" target=\"_blank\" rel=\"noopener\">NORMES DE FUNCIONAMENT MENJADOR ESCOLAR CURS 24-25<\/a><\/p>\n<p>El servei de menjador \u00e9s coordinat per l&#8217;empresa: <strong>&#8220;CUINA JUSTA&#8221;. <\/strong><\/p>\n<p>L&#8217;atenci\u00f3 a les fam\u00edlies \u00e9s:<\/p>\n<ul>\n<li>presencial a l&#8217;escola de 9 a 10h<\/li>\n<li>correu electr\u00f2nic: cuinajustamediterrania@gmail.com: 660686571<\/li>\n<li>o trucant a la <span style=\"text-decoration: underline;\">coordinadora Laura Bala<\/span><\/li>\n<\/ul>\n<h5>INSCRIPCI\u00d3 AL MENJADOR:<\/h5>\n<p>Els nous usuaris de menjador poden fer la inscripci\u00f3 accedint a la web:<\/p>\n<p><span style=\"text-decoration: underline;\"><strong>Tarifes<\/strong><\/span><\/p>\n<p><strong style=\"font-family: inherit; font-size: 1em;\">MENJADOR: <\/strong><span style=\"font-family: inherit; font-size: 1em;\">el preu inclou el menjador i monitors. S&#8217;ofereix servei fix o espor\u00e0dic.<\/span><\/p>\n<table style=\"height: 101px;\" width=\"476\">\n<tbody>\n<tr>\n<td style=\"text-align: center;\"><strong>SERVEIS<\/strong><\/td>\n<td style=\"text-align: center;\"><strong>PREUS<\/strong><\/td>\n<\/tr>\n<tr>\n<td>Preu men\u00fa fixes (3 o m\u00e9s dies a la setmana)<\/td>\n<td style=\"text-align: right;\">7,10\u20ac<\/td>\n<\/tr>\n<tr>\n<td>Preu men\u00fa espor\u00e0dics<\/td>\n<td style=\"text-align: right;\">7,75\u20ac<\/td>\n<\/tr>\n<tr>\n<td>Acollida 8h a 9h (fixa)<\/td>\n<td style=\"text-align: right;\">32,80\u20ac<\/td>\n<\/tr>\n<tr>\n<td>Acollida 8,30h a 9h (fixa)<\/td>\n<td style=\"text-align: right;\">23\u20ac<\/td>\n<\/tr>\n<tr>\n<td>Acollida 1h (espor\u00e0dica)<\/td>\n<td style=\"text-align: right;\">4,00\u20ac<\/td>\n<\/tr>\n<\/tbody>\n<\/table>\n<p><b>EQUIP DE MONITORATGE\u00a0 CURS 23-24<\/b><\/p>\n<table style=\"height: 376px; width: 464px;\" width=\"472\">\n<tbody>\n<tr style=\"height: 33px;\">\n<td style=\"text-align: center; height: 33px; width: 125px;\"><strong>CURS<\/strong><\/td>\n<td style=\"text-align: center; height: 33px; width: 331px;\"><strong>MONITOR\/A<\/strong><\/td>\n<\/tr>\n<tr style=\"height: 33px;\">\n<td style=\"height: 33px; width: 125px;\">I3<\/td>\n<td style=\"text-align: right; height: 33px; width: 331px;\">AMPARO MORALES<\/td>\n<\/tr>\n<tr style=\"height: 33px;\">\n<td style=\"height: 33px; width: 125px;\">I4<\/td>\n<td style=\"text-align: right; height: 33px; width: 331px;\">ELISA DIAZ<\/td>\n<\/tr>\n<tr style=\"height: 33px;\">\n<td style=\"height: 33px; width: 125px;\">I5<\/td>\n<td style=\"text-align: right; height: 33px; width: 331px;\">LOLI MU\u00d1OZ<\/td>\n<\/tr>\n<tr>\n<td style=\"width: 125px;\">Refor\u00e7 ed.infantil<\/td>\n<td style=\"text-align: right; width: 331px;\">JOS\u00c9 FERN\u00c1NDEZ<\/td>\n<\/tr>\n<tr style=\"height: 33px;\">\n<td style=\"height: 33px; width: 125px;\">CI 1r<\/td>\n<td style=\"text-align: right; height: 33px; width: 331px;\">SARAI CASQUERO<\/td>\n<\/tr>\n<tr>\n<td style=\"width: 125px;\">CI 2n<\/td>\n<td style=\"text-align: right; width: 331px;\">ANA PEREZ<\/td>\n<\/tr>\n<tr style=\"height: 31px;\">\n<td style=\"width: 125px; height: 31px;\">MITJANS &#8211; 3r<\/td>\n<td style=\"text-align: right; width: 331px; height: 31px;\">CLEMEN LAO<\/td>\n<\/tr>\n<tr style=\"height: 31px;\">\n<td style=\"width: 125px; height: 31px;\">MITJANS &#8211; 4t<\/td>\n<td style=\"text-align: right; width: 331px; height: 31px;\">DANI ESPINOSA<\/td>\n<\/tr>\n<tr style=\"height: 47px;\">\n<td style=\"height: 36px; width: 125px;\">CS-5\u00e8<\/td>\n<td style=\"text-align: right; height: 36px; width: 331px;\">MARGA BESGA<\/td>\n<\/tr>\n<tr>\n<td style=\"width: 125px;\">CS- 6\u00e8<\/td>\n<td style=\"text-align: right; width: 331px;\">SANDRA PASTOR<\/td>\n<\/tr>\n<tr style=\"height: 43px;\">\n<td style=\"height: 43px; width: 125px;\">AUXILIAR CUINA<\/td>\n<td style=\"height: 43px; width: 331px; text-align: right;\">MAITE POZA<\/td>\n<\/tr>\n<tr style=\"height: 70px;\">\n<td style=\"width: 125px; height: 70px;\">\u00a0 \u00a0 \u00a0 \u00a0 \u00a0COORDINADORA<\/td>\n<td style=\"width: 331px; text-align: left; height: 70px;\">\u00a0 \u00a0 \u00a0 \u00a0 \u00a0 \u00a0 \u00a0 \u00a0 \u00a0 \u00a0 \u00a0 \u00a0 \u00a0 \u00a0 \u00a0 \u00a0 \u00a0 \u00a0 \u00a0 \u00a0 \u00a0 \u00a0 \u00a0 \u00a0 \u00a0 \u00a0 \u00a0LAURA BALA<\/td>\n<\/tr>\n<\/tbody>\n<\/table>\n<p>&nbsp;<\/p>\n","protected":false},"excerpt":{"rendered":"<p><a href=\"https:\/\/drive.google.com\/file\/d\/1NsuAVRJGInAMqKec_DHalLNVLNKnum4d\/view?usp=sharing\" target=\"_blank\" rel=\"noopener\">PLA DE FUNCIONAMENT DE L&#8217;ESPAI DE MIGDIA<\/a><br \/>\n<a href=\"https:\/\/drive.google.com\/file\/d\/171zSPakWef18iTs0ZzO656o_LOIH4x4_\/view?usp=sharing\" target=\"_blank\" rel=\"noopener\">NORMES DE FUNCIONAMENT MENJADOR ESCOLAR CURS 24-25<\/a><br \/>\nEl servei de menjador \u00e9s coordinat per l&#8217;empresa: &#8220;CUINA JUSTA&#8221;.<br \/>\nL&#8217;atenci\u00f3 a les fam\u00edlies \u00e9s:<\/p>\n<ul>\n<li>presencial a l&#8217;escola de 9 a 10h<\/li>\n<li>correu electr\u00f2nic: cuinajustamediterrania@gmail.com: 660686571<\/li>\n<li>o trucant a la&hellip;  <a href=\"https:\/\/agora.xtec.cat\/escolamediterrania\/serveis\/acollida\/\" title=\"Read MENJADOR\">Llegeix m\u00e9s\u00bb<\/a><br \/>\n","protected":false},"author":2,"featured_media":0,"parent":66,"menu_order":20,"comment_status":"closed","ping_status":"closed","template":"page-templates\/side-menu.php","meta":{"_bbp_topic_count":0,"_bbp_reply_count":0,"_bbp_total_topic_count":0,"_bbp_total_reply_count":0,"_bbp_voice_count":0,"_bbp_anonymous_reply_count":0,"_bbp_topic_count_hidden":0,"_bbp_reply_count_hidden":0,"_bbp_forum_subforum_count":0,"footnotes":""},"class_list":["post-77","page","type-page","status-publish","hentry"],"post_mailing_queue_ids":[],"_links":{"self":[{"href":"https:\/\/agora.xtec.cat\/escolamediterrania\/wp-json\/wp\/v2\/pages\/77","targetHints":{"allow":["GET"]}}],"collection":[{"href":"https:\/\/agora.xtec.cat\/escolamediterrania\/wp-json\/wp\/v2\/pages"}],"about":[{"href":"https:\/\/agora.xtec.cat\/escolamediterrania\/wp-json\/wp\/v2\/types\/page"}],"author":[{"embeddable":true,"href":"https:\/\/agora.xtec.cat\/escolamediterrania\/wp-json\/wp\/v2\/users\/2"}],"replies":[{"embeddable":true,"href":"https:\/\/agora.xtec.cat\/escolamediterrania\/wp-json\/wp\/v2\/comments?post=77"}],"version-history":[{"count":8,"href":"https:\/\/agora.xtec.cat\/escolamediterrania\/wp-json\/wp\/v2\/pages\/77\/revisions"}],"predecessor-version":[{"id":13506,"href":"https:\/\/agora.xtec.cat\/escolamediterrania\/wp-json\/wp\/v2\/pages\/77\/revisions\/13506"}],"up":[{"embeddable":true,"href":"https:\/\/agora.xtec.cat\/escolamediterrania\/wp-json\/wp\/v2\/pages\/66"}],"wp:attachment":[{"href":"https:\/\/agora.xtec.cat\/escolamediterrania\/wp-json\/wp\/v2\/media?parent=77"}],"curies":[{"name":"wp","href":"https:\/\/api.w.org\/{rel}","templated":true}]}}