{"id":7074,"date":"2020-05-14T19:07:36","date_gmt":"2020-05-14T17:07:36","guid":{"rendered":"http:\/\/agora.xtec.cat\/escolamediterrania\/?page_id=7074"},"modified":"2020-05-14T19:34:32","modified_gmt":"2020-05-14T17:34:32","slug":"projecte-delegats-es","status":"publish","type":"page","link":"https:\/\/agora.xtec.cat\/escolamediterrania\/families\/projecte-delegats-es\/","title":{"rendered":"PROJECTE DELEGATS\/DES AULA"},"content":{"rendered":"<p><b>PROJECTE DELEGATS\/ES AULES FAMILIES<\/b><\/p>\n<p><b>Com poden participar, les fam\u00edlies, en el funcionament del centre?\u00a0<\/b><\/p>\n<p><span style=\"font-weight: 400;\">Les fam\u00edlies hi poden participar de diferents maneres: com a delegats\/des de pares i mares de\u00a0 la classe, com a representants dels pares i mares en el consell escolar, com a membres de\u00a0 l\u2019associaci\u00f3 de mares i pares (AFA) i de totes aquelles altres maneres que el centre pugui\u00a0 proposar.\u00a0<\/span><\/p>\n<p><b>Qu\u00e8 s\u00f3n els\/les delegats\/des i sotsdelegats\/des de classe i per a qu\u00e8 serveix aquesta figura?\u00a0<\/b><\/p>\n<p><span style=\"font-weight: 400;\">Els\/les delegats\/des de classe s\u00f3n els representants dels pares i mares de cada grup classe\u00a0 que fan d\u2019enlla\u00e7 entre l\u2019escola i les fam\u00edlies. Recullen les inquietuds, iniciatives i suggeriments\u00a0 dels pares i mares del curs i els canalitzen cap al tutor o tutora, l\u2019equip directiu o l\u2019AFA,\u00a0 segons convingui.\u00a0<\/span><\/p>\n<p><span style=\"font-weight: 400;\">De la mateixa manera que els alumnes poden escollir, entre els companys\/es de classe, els seus delegats\/des per a que els representin, els pares i mares poden escollir delegats\/des de la classe a la qual pertany el seu\/seva fill\/a.\u00a0<\/span><\/p>\n<p><span style=\"font-weight: 400;\">Els <\/span><b>pares i mares delegats\/des\u00a0 i\/o sotsdelegats\/des<\/b><span style=\"font-weight: 400;\"> s\u2019ofereixen volunt\u00e0riament per desenvolupar aquesta tasca i\/o s\u00f3n escollits\/des per\u00a0 la resta de pares i mares de la classe.\u00a0<\/span><\/p>\n<p><span style=\"font-weight: 400;\">La funci\u00f3 dels i les delegats\/des de curs \u00e9s facilitar la comunicaci\u00f3 entre les fam\u00edlies del grup classe amb el centre educatiu.\u00a0<\/span><\/p>\n<p><span style=\"font-weight: 400;\">La figura dels pares i les mares delegats\/des de classe no est\u00e0 regulada normativament, per\u00f2 hi ha nombroses pr\u00e0ctiques que poden servir de referent.\u00a0<\/span><\/p>\n<p><span style=\"font-weight: 400;\">El\/la sotsdelegat\/des \u00e9s la figura <\/span><b>suplent<\/b><span style=\"font-weight: 400;\"> del\/la delegat\/da i assoleix\u00a0 les seves funcions nom\u00e9s en el cas d\u2019abs\u00e8ncia del delegat o delegada.<\/span><\/p>\n<p><span style=\"font-weight: 400;\">\u00a0<\/span><b>Qui s\u00f3n?\u00a0<\/b><\/p>\n<p><span style=\"font-weight: 400;\">Pare, mare o tutor\/a legal d\u2019un alumne del centre que s\u2019ofereix de forma volunt\u00e0ria a exercir aquest paper.<\/span><\/p>\n<p><b>Funcions i responsabilitats<\/b><\/p>\n<p><span style=\"font-weight: 400;\">Servir d\u2019enlla\u00e7 entre tutors\/es, mestres i pares\/mares de manera bidireccional\u00a0<\/span><\/p>\n<ul>\n<li style=\"font-weight: 400;\"><span style=\"font-weight: 400;\">Informar sobre aspectes de funcionament de l\u2019escola a la resta de fam\u00edlies i explicar les novetats.\u00a0<\/span><\/li>\n<li style=\"font-weight: 400;\"><span style=\"font-weight: 400;\">Trasp\u00e0s de dubtes i\/o suggeriments de les fam\u00edlies al mestre\/a tutor\/a, direcci\u00f3 i AFA.\u00a0<\/span><\/li>\n<li style=\"font-weight: 400;\"><span style=\"font-weight: 400;\">Col\u00b7laborar amb l\u2019escola fent difusi\u00f3 de not\u00edcies, o b\u00e9 quan es demana ajuda per festes, tallers, etc.\u00a0<\/span><\/li>\n<li style=\"font-weight: 400;\"><span style=\"font-weight: 400;\">Col\u00b7laborar amb l\u2019AFA, si s&#8217;escau.\u00a0<\/span><\/li>\n<li style=\"font-weight: 400;\"><span style=\"font-weight: 400;\">Mantenir una actitud objectiva i oberta vers totes les fam\u00edlies de l\u2019aula.<\/span><\/li>\n<li style=\"font-weight: 400;\"><span style=\"font-weight: 400;\">Impulsar les activitats adre\u00e7ades a les fam\u00edlies que es fan a l\u2019escola.\u00a0<\/span><\/li>\n<li style=\"font-weight: 400;\"><span style=\"font-weight: 400;\">Assistir a les reunions de delegats\/des\u00a0 d&#8217;aula. En cas de no poder assistir el delegat avisar\u00e0 al sotsdelegat per tal que hi pugui assistir.<\/span><\/li>\n<li style=\"font-weight: 400;\"><span style=\"font-weight: 400;\">L&#8217;horari de reunions ser\u00e0 el divendres de 15 a 15,30h.\u00a0<\/span><\/li>\n<li style=\"font-weight: 400;\"><span style=\"font-weight: 400;\">Fer el trasp\u00e0s d&#8217;informaci\u00f3 de les reunions a la resta de fam\u00edlies de la classe, enviant l\u2019acta de la reuni\u00f3, que ser\u00e0 redactada per la Secretaria de l\u2019escola.<\/span><\/li>\n<li style=\"font-weight: 400;\"><span style=\"font-weight: 400;\">Les actes de les reunions s&#8217;enviaran a la resta de fam\u00edlies via e-mail i en paper a les fam\u00edlies que ho sol.licitin.<\/span><\/li>\n<li style=\"font-weight: 400;\"><span style=\"font-weight: 400;\">El delegat d&#8217;aula ser\u00e0 la \u00fanica persona de l&#8217;aula que podr\u00e0 enviar els e-mails a la resta i es compromet a no facilitar els e-mails a la resta de fam\u00edlies.<\/span><\/li>\n<li style=\"font-weight: 400;\"><span style=\"font-weight: 400;\">Les actes de les reunions es penjaran a la cartellera interior de l\u2019escola.\u00a0<\/span><\/li>\n<\/ul>\n<p><b>Objectius\u00a0<\/b><\/p>\n<ul>\n<li style=\"font-weight: 400;\"><span style=\"font-weight: 400;\">Augmentar el nivell de participaci\u00f3 de les fam\u00edlies a l\u2019escola.<\/span><\/li>\n<li style=\"font-weight: 400;\"><span style=\"font-weight: 400;\">Afavorir la comunicaci\u00f3 amb els tutors\/es per aix\u00ed trobar vies de col\u00b7laboraci\u00f3 a la vida escolar dels nostres fills\/es.\u00a0<\/span><\/li>\n<li style=\"font-weight: 400;\"><span style=\"font-weight: 400;\">Afavorir la transmissi\u00f3 d\u2019informaci\u00f3 que es genera en el s\u00ed de la comunitat educativa (ESCOLA\/AFA).\u00a0<\/span><\/li>\n<li style=\"font-weight: 400;\"><span style=\"font-weight: 400;\">Potenciar el coneixement, la relaci\u00f3 i la comunicaci\u00f3 entre les fam\u00edlies amb l\u2019objectiu d\u2019afavorir el coneixement mutu i les relacions en el s\u00ed de la comunitat educativa.\u00a0\u00a0<\/span><\/li>\n<\/ul>\n<p><b>Cal evitar\u00a0<\/b><\/p>\n<ul>\n<li style=\"font-weight: 400;\"><span style=\"font-weight: 400;\">Intervenir en temes individuals d\u2019un alumne\/a i\/o els seus pares amb el tutor\/a.\u00a0<\/span><\/li>\n<li style=\"font-weight: 400;\"><span style=\"font-weight: 400;\">Intervenir en q\u00fcestions pedag\u00f2giques, les quals corresponen als professionals de l\u2019educaci\u00f3, que s\u00f3n els\u00a0 mestres, i que en tot cas seran tractades en Consell Escolar si escau.\u00a0\u00a0<\/span><\/li>\n<\/ul>\n<p><b>Com es gestionen?\u00a0<\/b><\/p>\n<p><span style=\"font-weight: 400;\">L\u2019 interlocutor del delegat\/da a l\u2019escola \u00e9s el tutor\/a. \u00c9s a ell a qui ha d\u2019adre\u00e7ar-se en primer lloc per a fer qualsevol\u00a0 proposta o per a exposar-li alguna preocupaci\u00f3 de la majoria de pares\/mares del grup en relaci\u00f3 al normal\u00a0 funcionament de la vida escolar. <\/span><span style=\"font-weight: 400;\">\u00a0\u00a0\u00a0<\/span><span style=\"font-weight: 400;\">\u00a0<\/span><\/p>\n<p><span style=\"font-weight: 400;\">\u00a0\u00a0\u00a0\u00a0\u00a0\u00a0\u00a0\u00a0\u00a0\u00a0\u00a0\u00a0\u00a0\u00a0\u00a0\u00a0\u00a0\u00a0\u00a0\u00a0\u00a0\u00a0\u00a0\u00a0\u00a0\u00a0\u00a0\u00a0\u00a0\u00a0\u00a0\u00a0\u00a0\u00a0\u00a0\u00a0\u00a0\u00a0\u00a0\u00a0\u00a0\u00a0\u00a0\u00a0\u00a0\u00a0\u00a0\u00a0\u00a0\u00a0\u00a0\u00a0<\/span><\/p>\n<p>&nbsp;<\/p>\n<p>&nbsp;<\/p>\n","protected":false},"excerpt":{"rendered":"<p>PROJECTE DELEGATS\/ES AULES FAMILIES<br \/>\nCom poden participar, les fam\u00edlies, en el funcionament del centre?\u00a0<br \/>\nLes fam\u00edlies hi poden participar de diferents maneres: com a delegats\/des de pares i mares de\u00a0 la classe, com a representants dels pares i mares en el consell escolar, com a membres de\u00a0&hellip;  <a href=\"https:\/\/agora.xtec.cat\/escolamediterrania\/families\/projecte-delegats-es\/\" title=\"Read PROJECTE DELEGATS\/DES AULA\">Llegeix m\u00e9s\u00bb<\/a><\/p>\n","protected":false},"author":11,"featured_media":0,"parent":7041,"menu_order":1,"comment_status":"closed","ping_status":"closed","template":"page-templates\/side-menu.php","meta":{"_bbp_topic_count":0,"_bbp_reply_count":0,"_bbp_total_topic_count":0,"_bbp_total_reply_count":0,"_bbp_voice_count":0,"_bbp_anonymous_reply_count":0,"_bbp_topic_count_hidden":0,"_bbp_reply_count_hidden":0,"_bbp_forum_subforum_count":0,"footnotes":""},"class_list":["post-7074","page","type-page","status-publish","hentry"],"post_mailing_queue_ids":[],"_links":{"self":[{"href":"https:\/\/agora.xtec.cat\/escolamediterrania\/wp-json\/wp\/v2\/pages\/7074","targetHints":{"allow":["GET"]}}],"collection":[{"href":"https:\/\/agora.xtec.cat\/escolamediterrania\/wp-json\/wp\/v2\/pages"}],"about":[{"href":"https:\/\/agora.xtec.cat\/escolamediterrania\/wp-json\/wp\/v2\/types\/page"}],"author":[{"embeddable":true,"href":"https:\/\/agora.xtec.cat\/escolamediterrania\/wp-json\/wp\/v2\/users\/11"}],"replies":[{"embeddable":true,"href":"https:\/\/agora.xtec.cat\/escolamediterrania\/wp-json\/wp\/v2\/comments?post=7074"}],"version-history":[{"count":3,"href":"https:\/\/agora.xtec.cat\/escolamediterrania\/wp-json\/wp\/v2\/pages\/7074\/revisions"}],"predecessor-version":[{"id":7077,"href":"https:\/\/agora.xtec.cat\/escolamediterrania\/wp-json\/wp\/v2\/pages\/7074\/revisions\/7077"}],"up":[{"embeddable":true,"href":"https:\/\/agora.xtec.cat\/escolamediterrania\/wp-json\/wp\/v2\/pages\/7041"}],"wp:attachment":[{"href":"https:\/\/agora.xtec.cat\/escolamediterrania\/wp-json\/wp\/v2\/media?parent=7074"}],"curies":[{"name":"wp","href":"https:\/\/api.w.org\/{rel}","templated":true}]}}