{"id":64,"date":"2014-09-18T12:39:08","date_gmt":"2014-09-18T12:39:08","guid":{"rendered":"http:\/\/agora.xtec.cat\/escolamediterrania\/?page_id=64"},"modified":"2024-06-12T10:47:08","modified_gmt":"2024-06-12T08:47:08","slug":"projecte-educatiu","status":"publish","type":"page","link":"https:\/\/agora.xtec.cat\/escolamediterrania\/projecte-educatiu\/","title":{"rendered":"PROJECTES"},"content":{"rendered":"<p>Algunes de les iniciatives que es porten a terme a la nostra escola s\u00f3n:<\/p>\n<p><em><strong>PLA FOMENT DE L&#8217;ESPORT<\/strong><\/em><\/p>\n<p>En col\u00b7laboraci\u00f3 amb l&#8217;ajuntament de Viladecans es promou l&#8217;esport entre els infants. Ja sigui proposant diferents activitats a l&#8217;hora d&#8217;esbarjo, durant la classe d&#8217;educaci\u00f3 f\u00edsica o algunes sortides com el cross escolar. Els especialistes d&#8217;educaci\u00f3 f\u00edsica de diferents escoles del poble dissenyen aquestes activitats amb el finan\u00e7ament de l&#8217;ajuntament.<\/p>\n<p><em><strong>BATUESCOLA<\/strong><\/em><\/p>\n<p>Aquest projecte va ser una proposta de l&#8217;Ateneu de les arts de Viladecans que juntament amb la casa de la vila de Viladecans, ofereixen assessorament musical a escoles interessades a muntar un conjunt instrumental de percussi\u00f3. Quinzenalment un percussionista visita l&#8217;escola per coordinar els assajos que es completen per l&#8217;especialista de m\u00fasica del centre. En arribar final de curs, totes les escoles participants es reuneixen a la pla\u00e7a de l&#8217;Ateneu per oferir una actuaci\u00f3 en directe.<\/p>\n<p><em><strong>SHARING TO LEARN<\/strong><\/em><\/p>\n<p>El departament d&#8217;Ensenyament a trav\u00e9s dels Serveis Territorials corresponents, organitza una s\u00e8rie de trobades entre alumnes de secund\u00e0ria i prim\u00e0ria durant l&#8217;horari lectiu. L&#8217;objectiu principal \u00e9s la millora de l&#8217;expressi\u00f3 i la comprensi\u00f3 orals mitjan\u00e7ant activitats din\u00e0miques, contextualitzades i l\u00fadiques.<\/p>\n<p><strong><em>L&#8217;HORTET<\/em><\/strong><\/p>\n<p>A l&#8217;escola disposem d&#8217;un espai d&#8217;hort. Els avis fa anys que ens assessoren sobre el conreu de la terra i en aquests \u00faltims anys s&#8217;han afegit els nous papis, mamis i \u00e0vies que arriben a l&#8217;escola. Els infants mitjan\u00e7ant l&#8217;experimentaci\u00f3, l&#8217;observaci\u00f3 i la representaci\u00f3, coneixen els processos i les habilitats que intervenen en aquesta tasca.<\/p>\n<p><img loading=\"lazy\" decoding=\"async\" class=\"aligncenter\" src=\"https:\/\/agora.xtec.cat\/escolamediterrania\/wp-content\/uploads\/usu424\/2020\/04\/enciam.jpg\" width=\"314\" height=\"209\" \/><\/p>\n<p><em><strong>PADRINS LECTORS<\/strong><\/em><\/p>\n<p>Els alumnes de cinqu\u00e8 acompanyen als de primer i P5 en el seu descobriment de la lectura. L&#8217;experi\u00e8ncia d&#8217;uns i l&#8217;entusiasme dels altres creen una simbiosi perfecta a l&#8217;hora de desenvolupar l&#8217;aprenentatge entre iguals.<\/p>\n<p><a href=\"https:\/\/photos.app.goo.gl\/mvvynhaaJMHtYVRB6\" target=\"_blank\" rel=\"noopener noreferrer\"><img loading=\"lazy\" decoding=\"async\" class=\"aligncenter\" src=\"https:\/\/lh3.googleusercontent.com\/SMjjaWXdMgiAiA7AQJzxdl7xCtNFBbahUQ300nn0_oSFrJDyOIem1ylahD4a-UJduRAK4fmzA6DO_WzXUvab0joW0N582mWlUKdJxHGYdmbodjx4wtGVEMSEELCpr63VKlLB1OzoEQlPlav3ZgP5cQ1LElTD33MsCRcgEABrFKD_N289-6OkI3rSqyDJYDfG5cr2x30hoaCLkr2d9_5nlUF89Bt1-xtQ2SeqhLwUtioelOdfZCvsAelH8CO50ycjdIgG-7WFyrvGksn22SmkMhpdip8ybIm9Wx9NjVOXFQmdtSWjn74X7Gjn525i-xEQyFEiaS-YLpgzaGPjplfL9LwIIQ4kFJ0Etn5OuxLsHbzNpuP9gnMpQw_CmFMuHH-fuXS7gWW_FGLjr0bZ4eWol6dBK3_skLvsXapufcBWdh6dg3o20yCdSqSyEiK1gOZ6gFemv41s_uaNJU3wcP64IXrwDQQsDuodBNXaIfnKZMalwJYZVb0B4x5tvboJNNQaMcfXeCYoljZQ_D6FCiHPkNyMIP83X0H0Ity0GKT2d54H65AVBRtDRK6KzvNVwPqt4snEqgHAXC7qp58wGRuv7puApSQuUhjElX_hoWFozRB1i_hFYyg4X_J73wMu9XS1jCH0z66OvNL4bw7abaODjfUol62gjqDqu_pkGN_Phot7XzdgU5g1ZS6ZxVJ2uaTD0Dx0m2wo93UjA38jsmxdsbtvBQ=w1218-h913-no\" width=\"303\" height=\"227\" \/><\/a><\/p>\n<p>&nbsp;<\/p>\n<p><em><strong>SMART CLASSROOM<\/strong><\/em><\/p>\n<p>Durant el curs 2019-20 hem participat en el projecte \u201cSmart Classroom\u201d de l\u2019Ajuntament de Viladecans i la UOC, a trav\u00e9s del qual es realitzar\u00e0 el co-disseny d\u2019una de les aules del centre per tal d\u2019adaptar-la als nostres objectius d\u2019aprenentatge i la l\u00ednia metodol\u00f2gica que seguim al centre. El projecte es contextualitza en els aven\u00e7os experimentats en l\u2019\u00e0mbit de l\u2019educaci\u00f3, i posa especial atenci\u00f3 en la investigaci\u00f3 sobre quins s\u00f3n els canvis que hauria d\u2019experimentar l\u2019organitzaci\u00f3 de l\u2019espai d\u2019aprenentatge.<br \/>\nPer tal de que aquest espai respongui a les necessitats de tota la comunitat educativa, necessitem la col.laboraci\u00f3 dels infants del centre i de les pr\u00f2pies fam\u00edlies. Es reunirem amb diverses escoles en les quals els representants de l\u2019alumnat aportaran les seves opinions sobre qu\u00e8 ha de tenir un aula per tal de potenciar al m\u00e0xim les capacitats dels infants.<\/p>\n<p>Per tal de que aquest espai respongui a les necessitats de tota la comunitat educativa, necessitem la col.laboraci\u00f3 dels infants del centre i de les pr\u00f2pies fam\u00edlies. Es reunirem amb diverses escoles en les quals els representants de l\u2019alumnat aportaran les seves opinions sobre qu\u00e8 ha de tenir un aula per tal de potenciar al m\u00e0xim les capacitats dels infants.<br \/>\nEl projecte t\u00e9 com a objectiu principal co-dissenyar, implementar i avaluar l\u2019organitzaci\u00f3 i l\u2019estructura (arquitectura interior i disseny) de models d\u2019aula, posant especial atenci\u00f3 en la integraci\u00f3 de les noves tecnologies.<br \/>\nAviat tindreu m\u00e9s not\u00edcies de tot aquest proc\u00e9s!<\/p>\n<p>&nbsp;<\/p>\n<p>&nbsp;<\/p>\n<p>&nbsp;<\/p>\n<div class=\"at-below-post-page addthis_tool\" data-url=\"https:\/\/recolectorsdefelicitatcrenco.com\/que-es-el-projecte-crenco\/\" data-title=\"QUE \u00c9S EL PROJECTE CRENCO (CRENCO). Educaci\u00f3 Intergeneracional\" data-description=\"El projecte CRENCO \u00e9s un projecte sense \u00e0nim de lucre que pret\u00e9n crear un model\/programa educatiu Inter generacional que es pugui implantar a totes lesCRENCO \u00e9s un projecte innovador socioeducatiu que pret\u00e9n la implantaci\u00f3 en horari lectiu de projectes de treball intergeneracionals entre centres educatius, resid\u00e8ncies i casals de gent gran, amb l\u2019objectiu de formar des de la inf\u00e0ncia d\u2019 aquests valors des de la pr\u00f2pia experi\u00e8ncia. L\u2019augment de l\u2019expectativa de la vida i la disminuci\u00f3 de la natalitat s\u00f3n una realitat a la societat actual i futura. \u00c9s per aix\u00f2 que hem de treballar per crear una cultura integradora que pugui aprofundir i treure \u00fas dels anys de vida alhora d\u2019 educar en valors fonamentals per a les noves generacions.\">\n<div id=\"atstbx\" class=\"at-share-tbx-element addthis-smartlayers addthis-animated at4-show\" role=\"region\" aria-labelledby=\"at-458d6932-1993-4b6c-8cd0-8a90e0826742\">\n<p>&nbsp;<\/p>\n<div class=\"at-share-btn-elements\"><\/div>\n<\/div>\n<\/div>\n<p>&nbsp;<\/p>\n<p>&nbsp;<\/p>\n","protected":false},"excerpt":{"rendered":"<p>Algunes de les iniciatives que es porten a terme a la nostra escola s\u00f3n:<br \/>\nPLA FOMENT DE L&#8217;ESPORT<br \/>\nEn col\u00b7laboraci\u00f3 amb l&#8217;ajuntament de Viladecans es promou l&#8217;esport entre els infants. Ja sigui proposant diferents activitats a l&#8217;hora d&#8217;esbarjo, durant la classe d&#8217;educaci\u00f3 f\u00edsica o algunes sortides com&hellip;  <a href=\"https:\/\/agora.xtec.cat\/escolamediterrania\/projecte-educatiu\/\" title=\"Read PROJECTES\">Llegeix m\u00e9s\u00bb<\/a><\/p>\n","protected":false},"author":2,"featured_media":0,"parent":0,"menu_order":0,"comment_status":"closed","ping_status":"closed","template":"page-templates\/side-menu.php","meta":{"_bbp_topic_count":0,"_bbp_reply_count":0,"_bbp_total_topic_count":0,"_bbp_total_reply_count":0,"_bbp_voice_count":0,"_bbp_anonymous_reply_count":0,"_bbp_topic_count_hidden":0,"_bbp_reply_count_hidden":0,"_bbp_forum_subforum_count":0,"footnotes":""},"class_list":["post-64","page","type-page","status-publish","hentry"],"post_mailing_queue_ids":[],"_links":{"self":[{"href":"https:\/\/agora.xtec.cat\/escolamediterrania\/wp-json\/wp\/v2\/pages\/64","targetHints":{"allow":["GET"]}}],"collection":[{"href":"https:\/\/agora.xtec.cat\/escolamediterrania\/wp-json\/wp\/v2\/pages"}],"about":[{"href":"https:\/\/agora.xtec.cat\/escolamediterrania\/wp-json\/wp\/v2\/types\/page"}],"author":[{"embeddable":true,"href":"https:\/\/agora.xtec.cat\/escolamediterrania\/wp-json\/wp\/v2\/users\/2"}],"replies":[{"embeddable":true,"href":"https:\/\/agora.xtec.cat\/escolamediterrania\/wp-json\/wp\/v2\/comments?post=64"}],"version-history":[{"count":6,"href":"https:\/\/agora.xtec.cat\/escolamediterrania\/wp-json\/wp\/v2\/pages\/64\/revisions"}],"predecessor-version":[{"id":13381,"href":"https:\/\/agora.xtec.cat\/escolamediterrania\/wp-json\/wp\/v2\/pages\/64\/revisions\/13381"}],"wp:attachment":[{"href":"https:\/\/agora.xtec.cat\/escolamediterrania\/wp-json\/wp\/v2\/media?parent=64"}],"curies":[{"name":"wp","href":"https:\/\/api.w.org\/{rel}","templated":true}]}}