{"id":435,"date":"2014-11-13T19:35:16","date_gmt":"2014-11-13T19:35:16","guid":{"rendered":"http:\/\/blocs.xtec.cat\/mediterrania4t\/?page_id=2"},"modified":"2023-06-24T20:31:08","modified_gmt":"2023-06-24T18:31:08","slug":"pagina-exemple-3","status":"publish","type":"page","link":"https:\/\/agora.xtec.cat\/escolamediterrania\/serveis\/pagina-exemple-3\/","title":{"rendered":"EXTRAESCOLARS"},"content":{"rendered":"<p>Les inscripcions s&#8217;obriran a l&#8217;inici de curs i podeu trobar tota la informaci\u00f3 a www.afamediterrania.org\/extraescolars o clicant <a href=\"https:\/\/afamediterrania.org\/extraescolars\" target=\"_blank\" rel=\"noopener\">AQUI<\/a><\/p>\n<p>Recordeu que \u00e9s necessari ser fam\u00edlia s\u00f2cia de l&#8217;AFA per inscriure&#8217;s a les activitats extraescolars.<\/p>\n<p>Podeu contactar amb l\u2019AFA a trav\u00e9s de\u00a0les seg\u00fcents vies:<\/p>\n<p>Whatsapp: 623 18 97 50<br \/>\nWeb: <a href=\"https:\/\/afamediterrania.org\/\" target=\"_blank\" rel=\"noopener noreferrer\">www.afamediterrania.org<\/a><br \/>\nCorreu electr\u00f2nic: afa@afamediterrania.org<br \/>\nPer donar-se d&#8217;alta: www.afamediterrania.org\/alta<\/p>\n<p>&nbsp;<\/p>\n","protected":false},"excerpt":{"rendered":"<p>Les inscripcions s&#8217;obriran a l&#8217;inici de curs i podeu trobar tota la informaci\u00f3 a www.afamediterrania.org\/extraescolars o clicant <a href=\"https:\/\/afamediterrania.org\/extraescolars\" target=\"_blank\" rel=\"noopener\">AQUI<\/a><br \/>\nRecordeu que \u00e9s necessari ser fam\u00edlia s\u00f2cia de l&#8217;AFA per inscriure&#8217;s a les activitats extraescolars.<br \/>\nPodeu contactar amb l\u2019AFA a trav\u00e9s de\u00a0les seg\u00fcents vies:<br \/>\nWhatsapp: 623 18&hellip;  <a href=\"https:\/\/agora.xtec.cat\/escolamediterrania\/serveis\/pagina-exemple-3\/\" title=\"Read EXTRAESCOLARS\">Llegeix m\u00e9s\u00bb<\/a><\/p>\n","protected":false},"author":1,"featured_media":0,"parent":66,"menu_order":0,"comment_status":"open","ping_status":"open","template":"","meta":{"_bbp_topic_count":0,"_bbp_reply_count":0,"_bbp_total_topic_count":0,"_bbp_total_reply_count":0,"_bbp_voice_count":0,"_bbp_anonymous_reply_count":0,"_bbp_topic_count_hidden":0,"_bbp_reply_count_hidden":0,"_bbp_forum_subforum_count":0,"footnotes":""},"class_list":["post-435","page","type-page","status-publish","hentry"],"post_mailing_queue_ids":[],"_links":{"self":[{"href":"https:\/\/agora.xtec.cat\/escolamediterrania\/wp-json\/wp\/v2\/pages\/435","targetHints":{"allow":["GET"]}}],"collection":[{"href":"https:\/\/agora.xtec.cat\/escolamediterrania\/wp-json\/wp\/v2\/pages"}],"about":[{"href":"https:\/\/agora.xtec.cat\/escolamediterrania\/wp-json\/wp\/v2\/types\/page"}],"author":[{"embeddable":true,"href":"https:\/\/agora.xtec.cat\/escolamediterrania\/wp-json\/wp\/v2\/users\/1"}],"replies":[{"embeddable":true,"href":"https:\/\/agora.xtec.cat\/escolamediterrania\/wp-json\/wp\/v2\/comments?post=435"}],"version-history":[{"count":4,"href":"https:\/\/agora.xtec.cat\/escolamediterrania\/wp-json\/wp\/v2\/pages\/435\/revisions"}],"predecessor-version":[{"id":12005,"href":"https:\/\/agora.xtec.cat\/escolamediterrania\/wp-json\/wp\/v2\/pages\/435\/revisions\/12005"}],"up":[{"embeddable":true,"href":"https:\/\/agora.xtec.cat\/escolamediterrania\/wp-json\/wp\/v2\/pages\/66"}],"wp:attachment":[{"href":"https:\/\/agora.xtec.cat\/escolamediterrania\/wp-json\/wp\/v2\/media?parent=435"}],"curies":[{"name":"wp","href":"https:\/\/api.w.org\/{rel}","templated":true}]}}