{"id":34,"date":"2014-09-18T12:32:18","date_gmt":"2014-09-18T12:32:18","guid":{"rendered":"http:\/\/agora.xtec.cat\/escolamediterrania\/?page_id=34"},"modified":"2025-03-04T13:39:15","modified_gmt":"2025-03-04T12:39:15","slug":"oferta-educativa","status":"publish","type":"page","link":"https:\/\/agora.xtec.cat\/escolamediterrania\/oferta-educativa\/","title":{"rendered":"DOCUMENTACI\u00d3"},"content":{"rendered":"<p><a href=\"https:\/\/drive.google.com\/file\/d\/11lfoK-INa-gSqGLgDVMgLuenaBrsfhjN\/view?usp=sharing\" target=\"_blank\" rel=\"noopener\">CIRCULAR INICI DE CURS<\/a><\/p>\n<p><a href=\"https:\/\/drive.google.com\/file\/d\/1OdmIum4jetjzcWYUIFfEPv5KDq_ofmLR\/view?usp=sharing\" target=\"_blank\" rel=\"noopener\">QUOTES DE MATERIAL<\/a><\/p>\n<p><a href=\"https:\/\/drive.google.com\/file\/d\/1jf-DdHFEoeJJbVQ0Ovdow9qjaG46xyDS\/view?usp=sharing\" target=\"_blank\" rel=\"noopener\">QUOTES DE SORTIDES<\/a><\/p>\n<p><a href=\"https:\/\/drive.google.com\/file\/d\/1l1K5stI_NcX0kGCNd57F_GlT6NODfU4O\/view?usp=sharing\" target=\"_blank\" rel=\"noopener\">LLIBRES D&#8217;ANGL\u00c8S<\/a><\/p>\n<p><a href=\"https:\/\/drive.google.com\/file\/d\/1CZsdko_WMnDq4dXYqo7FSnDUArKL7oiA\/view?usp=sharing\" target=\"_blank\" rel=\"noopener\">INFORMACI\u00d3 COL\u00d2NIES<\/a><\/p>\n<p><a href=\"https:\/\/drive.google.com\/file\/d\/1v1LHFsOGFEgPlCe5NFMtExEdGrQ7hltC\/view?usp=sharing\" target=\"_blank\" rel=\"noopener\">VIATGE CS<\/a><\/p>\n<p><a href=\"https:\/\/drive.google.com\/file\/d\/1Pii90dfgJg1FgF0DPWd-80LVXuXKw2XY\/view?usp=sharing\" target=\"_blank\" rel=\"noopener\">NORMES D&#8217;ORGANITZACI\u00d3 i FUNCIONAMENT DE CENTRE<\/a><\/p>\n<p><a href=\"https:\/\/drive.google.com\/file\/d\/1nopvnhNXNiUWT138og3_-EsLLhL6HVFc\/view?usp=sharing\" target=\"_blank\" rel=\"noopener\">PROJECTE DE CONVIV\u00c8NCIA (PdC)<\/a><\/p>\n<p><a href=\"http:\/\/agora.xtec.cat\/escolamediterrania\/lescola\/oferta-educativa\/attachment\/projecte-linguistic-escola-mediterrania\/\" rel=\"attachment wp-att-5102\">PROJECTE LING\u00dc\u00cdSTIC<\/a><\/p>\n<p><a href=\"https:\/\/drive.google.com\/file\/d\/1rRR2zmi_WkxCHhae3OdXZ45itUzTOQF3\/view?usp=sharing\" target=\"_blank\" rel=\"noopener\">PGA (CURS 24-25)<\/a><\/p>\n<p><a href=\"https:\/\/sites.google.com\/emediterrania.cat\/estrategiadigitaldecentre\/edc\">ESTRAT\u00c8GIA DIGITAL DE CENTRE (EDC)<\/a><\/p>\n<div>\n<div><a href=\"https:\/\/agora.xtec.cat\/escolamediterrania\/wp-content\/uploads\/usu424\/2020\/03\/PROJECTE-EDUCATIU-escola-mediterraniaactualitzaci\u00f32019-20.pdf\">PROJECTE EDUCATIU<\/a><\/div>\n<\/div>\n<div><\/div>\n<div><\/div>\n<div>\n<div><\/div>\n<\/div>\n<div>\n<div>\n<p><a href=\"https:\/\/drive.google.com\/file\/d\/1x7j3BLgPM21jULGK1R2nlDCTMjEFuQ-w\/view?usp=sharing\" target=\"_blank\" rel=\"noopener\"><span style=\"font-family: inherit; font-size: 1em;\">CARTA COMPROM\u00cdS EDUCATIU<\/span><\/a><\/p>\n<\/div>\n<\/div>\n<div><\/div>\n<div><\/div>\n<div>\n<div>\n<p><a href=\"https:\/\/drive.google.com\/file\/d\/1pUOsGmy_FnDlhGSZmFxDko8YRw_46fYd\/view?usp=sharing\" target=\"_blank\" rel=\"noopener\"><span style=\"font-family: inherit; font-size: 1em;\">PLA FUNCIONAMENT TEMPS MIGDIA<\/span><\/a><\/p>\n<\/div>\n<\/div>\n<p><a href=\"https:\/\/drive.google.com\/file\/d\/1ZOyfyuNxDzBPCTp3mPIu7r4oJCcMSX6Y\/view?usp=sharing\" target=\"_blank\" rel=\"noopener\">ACC\u00c9S A LA INFORMACI\u00d3 ECON\u00d2MICA: <\/a>D\u2019acord amb el que preveu l\u2019apartat de\u00a0<b>Transpar\u00e8ncia i acc\u00e9s a la informaci\u00f3 p\u00fablica<\/b>, dels<b>\u00a0\u201cDocuments per a l\u2019organitzaci\u00f3 i la gesti\u00f3 dels centres\u201d,\u00a0<\/b>els centres educatius hem de publicar al nostre web, entre d\u2019altres informacions, la corresponent al pressupost amb la descripci\u00f3 de les partides pressupost\u00e0ries anuals i les dades de l\u2019execuci\u00f3 i liquidaci\u00f3 d\u2019aquest, d&#8217;acord amb la La Llei 19\/2014, del 29 de desembre, de transpar\u00e8ncia, acc\u00e9s a la informaci\u00f3 p\u00fablica i bon govern.<\/p>\n<p>&nbsp;<\/p>\n<div><\/div>\n<div id=\"wwgqgqfaupakjhoverYoutubeVideoContainer\" class=\"hoverYoutubeVideoScaleup\" style=\"z-index: 3;\"><\/div>\n<div><\/div>\n<div id=\"wwgqgqfaupakjhoverYoutubeVideoContainer\" class=\"hoverYoutubeVideoScaleup\" style=\"z-index: 3;\"><\/div>\n","protected":false},"excerpt":{"rendered":"<p><a href=\"https:\/\/drive.google.com\/file\/d\/11lfoK-INa-gSqGLgDVMgLuenaBrsfhjN\/view?usp=sharing\" target=\"_blank\" rel=\"noopener\">CIRCULAR INICI DE CURS<\/a><br \/>\n<a href=\"https:\/\/drive.google.com\/file\/d\/1OdmIum4jetjzcWYUIFfEPv5KDq_ofmLR\/view?usp=sharing\" target=\"_blank\" rel=\"noopener\">QUOTES DE MATERIAL<\/a><br \/>\n<a href=\"https:\/\/drive.google.com\/file\/d\/1jf-DdHFEoeJJbVQ0Ovdow9qjaG46xyDS\/view?usp=sharing\" target=\"_blank\" rel=\"noopener\">QUOTES DE SORTIDES<\/a><br \/>\n<a href=\"https:\/\/drive.google.com\/file\/d\/1l1K5stI_NcX0kGCNd57F_GlT6NODfU4O\/view?usp=sharing\" target=\"_blank\" rel=\"noopener\">LLIBRES D&#8217;ANGL\u00c8S<\/a><br \/>\n<a href=\"https:\/\/drive.google.com\/file\/d\/1CZsdko_WMnDq4dXYqo7FSnDUArKL7oiA\/view?usp=sharing\" target=\"_blank\" rel=\"noopener\">INFORMACI\u00d3 COL\u00d2NIES<\/a><br \/>\n<a href=\"https:\/\/drive.google.com\/file\/d\/1v1LHFsOGFEgPlCe5NFMtExEdGrQ7hltC\/view?usp=sharing\" target=\"_blank\" rel=\"noopener\">VIATGE CS<\/a><br \/>\n<a href=\"https:\/\/drive.google.com\/file\/d\/1Pii90dfgJg1FgF0DPWd-80LVXuXKw2XY\/view?usp=sharing\" target=\"_blank\" rel=\"noopener\">NORMES D&#8217;ORGANITZACI\u00d3 i FUNCIONAMENT DE CENTRE<\/a><br \/>\n<a href=\"https:\/\/drive.google.com\/file\/d\/1nopvnhNXNiUWT138og3_-EsLLhL6HVFc\/view?usp=sharing\" target=\"_blank\" rel=\"noopener\">PROJECTE DE CONVIV\u00c8NCIA (PdC)<\/a><br \/>\n<a href=\"http:\/\/agora.xtec.cat\/escolamediterrania\/lescola\/oferta-educativa\/attachment\/projecte-linguistic-escola-mediterrania\/\" rel=\"attachment&hellip;  <a href=\"https:\/\/agora.xtec.cat\/escolamediterrania\/oferta-educativa\/\" title=\"Read DOCUMENTACI\u00d3\">Llegeix m\u00e9s\u00bb<\/a><\/p>\n","protected":false},"author":2,"featured_media":0,"parent":0,"menu_order":60,"comment_status":"closed","ping_status":"closed","template":"page-templates\/side-menu.php","meta":{"_bbp_topic_count":0,"_bbp_reply_count":0,"_bbp_total_topic_count":0,"_bbp_total_reply_count":0,"_bbp_voice_count":0,"_bbp_anonymous_reply_count":0,"_bbp_topic_count_hidden":0,"_bbp_reply_count_hidden":0,"_bbp_forum_subforum_count":0,"footnotes":""},"class_list":["post-34","page","type-page","status-publish","hentry"],"post_mailing_queue_ids":[],"_links":{"self":[{"href":"https:\/\/agora.xtec.cat\/escolamediterrania\/wp-json\/wp\/v2\/pages\/34","targetHints":{"allow":["GET"]}}],"collection":[{"href":"https:\/\/agora.xtec.cat\/escolamediterrania\/wp-json\/wp\/v2\/pages"}],"about":[{"href":"https:\/\/agora.xtec.cat\/escolamediterrania\/wp-json\/wp\/v2\/types\/page"}],"author":[{"embeddable":true,"href":"https:\/\/agora.xtec.cat\/escolamediterrania\/wp-json\/wp\/v2\/users\/2"}],"replies":[{"embeddable":true,"href":"https:\/\/agora.xtec.cat\/escolamediterrania\/wp-json\/wp\/v2\/comments?post=34"}],"version-history":[{"count":9,"href":"https:\/\/agora.xtec.cat\/escolamediterrania\/wp-json\/wp\/v2\/pages\/34\/revisions"}],"predecessor-version":[{"id":14459,"href":"https:\/\/agora.xtec.cat\/escolamediterrania\/wp-json\/wp\/v2\/pages\/34\/revisions\/14459"}],"wp:attachment":[{"href":"https:\/\/agora.xtec.cat\/escolamediterrania\/wp-json\/wp\/v2\/media?parent=34"}],"curies":[{"name":"wp","href":"https:\/\/api.w.org\/{rel}","templated":true}]}}