{"id":26,"date":"2014-09-18T12:24:32","date_gmt":"2014-09-18T12:24:32","guid":{"rendered":"http:\/\/agora.xtec.cat\/escolamediterrania\/?page_id=26"},"modified":"2024-06-12T13:31:39","modified_gmt":"2024-06-12T11:31:39","slug":"historia","status":"publish","type":"page","link":"https:\/\/agora.xtec.cat\/escolamediterrania\/lescola\/historia\/","title":{"rendered":"LA NOSTRA MIRADA"},"content":{"rendered":"<p><strong><em>Altres maneres d\u2019ensenyar i aprendre\u2026.\u00a0<\/em><\/strong><strong><em>Per <\/em><\/strong><strong><em>AMBIENTS<\/em><\/strong><\/p>\n<p>Durant el curs 2015\/16, a l\u2019escola Mediterr\u00e0nia neix un nou projecte amb l\u2019oportunitat d\u2019innovar i proposar una escola m\u00e9s adequada a la realitat que ens envolta, que respongui m\u00e9s acuradament a les necessitats d\u2019un alumnat m\u00e9s adaptable als canvis i amb m\u00e9s capacitat per resoldre\u2019ls. V\u00e0rem reflexionar sobre el que consider\u00e0vem important per tal d\u2019engegar una Educaci\u00f3 Infantil coherent i de qualitat, aix\u00ed doncs, a partir de la iniciativa d&#8217;un grup de mestres del propi centre, neix<strong>\u00a0UN CANVI DE MIRADA VERS L&#8217;INFANT i <\/strong>\u00a0s&#8217;inicia <strong>el treball mitjan\u00e7ant els ambients d\u2019aprenentatge<\/strong>.<\/p>\n<p><strong>El treball mitjan\u00e7ant els ambients<\/strong>\u00a0d\u2019aprenentatge consisteix, b\u00e0sicament, en una manera d\u2019organitzar els alumnes, l\u2019espai i els materials per tal de propiciar i construir un lloc d\u2019aprenentatge lliure que sorgeix de l\u2019espontane\u00eftat i de la curiositat. En aquest ambient l\u2019infant \u00e9s el protagonista i constructor del seu propi aprenentatge: investiga, prova, assaja, modifica, construeix, destrueix, parla, raona, explica, inventa\u2026mitjan\u00e7ant diferents materials i situacions d\u2019aprenentatge que ajuden a desenvolupar totes les Compet\u00e8ncies B\u00e0siques.<\/p>\n<p>L\u2019 infant \u00e9s el protagonista del seu aprenentatge, per tant, volem oferir uns espais preparats amb materials que els permetin experimentar i manipular tot jugant i compartint amb els seus . Volem uns infants feli\u00e7os que aprenguin d\u2019una manera natural seguint el seu propi ritme d\u2019aprenentatge. Hem de facilitar un espai acollidor on els nens i les nenes siguin els protagonistes.<\/p>\n<p>L&#8217;equip docent del nostre centre s&#8217;ha format progressivament durant anys, ha assistit a confer\u00e8ncies i cursos per comen\u00e7ar al curs 2017-18 amb els ambients d\u2019aprenentatge a I3 i al curs 2018-19 es van fer ambients d&#8217;aprenentatge a tota l&#8217;etapa d&#8217;educaci\u00f3 infantil. Molt satisfets\/es amb la nostra tasca, van continuant avan\u00e7ant\u00a0 amb aquest canvi metodol\u00f2gic i durant\u00a0 el curs 2019-20 introduim la metodologia a cicle inicial. Poc a poc anem fent cam\u00ed i deixant petjada&#8230;.malgrat la situaci\u00f3 que vivim actualment, no hem deixat de creure en el nostre projecte i continuem amb la nostra mirada amb els grups bombolla i durant el curs 2020-21 els ambients d&#8217;aprenentatge han arribat a Cicle Mitj\u00e0. Al curs 2022-23, la circulaci\u00f3 lliure ja es fa durant tota la franja del mati a tota l&#8217;escola. Estem molt satisfets\/es amb la tasca que fa el nostre gran equip! Endavant!<\/p>\n<p><a href=\"http:\/\/agora.xtec.cat\/escolamediterrania\/lescola\/attachment\/imatge-pancarta\/\" rel=\"attachment wp-att-3287\"><img loading=\"lazy\" decoding=\"async\" class=\"wp-image-3287 aligncenter\" src=\"http:\/\/agora.xtec.cat\/escolamediterrania\/wp-content\/uploads\/usu424\/2014\/09\/imatge-pancarta.png\" alt=\"\" width=\"403\" height=\"291\" srcset=\"https:\/\/agora.xtec.cat\/escolamediterrania\/wp-content\/uploads\/usu424\/2014\/09\/imatge-pancarta.png 1024w, https:\/\/agora.xtec.cat\/escolamediterrania\/wp-content\/uploads\/usu424\/2014\/09\/imatge-pancarta-300x216.png 300w, https:\/\/agora.xtec.cat\/escolamediterrania\/wp-content\/uploads\/usu424\/2014\/09\/imatge-pancarta-768x554.png 768w\" sizes=\"auto, (max-width: 403px) 100vw, 403px\" \/><\/a><\/p>\n<p><strong>QU\u00c8 VOLEM ACONSEGUIR?<\/strong><\/p>\n<ul>\n<li>Que l\u2019 alumne sigui el protagonista del seu propi aprenentatge, aprendre a aprendre.<\/li>\n<li>Afavorir el desenvolupament de les capacitats i formar persones amb capacitat de superaci\u00f3.<\/li>\n<li>Potenciar l\u2019autonomia i la iniciativa personal.<\/li>\n<li>Afavorir una actitud responsable davant del compliment dels drets i deures.<\/li>\n<li>Donar a con\u00e8ixer les habilitats socials per saber estar i saber fer.<\/li>\n<li>Formar persones capaces d\u2019identificar, expressar i gestionar les pr\u00f2pies emocions. Formar persones capaces de respectar les emocions dels altres.<\/li>\n<li>Fomentem una escola repectuosa amb l&#8217;entorn natural i que compti amb recursos i sigui, alhora, innovadora i integradora.<\/li>\n<li>Promoure la participaci\u00f3 i implicaci\u00f3 de les fam\u00edlies en el proc\u00e9s educatiu amb la finalitat de col\u00b7laborar en el proc\u00e9s formatiu de l\u2019alumne.<\/li>\n<\/ul>\n<p>Els\u00a0<strong>DOCENTS de l\u2019escola Mediterr\u00e0nia<\/strong> es caracteritzen per la participaci\u00f3 activa en moviments d\u2019innovaci\u00f3 i de renovaci\u00f3 pedag\u00f2gica, i per una formaci\u00f3 permanent constant que els ajudi a millorar la tasca di\u00e0ria. Formen un equip hum\u00e0 jove, il\u00b7lusionat i comprom\u00e8s amb uns objectius a compartir amb les fam\u00edlies.<\/p>\n<p>Enceten el curs \u00a02024-25 amb la mateixa motivaci\u00f3 i il\u00b7lusi\u00f3 que sempre.<\/p>\n<p>&nbsp;<\/p>\n<h2><\/h2>\n","protected":false},"excerpt":{"rendered":"<p>Altres maneres d\u2019ensenyar i aprendre\u2026.\u00a0Per AMBIENTS<br \/>\nDurant el curs 2015\/16, a l\u2019escola Mediterr\u00e0nia neix un nou projecte amb l\u2019oportunitat d\u2019innovar i proposar una escola m\u00e9s adequada a la realitat que ens envolta, que respongui m\u00e9s acuradament a les necessitats d\u2019un alumnat m\u00e9s adaptable als canvis i&hellip;  <a href=\"https:\/\/agora.xtec.cat\/escolamediterrania\/lescola\/historia\/\" title=\"Read LA NOSTRA MIRADA\">Llegeix m\u00e9s\u00bb<\/a><\/p>\n","protected":false},"author":2,"featured_media":0,"parent":22,"menu_order":20,"comment_status":"closed","ping_status":"closed","template":"page-templates\/side-menu.php","meta":{"_bbp_topic_count":0,"_bbp_reply_count":0,"_bbp_total_topic_count":0,"_bbp_total_reply_count":0,"_bbp_voice_count":0,"_bbp_anonymous_reply_count":0,"_bbp_topic_count_hidden":0,"_bbp_reply_count_hidden":0,"_bbp_forum_subforum_count":0,"footnotes":""},"class_list":["post-26","page","type-page","status-publish","hentry"],"post_mailing_queue_ids":[],"_links":{"self":[{"href":"https:\/\/agora.xtec.cat\/escolamediterrania\/wp-json\/wp\/v2\/pages\/26","targetHints":{"allow":["GET"]}}],"collection":[{"href":"https:\/\/agora.xtec.cat\/escolamediterrania\/wp-json\/wp\/v2\/pages"}],"about":[{"href":"https:\/\/agora.xtec.cat\/escolamediterrania\/wp-json\/wp\/v2\/types\/page"}],"author":[{"embeddable":true,"href":"https:\/\/agora.xtec.cat\/escolamediterrania\/wp-json\/wp\/v2\/users\/2"}],"replies":[{"embeddable":true,"href":"https:\/\/agora.xtec.cat\/escolamediterrania\/wp-json\/wp\/v2\/comments?post=26"}],"version-history":[{"count":7,"href":"https:\/\/agora.xtec.cat\/escolamediterrania\/wp-json\/wp\/v2\/pages\/26\/revisions"}],"predecessor-version":[{"id":13394,"href":"https:\/\/agora.xtec.cat\/escolamediterrania\/wp-json\/wp\/v2\/pages\/26\/revisions\/13394"}],"up":[{"embeddable":true,"href":"https:\/\/agora.xtec.cat\/escolamediterrania\/wp-json\/wp\/v2\/pages\/22"}],"wp:attachment":[{"href":"https:\/\/agora.xtec.cat\/escolamediterrania\/wp-json\/wp\/v2\/media?parent=26"}],"curies":[{"name":"wp","href":"https:\/\/api.w.org\/{rel}","templated":true}]}}