{"id":24,"date":"2014-09-18T12:23:15","date_gmt":"2014-09-18T12:23:15","guid":{"rendered":"http:\/\/agora.xtec.cat\/escolamediterrania\/?page_id=24"},"modified":"2025-02-18T22:38:17","modified_gmt":"2025-02-18T21:38:17","slug":"on-som","status":"publish","type":"page","link":"https:\/\/agora.xtec.cat\/escolamediterrania\/lescola\/on-som\/","title":{"rendered":"SITUACI\u00d3"},"content":{"rendered":"<p style=\"color: #666666;\">L&#8217;Escola Mediterr\u00e0nia va ser inaugurada el setembre del curs 2008-2009 i al llarg d&#8217;un curs i mig va estar ubicada al barri de Montserratina. Actualment ens trobem al Barri de Llevant (la Torre Roja de Viladecans). El curs 2018-2019 vam celebrar el 10\u00e8 aniversari de l&#8217;escola! Des de la seva inauguraci\u00f3 ens trobem en m\u00f2duls prefabricats, ara per ara ja s\u00f3n les nostres casetes de colors, i el gran equip de mestres que tenim fa que tot aix\u00f2 quedi en un segon terme.<\/p>\n<p style=\"color: #666666;\">En el projecte del nou barri que s&#8217;est\u00e0 creant al Pla de Llevant anir\u00e0 ubicat el nou edifici del nostre Institut Escola, que acollir\u00e0 als alumnes d&#8217;I3 fins a 4t ESO. Aquest estar\u00e0 situat just darrera del CAP Montbaig, i acollir\u00e0 als alumnes de l&#8217;Institut Ol\u00edmpia, serem doncs el primer l&#8217;Institut Escola de Viladecans<\/p>\n<p style=\"color: #666666;\"><a href=\"https:\/\/www.google.es\/maps\/place\/Escola+Mediterr%C3%A0nia\/@41.3238273,2.0183867,17z\/data=!4m5!3m4!1s0x12a49ced4f98c84b:0x4978f354b13f3735!8m2!3d41.3238649!4d2.0184001\" target=\"_blank\" rel=\"noopener noreferrer\">PL\u00c0NOL<\/a><\/p>\n<p style=\"color: #666666;\">Ens podeu trobar a:<\/p>\n<p style=\"color: #666666;\">Avinguda dels Jocs Ol\u00edmpics\u00a0 11<br \/>\n08840, Viladecans<br \/>\nTel\u00e8fon 93.637.57.37<\/p>\n<p>S0800468A<\/p>\n<p style=\"color: #666666;\">CORREU:\u00a0a8063783@xtec.cat<\/p>\n<p>&nbsp;<\/p>\n<p><iframe loading=\"lazy\" src=\"https:\/\/www.google.com\/maps\/embed?pb=!1m18!1m12!1m3!1d2996.3239756603966!2d2.0180902000000023!3d41.32356800000001!2m3!1f0!2f0!3f0!3m2!1i1024!2i768!4f13.1!3m3!1m2!1s0x12a49c8d52f2ba99%3A0x74cdda11ad2cc10a!2sAvinguda+dels+Jocs+Olimpics%2C+11%2C+08840+Viladecans%2C+Barcelona!5e0!3m2!1ses!2ses!4v1435660927759\" width=\"600\" height=\"450\" frameborder=\"0\"><\/iframe><\/p>\n","protected":false},"excerpt":{"rendered":"<p>L&#8217;Escola Mediterr\u00e0nia va ser inaugurada el setembre del curs 2008-2009 i al llarg d&#8217;un curs i mig va estar ubicada al barri de Montserratina. Actualment ens trobem al Barri de Llevant (la Torre Roja de Viladecans). El curs 2018-2019 vam celebrar el 10\u00e8 aniversari de&hellip;  <a href=\"https:\/\/agora.xtec.cat\/escolamediterrania\/lescola\/on-som\/\" title=\"Read SITUACI\u00d3\">Llegeix m\u00e9s\u00bb<\/a><\/p>\n","protected":false},"author":2,"featured_media":0,"parent":22,"menu_order":10,"comment_status":"closed","ping_status":"closed","template":"page-templates\/side-menu.php","meta":{"_bbp_topic_count":0,"_bbp_reply_count":0,"_bbp_total_topic_count":0,"_bbp_total_reply_count":0,"_bbp_voice_count":0,"_bbp_anonymous_reply_count":0,"_bbp_topic_count_hidden":0,"_bbp_reply_count_hidden":0,"_bbp_forum_subforum_count":0,"footnotes":""},"class_list":["post-24","page","type-page","status-publish","hentry"],"post_mailing_queue_ids":[],"_links":{"self":[{"href":"https:\/\/agora.xtec.cat\/escolamediterrania\/wp-json\/wp\/v2\/pages\/24","targetHints":{"allow":["GET"]}}],"collection":[{"href":"https:\/\/agora.xtec.cat\/escolamediterrania\/wp-json\/wp\/v2\/pages"}],"about":[{"href":"https:\/\/agora.xtec.cat\/escolamediterrania\/wp-json\/wp\/v2\/types\/page"}],"author":[{"embeddable":true,"href":"https:\/\/agora.xtec.cat\/escolamediterrania\/wp-json\/wp\/v2\/users\/2"}],"replies":[{"embeddable":true,"href":"https:\/\/agora.xtec.cat\/escolamediterrania\/wp-json\/wp\/v2\/comments?post=24"}],"version-history":[{"count":6,"href":"https:\/\/agora.xtec.cat\/escolamediterrania\/wp-json\/wp\/v2\/pages\/24\/revisions"}],"predecessor-version":[{"id":14398,"href":"https:\/\/agora.xtec.cat\/escolamediterrania\/wp-json\/wp\/v2\/pages\/24\/revisions\/14398"}],"up":[{"embeddable":true,"href":"https:\/\/agora.xtec.cat\/escolamediterrania\/wp-json\/wp\/v2\/pages\/22"}],"wp:attachment":[{"href":"https:\/\/agora.xtec.cat\/escolamediterrania\/wp-json\/wp\/v2\/media?parent=24"}],"curies":[{"name":"wp","href":"https:\/\/api.w.org\/{rel}","templated":true}]}}