{"id":73,"date":"2016-09-05T18:01:51","date_gmt":"2016-09-05T17:01:51","guid":{"rendered":"http:\/\/agora.xtec.cat\/escolamatagalls\/?page_id=73"},"modified":"2020-10-22T09:41:29","modified_gmt":"2020-10-22T07:41:29","slug":"menjador-escolar","status":"publish","type":"page","link":"https:\/\/agora.xtec.cat\/escolamatagalls\/serveis\/menjador-escolar\/","title":{"rendered":"Menjador escolar"},"content":{"rendered":"<p>El projecte de Cuina-Menjador-Hort ecol\u00f2gic de l\u2019Escola est\u00e0 \u00edntimament lligat al de l\u2019Hort Ecol\u00f2gic ja que formen part d\u2019una mateixa filosofia de vida.<\/p>\n<p>Una part important de les verdures que nens i nenes mengen al Menjador de l\u2019Escola les han plantat, regat i cuidat ells mateixos.<\/p>\n<p>El Projecte Hort forma part del Projecte educatiu de l\u2019Escola Matagalls com a eix transversal. L\u2019AFA hi aporta una part del temps de la Coordinadora (unes hores cada setmana) per dirigir i distribuir les feines i fer la coordinaci\u00f3 de l\u2019hort amb la cuina de l&#8217;Escola.<\/p>\n<p>El menjador \u00e9s d\u2019\u00fas per als alumnes de l\u2019escola, el professorat i el personal dels Serveis del Centre.<\/p>\n<p><strong>CARACTER\u00cdSTIQUES DEL SERVEI DE MENJADOR<\/strong><\/p>\n<p>El servei de menjador de l\u2019Escola\u00a0 Matagalls \u00e9s de car\u00e0cter opcional i compleix els requisits que instrueix la normativa del Departament d\u2019Ensenyament i les normes higi\u00e8niques que requereix Sanitat per als menjadors col\u00b7lectius i escolars.<\/p>\n<p>El seu objectiu principal \u00e9s, a part de garantir una alimentaci\u00f3 adequada, ajudar en l\u2019adquisici\u00f3 d\u2019h\u00e0bits i conductes educatives referents a la conviv\u00e8ncia, a l\u2019alimentaci\u00f3, al lleure i al descans.<\/p>\n<p>Les finalitats educatives del Temps del Migdia podriem englobar-les en tres grans \u00e0mbits:<\/p>\n<p><strong>Alimentar-se:<\/strong><\/p>\n<p>Entenem que \u201cmenjar\u201dno \u00e9s el mateix que \u201calimentar-se\u201d o \u201cnodrir-se\u201d. Es tracta de la tria d&#8217;aliments que composaran els plats de cada un dels seus \u00e0pats recuperant la import\u00e0ncia de l&#8217;estacionalitat dels aliments aix\u00ed com el respecte amb el medi ambient, promovent el consum d&#8217;aliments ecol\u00f2gics i de proximitat &#8220;Km. 0&#8221;.<\/p>\n<p><strong>Descansar i esplaiar-se:<\/strong><\/p>\n<p>Ens proposem que l\u2019infant pugui descansar i relaxar-se aprofitar que el Temps lliure durant l\u2019estona de menjador \u00e9s un marc adequat per afavorir el desenvolupament harm\u00f2nic de la personalitat i la relaci\u00f3 amb els altres a trav\u00e9s d\u2019activitats d\u2019entreteniment, ja sigui al pati o b\u00e9 a l\u2019aula amb jocs de taula o dibuixant. La idea \u00e9s proposar diferents activitats i que cada infant sigui lliure d\u2019escollir el que vol o no vol fer, permetent tamb\u00e9 el \u201cno fer res\u201d, que \u00e9s una manera de descansar ben v\u00e0lida.<\/p>\n<p><strong>Aprendre:<\/strong><\/p>\n<p>Considerem aquest Temps del Menjador com un espai d\u2019aprenentatge, d\u2019educaci\u00f3 de la vida quotidiana i de les pautes de conviv\u00e8ncia social, en qu\u00e8 es poden assolir coneixements, practicar h\u00e0bits i habilitats i desenvolupar actituds, valors i normes.<\/p>\n<p><strong>Si Vols m\u00e9s informaci\u00f3:\u00a0<a href=\"http:\/\/www.afamatagalls.com\/serveis\/menjador\/\">http:\/\/www.afamatagalls.com\/servei\/menjador<\/a><\/strong><\/p>\n","protected":false},"excerpt":{"rendered":"<p>El projecte de Cuina-Menjador-Hort ecol\u00f2gic de l\u2019Escola est\u00e0 \u00edntimament lligat al de l\u2019Hort Ecol\u00f2gic ja que formen part d\u2019una mateixa [&hellip;]<\/p>\n","protected":false},"author":1,"featured_media":0,"parent":66,"menu_order":30,"comment_status":"closed","ping_status":"closed","template":"page-templates\/side-menu.php","meta":{"_bbp_topic_count":0,"_bbp_reply_count":0,"_bbp_total_topic_count":0,"_bbp_total_reply_count":0,"_bbp_voice_count":0,"_bbp_anonymous_reply_count":0,"_bbp_topic_count_hidden":0,"_bbp_reply_count_hidden":0,"_bbp_forum_subforum_count":0,"site-sidebar-layout":"default","site-content-layout":"","ast-site-content-layout":"","site-content-style":"default","site-sidebar-style":"default","ast-global-header-display":"","ast-banner-title-visibility":"","ast-main-header-display":"","ast-hfb-above-header-display":"","ast-hfb-below-header-display":"","ast-hfb-mobile-header-display":"","site-post-title":"","ast-breadcrumbs-content":"","ast-featured-img":"","footer-sml-layout":"","theme-transparent-header-meta":"","adv-header-id-meta":"","stick-header-meta":"","header-above-stick-meta":"","header-main-stick-meta":"","header-below-stick-meta":"","astra-migrate-meta-layouts":"default","ast-page-background-enabled":"default","ast-page-background-meta":{"desktop":{"background-color":"var(--ast-global-color-4)","background-image":"","background-repeat":"repeat","background-position":"center center","background-size":"auto","background-attachment":"scroll","background-type":"","background-media":"","overlay-type":"","overlay-color":"","overlay-opacity":"","overlay-gradient":""},"tablet":{"background-color":"","background-image":"","background-repeat":"repeat","background-position":"center center","background-size":"auto","background-attachment":"scroll","background-type":"","background-media":"","overlay-type":"","overlay-color":"","overlay-opacity":"","overlay-gradient":""},"mobile":{"background-color":"","background-image":"","background-repeat":"repeat","background-position":"center center","background-size":"auto","background-attachment":"scroll","background-type":"","background-media":"","overlay-type":"","overlay-color":"","overlay-opacity":"","overlay-gradient":""}},"ast-content-background-meta":{"desktop":{"background-color":"var(--ast-global-color-5)","background-image":"","background-repeat":"repeat","background-position":"center center","background-size":"auto","background-attachment":"scroll","background-type":"","background-media":"","overlay-type":"","overlay-color":"","overlay-opacity":"","overlay-gradient":""},"tablet":{"background-color":"var(--ast-global-color-5)","background-image":"","background-repeat":"repeat","background-position":"center center","background-size":"auto","background-attachment":"scroll","background-type":"","background-media":"","overlay-type":"","overlay-color":"","overlay-opacity":"","overlay-gradient":""},"mobile":{"background-color":"var(--ast-global-color-5)","background-image":"","background-repeat":"repeat","background-position":"center center","background-size":"auto","background-attachment":"scroll","background-type":"","background-media":"","overlay-type":"","overlay-color":"","overlay-opacity":"","overlay-gradient":""}},"footnotes":""},"class_list":["post-73","page","type-page","status-publish","hentry"],"post_mailing_queue_ids":[],"_links":{"self":[{"href":"https:\/\/agora.xtec.cat\/escolamatagalls\/wp-json\/wp\/v2\/pages\/73","targetHints":{"allow":["GET"]}}],"collection":[{"href":"https:\/\/agora.xtec.cat\/escolamatagalls\/wp-json\/wp\/v2\/pages"}],"about":[{"href":"https:\/\/agora.xtec.cat\/escolamatagalls\/wp-json\/wp\/v2\/types\/page"}],"author":[{"embeddable":true,"href":"https:\/\/agora.xtec.cat\/escolamatagalls\/wp-json\/wp\/v2\/users\/1"}],"replies":[{"embeddable":true,"href":"https:\/\/agora.xtec.cat\/escolamatagalls\/wp-json\/wp\/v2\/comments?post=73"}],"version-history":[{"count":3,"href":"https:\/\/agora.xtec.cat\/escolamatagalls\/wp-json\/wp\/v2\/pages\/73\/revisions"}],"predecessor-version":[{"id":3115,"href":"https:\/\/agora.xtec.cat\/escolamatagalls\/wp-json\/wp\/v2\/pages\/73\/revisions\/3115"}],"up":[{"embeddable":true,"href":"https:\/\/agora.xtec.cat\/escolamatagalls\/wp-json\/wp\/v2\/pages\/66"}],"wp:attachment":[{"href":"https:\/\/agora.xtec.cat\/escolamatagalls\/wp-json\/wp\/v2\/media?parent=73"}],"curies":[{"name":"wp","href":"https:\/\/api.w.org\/{rel}","templated":true}]}}