{"id":64,"date":"2014-09-18T12:39:08","date_gmt":"2014-09-18T11:39:08","guid":{"rendered":"http:\/\/agora.xtec.cat\/escolamatagalls\/?page_id=64"},"modified":"2022-07-07T11:03:03","modified_gmt":"2022-07-07T09:03:03","slug":"projecte-educatiu","status":"publish","type":"page","link":"https:\/\/agora.xtec.cat\/escolamatagalls\/projecte-educatiu\/","title":{"rendered":"Projecte educatiu"},"content":{"rendered":"<p>A l\u2019escola pretenem crear un ambient motivador, on el sentit com\u00fa, la reflexi\u00f3 i l\u2019esperit cr\u00edtic gui\u00efn l\u2019acci\u00f3 educativa per a l\u2019aprenentatge de destreses i habilitats, i la cultura sigui l\u2019eix vertebrador de tota l\u2019adquisici\u00f3 de coneixements. Un centre que sigui capa\u00e7 de formar ciutadans capa\u00e7os de viure, con\u00e8ixer i integrar-se en la societat que els envolta i on els ha tocat\u00a0 viure.<\/p>\n<p>Som una escola que descobreix en el treball les aptituds de cadasc\u00fa, aprenent a desenvolupar totes les capacitats personals i a respectar les dels altres, fomentant l\u2019autoestima. Predomina l\u2019aspecte formatiu de la persona per sobre de l\u2019informatiu. La comunitat educativa estimula i potencia el desenvolupament integral de l\u2019alumnat tenint en compte les caracter\u00edstiques personals que fan \u00fanic\/a a cada alumne\/a.<\/p>\n<p>Treballem cap a una direcci\u00f3 de bones relacions personals i un bon clima de treball; on hi puguem treballar tots a gust i tota la comunitat educativa s\u2019hi senti ben acollida.<\/p>\n<p><strong>Com ho fem?<\/strong><\/p>\n<p>Estimant i estudiant l\u2019entorn.<\/p>\n<p>Educant en valors a partir d&#8217;un mateix i dels altres.<\/p>\n<p>Educant a partir de la pr\u00f2pia experi\u00e8ncia del nen\/a (aprenentatge significatiu mitjan\u00e7ant el m\u00e8tode cient\u00edfic).<\/p>\n<p>Treballant conjuntament amb el servei psicopedag\u00f2gic municipal i l&#8217;equip d&#8217;assessorament psicopedag\u00f2gic del\u00a0 Departament d\u2019Ensenyament i col\u00b7laborant estretament fam\u00edlia i escola.<\/p>\n<p><strong>Cap on anem?<\/strong><\/p>\n<p>Cap a una educaci\u00f3 global i competencial, valorant en la mateixa mesura totes les \u00e0rees.<\/p>\n<p>Cap a una formaci\u00f3 integral de la persona tenint en compte els aspectes intel\u00b7lectuals, emocionals i socials.<\/p>\n<p>Cap a un desenvolupament del nen\/a respectant la seva pr\u00f2pia experi\u00e8ncia.<\/p>\n<p>Cap a una tasca conjunta entre la fam\u00edlia i l&#8217;escola (escola, mestres i educadors).<\/p>\n<p>Cap a una educaci\u00f3 en i per a la llibertat<\/p>\n<p>Escola per la pau: potenciant nous models de relaci\u00f3 i cooperaci\u00f3.<\/p>\n<p><a href=\"https:\/\/agora.xtec.cat\/escolamatagalls\/docs\/projecte-educatiu-de-centre-2\/\">Projecte educatiu de l&#8217;escola Matagalls<\/a><\/p>\n<p>&nbsp;<\/p>\n<p>&nbsp;<\/p>\n<p>&nbsp;<\/p>\n","protected":false},"excerpt":{"rendered":"<p>A l\u2019escola pretenem crear un ambient motivador, on el sentit com\u00fa, la reflexi\u00f3 i l\u2019esperit cr\u00edtic gui\u00efn l\u2019acci\u00f3 educativa per [&hellip;]<\/p>\n","protected":false},"author":1,"featured_media":0,"parent":0,"menu_order":0,"comment_status":"closed","ping_status":"closed","template":"page-templates\/side-menu.php","meta":{"_bbp_topic_count":0,"_bbp_reply_count":0,"_bbp_total_topic_count":0,"_bbp_total_reply_count":0,"_bbp_voice_count":0,"_bbp_anonymous_reply_count":0,"_bbp_topic_count_hidden":0,"_bbp_reply_count_hidden":0,"_bbp_forum_subforum_count":0,"site-sidebar-layout":"default","site-content-layout":"","ast-site-content-layout":"","site-content-style":"default","site-sidebar-style":"default","ast-global-header-display":"","ast-banner-title-visibility":"","ast-main-header-display":"","ast-hfb-above-header-display":"","ast-hfb-below-header-display":"","ast-hfb-mobile-header-display":"","site-post-title":"","ast-breadcrumbs-content":"","ast-featured-img":"","footer-sml-layout":"","theme-transparent-header-meta":"","adv-header-id-meta":"","stick-header-meta":"","header-above-stick-meta":"","header-main-stick-meta":"","header-below-stick-meta":"","astra-migrate-meta-layouts":"default","ast-page-background-enabled":"default","ast-page-background-meta":{"desktop":{"background-color":"var(--ast-global-color-4)","background-image":"","background-repeat":"repeat","background-position":"center center","background-size":"auto","background-attachment":"scroll","background-type":"","background-media":"","overlay-type":"","overlay-color":"","overlay-opacity":"","overlay-gradient":""},"tablet":{"background-color":"","background-image":"","background-repeat":"repeat","background-position":"center center","background-size":"auto","background-attachment":"scroll","background-type":"","background-media":"","overlay-type":"","overlay-color":"","overlay-opacity":"","overlay-gradient":""},"mobile":{"background-color":"","background-image":"","background-repeat":"repeat","background-position":"center center","background-size":"auto","background-attachment":"scroll","background-type":"","background-media":"","overlay-type":"","overlay-color":"","overlay-opacity":"","overlay-gradient":""}},"ast-content-background-meta":{"desktop":{"background-color":"var(--ast-global-color-5)","background-image":"","background-repeat":"repeat","background-position":"center center","background-size":"auto","background-attachment":"scroll","background-type":"","background-media":"","overlay-type":"","overlay-color":"","overlay-opacity":"","overlay-gradient":""},"tablet":{"background-color":"var(--ast-global-color-5)","background-image":"","background-repeat":"repeat","background-position":"center center","background-size":"auto","background-attachment":"scroll","background-type":"","background-media":"","overlay-type":"","overlay-color":"","overlay-opacity":"","overlay-gradient":""},"mobile":{"background-color":"var(--ast-global-color-5)","background-image":"","background-repeat":"repeat","background-position":"center center","background-size":"auto","background-attachment":"scroll","background-type":"","background-media":"","overlay-type":"","overlay-color":"","overlay-opacity":"","overlay-gradient":""}},"footnotes":""},"class_list":["post-64","page","type-page","status-publish","hentry"],"post_mailing_queue_ids":[],"_links":{"self":[{"href":"https:\/\/agora.xtec.cat\/escolamatagalls\/wp-json\/wp\/v2\/pages\/64","targetHints":{"allow":["GET"]}}],"collection":[{"href":"https:\/\/agora.xtec.cat\/escolamatagalls\/wp-json\/wp\/v2\/pages"}],"about":[{"href":"https:\/\/agora.xtec.cat\/escolamatagalls\/wp-json\/wp\/v2\/types\/page"}],"author":[{"embeddable":true,"href":"https:\/\/agora.xtec.cat\/escolamatagalls\/wp-json\/wp\/v2\/users\/1"}],"replies":[{"embeddable":true,"href":"https:\/\/agora.xtec.cat\/escolamatagalls\/wp-json\/wp\/v2\/comments?post=64"}],"version-history":[{"count":3,"href":"https:\/\/agora.xtec.cat\/escolamatagalls\/wp-json\/wp\/v2\/pages\/64\/revisions"}],"predecessor-version":[{"id":4250,"href":"https:\/\/agora.xtec.cat\/escolamatagalls\/wp-json\/wp\/v2\/pages\/64\/revisions\/4250"}],"wp:attachment":[{"href":"https:\/\/agora.xtec.cat\/escolamatagalls\/wp-json\/wp\/v2\/media?parent=64"}],"curies":[{"name":"wp","href":"https:\/\/api.w.org\/{rel}","templated":true}]}}