{"id":561,"date":"2016-11-12T12:05:13","date_gmt":"2016-11-12T11:05:13","guid":{"rendered":"http:\/\/agora.xtec.cat\/escolamatagalls\/?page_id=561"},"modified":"2018-10-03T22:36:43","modified_gmt":"2018-10-03T20:36:43","slug":"lhort-i-escola-verda","status":"publish","type":"page","link":"https:\/\/agora.xtec.cat\/escolamatagalls\/projecte-educatiu\/lhort-i-escola-verda\/","title":{"rendered":"Hort i mediambient- Escola verda"},"content":{"rendered":"<p style=\"text-align: justify;\">El <a href=\"https:\/\/agora.xtec.cat\/escolamatagalls\/docs\/projecte-de-lhort\/\">Projecte d\u2019Hort<\/a> ecol\u00f2gic \u00e9s pioner i innovador en el municipi de Sta. M. De Palautordera a m\u00e9s de participar en el desenvolupament sostenible del municipi.<\/p>\n<p style=\"text-align: justify;\">El Projecte de Cuina-Menjador de l\u2019Escola, est\u00e0 \u00edntimament lligat al de l\u2019Hort Ecol\u00f2gic ja que formen part d\u2019una mateixa filosofia de vida. Una part important de les verdures que nens i nenes mengen al Menjador de l\u2019Escola les han plantat, regat i cuidat ells mateixos.<\/p>\n<p style=\"text-align: justify;\">El Projecte Hort forma part del Projecte educatiu de l\u2019Escola Matagalls com a eix transversal. La\u00a0Comissi\u00f3 d\u2019Hort, \u00e9s la que dirigeix i distribueix\u00a0\u00a0les feines i fa\u00a0la coordinaci\u00f3 de l\u2019hort tenint en compte les necessitats educatives i les de la cuina-menjador.<\/p>\n<p><a href=\"https:\/\/photos.app.goo.gl\/zg5Rvtx3WozwePHj9\"><img decoding=\"async\" src=\"https:\/\/lh3.googleusercontent.com\/RiBIXsyT1B50RaNrGbL5lUoWSRRWsZO1HHO2H82JYwjvnr5VqzzUHoMpPXc1UuDycqlLark5ucWQfKQ9TDn8iuQ-gpW0rkI3MLCA878IX0E=w960-h720-k-rw-no\" alt=\"V\u00c3\u00addeo: \" \/><\/a><\/p>\n<p style=\"text-align: justify;\">A l\u2019hort de l\u2019escola, els nens i nenes acompanyats pels adults, mestres, mares, pares i avis pagesos, i el conserge, hi planten tom\u00e0quets, cols, api, p\u00e8sols, enciams i escaroles, mongetes, maduixeres, carbasses i carbassons, julivert, coriandre, farigola, s\u00e0lvia,roman\u00ed, gira-sols, espernallac, camamilla&#8230; \u00c9s una bona manera d\u2019apropar-nos a la terra, de tocar-la, d\u2019olorar-la, d\u2019embrutar-nos i, sobretot \u201cd\u2019aprendre de la terra tot el que la terra ens pot ensenyar\u201d.<\/p>\n<p style=\"text-align: justify;\">Treballem l\u2019hort amb els avis pagesos, mestres i alumnes creant vincles i interrelacions generacionals b\u00e0siques en el creixement i maduraci\u00f3 de l\u2019infant.<\/p>\n<p style=\"text-align: justify;\">Entenem l\u2019hort ecol\u00f2gic com a suport did\u00e0ctic pels alumnes per\u00f2 tamb\u00e9 com a mitj\u00e0 per treballar l\u2019Educaci\u00f3 Ambiental\u00a0 com a instrument pedag\u00f2gic integrador<\/p>\n<p style=\"text-align: justify;\">Optem per un hort ecol\u00f2gic, lluny de l\u2019agricultura convencional. Per aix\u00f2, a l\u2019escola, \u00e9s important tenir una compostadora que formi part d\u2019aquest cicle i d\u2019aquesta manera apropar-nos a una cultura de la sostenibilitat.<\/p>\n<p style=\"text-align: justify;\">Aquest Projecte \u00e9s el resultat d\u2019una preocupaci\u00f3 d\u2019una part important del claustre actual amb el comprom\u00eds i la conducci\u00f3 de l\u2019equip directiu i la implicaci\u00f3 de la comunitat educativa.<br \/>\nD\u2019aquesta manera, al menjador escolar, vam comen\u00e7ar ja a seleccionar els residus en els contenidors de diferents colors separant la mat\u00e8ria org\u00e0nica que properament portarem a la compostadora, a cada aula hi ha el contenidor de paper, cada nen i nena porta l\u2019esmorzar a una carmanyola per a no utilitzar el paper d\u2019alumini altament contaminant&#8230;<\/p>\n<p style=\"text-align: justify;\">Un aspecte important a tenir en compte, \u00e9s que, aquesta activitat de l\u2019hort ecol\u00f2gic escolar \u00e9s utilitzada com a instrument pedag\u00f2gic i d\u2019aprenentatge, a la vegada que integradora i de servei a la societat en el vessant de la sostenibilitat. Tamb\u00e9 una eina d\u2019inclusi\u00f3 com a <strong>escola inclusiva<\/strong> que som. Per aix\u00f2 el personatge del conte \u00e9s un tom\u00e0quet xerri de la varietat bombeta de color groc, com a tret diferenciat\u00a0 que el fa ser \u201cespecial\u201d. \u00c9s un homenatge als nens \u201cespecials\u201d que \u201ctreballen\u201d l\u2019hort de l\u2019Escola.<\/p>\n<p>&nbsp;<\/p>\n","protected":false},"excerpt":{"rendered":"<p>El Projecte d\u2019Hort ecol\u00f2gic \u00e9s pioner i innovador en el municipi de Sta. M. De Palautordera a m\u00e9s de participar [&hellip;]<\/p>\n","protected":false},"author":1,"featured_media":0,"parent":64,"menu_order":0,"comment_status":"closed","ping_status":"closed","template":"page-templates\/side-menu.php","meta":{"_bbp_topic_count":0,"_bbp_reply_count":0,"_bbp_total_topic_count":0,"_bbp_total_reply_count":0,"_bbp_voice_count":0,"_bbp_anonymous_reply_count":0,"_bbp_topic_count_hidden":0,"_bbp_reply_count_hidden":0,"_bbp_forum_subforum_count":0,"site-sidebar-layout":"default","site-content-layout":"","ast-site-content-layout":"","site-content-style":"default","site-sidebar-style":"default","ast-global-header-display":"","ast-banner-title-visibility":"","ast-main-header-display":"","ast-hfb-above-header-display":"","ast-hfb-below-header-display":"","ast-hfb-mobile-header-display":"","site-post-title":"","ast-breadcrumbs-content":"","ast-featured-img":"","footer-sml-layout":"","theme-transparent-header-meta":"","adv-header-id-meta":"","stick-header-meta":"","header-above-stick-meta":"","header-main-stick-meta":"","header-below-stick-meta":"","astra-migrate-meta-layouts":"default","ast-page-background-enabled":"default","ast-page-background-meta":{"desktop":{"background-color":"var(--ast-global-color-4)","background-image":"","background-repeat":"repeat","background-position":"center center","background-size":"auto","background-attachment":"scroll","background-type":"","background-media":"","overlay-type":"","overlay-color":"","overlay-opacity":"","overlay-gradient":""},"tablet":{"background-color":"","background-image":"","background-repeat":"repeat","background-position":"center center","background-size":"auto","background-attachment":"scroll","background-type":"","background-media":"","overlay-type":"","overlay-color":"","overlay-opacity":"","overlay-gradient":""},"mobile":{"background-color":"","background-image":"","background-repeat":"repeat","background-position":"center center","background-size":"auto","background-attachment":"scroll","background-type":"","background-media":"","overlay-type":"","overlay-color":"","overlay-opacity":"","overlay-gradient":""}},"ast-content-background-meta":{"desktop":{"background-color":"var(--ast-global-color-5)","background-image":"","background-repeat":"repeat","background-position":"center center","background-size":"auto","background-attachment":"scroll","background-type":"","background-media":"","overlay-type":"","overlay-color":"","overlay-opacity":"","overlay-gradient":""},"tablet":{"background-color":"var(--ast-global-color-5)","background-image":"","background-repeat":"repeat","background-position":"center center","background-size":"auto","background-attachment":"scroll","background-type":"","background-media":"","overlay-type":"","overlay-color":"","overlay-opacity":"","overlay-gradient":""},"mobile":{"background-color":"var(--ast-global-color-5)","background-image":"","background-repeat":"repeat","background-position":"center center","background-size":"auto","background-attachment":"scroll","background-type":"","background-media":"","overlay-type":"","overlay-color":"","overlay-opacity":"","overlay-gradient":""}},"footnotes":""},"class_list":["post-561","page","type-page","status-publish","hentry"],"post_mailing_queue_ids":[],"_links":{"self":[{"href":"https:\/\/agora.xtec.cat\/escolamatagalls\/wp-json\/wp\/v2\/pages\/561","targetHints":{"allow":["GET"]}}],"collection":[{"href":"https:\/\/agora.xtec.cat\/escolamatagalls\/wp-json\/wp\/v2\/pages"}],"about":[{"href":"https:\/\/agora.xtec.cat\/escolamatagalls\/wp-json\/wp\/v2\/types\/page"}],"author":[{"embeddable":true,"href":"https:\/\/agora.xtec.cat\/escolamatagalls\/wp-json\/wp\/v2\/users\/1"}],"replies":[{"embeddable":true,"href":"https:\/\/agora.xtec.cat\/escolamatagalls\/wp-json\/wp\/v2\/comments?post=561"}],"version-history":[{"count":4,"href":"https:\/\/agora.xtec.cat\/escolamatagalls\/wp-json\/wp\/v2\/pages\/561\/revisions"}],"predecessor-version":[{"id":564,"href":"https:\/\/agora.xtec.cat\/escolamatagalls\/wp-json\/wp\/v2\/pages\/561\/revisions\/564"}],"up":[{"embeddable":true,"href":"https:\/\/agora.xtec.cat\/escolamatagalls\/wp-json\/wp\/v2\/pages\/64"}],"wp:attachment":[{"href":"https:\/\/agora.xtec.cat\/escolamatagalls\/wp-json\/wp\/v2\/media?parent=561"}],"curies":[{"name":"wp","href":"https:\/\/api.w.org\/{rel}","templated":true}]}}