{"id":4016,"date":"2022-02-13T22:19:27","date_gmt":"2022-02-13T21:19:27","guid":{"rendered":"https:\/\/agora.xtec.cat\/escolamatagalls\/?page_id=4016"},"modified":"2022-07-06T20:40:35","modified_gmt":"2022-07-06T18:40:35","slug":"estrategia-digital-de-centre","status":"publish","type":"page","link":"https:\/\/agora.xtec.cat\/escolamatagalls\/estrategia-digital-de-centre\/","title":{"rendered":"Estrat\u00e8gia digital de centre"},"content":{"rendered":"<div class=\"hJDwNd-AhqUyc-OwsYgb purZT-AhqUyc-II5mzb pSzOP-AhqUyc-qWD73c JNdkSc\">\n<div class=\"JNdkSc-SmKAyb\">\n<div class=\"\">\n<div class=\"oKdM2c Kzv0Me\">\n<div id=\"h.1906351bdfe79e74_35\" class=\"hJDwNd-AhqUyc-OwsYgb jXK9ad D2fZ2 OjCsFc wHaque GNzUNc\">\n<div class=\"jXK9ad-SmKAyb\">\n<div class=\"tyJCtd mGzaTb baZpAe\">\n<p class=\"CDt4Ke zfr3Q\" dir=\"ltr\">En el\u00a0<a href=\"https:\/\/drive.google.com\/file\/d\/13nhVjJx6y5d0LipEgLd_SAOj2MDTILlY\/view?usp=sharing\"><strong>PEC<\/strong><\/a> del centre es detallen les dades de contextualitzaci\u00f3 general del centre. Pel que fa als aspectes sobre tecnologia digital, cal tenir en compte que el centre fa anys que ha fet una clara aposta per la seva digitalitzaci\u00f3. Aix\u00ed, tot l&#8217;alumnat i professorat disposa d&#8217;un usuari de centre que els permet tenir serveis com s\u00f3n el correu electr\u00f2nic o l&#8217;emmagatzematge al n\u00favol.<\/p>\n<p class=\"CDt4Ke zfr3Q\" dir=\"ltr\">En el\u00a0<a href=\"https:\/\/drive.google.com\/file\/d\/1AnWGg7XeoOSiTeiSuJG5QJ8vC-X8bA48\/view\"><strong>Pla TAC<\/strong><\/a><span class=\" aw5Odc\"><a class=\"XqQF9c\" href=\"https:\/\/drive.google.com\/file\/d\/1AnWGg7XeoOSiTeiSuJG5QJ8vC-X8bA48\/view?usp=sharing\" target=\"_blank\" rel=\"noopener\"><strong>,<\/strong><\/a><\/span><strong>\u00a0<\/strong>elaborat el curs 2018\u00a0, es recullen les caracter\u00edstiques del centre en relaci\u00f3 a les TAC ( tecnologies per l\u2019aprenentatge i el coneixement), es defineixen els objectius i es planifiquen les actuacions que es duran a terme pel que fa als aspectes organitzatius, did\u00e0cticopedag\u00f2gics i curriculars.<\/p>\n<p class=\"CDt4Ke zfr3Q\" dir=\"ltr\">Des de la comissi\u00f3 de l&#8217;estrat\u00e8gia digital de centre<strong>\u00a0(EDC)<\/strong>\u00a0comen\u00e7arem a elaborar el\u00a0<a href=\"https:\/\/sites.google.com\/xtec.cat\/edcmatagalls\/inici\"><strong>Pla d&#8217;estrat\u00e8gia digital de centre<\/strong><\/a> a partir del Pla TAC incorporant els canvis socials i tecnol\u00f2gics que s\u2019han anat esdevenint i de la diagnosi que s&#8217;ha dut a terme.<\/p>\n<p dir=\"ltr\"><a href=\"https:\/\/sites.google.com\/xtec.cat\/edcmatagalls\/inici\"><img loading=\"lazy\" decoding=\"async\" class=\"alignleft wp-image-4017\" src=\"https:\/\/agora.xtec.cat\/escolamatagalls\/wp-content\/uploads\/usu965\/2022\/02\/1_Que-es-lEDC_v3-1-1024x724-1-300x212.jpg\" alt=\"\" width=\"367\" height=\"259\" srcset=\"https:\/\/agora.xtec.cat\/escolamatagalls\/wp-content\/uploads\/usu965\/2022\/02\/1_Que-es-lEDC_v3-1-1024x724-1-300x212.jpg 300w, https:\/\/agora.xtec.cat\/escolamatagalls\/wp-content\/uploads\/usu965\/2022\/02\/1_Que-es-lEDC_v3-1-1024x724-1-768x543.jpg 768w, https:\/\/agora.xtec.cat\/escolamatagalls\/wp-content\/uploads\/usu965\/2022\/02\/1_Que-es-lEDC_v3-1-1024x724-1.jpg 1024w\" sizes=\"auto, (max-width: 367px) 100vw, 367px\" \/><\/a><\/p>\n<p class=\"CDt4Ke zfr3Q\" dir=\"ltr\">\n<\/div>\n<\/div>\n<\/div>\n<\/div>\n<\/div>\n<\/div>\n<\/div>\n<div class=\"hJDwNd-AhqUyc-R6PoUb JNdkSc L6cTce-purZT L6cTce-pSzOP\">\n<div class=\"JNdkSc-SmKAyb\">\n<div class=\"\"><\/div>\n<\/div>\n<\/div>\n<div class=\"hJDwNd-AhqUyc-c5RTEf purZT-AhqUyc-c5RTEf pSzOP-AhqUyc-c5RTEf JNdkSc\">\n<div class=\"JNdkSc-SmKAyb\">\n<div class=\"\">\n<div class=\"oKdM2c Kzv0Me\">\n<div id=\"h.1906351bdfe79e74_46\" class=\"hJDwNd-AhqUyc-c5RTEf purZT-AhqUyc-c5RTEf pSzOP-AhqUyc-c5RTEf jXK9ad D2fZ2 OjCsFc wHaque\">\n<div class=\"jXK9ad-SmKAyb\">\n<div class=\"tyJCtd baZpAe\"><\/div>\n<\/div>\n<\/div>\n<\/div>\n<\/div>\n<\/div>\n<\/div>\n","protected":false},"excerpt":{"rendered":"<p>En el\u00a0PEC del centre es detallen les dades de contextualitzaci\u00f3 general del centre. Pel que fa als aspectes sobre tecnologia [&hellip;]<\/p>\n","protected":false},"author":1,"featured_media":0,"parent":0,"menu_order":0,"comment_status":"closed","ping_status":"closed","template":"","meta":{"_bbp_topic_count":0,"_bbp_reply_count":0,"_bbp_total_topic_count":0,"_bbp_total_reply_count":0,"_bbp_voice_count":0,"_bbp_anonymous_reply_count":0,"_bbp_topic_count_hidden":0,"_bbp_reply_count_hidden":0,"_bbp_forum_subforum_count":0,"site-sidebar-layout":"default","site-content-layout":"","ast-site-content-layout":"","site-content-style":"default","site-sidebar-style":"default","ast-global-header-display":"","ast-banner-title-visibility":"","ast-main-header-display":"","ast-hfb-above-header-display":"","ast-hfb-below-header-display":"","ast-hfb-mobile-header-display":"","site-post-title":"","ast-breadcrumbs-content":"","ast-featured-img":"","footer-sml-layout":"","theme-transparent-header-meta":"","adv-header-id-meta":"","stick-header-meta":"","header-above-stick-meta":"","header-main-stick-meta":"","header-below-stick-meta":"","astra-migrate-meta-layouts":"default","ast-page-background-enabled":"default","ast-page-background-meta":{"desktop":{"background-color":"var(--ast-global-color-4)","background-image":"","background-repeat":"repeat","background-position":"center center","background-size":"auto","background-attachment":"scroll","background-type":"","background-media":"","overlay-type":"","overlay-color":"","overlay-opacity":"","overlay-gradient":""},"tablet":{"background-color":"","background-image":"","background-repeat":"repeat","background-position":"center center","background-size":"auto","background-attachment":"scroll","background-type":"","background-media":"","overlay-type":"","overlay-color":"","overlay-opacity":"","overlay-gradient":""},"mobile":{"background-color":"","background-image":"","background-repeat":"repeat","background-position":"center center","background-size":"auto","background-attachment":"scroll","background-type":"","background-media":"","overlay-type":"","overlay-color":"","overlay-opacity":"","overlay-gradient":""}},"ast-content-background-meta":{"desktop":{"background-color":"var(--ast-global-color-5)","background-image":"","background-repeat":"repeat","background-position":"center center","background-size":"auto","background-attachment":"scroll","background-type":"","background-media":"","overlay-type":"","overlay-color":"","overlay-opacity":"","overlay-gradient":""},"tablet":{"background-color":"var(--ast-global-color-5)","background-image":"","background-repeat":"repeat","background-position":"center center","background-size":"auto","background-attachment":"scroll","background-type":"","background-media":"","overlay-type":"","overlay-color":"","overlay-opacity":"","overlay-gradient":""},"mobile":{"background-color":"var(--ast-global-color-5)","background-image":"","background-repeat":"repeat","background-position":"center center","background-size":"auto","background-attachment":"scroll","background-type":"","background-media":"","overlay-type":"","overlay-color":"","overlay-opacity":"","overlay-gradient":""}},"footnotes":""},"class_list":["post-4016","page","type-page","status-publish","hentry"],"post_mailing_queue_ids":[],"_links":{"self":[{"href":"https:\/\/agora.xtec.cat\/escolamatagalls\/wp-json\/wp\/v2\/pages\/4016","targetHints":{"allow":["GET"]}}],"collection":[{"href":"https:\/\/agora.xtec.cat\/escolamatagalls\/wp-json\/wp\/v2\/pages"}],"about":[{"href":"https:\/\/agora.xtec.cat\/escolamatagalls\/wp-json\/wp\/v2\/types\/page"}],"author":[{"embeddable":true,"href":"https:\/\/agora.xtec.cat\/escolamatagalls\/wp-json\/wp\/v2\/users\/1"}],"replies":[{"embeddable":true,"href":"https:\/\/agora.xtec.cat\/escolamatagalls\/wp-json\/wp\/v2\/comments?post=4016"}],"version-history":[{"count":3,"href":"https:\/\/agora.xtec.cat\/escolamatagalls\/wp-json\/wp\/v2\/pages\/4016\/revisions"}],"predecessor-version":[{"id":4248,"href":"https:\/\/agora.xtec.cat\/escolamatagalls\/wp-json\/wp\/v2\/pages\/4016\/revisions\/4248"}],"wp:attachment":[{"href":"https:\/\/agora.xtec.cat\/escolamatagalls\/wp-json\/wp\/v2\/media?parent=4016"}],"curies":[{"name":"wp","href":"https:\/\/api.w.org\/{rel}","templated":true}]}}