{"id":38,"date":"2014-09-18T12:34:08","date_gmt":"2014-09-18T11:34:08","guid":{"rendered":"http:\/\/agora.xtec.cat\/escolamatagalls\/?page_id=38"},"modified":"2023-09-29T16:07:22","modified_gmt":"2023-09-29T14:07:22","slug":"salut","status":"publish","type":"page","link":"https:\/\/agora.xtec.cat\/escolamatagalls\/lescola\/salut\/","title":{"rendered":"Salut"},"content":{"rendered":"<p>El car\u00e0cter d&#8217;aquesta p\u00e0gina \u00e9s b\u00e0sicament informatiu.<\/p>\n<p>En aquesta secci\u00f3 farem refer\u00e8ncia directa a q\u00fcestions de salut que afecten directament als alumnes del centre.<\/p>\n<p><a href=\"https:\/\/drive.google.com\/file\/d\/1gRr3St9pA0bbIfifU-dNY9GyZUb1UfW8\/view?usp=sharing\"><strong>Administraci\u00f3 de paracetamol<\/strong><\/a><\/p>\n<p><a href=\"https:\/\/drive.google.com\/file\/d\/1xX6otfSEGVrFM5o8mKq_Cw3Kx3lEPxZt\/view?usp=drive_link\"><strong>Autoritzaci\u00f3 medicaments<\/strong><\/a><\/p>\n<p><a href=\"https:\/\/drive.google.com\/file\/d\/1qs11-p44tFMpP0jnosveSKAfnJRWpJfv\/view?usp=sharing\"><strong>Intoler\u00e0ncies i al\u00b7l\u00e8rgies<\/strong><\/a><\/p>\n<p>Tamb\u00e9 anirem penjant tota aquella informaci\u00f3 relacionada amb la <strong>COVID-19<\/strong> i que tenen a veure amb les normatives, recomanacions&#8230;<\/p>\n<p><a href=\"https:\/\/drive.google.com\/file\/d\/1Zwm6WW1qj8Gx-pwETyPn5xl3FB70b8AP\/view?usp=sharing\">Pla d&#8217;Obertura curs 2020-2021 Escola Matagalls<\/a><\/p>\n<p><a href=\"https:\/\/drive.google.com\/file\/d\/12iqoItJ5Q_-i5ppQv1yYvG-nlt1s4epg\/view?usp=sharing\">Instruccions curs 2020-21<\/a><\/p>\n<p><a href=\"https:\/\/drive.google.com\/file\/d\/1zsgrWRq66ffDVixZZe9pcbFYx0IHfm46\/view?usp=sharing\">Pla d&#8217;actuaci\u00f3 per al curs 2020-2021 per a centres educatius en el marc de la pand\u00e8mia<\/a><\/p>\n<p><a href=\"https:\/\/drive.google.com\/file\/d\/1BA7qWISELrof6eql8xHEWlviA8nAjkAc\/view?usp=sharing\">FAQS i Guia per elaborar el pla d&#8217;organitzaci\u00f3 dels centres educatius per al curs 2020-2021<\/a><\/p>\n<p><a href=\"https:\/\/drive.google.com\/file\/d\/1iWdQNAbKexRRmSVvj8GKej5FCYzkTieX\/view?usp=sharing\">Salut i Escola &#8211; Carta a les fam\u00edlies<\/a><\/p>\n<p><a href=\"https:\/\/drive.google.com\/file\/d\/1cuSbsNlQugruphhczpYA3Yjj4r4lCiE_\/view?usp=sharing\">Salut i Escola &#8211; Annex fam\u00edlies<\/a><\/p>\n<p><a href=\"https:\/\/drive.google.com\/file\/d\/1RmkmXFmFKGo5rgbBNUEF44rFbBtjvLaD\/view?usp=sharing\">Informe obertura centres<\/a><\/p>\n<p><a href=\"https:\/\/drive.google.com\/file\/d\/1thlB868N6-R763GbLJWsBPPxeY7hr9bG\/view?usp=sharing\">Adaptaci\u00f3 &#8211; mesures complement\u00e0ries<\/a><\/p>\n<p><a href=\"https:\/\/drive.google.com\/file\/d\/1g8zatkt8ISSlIKQRuZrZ6vwtjKYpa4f2\/view?usp=sharing\">Protocol Gesti\u00f3 de casos Revisat<\/a><\/p>\n<p><a href=\"https:\/\/canalsalut.gencat.cat\/ca\/salut-a-z\/c\/coronavirus-2019-ncov\/ciutadania\/salut-escola\/informacio-per-a-families\/\"><strong>M\u00e9s Informacions<\/strong><\/a><\/p>\n<p>&nbsp;<\/p>\n","protected":false},"excerpt":{"rendered":"<p>El car\u00e0cter d&#8217;aquesta p\u00e0gina \u00e9s b\u00e0sicament informatiu. En aquesta secci\u00f3 farem refer\u00e8ncia directa a q\u00fcestions de salut que afecten directament [&hellip;]<\/p>\n","protected":false},"author":1,"featured_media":0,"parent":22,"menu_order":80,"comment_status":"closed","ping_status":"closed","template":"page-templates\/side-menu.php","meta":{"_bbp_topic_count":0,"_bbp_reply_count":0,"_bbp_total_topic_count":0,"_bbp_total_reply_count":0,"_bbp_voice_count":0,"_bbp_anonymous_reply_count":0,"_bbp_topic_count_hidden":0,"_bbp_reply_count_hidden":0,"_bbp_forum_subforum_count":0,"site-sidebar-layout":"default","site-content-layout":"","ast-site-content-layout":"","site-content-style":"default","site-sidebar-style":"default","ast-global-header-display":"","ast-banner-title-visibility":"","ast-main-header-display":"","ast-hfb-above-header-display":"","ast-hfb-below-header-display":"","ast-hfb-mobile-header-display":"","site-post-title":"","ast-breadcrumbs-content":"","ast-featured-img":"","footer-sml-layout":"","theme-transparent-header-meta":"","adv-header-id-meta":"","stick-header-meta":"","header-above-stick-meta":"","header-main-stick-meta":"","header-below-stick-meta":"","astra-migrate-meta-layouts":"default","ast-page-background-enabled":"default","ast-page-background-meta":{"desktop":{"background-color":"var(--ast-global-color-4)","background-image":"","background-repeat":"repeat","background-position":"center center","background-size":"auto","background-attachment":"scroll","background-type":"","background-media":"","overlay-type":"","overlay-color":"","overlay-opacity":"","overlay-gradient":""},"tablet":{"background-color":"","background-image":"","background-repeat":"repeat","background-position":"center center","background-size":"auto","background-attachment":"scroll","background-type":"","background-media":"","overlay-type":"","overlay-color":"","overlay-opacity":"","overlay-gradient":""},"mobile":{"background-color":"","background-image":"","background-repeat":"repeat","background-position":"center center","background-size":"auto","background-attachment":"scroll","background-type":"","background-media":"","overlay-type":"","overlay-color":"","overlay-opacity":"","overlay-gradient":""}},"ast-content-background-meta":{"desktop":{"background-color":"var(--ast-global-color-5)","background-image":"","background-repeat":"repeat","background-position":"center center","background-size":"auto","background-attachment":"scroll","background-type":"","background-media":"","overlay-type":"","overlay-color":"","overlay-opacity":"","overlay-gradient":""},"tablet":{"background-color":"var(--ast-global-color-5)","background-image":"","background-repeat":"repeat","background-position":"center center","background-size":"auto","background-attachment":"scroll","background-type":"","background-media":"","overlay-type":"","overlay-color":"","overlay-opacity":"","overlay-gradient":""},"mobile":{"background-color":"var(--ast-global-color-5)","background-image":"","background-repeat":"repeat","background-position":"center center","background-size":"auto","background-attachment":"scroll","background-type":"","background-media":"","overlay-type":"","overlay-color":"","overlay-opacity":"","overlay-gradient":""}},"footnotes":""},"class_list":["post-38","page","type-page","status-publish","hentry"],"post_mailing_queue_ids":[],"_links":{"self":[{"href":"https:\/\/agora.xtec.cat\/escolamatagalls\/wp-json\/wp\/v2\/pages\/38","targetHints":{"allow":["GET"]}}],"collection":[{"href":"https:\/\/agora.xtec.cat\/escolamatagalls\/wp-json\/wp\/v2\/pages"}],"about":[{"href":"https:\/\/agora.xtec.cat\/escolamatagalls\/wp-json\/wp\/v2\/types\/page"}],"author":[{"embeddable":true,"href":"https:\/\/agora.xtec.cat\/escolamatagalls\/wp-json\/wp\/v2\/users\/1"}],"replies":[{"embeddable":true,"href":"https:\/\/agora.xtec.cat\/escolamatagalls\/wp-json\/wp\/v2\/comments?post=38"}],"version-history":[{"count":5,"href":"https:\/\/agora.xtec.cat\/escolamatagalls\/wp-json\/wp\/v2\/pages\/38\/revisions"}],"predecessor-version":[{"id":4522,"href":"https:\/\/agora.xtec.cat\/escolamatagalls\/wp-json\/wp\/v2\/pages\/38\/revisions\/4522"}],"up":[{"embeddable":true,"href":"https:\/\/agora.xtec.cat\/escolamatagalls\/wp-json\/wp\/v2\/pages\/22"}],"wp:attachment":[{"href":"https:\/\/agora.xtec.cat\/escolamatagalls\/wp-json\/wp\/v2\/media?parent=38"}],"curies":[{"name":"wp","href":"https:\/\/api.w.org\/{rel}","templated":true}]}}