{"id":36,"date":"2014-09-18T12:33:11","date_gmt":"2014-09-18T11:33:11","guid":{"rendered":"http:\/\/agora.xtec.cat\/escolamatagalls\/?page_id=36"},"modified":"2021-06-23T11:51:56","modified_gmt":"2021-06-23T09:51:56","slug":"material-escolar","status":"publish","type":"page","link":"https:\/\/agora.xtec.cat\/escolamatagalls\/lescola\/material-escolar\/","title":{"rendered":"Material escolar"},"content":{"rendered":"<p>&nbsp;<\/p>\n<table class=\" alignleft\" width=\"655\">\n<tbody>\n<tr>\n<td width=\"208\"><\/td>\n<td width=\"50\"><strong>P-3 <\/strong><strong>Llunes<\/strong><\/td>\n<td width=\"47\"><strong>P-4<\/strong><strong> Estrelles<\/strong><\/td>\n<td width=\"47\"><strong>P5 <\/strong><strong>Sols<\/strong><\/td>\n<td width=\"57\"><strong>1r <\/strong><strong>Esquirols<\/strong><\/td>\n<td width=\"57\"><strong>2n<\/strong><\/p>\n<p><strong>Eri\u00e7ons<\/strong><\/td>\n<td width=\"47\"><strong>3r <\/strong><strong>Roures<\/strong><\/td>\n<td width=\"47\"><strong>4t<\/strong><\/p>\n<p><strong>Avets<\/strong><\/p>\n<p><strong>\u00a0<\/strong><\/td>\n<td width=\"47\"><strong>5\u00e8<\/strong><\/p>\n<p><strong>Gorgs<\/strong><\/p>\n<p><strong>\u00a0<\/strong><\/td>\n<td width=\"47\"><strong>6\u00e8<\/strong><\/p>\n<p><strong>Sots<\/strong><\/p>\n<p><strong>\u00a0<\/strong><\/td>\n<\/tr>\n<tr>\n<td width=\"208\">Bata amb botons, marcada i amb el nom cosit al davant, amb una beta de 20 cm per penjar-la.<\/td>\n<td width=\"50\"><strong>X<\/strong><\/td>\n<td width=\"47\"><strong>X<\/strong><\/td>\n<td width=\"47\"><strong>X<\/strong><\/td>\n<td width=\"57\"><strong>X<\/strong><\/td>\n<td width=\"57\"><strong>X<\/strong><\/td>\n<td width=\"47\"><strong>\u00a0<\/strong><\/td>\n<td width=\"47\"><strong>\u00a0<\/strong><\/td>\n<td width=\"47\"><strong>\u00a0<\/strong><\/td>\n<td width=\"47\"><strong>\u00a0<\/strong><\/td>\n<\/tr>\n<tr>\n<td width=\"208\">Bata, camisa vella, davantal&#8230; amb una beta de 20 cm per penjar-la, per a pl\u00e0stica.<\/td>\n<td width=\"50\"><strong>\u00a0<\/strong><\/td>\n<td width=\"47\"><strong>\u00a0<\/strong><\/td>\n<td width=\"47\"><strong>\u00a0<\/strong><\/td>\n<td width=\"57\"><strong>\u00a0<\/strong><\/td>\n<td width=\"57\"><strong>\u00a0<\/strong><\/td>\n<td width=\"47\"><strong>X<\/strong><\/td>\n<td width=\"47\"><strong>X<\/strong><\/td>\n<td width=\"47\"><strong>X<\/strong><\/td>\n<td width=\"47\"><strong>X<\/strong><\/td>\n<\/tr>\n<tr>\n<td width=\"208\">Xandall de l\u2019escola<\/td>\n<td width=\"50\"><strong>X<\/strong><\/td>\n<td width=\"47\"><strong>X<\/strong><\/td>\n<td width=\"47\"><strong>X<\/strong><\/td>\n<td width=\"57\"><strong>X<\/strong><\/td>\n<td width=\"57\"><strong>X<\/strong><\/td>\n<td width=\"47\"><strong>X<\/strong><\/td>\n<td width=\"47\"><strong>X<\/strong><\/td>\n<td width=\"47\"><strong>X<\/strong><\/td>\n<td width=\"47\"><strong>X<\/strong><\/td>\n<\/tr>\n<tr>\n<td width=\"208\">Ampolla reutilitzable de pl\u00e0stic o cantimplora<\/td>\n<td width=\"50\"><strong>X<\/strong><\/td>\n<td width=\"47\"><strong>X<\/strong><\/td>\n<td width=\"47\"><strong>X<\/strong><\/td>\n<td width=\"57\"><strong>X<\/strong><\/td>\n<td width=\"57\"><strong>X<\/strong><\/td>\n<td width=\"47\"><strong>X<\/strong><\/td>\n<td width=\"47\"><strong>X<\/strong><\/td>\n<td width=\"47\"><strong>X<\/strong><\/td>\n<td width=\"47\"><strong>X<\/strong><\/td>\n<\/tr>\n<tr>\n<td width=\"208\">Bossa d&#8217;esmorzar de roba: Carmanyola de pl\u00e0stic petita i tovall\u00f3<\/td>\n<td width=\"50\"><strong>X<\/strong><\/td>\n<td width=\"47\"><strong>X<\/strong><\/td>\n<td width=\"47\"><strong>X<\/strong><\/td>\n<td width=\"57\"><strong>X<\/strong><\/td>\n<td width=\"57\"><strong>X<\/strong><\/td>\n<td width=\"47\"><strong>X<\/strong><\/td>\n<td width=\"47\"><strong>X<\/strong><\/td>\n<td width=\"47\"><strong>X<\/strong><\/td>\n<td width=\"47\"><strong>X<\/strong><\/td>\n<\/tr>\n<tr>\n<td width=\"208\">Capsa de mocadors de paper<\/td>\n<td width=\"50\"><strong>X<\/strong><\/td>\n<td width=\"47\"><strong>X<\/strong><\/td>\n<td width=\"47\"><strong>X<\/strong><\/td>\n<td width=\"57\"><strong>X<\/strong><\/td>\n<td width=\"57\"><strong>X<\/strong><\/td>\n<td width=\"47\"><strong>X<\/strong><\/td>\n<td width=\"47\"><strong>X<\/strong><\/td>\n<td width=\"47\"><strong>X<\/strong><\/td>\n<td width=\"47\"><strong>X<\/strong><\/td>\n<\/tr>\n<tr>\n<td width=\"208\">Un paquet de &#8220;tovalloletes&#8221; humides preferentment biodegradables<\/td>\n<td width=\"50\"><strong>X<\/strong><\/td>\n<td width=\"47\"><strong>X<\/strong><\/td>\n<td width=\"47\"><strong>X<\/strong><\/td>\n<td width=\"57\"><\/td>\n<td width=\"57\"><\/td>\n<td width=\"47\"><\/td>\n<td width=\"47\"><\/td>\n<td width=\"47\"><\/td>\n<td width=\"47\"><\/td>\n<\/tr>\n<tr>\n<td width=\"208\">Una ampolleta de gel hidroalcoh\u00f2lic amb dosificador de 500 ml<\/td>\n<td width=\"50\"><\/td>\n<td width=\"47\"><\/td>\n<td width=\"47\"><\/td>\n<td width=\"57\"><strong>X<\/strong><\/td>\n<td width=\"57\"><strong>X<\/strong><\/td>\n<td width=\"47\"><strong>X<\/strong><\/td>\n<td width=\"47\"><strong>X<\/strong><\/td>\n<td width=\"47\"><strong>X<\/strong><\/td>\n<td width=\"47\"><strong>X<\/strong><\/td>\n<\/tr>\n<tr>\n<td width=\"208\">Mitjons de psicomotricitat (anti-lliscants),dins una bossa de roba.<\/td>\n<td width=\"50\"><strong>X<\/strong><\/td>\n<td width=\"47\"><strong>X<\/strong><\/td>\n<td width=\"47\"><strong>X<\/strong><\/td>\n<td width=\"57\"><strong>\u00a0<\/strong><\/td>\n<td width=\"57\"><strong>\u00a0<\/strong><\/td>\n<td width=\"47\"><strong>\u00a0<\/strong><\/td>\n<td width=\"47\"><strong>\u00a0<\/strong><\/td>\n<td width=\"47\"><strong>\u00a0<\/strong><\/td>\n<td width=\"47\"><strong>\u00a0<\/strong><\/td>\n<\/tr>\n<tr>\n<td width=\"208\">Necesser d\u2019Educaci\u00f3 f\u00edsica: sab\u00f3, tovalloleta i samarreta de recanvi.<\/td>\n<td width=\"50\"><strong>\u00a0<\/strong><\/td>\n<td width=\"47\"><strong>\u00a0<\/strong><\/td>\n<td width=\"47\"><strong>\u00a0<\/strong><\/td>\n<td width=\"57\"><strong>X<\/strong><\/td>\n<td width=\"57\"><strong>X<\/strong><\/td>\n<td width=\"47\"><strong>X<\/strong><\/td>\n<td width=\"47\"><strong>X<\/strong><\/td>\n<td width=\"47\"><strong>\u00a0<\/strong><\/td>\n<td width=\"47\"><strong>\u00a0<\/strong><\/td>\n<\/tr>\n<tr>\n<td width=\"208\">Necesser d\u2019Educaci\u00f3 f\u00edsica: sab\u00f3, tovallola per dutxar-se i roba de recanvi. Recordar que les sabatilles esportives no tinguin la sola negra.<\/td>\n<td width=\"50\"><strong>\u00a0<\/strong><\/td>\n<td width=\"47\"><strong>\u00a0<\/strong><\/td>\n<td width=\"47\"><strong>\u00a0<\/strong><\/td>\n<td width=\"57\"><strong>\u00a0<\/strong><\/td>\n<td width=\"57\"><strong>\u00a0<\/strong><\/td>\n<td width=\"47\"><strong>\u00a0<\/strong><\/td>\n<td width=\"47\"><strong>\u00a0<\/strong><\/td>\n<td width=\"47\"><strong>X<\/strong><\/td>\n<td width=\"47\"><strong>X<\/strong><\/td>\n<\/tr>\n<tr>\n<td width=\"208\">Una muda de recanvi sencera\u00a0\u00a0 per l\u2019escola dins d\u2019una bossa de roba.<\/td>\n<td width=\"50\"><strong>X<\/strong><\/td>\n<td width=\"47\"><strong>X<\/strong><\/td>\n<td width=\"47\"><strong>X<\/strong><\/td>\n<td width=\"57\"><strong>\u00a0<\/strong><\/td>\n<td width=\"57\"><strong>\u00a0<\/strong><\/td>\n<td width=\"47\"><strong>\u00a0<\/strong><\/td>\n<td width=\"47\"><strong>\u00a0<\/strong><\/td>\n<td width=\"47\"><strong>\u00a0<\/strong><\/td>\n<td width=\"47\"><strong>\u00a0<\/strong><\/td>\n<\/tr>\n<tr>\n<td width=\"208\">Comp\u00e0s.<\/td>\n<td width=\"50\"><strong>\u00a0<\/strong><\/td>\n<td width=\"47\"><strong>\u00a0<\/strong><\/td>\n<td width=\"47\"><strong>\u00a0<\/strong><\/td>\n<td width=\"57\"><strong>\u00a0<\/strong><\/td>\n<td width=\"57\"><strong>\u00a0<\/strong><\/td>\n<td width=\"47\"><strong>\u00a0<\/strong><\/td>\n<td width=\"47\"><strong>\u00a0<\/strong><\/td>\n<td width=\"47\"><strong>X<\/strong><\/td>\n<td width=\"47\"><strong>X<\/strong><\/td>\n<\/tr>\n<tr>\n<td width=\"208\">Una calculadora de 8 d\u00edgits<\/p>\n<p>&nbsp;<\/td>\n<td width=\"50\"><strong>\u00a0<\/strong><\/td>\n<td width=\"47\"><strong>\u00a0<\/strong><\/td>\n<td width=\"47\"><strong>\u00a0<\/strong><\/td>\n<td width=\"57\"><strong>\u00a0<\/strong><\/td>\n<td width=\"57\"><strong>X<\/strong><\/td>\n<td width=\"47\"><strong>X<\/strong><\/td>\n<td width=\"47\"><strong>X<\/strong><\/td>\n<td width=\"47\"><strong>X<\/strong><\/td>\n<td width=\"47\"><strong>X<\/strong><\/td>\n<\/tr>\n<tr>\n<td width=\"208\">Estoig <strong>no met\u00e0l\u00b7lic<\/strong>, tipus bossa, <strong>BUIT (es queda a l\u2019escola)<\/strong><\/td>\n<td width=\"50\"><strong>\u00a0<\/strong><\/td>\n<td width=\"47\"><strong>\u00a0<\/strong><\/td>\n<td width=\"47\"><strong>\u00a0<\/strong><\/td>\n<td width=\"57\"><strong>\u00a0<\/strong><\/td>\n<td width=\"57\"><strong>\u00a0<\/strong><\/td>\n<td width=\"47\"><strong>X<\/strong><\/td>\n<td width=\"47\"><strong>X<\/strong><\/td>\n<td width=\"47\"><strong>X<\/strong><\/td>\n<td width=\"47\"><strong>X<\/strong><\/td>\n<\/tr>\n<\/tbody>\n<\/table>\n","protected":false},"excerpt":{"rendered":"<p>&nbsp; P-3 Llunes P-4 Estrelles P5 Sols 1r Esquirols 2n Eri\u00e7ons 3r Roures 4t Avets \u00a0 5\u00e8 Gorgs \u00a0 6\u00e8 [&hellip;]<\/p>\n","protected":false},"author":1,"featured_media":0,"parent":22,"menu_order":70,"comment_status":"closed","ping_status":"closed","template":"page-templates\/side-menu.php","meta":{"_bbp_topic_count":0,"_bbp_reply_count":0,"_bbp_total_topic_count":0,"_bbp_total_reply_count":0,"_bbp_voice_count":0,"_bbp_anonymous_reply_count":0,"_bbp_topic_count_hidden":0,"_bbp_reply_count_hidden":0,"_bbp_forum_subforum_count":0,"site-sidebar-layout":"default","site-content-layout":"","ast-site-content-layout":"","site-content-style":"default","site-sidebar-style":"default","ast-global-header-display":"","ast-banner-title-visibility":"","ast-main-header-display":"","ast-hfb-above-header-display":"","ast-hfb-below-header-display":"","ast-hfb-mobile-header-display":"","site-post-title":"","ast-breadcrumbs-content":"","ast-featured-img":"","footer-sml-layout":"","theme-transparent-header-meta":"","adv-header-id-meta":"","stick-header-meta":"","header-above-stick-meta":"","header-main-stick-meta":"","header-below-stick-meta":"","astra-migrate-meta-layouts":"default","ast-page-background-enabled":"default","ast-page-background-meta":{"desktop":{"background-color":"var(--ast-global-color-4)","background-image":"","background-repeat":"repeat","background-position":"center center","background-size":"auto","background-attachment":"scroll","background-type":"","background-media":"","overlay-type":"","overlay-color":"","overlay-opacity":"","overlay-gradient":""},"tablet":{"background-color":"","background-image":"","background-repeat":"repeat","background-position":"center center","background-size":"auto","background-attachment":"scroll","background-type":"","background-media":"","overlay-type":"","overlay-color":"","overlay-opacity":"","overlay-gradient":""},"mobile":{"background-color":"","background-image":"","background-repeat":"repeat","background-position":"center center","background-size":"auto","background-attachment":"scroll","background-type":"","background-media":"","overlay-type":"","overlay-color":"","overlay-opacity":"","overlay-gradient":""}},"ast-content-background-meta":{"desktop":{"background-color":"var(--ast-global-color-5)","background-image":"","background-repeat":"repeat","background-position":"center center","background-size":"auto","background-attachment":"scroll","background-type":"","background-media":"","overlay-type":"","overlay-color":"","overlay-opacity":"","overlay-gradient":""},"tablet":{"background-color":"var(--ast-global-color-5)","background-image":"","background-repeat":"repeat","background-position":"center center","background-size":"auto","background-attachment":"scroll","background-type":"","background-media":"","overlay-type":"","overlay-color":"","overlay-opacity":"","overlay-gradient":""},"mobile":{"background-color":"var(--ast-global-color-5)","background-image":"","background-repeat":"repeat","background-position":"center center","background-size":"auto","background-attachment":"scroll","background-type":"","background-media":"","overlay-type":"","overlay-color":"","overlay-opacity":"","overlay-gradient":""}},"footnotes":""},"class_list":["post-36","page","type-page","status-publish","hentry"],"post_mailing_queue_ids":[],"_links":{"self":[{"href":"https:\/\/agora.xtec.cat\/escolamatagalls\/wp-json\/wp\/v2\/pages\/36","targetHints":{"allow":["GET"]}}],"collection":[{"href":"https:\/\/agora.xtec.cat\/escolamatagalls\/wp-json\/wp\/v2\/pages"}],"about":[{"href":"https:\/\/agora.xtec.cat\/escolamatagalls\/wp-json\/wp\/v2\/types\/page"}],"author":[{"embeddable":true,"href":"https:\/\/agora.xtec.cat\/escolamatagalls\/wp-json\/wp\/v2\/users\/1"}],"replies":[{"embeddable":true,"href":"https:\/\/agora.xtec.cat\/escolamatagalls\/wp-json\/wp\/v2\/comments?post=36"}],"version-history":[{"count":4,"href":"https:\/\/agora.xtec.cat\/escolamatagalls\/wp-json\/wp\/v2\/pages\/36\/revisions"}],"predecessor-version":[{"id":3706,"href":"https:\/\/agora.xtec.cat\/escolamatagalls\/wp-json\/wp\/v2\/pages\/36\/revisions\/3706"}],"up":[{"embeddable":true,"href":"https:\/\/agora.xtec.cat\/escolamatagalls\/wp-json\/wp\/v2\/pages\/22"}],"wp:attachment":[{"href":"https:\/\/agora.xtec.cat\/escolamatagalls\/wp-json\/wp\/v2\/media?parent=36"}],"curies":[{"name":"wp","href":"https:\/\/api.w.org\/{rel}","templated":true}]}}