{"id":32,"date":"2014-09-18T12:31:33","date_gmt":"2014-09-18T11:31:33","guid":{"rendered":"http:\/\/agora.xtec.cat\/escolamatagalls\/?page_id=32"},"modified":"2025-09-15T12:59:56","modified_gmt":"2025-09-15T10:59:56","slug":"calendari-del-curs","status":"publish","type":"page","link":"https:\/\/agora.xtec.cat\/escolamatagalls\/lescola\/calendari-del-curs\/","title":{"rendered":"Calendari del curs 2025-26"},"content":{"rendered":"<h4><strong>Inici de curs:<\/strong><\/h4>\n<p>8 de setembre de 2025<\/p>\n<h4><strong>Vacances:<\/strong><\/h4>\n<p>Del 2o de desembre de 2024 al 7 de gener de 2026 (ambd\u00f3s inclosos): vacances de Nadal.<\/p>\n<p>Del 28 de mar\u00e7 al 6 d&#8217;abril de 2026 (ambd\u00f3s inclosos): vacances de Setmana Santa.<\/p>\n<p>19 de juny de 2026: acaben les classes a tots els centres<\/p>\n<h4><strong>Dies festius de lliure disposici\u00f3:<\/strong><\/h4>\n<p>10 d\u2019octubre de 2025<\/p>\n<p>31 d&#8217;octubre de 2025<\/p>\n<p>16 de febrer de 2026<\/p>\n<p>25 de maig de 2026<\/p>\n<h4><strong>Festes locals:<\/strong><\/h4>\n<p>Mare de D\u00e9u del Remei 13 d\u2019octubre de 2025 i Sant Proget 26 de gener de 2026<\/p>\n<h4><strong>Jornada compactada:<\/strong><\/h4>\n<p>19 de desembre de 2025<\/p>\n<p>Del 8 al 19 de juny de 2026<\/p>\n<p>&nbsp;<\/p>\n<p>L\u2019<b>horari lectiu<\/b> del centre \u00e9s de 9 a 12.30 h i de 15,00 a 16.30 h per a tots els alumnes del centre. El dia 19 de desembre de 2025 i a partir del 8 de juny de 2026 es realitza horari compactat de 9 a 13\u202fh. (Els alumnes que utilitzen el servei de menjador surten a les 15:30 h)<\/p>\n<p>Per als alumnes que inicien l\u2019escolaritzaci\u00f3 a I3 s\u2019organitza un breu per\u00edode d\u2019adaptaci\u00f3 que suposa una certa modificaci\u00f3 dels horaris els primers dies de classe, i que es fa saber a les fam\u00edlies en les reunions pr\u00e8vies corresponents.<\/p>\n<h4><\/h4>\n","protected":false},"excerpt":{"rendered":"<p>Inici de curs: 8 de setembre de 2025 Vacances: Del 2o de desembre de 2024 al 7 de gener de [&hellip;]<\/p>\n","protected":false},"author":1,"featured_media":0,"parent":22,"menu_order":50,"comment_status":"closed","ping_status":"closed","template":"","meta":{"_bbp_topic_count":0,"_bbp_reply_count":0,"_bbp_total_topic_count":0,"_bbp_total_reply_count":0,"_bbp_voice_count":0,"_bbp_anonymous_reply_count":0,"_bbp_topic_count_hidden":0,"_bbp_reply_count_hidden":0,"_bbp_forum_subforum_count":0,"site-sidebar-layout":"default","site-content-layout":"","ast-site-content-layout":"default","site-content-style":"default","site-sidebar-style":"default","ast-global-header-display":"","ast-banner-title-visibility":"","ast-main-header-display":"","ast-hfb-above-header-display":"","ast-hfb-below-header-display":"","ast-hfb-mobile-header-display":"","site-post-title":"","ast-breadcrumbs-content":"","ast-featured-img":"","footer-sml-layout":"","theme-transparent-header-meta":"default","adv-header-id-meta":"","stick-header-meta":"","header-above-stick-meta":"","header-main-stick-meta":"","header-below-stick-meta":"","astra-migrate-meta-layouts":"set","ast-page-background-enabled":"default","ast-page-background-meta":{"desktop":{"background-color":"var(--ast-global-color-4)","background-image":"","background-repeat":"repeat","background-position":"center center","background-size":"auto","background-attachment":"scroll","background-type":"","background-media":"","overlay-type":"","overlay-color":"","overlay-opacity":"","overlay-gradient":""},"tablet":{"background-color":"","background-image":"","background-repeat":"repeat","background-position":"center center","background-size":"auto","background-attachment":"scroll","background-type":"","background-media":"","overlay-type":"","overlay-color":"","overlay-opacity":"","overlay-gradient":""},"mobile":{"background-color":"","background-image":"","background-repeat":"repeat","background-position":"center center","background-size":"auto","background-attachment":"scroll","background-type":"","background-media":"","overlay-type":"","overlay-color":"","overlay-opacity":"","overlay-gradient":""}},"ast-content-background-meta":{"desktop":{"background-color":"var(--ast-global-color-5)","background-image":"","background-repeat":"repeat","background-position":"center center","background-size":"auto","background-attachment":"scroll","background-type":"","background-media":"","overlay-type":"","overlay-color":"","overlay-opacity":"","overlay-gradient":""},"tablet":{"background-color":"var(--ast-global-color-5)","background-image":"","background-repeat":"repeat","background-position":"center center","background-size":"auto","background-attachment":"scroll","background-type":"","background-media":"","overlay-type":"","overlay-color":"","overlay-opacity":"","overlay-gradient":""},"mobile":{"background-color":"var(--ast-global-color-5)","background-image":"","background-repeat":"repeat","background-position":"center center","background-size":"auto","background-attachment":"scroll","background-type":"","background-media":"","overlay-type":"","overlay-color":"","overlay-opacity":"","overlay-gradient":""}},"footnotes":""},"class_list":["post-32","page","type-page","status-publish","hentry"],"post_mailing_queue_ids":[],"_links":{"self":[{"href":"https:\/\/agora.xtec.cat\/escolamatagalls\/wp-json\/wp\/v2\/pages\/32","targetHints":{"allow":["GET"]}}],"collection":[{"href":"https:\/\/agora.xtec.cat\/escolamatagalls\/wp-json\/wp\/v2\/pages"}],"about":[{"href":"https:\/\/agora.xtec.cat\/escolamatagalls\/wp-json\/wp\/v2\/types\/page"}],"author":[{"embeddable":true,"href":"https:\/\/agora.xtec.cat\/escolamatagalls\/wp-json\/wp\/v2\/users\/1"}],"replies":[{"embeddable":true,"href":"https:\/\/agora.xtec.cat\/escolamatagalls\/wp-json\/wp\/v2\/comments?post=32"}],"version-history":[{"count":6,"href":"https:\/\/agora.xtec.cat\/escolamatagalls\/wp-json\/wp\/v2\/pages\/32\/revisions"}],"predecessor-version":[{"id":5722,"href":"https:\/\/agora.xtec.cat\/escolamatagalls\/wp-json\/wp\/v2\/pages\/32\/revisions\/5722"}],"up":[{"embeddable":true,"href":"https:\/\/agora.xtec.cat\/escolamatagalls\/wp-json\/wp\/v2\/pages\/22"}],"wp:attachment":[{"href":"https:\/\/agora.xtec.cat\/escolamatagalls\/wp-json\/wp\/v2\/media?parent=32"}],"curies":[{"name":"wp","href":"https:\/\/api.w.org\/{rel}","templated":true}]}}