{"id":26,"date":"2014-09-18T12:24:32","date_gmt":"2014-09-18T11:24:32","guid":{"rendered":"http:\/\/agora.xtec.cat\/escolamatagalls\/?page_id=26"},"modified":"2020-10-22T13:39:17","modified_gmt":"2020-10-22T11:39:17","slug":"historia","status":"publish","type":"page","link":"https:\/\/agora.xtec.cat\/escolamatagalls\/lescola\/historia\/","title":{"rendered":"Hist\u00f2ria"},"content":{"rendered":"<p>L\u2019escola Matagalls \u00e9s un centre p\u00fablic d\u2019educaci\u00f3 Infantil i Prim\u00e0ria del Departament d\u2019Ensenyament de la Generalitat de Catalunya que neix el curs 2004-2005.<\/p>\n<p>\u00c9s un centre en creixement situat al Pla de can Sala de Santa Maria de Palautordera.<\/p>\n<p>El Matagalls neix per la necessitat de noves places en l\u2019educaci\u00f3 degut al gran creixement de la poblaci\u00f3. Aix\u00f2 havia fet que l\u2019altra escola del mig del municipi es trob\u00e9s saturada, comen\u00e7ant la triple l\u00ednia.<\/p>\n<p>El curs 2004-2005 l\u2019escola s\u2019inicia amb dos grups d\u2019alumnes, 1 de P-3 i 1 de P-4 i \u00a0amb 3 mestres d\u2019educaci\u00f3 Infantil i es troba ubicada en dos estructures modulars.<\/p>\n<p>Actualment, el curs 2020-21 , el centre compta amb 211 alumnes, 65 s\u00f3n d\u2019Educaci\u00f3 infantil i la resta de prim\u00e0ria, amb 1 grup de cada nivell. Aix\u00ed mateix, compta amb una plantilla de 16 mestres (4 d\u2019educaci\u00f3 infantil, 7 mestres d\u2019educaci\u00f3 prim\u00e0ria, 1,5 especialista de m\u00fasica, 1,5 especialistes d\u2019angl\u00e8s, 1 especialista d\u2019educaci\u00f3 f\u00edsica i 1 especialista d\u2019educaci\u00f3 especial), i una TEI (T\u00e8cnica d&#8217;Educaci\u00f3 Infantil)<\/p>\n<p>El centre acull alumnes procedents de tots els barris i urbanitzacions i de proced\u00e8ncies diverses.<\/p>\n<p>La nostra escola, \u00e9s una escola viva que es va adaptant als canvis i ritmes de la societat actual, mantenint sempre el projecte que ens defineix. Seguim treballant per les necessitats d\u2019ensenyament\u2013aprenentatge del nen, entenent\u00a0 l\u2019escola com una eina cohesionadora i constructiva de\u00a0 l\u2019\u00e0mbit comunitari, partint d\u2019una visi\u00f3 global i completa de l\u2019infant.<\/p>\n<p><iframe loading=\"lazy\" src=\"\/\/www.youtube.com\/embed\/-g5ceXNFncE\" width=\"560\" height=\"314\"><\/iframe><\/p>\n","protected":false},"excerpt":{"rendered":"<p>L\u2019escola Matagalls \u00e9s un centre p\u00fablic d\u2019educaci\u00f3 Infantil i Prim\u00e0ria del Departament d\u2019Ensenyament de la Generalitat de Catalunya que neix [&hellip;]<\/p>\n","protected":false},"author":1,"featured_media":0,"parent":22,"menu_order":20,"comment_status":"closed","ping_status":"closed","template":"page-templates\/side-menu.php","meta":{"_bbp_topic_count":0,"_bbp_reply_count":0,"_bbp_total_topic_count":0,"_bbp_total_reply_count":0,"_bbp_voice_count":0,"_bbp_anonymous_reply_count":0,"_bbp_topic_count_hidden":0,"_bbp_reply_count_hidden":0,"_bbp_forum_subforum_count":0,"site-sidebar-layout":"default","site-content-layout":"","ast-site-content-layout":"","site-content-style":"default","site-sidebar-style":"default","ast-global-header-display":"","ast-banner-title-visibility":"","ast-main-header-display":"","ast-hfb-above-header-display":"","ast-hfb-below-header-display":"","ast-hfb-mobile-header-display":"","site-post-title":"","ast-breadcrumbs-content":"","ast-featured-img":"","footer-sml-layout":"","theme-transparent-header-meta":"","adv-header-id-meta":"","stick-header-meta":"","header-above-stick-meta":"","header-main-stick-meta":"","header-below-stick-meta":"","astra-migrate-meta-layouts":"default","ast-page-background-enabled":"default","ast-page-background-meta":{"desktop":{"background-color":"var(--ast-global-color-4)","background-image":"","background-repeat":"repeat","background-position":"center center","background-size":"auto","background-attachment":"scroll","background-type":"","background-media":"","overlay-type":"","overlay-color":"","overlay-opacity":"","overlay-gradient":""},"tablet":{"background-color":"","background-image":"","background-repeat":"repeat","background-position":"center center","background-size":"auto","background-attachment":"scroll","background-type":"","background-media":"","overlay-type":"","overlay-color":"","overlay-opacity":"","overlay-gradient":""},"mobile":{"background-color":"","background-image":"","background-repeat":"repeat","background-position":"center center","background-size":"auto","background-attachment":"scroll","background-type":"","background-media":"","overlay-type":"","overlay-color":"","overlay-opacity":"","overlay-gradient":""}},"ast-content-background-meta":{"desktop":{"background-color":"var(--ast-global-color-5)","background-image":"","background-repeat":"repeat","background-position":"center center","background-size":"auto","background-attachment":"scroll","background-type":"","background-media":"","overlay-type":"","overlay-color":"","overlay-opacity":"","overlay-gradient":""},"tablet":{"background-color":"var(--ast-global-color-5)","background-image":"","background-repeat":"repeat","background-position":"center center","background-size":"auto","background-attachment":"scroll","background-type":"","background-media":"","overlay-type":"","overlay-color":"","overlay-opacity":"","overlay-gradient":""},"mobile":{"background-color":"var(--ast-global-color-5)","background-image":"","background-repeat":"repeat","background-position":"center center","background-size":"auto","background-attachment":"scroll","background-type":"","background-media":"","overlay-type":"","overlay-color":"","overlay-opacity":"","overlay-gradient":""}},"footnotes":""},"class_list":["post-26","page","type-page","status-publish","hentry"],"post_mailing_queue_ids":[],"_links":{"self":[{"href":"https:\/\/agora.xtec.cat\/escolamatagalls\/wp-json\/wp\/v2\/pages\/26","targetHints":{"allow":["GET"]}}],"collection":[{"href":"https:\/\/agora.xtec.cat\/escolamatagalls\/wp-json\/wp\/v2\/pages"}],"about":[{"href":"https:\/\/agora.xtec.cat\/escolamatagalls\/wp-json\/wp\/v2\/types\/page"}],"author":[{"embeddable":true,"href":"https:\/\/agora.xtec.cat\/escolamatagalls\/wp-json\/wp\/v2\/users\/1"}],"replies":[{"embeddable":true,"href":"https:\/\/agora.xtec.cat\/escolamatagalls\/wp-json\/wp\/v2\/comments?post=26"}],"version-history":[{"count":3,"href":"https:\/\/agora.xtec.cat\/escolamatagalls\/wp-json\/wp\/v2\/pages\/26\/revisions"}],"predecessor-version":[{"id":3137,"href":"https:\/\/agora.xtec.cat\/escolamatagalls\/wp-json\/wp\/v2\/pages\/26\/revisions\/3137"}],"up":[{"embeddable":true,"href":"https:\/\/agora.xtec.cat\/escolamatagalls\/wp-json\/wp\/v2\/pages\/22"}],"wp:attachment":[{"href":"https:\/\/agora.xtec.cat\/escolamatagalls\/wp-json\/wp\/v2\/media?parent=26"}],"curies":[{"name":"wp","href":"https:\/\/api.w.org\/{rel}","templated":true}]}}