{"id":1984,"date":"2018-10-17T18:13:17","date_gmt":"2018-10-17T16:13:17","guid":{"rendered":"http:\/\/agora.xtec.cat\/escolamatagalls\/?page_id=1984"},"modified":"2018-10-17T18:23:00","modified_gmt":"2018-10-17T16:23:00","slug":"lavaluacio-criteris-davaluacio","status":"publish","type":"page","link":"https:\/\/agora.xtec.cat\/escolamatagalls\/projecte-educatiu\/lavaluacio-criteris-davaluacio\/","title":{"rendered":"L\u2019avaluaci\u00f3: Criteris d\u2019avaluaci\u00f3"},"content":{"rendered":"<p style=\"text-align: justify;\">L&#8217;avaluaci\u00f3\u00a0dels processos d&#8217;aprenentatge de l&#8217;alumnat en\u00a0l&#8217;educaci\u00f3 prim\u00e0ria ha de ser cont\u00ednua i global,\u00a0at\u00e8s que \u00e9s un component essencial de la mateixa programaci\u00f3 de les \u00e0rees.<br \/>\nL&#8217;avaluaci\u00f3\u00a0tamb\u00e9 ha de constatar l&#8217;assoliment dels resultats de l&#8217;aprenentatge<span class=\"hiddenGrammarError\">\u00a0.<\/span><\/p>\n<p style=\"text-align: justify;\">Els referents per a\u00a0l&#8217;avaluaci\u00f3\u00a0s\u00f3n:<\/p>\n<p style=\"padding-left: 30px;\"><span style=\"font-family: inherit; font-size: 1em;\">L&#8217;assoliment\u00a0de les compet\u00e8ncies b\u00e0siques i els criteris d&#8217;avaluaci\u00f3 de les \u00e0rees. <\/span><\/p>\n<p style=\"padding-left: 30px;\"><span style=\"font-family: inherit; font-size: 1em;\">P<\/span>rendre en consideraci\u00f3 altres elements com el treball fet a classe i\u00a0l&#8217;inter\u00e8s,\u00a0l&#8217;esfor\u00e7&#8230;<\/p>\n<p>Els Centres han de fer p\u00fablics els criteris\u00a0d&#8217;avaluaci\u00f3\u00a0que\u00a0s&#8217;aplicaran\u00a0en l&#8217;avaluaci\u00f3 dels aprenentatges<span class=\"hiddenGrammarError\">\u00a0,<\/span>\u00a0i per la promoci\u00f3 de l&#8217;alumnat.<\/p>\n<ol>\n<li><a href=\"https:\/\/drive.google.com\/file\/d\/1y_R7Z2Sjl6SpTBWOb6aH5Emiejt99ksg\/view?usp=sharing\">Criteris d&#8217;avaluaci\u00f3 d&#8217;educaci\u00f3 infantil.<\/a><\/li>\n<li><a href=\"https:\/\/drive.google.com\/file\/d\/1ltz_fmxC1haPZbxP0ZPqkBRdiwd4JrC4\/view?usp=sharing\">Criteris d&#8217;avaluaci\u00f3 del cicle inicial.<\/a><\/li>\n<li><a href=\"https:\/\/drive.google.com\/file\/d\/1IAzXIsiIWLNvef51MimFQojMp4LHlNV2\/view?usp=sharing\">Criteris d&#8217;avaluaci\u00f3 del cicle mitj\u00e0.<\/a><\/li>\n<li><a href=\"https:\/\/drive.google.com\/file\/d\/1-369w8GwHCYZVhXtq6WvhYpm7IEb8JmM\/view?usp=sharing\">Criteris d&#8217;avaluaci\u00f3 del cicle superior<\/a>.<\/li>\n<\/ol>\n","protected":false},"excerpt":{"rendered":"<p>L&#8217;avaluaci\u00f3\u00a0dels processos d&#8217;aprenentatge de l&#8217;alumnat en\u00a0l&#8217;educaci\u00f3 prim\u00e0ria ha de ser cont\u00ednua i global,\u00a0at\u00e8s que \u00e9s un component essencial de la [&hellip;]<\/p>\n","protected":false},"author":1,"featured_media":0,"parent":64,"menu_order":0,"comment_status":"closed","ping_status":"closed","template":"page-templates\/side-menu.php","meta":{"_bbp_topic_count":0,"_bbp_reply_count":0,"_bbp_total_topic_count":0,"_bbp_total_reply_count":0,"_bbp_voice_count":0,"_bbp_anonymous_reply_count":0,"_bbp_topic_count_hidden":0,"_bbp_reply_count_hidden":0,"_bbp_forum_subforum_count":0,"site-sidebar-layout":"default","site-content-layout":"","ast-site-content-layout":"","site-content-style":"default","site-sidebar-style":"default","ast-global-header-display":"","ast-banner-title-visibility":"","ast-main-header-display":"","ast-hfb-above-header-display":"","ast-hfb-below-header-display":"","ast-hfb-mobile-header-display":"","site-post-title":"","ast-breadcrumbs-content":"","ast-featured-img":"","footer-sml-layout":"","theme-transparent-header-meta":"","adv-header-id-meta":"","stick-header-meta":"","header-above-stick-meta":"","header-main-stick-meta":"","header-below-stick-meta":"","astra-migrate-meta-layouts":"default","ast-page-background-enabled":"default","ast-page-background-meta":{"desktop":{"background-color":"var(--ast-global-color-4)","background-image":"","background-repeat":"repeat","background-position":"center center","background-size":"auto","background-attachment":"scroll","background-type":"","background-media":"","overlay-type":"","overlay-color":"","overlay-opacity":"","overlay-gradient":""},"tablet":{"background-color":"","background-image":"","background-repeat":"repeat","background-position":"center center","background-size":"auto","background-attachment":"scroll","background-type":"","background-media":"","overlay-type":"","overlay-color":"","overlay-opacity":"","overlay-gradient":""},"mobile":{"background-color":"","background-image":"","background-repeat":"repeat","background-position":"center center","background-size":"auto","background-attachment":"scroll","background-type":"","background-media":"","overlay-type":"","overlay-color":"","overlay-opacity":"","overlay-gradient":""}},"ast-content-background-meta":{"desktop":{"background-color":"var(--ast-global-color-5)","background-image":"","background-repeat":"repeat","background-position":"center center","background-size":"auto","background-attachment":"scroll","background-type":"","background-media":"","overlay-type":"","overlay-color":"","overlay-opacity":"","overlay-gradient":""},"tablet":{"background-color":"var(--ast-global-color-5)","background-image":"","background-repeat":"repeat","background-position":"center center","background-size":"auto","background-attachment":"scroll","background-type":"","background-media":"","overlay-type":"","overlay-color":"","overlay-opacity":"","overlay-gradient":""},"mobile":{"background-color":"var(--ast-global-color-5)","background-image":"","background-repeat":"repeat","background-position":"center center","background-size":"auto","background-attachment":"scroll","background-type":"","background-media":"","overlay-type":"","overlay-color":"","overlay-opacity":"","overlay-gradient":""}},"footnotes":""},"class_list":["post-1984","page","type-page","status-publish","hentry"],"post_mailing_queue_ids":[],"_links":{"self":[{"href":"https:\/\/agora.xtec.cat\/escolamatagalls\/wp-json\/wp\/v2\/pages\/1984","targetHints":{"allow":["GET"]}}],"collection":[{"href":"https:\/\/agora.xtec.cat\/escolamatagalls\/wp-json\/wp\/v2\/pages"}],"about":[{"href":"https:\/\/agora.xtec.cat\/escolamatagalls\/wp-json\/wp\/v2\/types\/page"}],"author":[{"embeddable":true,"href":"https:\/\/agora.xtec.cat\/escolamatagalls\/wp-json\/wp\/v2\/users\/1"}],"replies":[{"embeddable":true,"href":"https:\/\/agora.xtec.cat\/escolamatagalls\/wp-json\/wp\/v2\/comments?post=1984"}],"version-history":[{"count":2,"href":"https:\/\/agora.xtec.cat\/escolamatagalls\/wp-json\/wp\/v2\/pages\/1984\/revisions"}],"predecessor-version":[{"id":1987,"href":"https:\/\/agora.xtec.cat\/escolamatagalls\/wp-json\/wp\/v2\/pages\/1984\/revisions\/1987"}],"up":[{"embeddable":true,"href":"https:\/\/agora.xtec.cat\/escolamatagalls\/wp-json\/wp\/v2\/pages\/64"}],"wp:attachment":[{"href":"https:\/\/agora.xtec.cat\/escolamatagalls\/wp-json\/wp\/v2\/media?parent=1984"}],"curies":[{"name":"wp","href":"https:\/\/api.w.org\/{rel}","templated":true}]}}