{"id":1930,"date":"2018-09-30T18:49:13","date_gmt":"2018-09-30T16:49:13","guid":{"rendered":"http:\/\/agora.xtec.cat\/escolamatagalls\/?page_id=1930"},"modified":"2018-09-30T21:23:08","modified_gmt":"2018-09-30T19:23:08","slug":"espais-daprenentages-ambients","status":"publish","type":"page","link":"https:\/\/agora.xtec.cat\/escolamatagalls\/projecte-educatiu\/espais-daprenentages-ambients\/","title":{"rendered":"Espais d&#8217;aprenentage: Ambients"},"content":{"rendered":"<p style=\"text-align: justify;\">Despr\u00e9s d\u2019observar durant els darrers anys als nostres alumnes de l\u2019escola, ens ha portat a reflexionar sobre l\u2019aprenentatge i la manera d\u2019aprendre dels infants. Per aix\u00f2 vam creure convenient com a comunitat educativa iniciar un canvi en la mirada de com aprenen els nens\/es. \u00a0Una de les maneres ha estat \u00a0creant quatre <a href=\"https:\/\/agora.xtec.cat\/escolamatagalls\/docs\/espais-daprenentatge\/\">espais nous d\u2019aprenentatge<\/a> per potenciar les capacitats dels nostres alumnes i estimular-los amb nous materials m\u00e9s atractius i un ambient m\u00e9s c\u00f2mode, acollidor, c\u00e0lid i diferent de l\u2019aula on poden aprendre.<\/p>\n<p style=\"text-align: justify;\">Els espais que hem creat s\u00f3n quatre: experimentaci\u00f3 amb aigua, experimentaci\u00f3 amb sorra, llums i ombres, espai art\u00edstic, i per \u00faltim jugar a ser\u2026 Aquests estan situats en aules d\u2019educaci\u00f3 infantil i una d\u2019educaci\u00f3 prim\u00e0ria perqu\u00e8 s\u00f3n aules m\u00e9s c\u00f2modes i \u00e0mplies.<\/p>\n","protected":false},"excerpt":{"rendered":"<p>Despr\u00e9s d\u2019observar durant els darrers anys als nostres alumnes de l\u2019escola, ens ha portat a reflexionar sobre l\u2019aprenentatge i la [&hellip;]<\/p>\n","protected":false},"author":1,"featured_media":0,"parent":64,"menu_order":0,"comment_status":"closed","ping_status":"closed","template":"page-templates\/side-menu.php","meta":{"_bbp_topic_count":0,"_bbp_reply_count":0,"_bbp_total_topic_count":0,"_bbp_total_reply_count":0,"_bbp_voice_count":0,"_bbp_anonymous_reply_count":0,"_bbp_topic_count_hidden":0,"_bbp_reply_count_hidden":0,"_bbp_forum_subforum_count":0,"site-sidebar-layout":"default","site-content-layout":"","ast-site-content-layout":"","site-content-style":"default","site-sidebar-style":"default","ast-global-header-display":"","ast-banner-title-visibility":"","ast-main-header-display":"","ast-hfb-above-header-display":"","ast-hfb-below-header-display":"","ast-hfb-mobile-header-display":"","site-post-title":"","ast-breadcrumbs-content":"","ast-featured-img":"","footer-sml-layout":"","theme-transparent-header-meta":"","adv-header-id-meta":"","stick-header-meta":"","header-above-stick-meta":"","header-main-stick-meta":"","header-below-stick-meta":"","astra-migrate-meta-layouts":"default","ast-page-background-enabled":"default","ast-page-background-meta":{"desktop":{"background-color":"var(--ast-global-color-4)","background-image":"","background-repeat":"repeat","background-position":"center center","background-size":"auto","background-attachment":"scroll","background-type":"","background-media":"","overlay-type":"","overlay-color":"","overlay-opacity":"","overlay-gradient":""},"tablet":{"background-color":"","background-image":"","background-repeat":"repeat","background-position":"center center","background-size":"auto","background-attachment":"scroll","background-type":"","background-media":"","overlay-type":"","overlay-color":"","overlay-opacity":"","overlay-gradient":""},"mobile":{"background-color":"","background-image":"","background-repeat":"repeat","background-position":"center center","background-size":"auto","background-attachment":"scroll","background-type":"","background-media":"","overlay-type":"","overlay-color":"","overlay-opacity":"","overlay-gradient":""}},"ast-content-background-meta":{"desktop":{"background-color":"var(--ast-global-color-5)","background-image":"","background-repeat":"repeat","background-position":"center center","background-size":"auto","background-attachment":"scroll","background-type":"","background-media":"","overlay-type":"","overlay-color":"","overlay-opacity":"","overlay-gradient":""},"tablet":{"background-color":"var(--ast-global-color-5)","background-image":"","background-repeat":"repeat","background-position":"center center","background-size":"auto","background-attachment":"scroll","background-type":"","background-media":"","overlay-type":"","overlay-color":"","overlay-opacity":"","overlay-gradient":""},"mobile":{"background-color":"var(--ast-global-color-5)","background-image":"","background-repeat":"repeat","background-position":"center center","background-size":"auto","background-attachment":"scroll","background-type":"","background-media":"","overlay-type":"","overlay-color":"","overlay-opacity":"","overlay-gradient":""}},"footnotes":""},"class_list":["post-1930","page","type-page","status-publish","hentry"],"post_mailing_queue_ids":[],"_links":{"self":[{"href":"https:\/\/agora.xtec.cat\/escolamatagalls\/wp-json\/wp\/v2\/pages\/1930","targetHints":{"allow":["GET"]}}],"collection":[{"href":"https:\/\/agora.xtec.cat\/escolamatagalls\/wp-json\/wp\/v2\/pages"}],"about":[{"href":"https:\/\/agora.xtec.cat\/escolamatagalls\/wp-json\/wp\/v2\/types\/page"}],"author":[{"embeddable":true,"href":"https:\/\/agora.xtec.cat\/escolamatagalls\/wp-json\/wp\/v2\/users\/1"}],"replies":[{"embeddable":true,"href":"https:\/\/agora.xtec.cat\/escolamatagalls\/wp-json\/wp\/v2\/comments?post=1930"}],"version-history":[{"count":3,"href":"https:\/\/agora.xtec.cat\/escolamatagalls\/wp-json\/wp\/v2\/pages\/1930\/revisions"}],"predecessor-version":[{"id":1934,"href":"https:\/\/agora.xtec.cat\/escolamatagalls\/wp-json\/wp\/v2\/pages\/1930\/revisions\/1934"}],"up":[{"embeddable":true,"href":"https:\/\/agora.xtec.cat\/escolamatagalls\/wp-json\/wp\/v2\/pages\/64"}],"wp:attachment":[{"href":"https:\/\/agora.xtec.cat\/escolamatagalls\/wp-json\/wp\/v2\/media?parent=1930"}],"curies":[{"name":"wp","href":"https:\/\/api.w.org\/{rel}","templated":true}]}}