{"id":1921,"date":"2018-09-30T18:33:32","date_gmt":"2018-09-30T16:33:32","guid":{"rendered":"http:\/\/agora.xtec.cat\/escolamatagalls\/?page_id=1921"},"modified":"2018-10-02T20:22:45","modified_gmt":"2018-10-02T18:22:45","slug":"projecte-de-musica-i-cant-coral","status":"publish","type":"page","link":"https:\/\/agora.xtec.cat\/escolamatagalls\/projecte-educatiu\/projecte-de-musica-i-cant-coral\/","title":{"rendered":"Projecte de m\u00fasica i cant coral"},"content":{"rendered":"<p style=\"text-align: justify;\">La <a href=\"https:\/\/agora.xtec.cat\/escolamatagalls\/docs\/projecte-de-musica\/\">m\u00fasica<\/a> \u00e9s un element essencial en el desenvolupament i l\u2019aprenentatge dels nens i nenes. Els infants que creixen escoltant m\u00fasica, cantant can\u00e7ons, i movent-se al ritme de la m\u00fasica gaudeixen d\u2019un millor sistema sensorial ja que creen m\u00e9s enlla\u00e7os en les connexions neuronals del cervell. Tamb\u00e9 ajuda a desenvolupar una millor sensibilitat en l&#8217;\u00e0mbit expressiu i art\u00edstic.<\/p>\n<p>La pr\u00e0ctica del <a href=\"https:\/\/agora.xtec.cat\/escolamatagalls\/docs\/el-cant-coral\/\">Cant Coral<\/a> \u00e9s una eina que ajuda a desenvolupar diverses actituds com el silenci, l\u2019atenci\u00f3, l\u2019escolta, l&#8217;emissi\u00f3 de la veu, la interpretaci\u00f3 musical col\u00b7lectiva, la col\u00b7locaci\u00f3 corporal, valoraci\u00f3 del treball col\u00b7lectiu, etc. alhora que permet la creaci\u00f3 art\u00edstica de conjunt.<\/p>\n","protected":false},"excerpt":{"rendered":"<p>La m\u00fasica \u00e9s un element essencial en el desenvolupament i l\u2019aprenentatge dels nens i nenes. Els infants que creixen escoltant [&hellip;]<\/p>\n","protected":false},"author":1,"featured_media":0,"parent":64,"menu_order":0,"comment_status":"closed","ping_status":"closed","template":"page-templates\/side-menu.php","meta":{"_bbp_topic_count":0,"_bbp_reply_count":0,"_bbp_total_topic_count":0,"_bbp_total_reply_count":0,"_bbp_voice_count":0,"_bbp_anonymous_reply_count":0,"_bbp_topic_count_hidden":0,"_bbp_reply_count_hidden":0,"_bbp_forum_subforum_count":0,"site-sidebar-layout":"default","site-content-layout":"","ast-site-content-layout":"","site-content-style":"default","site-sidebar-style":"default","ast-global-header-display":"","ast-banner-title-visibility":"","ast-main-header-display":"","ast-hfb-above-header-display":"","ast-hfb-below-header-display":"","ast-hfb-mobile-header-display":"","site-post-title":"","ast-breadcrumbs-content":"","ast-featured-img":"","footer-sml-layout":"","theme-transparent-header-meta":"","adv-header-id-meta":"","stick-header-meta":"","header-above-stick-meta":"","header-main-stick-meta":"","header-below-stick-meta":"","astra-migrate-meta-layouts":"default","ast-page-background-enabled":"default","ast-page-background-meta":{"desktop":{"background-color":"var(--ast-global-color-4)","background-image":"","background-repeat":"repeat","background-position":"center center","background-size":"auto","background-attachment":"scroll","background-type":"","background-media":"","overlay-type":"","overlay-color":"","overlay-opacity":"","overlay-gradient":""},"tablet":{"background-color":"","background-image":"","background-repeat":"repeat","background-position":"center center","background-size":"auto","background-attachment":"scroll","background-type":"","background-media":"","overlay-type":"","overlay-color":"","overlay-opacity":"","overlay-gradient":""},"mobile":{"background-color":"","background-image":"","background-repeat":"repeat","background-position":"center center","background-size":"auto","background-attachment":"scroll","background-type":"","background-media":"","overlay-type":"","overlay-color":"","overlay-opacity":"","overlay-gradient":""}},"ast-content-background-meta":{"desktop":{"background-color":"var(--ast-global-color-5)","background-image":"","background-repeat":"repeat","background-position":"center center","background-size":"auto","background-attachment":"scroll","background-type":"","background-media":"","overlay-type":"","overlay-color":"","overlay-opacity":"","overlay-gradient":""},"tablet":{"background-color":"var(--ast-global-color-5)","background-image":"","background-repeat":"repeat","background-position":"center center","background-size":"auto","background-attachment":"scroll","background-type":"","background-media":"","overlay-type":"","overlay-color":"","overlay-opacity":"","overlay-gradient":""},"mobile":{"background-color":"var(--ast-global-color-5)","background-image":"","background-repeat":"repeat","background-position":"center center","background-size":"auto","background-attachment":"scroll","background-type":"","background-media":"","overlay-type":"","overlay-color":"","overlay-opacity":"","overlay-gradient":""}},"footnotes":""},"class_list":["post-1921","page","type-page","status-publish","hentry"],"post_mailing_queue_ids":[],"_links":{"self":[{"href":"https:\/\/agora.xtec.cat\/escolamatagalls\/wp-json\/wp\/v2\/pages\/1921","targetHints":{"allow":["GET"]}}],"collection":[{"href":"https:\/\/agora.xtec.cat\/escolamatagalls\/wp-json\/wp\/v2\/pages"}],"about":[{"href":"https:\/\/agora.xtec.cat\/escolamatagalls\/wp-json\/wp\/v2\/types\/page"}],"author":[{"embeddable":true,"href":"https:\/\/agora.xtec.cat\/escolamatagalls\/wp-json\/wp\/v2\/users\/1"}],"replies":[{"embeddable":true,"href":"https:\/\/agora.xtec.cat\/escolamatagalls\/wp-json\/wp\/v2\/comments?post=1921"}],"version-history":[{"count":3,"href":"https:\/\/agora.xtec.cat\/escolamatagalls\/wp-json\/wp\/v2\/pages\/1921\/revisions"}],"predecessor-version":[{"id":1958,"href":"https:\/\/agora.xtec.cat\/escolamatagalls\/wp-json\/wp\/v2\/pages\/1921\/revisions\/1958"}],"up":[{"embeddable":true,"href":"https:\/\/agora.xtec.cat\/escolamatagalls\/wp-json\/wp\/v2\/pages\/64"}],"wp:attachment":[{"href":"https:\/\/agora.xtec.cat\/escolamatagalls\/wp-json\/wp\/v2\/media?parent=1921"}],"curies":[{"name":"wp","href":"https:\/\/api.w.org\/{rel}","templated":true}]}}