{"id":1295,"date":"2017-10-18T16:08:42","date_gmt":"2017-10-18T14:08:42","guid":{"rendered":"http:\/\/agora.xtec.cat\/escolamatagalls\/?page_id=1295"},"modified":"2019-05-09T19:36:28","modified_gmt":"2019-05-09T17:36:28","slug":"robotica-escolar","status":"publish","type":"page","link":"https:\/\/agora.xtec.cat\/escolamatagalls\/projecte-educatiu\/robotica-escolar\/","title":{"rendered":"Rob\u00f2tica escolar"},"content":{"rendered":"<p>El projecte de rob\u00f2tica s&#8217;inicia a la nostra escola com una eina\u00a0 per incentivar la\u00a0 tecnologia digital en l&#8217;aprenentatge dels nostres alumnes.<\/p>\n<p>Com a centre ens vam adherir al projecte Robotseny el curs 2015-16, essent aquest any el 3r que hi participem per tal d\u2019aprofitar aquesta xarxa tan din\u00e0mica i el suport que ens est\u00e0 donant l\u2019Ajuntament en l\u2019adquisici\u00f3 del materials per a portar a terme aquesta activitat dins les aules.<\/p>\n<p>El projecte t\u00e9 com a objectius:<\/p>\n<ul>\n<li>Seleccionar, utilitzar i programar dispositius digitals i les seves funcionalitats.<\/li>\n<li>Resoldre reptes o problemes (mitjan\u00e7ant la programaci\u00f3) fent servir la l\u00f2gica i el pensament cr\u00edtic per arribar a una possible soluci\u00f3.<\/li>\n<li>Utilitzar un sistema establert per emmagatzemar la informaci\u00f3 digital.<\/li>\n<li>Presentacions multim\u00e8dia: elaborar presentacions enriquides amb transicions, elements multim\u00e8dia, enlla\u00e7os.<\/li>\n<\/ul>\n<p>Clica l&#8217;enlla\u00e7 per llegir el <a href=\"https:\/\/agora.xtec.cat\/escolamatagalls\/docs\/projecte-robotica-de-lescola-matagalls\/\">Projecte de rob\u00f2tica de l&#8217;escola<\/a>\u00a0i el <a href=\"https:\/\/agora.xtec.cat\/escolamatagalls\/docs\/pla-tac-de-lescola-matagalls\/\">Pla TAC<\/a><\/p>\n<p>Clicant damunt de cada enlla\u00e7 podreu veure per cicles el treball de la rob\u00f2tica a l&#8217;escola.<\/p>\n<p><a href=\"http:\/\/blocs.xtec.cat\/xcbprojecte299\/2018\/02\/26\/robotica-a-lescola\/\"><strong>La rob\u00f2tica a l&#8217;escola Matagalls<\/strong><\/a><\/p>\n<p><a href=\"http:\/\/blocs.xtec.cat\/xcbprojecte299\/2018\/04\/18\/beebots-a-infantil-a-lescola-matagalls\/\">&#8211; Iniciem la rob\u00f2tica a EI amb els Bee bots<\/a><\/p>\n<p>&#8211; <a href=\"http:\/\/blocs.xtec.cat\/xcbprojecte299\/2018\/04\/18\/beebots-a-infantil-a-lescola-matagalls\/\">Com treballem amb els Bee bots a educaci\u00f3 infantil<\/a><\/p>\n<p>&#8211; <a href=\"http:\/\/blocs.xtec.cat\/xcbprojecte299\/2018\/05\/02\/bee-bots-al-ci-de-lescola-matagalls\/\">Els Bee bots al Cicle inicial<\/a><\/p>\n<p><a href=\"http:\/\/blocs.xtec.cat\/xcbprojecte299\/2018\/05\/02\/com-treballem-amb-els-bee-bots-al-ci-de-lescola-matagalls\/\">\u00a0\u00a0\u00a0\u00a0\u00a0\u00a0\u00a0\u00a0\u00a0 &#8211; Com treballem la rob\u00f2tica al cicle inicial<\/a><\/p>\n<p><a href=\"http:\/\/blocs.xtec.cat\/xcbprojecte299\/2018\/05\/02\/bee-bots-a-cicle-mitja\/\"> &#8211; El treball de la rob\u00f2tica al cicle mitj\u00e0<\/a><\/p>\n<p><a href=\"http:\/\/blocs.xtec.cat\/xcbprojecte299\/2018\/05\/10\/com-treballem-la-robotica-al-cs-de-lescola-matagalls\/\">&#8211; Com treballem la rob\u00f2tica al cicle superior <\/a><\/p>\n<p><a href=\"http:\/\/blocs.xtec.cat\/xcbprojecte299\/2018\/05\/10\/metodologia-robotica-al-cs-escola-matagalls\/\">\u00a0\u00a0\u00a0\u00a0\u00a0\u00a0\u00a0\u00a0\u00a0 &#8211; Metodologia al cicle superior:<\/a><\/p>\n<p><a href=\"http:\/\/blocs.xtec.cat\/xcbprojecte299\/2018\/06\/13\/repte-participacio-a-la-robotseny-2018\/\">\u00a0\u00a0\u00a0\u00a0\u00a0\u00a0\u00a0\u00a0\u00a0 &#8211; Reptes<\/a><\/p>\n<p><a href=\"http:\/\/blocs.xtec.cat\/xcbprojecte299\/2018\/06\/13\/avaluacio-del-projecte-de-robotica-al-cs\/\">\u00a0\u00a0\u00a0\u00a0\u00a0\u00a0\u00a0\u00a0\u00a0 &#8211; Avaluaci\u00f3<\/a><\/p>\n<p>&nbsp;<\/p>\n<p>&nbsp;<\/p>\n<p>&nbsp;<\/p>\n<p>&nbsp;<\/p>\n","protected":false},"excerpt":{"rendered":"<p>El projecte de rob\u00f2tica s&#8217;inicia a la nostra escola com una eina\u00a0 per incentivar la\u00a0 tecnologia digital en l&#8217;aprenentatge dels [&hellip;]<\/p>\n","protected":false},"author":1,"featured_media":0,"parent":64,"menu_order":0,"comment_status":"closed","ping_status":"closed","template":"page-templates\/side-menu.php","meta":{"_bbp_topic_count":0,"_bbp_reply_count":0,"_bbp_total_topic_count":0,"_bbp_total_reply_count":0,"_bbp_voice_count":0,"_bbp_anonymous_reply_count":0,"_bbp_topic_count_hidden":0,"_bbp_reply_count_hidden":0,"_bbp_forum_subforum_count":0,"site-sidebar-layout":"default","site-content-layout":"","ast-site-content-layout":"","site-content-style":"default","site-sidebar-style":"default","ast-global-header-display":"","ast-banner-title-visibility":"","ast-main-header-display":"","ast-hfb-above-header-display":"","ast-hfb-below-header-display":"","ast-hfb-mobile-header-display":"","site-post-title":"","ast-breadcrumbs-content":"","ast-featured-img":"","footer-sml-layout":"","theme-transparent-header-meta":"","adv-header-id-meta":"","stick-header-meta":"","header-above-stick-meta":"","header-main-stick-meta":"","header-below-stick-meta":"","astra-migrate-meta-layouts":"default","ast-page-background-enabled":"default","ast-page-background-meta":{"desktop":{"background-color":"var(--ast-global-color-4)","background-image":"","background-repeat":"repeat","background-position":"center center","background-size":"auto","background-attachment":"scroll","background-type":"","background-media":"","overlay-type":"","overlay-color":"","overlay-opacity":"","overlay-gradient":""},"tablet":{"background-color":"","background-image":"","background-repeat":"repeat","background-position":"center center","background-size":"auto","background-attachment":"scroll","background-type":"","background-media":"","overlay-type":"","overlay-color":"","overlay-opacity":"","overlay-gradient":""},"mobile":{"background-color":"","background-image":"","background-repeat":"repeat","background-position":"center center","background-size":"auto","background-attachment":"scroll","background-type":"","background-media":"","overlay-type":"","overlay-color":"","overlay-opacity":"","overlay-gradient":""}},"ast-content-background-meta":{"desktop":{"background-color":"var(--ast-global-color-5)","background-image":"","background-repeat":"repeat","background-position":"center center","background-size":"auto","background-attachment":"scroll","background-type":"","background-media":"","overlay-type":"","overlay-color":"","overlay-opacity":"","overlay-gradient":""},"tablet":{"background-color":"var(--ast-global-color-5)","background-image":"","background-repeat":"repeat","background-position":"center center","background-size":"auto","background-attachment":"scroll","background-type":"","background-media":"","overlay-type":"","overlay-color":"","overlay-opacity":"","overlay-gradient":""},"mobile":{"background-color":"var(--ast-global-color-5)","background-image":"","background-repeat":"repeat","background-position":"center center","background-size":"auto","background-attachment":"scroll","background-type":"","background-media":"","overlay-type":"","overlay-color":"","overlay-opacity":"","overlay-gradient":""}},"footnotes":""},"class_list":["post-1295","page","type-page","status-publish","hentry"],"post_mailing_queue_ids":[],"_links":{"self":[{"href":"https:\/\/agora.xtec.cat\/escolamatagalls\/wp-json\/wp\/v2\/pages\/1295","targetHints":{"allow":["GET"]}}],"collection":[{"href":"https:\/\/agora.xtec.cat\/escolamatagalls\/wp-json\/wp\/v2\/pages"}],"about":[{"href":"https:\/\/agora.xtec.cat\/escolamatagalls\/wp-json\/wp\/v2\/types\/page"}],"author":[{"embeddable":true,"href":"https:\/\/agora.xtec.cat\/escolamatagalls\/wp-json\/wp\/v2\/users\/1"}],"replies":[{"embeddable":true,"href":"https:\/\/agora.xtec.cat\/escolamatagalls\/wp-json\/wp\/v2\/comments?post=1295"}],"version-history":[{"count":4,"href":"https:\/\/agora.xtec.cat\/escolamatagalls\/wp-json\/wp\/v2\/pages\/1295\/revisions"}],"predecessor-version":[{"id":2432,"href":"https:\/\/agora.xtec.cat\/escolamatagalls\/wp-json\/wp\/v2\/pages\/1295\/revisions\/2432"}],"up":[{"embeddable":true,"href":"https:\/\/agora.xtec.cat\/escolamatagalls\/wp-json\/wp\/v2\/pages\/64"}],"wp:attachment":[{"href":"https:\/\/agora.xtec.cat\/escolamatagalls\/wp-json\/wp\/v2\/media?parent=1295"}],"curies":[{"name":"wp","href":"https:\/\/api.w.org\/{rel}","templated":true}]}}