{"id":8746,"date":"2025-06-29T09:48:10","date_gmt":"2025-06-29T07:48:10","guid":{"rendered":"https:\/\/agora.xtec.cat\/escolamasprats\/?page_id=8746"},"modified":"2025-06-29T10:10:24","modified_gmt":"2025-06-29T08:10:24","slug":"projectes-2","status":"publish","type":"page","link":"https:\/\/agora.xtec.cat\/escolamasprats\/projectes-2\/","title":{"rendered":"Projectes"},"content":{"rendered":"\n<div class=\"wp-block-columns is-layout-flex wp-container-core-columns-is-layout-1 wp-block-columns-is-layout-flex\">\n<div class=\"wp-block-column is-layout-flow wp-block-column-is-layout-flow\">\n<p class=\"has-text-align-center\">LA M\u00c0GIA DE LLEGIR I ESCRIURE<\/p>\n\n\n\n<figure class=\"wp-block-image size-full\"><a href=\"https:\/\/agora.xtec.cat\/escolamasprats\/wp-content\/uploads\/usu1866\/2025\/05\/la-magia.jpg\"><img loading=\"lazy\" decoding=\"async\" width=\"1024\" height=\"768\" src=\"https:\/\/agora.xtec.cat\/escolamasprats\/wp-content\/uploads\/usu1866\/2025\/05\/la-magia.jpg\" alt=\"\" class=\"wp-image-8752\" srcset=\"https:\/\/agora.xtec.cat\/escolamasprats\/wp-content\/uploads\/usu1866\/2025\/05\/la-magia.jpg 1024w, https:\/\/agora.xtec.cat\/escolamasprats\/wp-content\/uploads\/usu1866\/2025\/05\/la-magia-300x225.jpg 300w, https:\/\/agora.xtec.cat\/escolamasprats\/wp-content\/uploads\/usu1866\/2025\/05\/la-magia-768x576.jpg 768w\" sizes=\"auto, (max-width: 1024px) 100vw, 1024px\" \/><\/a><\/figure>\n\n\n\n<p>Quan parlem de la M\u00e0gia de Llegir i Escriure fem refer\u00e8ncia principalment l\u2019aprenentatge de la lectura i l\u2019escriptura. El domini d\u2019ambdues habilitats \u00e9s un objectiu prioritari a l\u2019escola. \u00c9s un proc\u00e9s perceptiu, ling\u00fc\u00edstic i cognitiu molt complex que requereix d\u2019un conjunt d\u2019habilitats i destreses. Aquest conjunt d\u2019habilitats pr\u00e8vies s\u00f3n les que es treballen des d\u2019EI3 d\u2019una manera global, manipulativa i vivencial.<\/p>\n\n\n\n<div class=\"wp-block-buttons is-layout-flex wp-block-buttons-is-layout-flex\">\n<div class=\"wp-block-button\"><a class=\"wp-block-button__link wp-element-button\" href=\"https:\/\/agora.xtec.cat\/escolamasprats\/categoria\/projectes\/magiallegirescriure\/\">Visita el blog<\/a><\/div>\n<\/div>\n<\/div>\n\n\n\n<div class=\"wp-block-column is-layout-flow wp-block-column-is-layout-flow\">\n<p class=\"has-text-align-center\">PROJECTE FAIG<\/p>\n\n\n\n<figure class=\"wp-block-image size-full\"><a href=\"https:\/\/agora.xtec.cat\/escolamasprats\/wp-content\/uploads\/usu1866\/2025\/05\/FAIG.jpg\"><img loading=\"lazy\" decoding=\"async\" width=\"1024\" height=\"768\" src=\"https:\/\/agora.xtec.cat\/escolamasprats\/wp-content\/uploads\/usu1866\/2025\/05\/FAIG.jpg\" alt=\"\" class=\"wp-image-8749\" srcset=\"https:\/\/agora.xtec.cat\/escolamasprats\/wp-content\/uploads\/usu1866\/2025\/05\/FAIG.jpg 1024w, https:\/\/agora.xtec.cat\/escolamasprats\/wp-content\/uploads\/usu1866\/2025\/05\/FAIG-300x225.jpg 300w, https:\/\/agora.xtec.cat\/escolamasprats\/wp-content\/uploads\/usu1866\/2025\/05\/FAIG-768x576.jpg 768w\" sizes=\"auto, (max-width: 1024px) 100vw, 1024px\" \/><\/a><\/figure>\n\n\n\n<p>A la nostra escola hem iniciat una nova aventura educativa formant part del programa&nbsp;<strong>FAIG (Fent per Aprendre, Imaginant Globalment)<\/strong>, impulsat pel Departament d\u2019Educaci\u00f3. Es tracta d\u2019un programa que ens ofereix formaci\u00f3 i acompanyament per transformar la manera com ensenyem i aprenem&nbsp;amb sentit.<\/p>\n\n\n\n<div class=\"wp-block-buttons is-layout-flex wp-block-buttons-is-layout-flex\">\n<div class=\"wp-block-button\"><a class=\"wp-block-button__link wp-element-button\" href=\"https:\/\/agora.xtec.cat\/escolamasprats\/categoria\/projectes\/faig\/\">Visita el blog<\/a><\/div>\n<\/div>\n<\/div>\n\n\n\n<div class=\"wp-block-column is-layout-flow wp-block-column-is-layout-flow\">\n<p class=\"has-text-align-center\">GENERACI\u00d3 PLURILING\u00dcE (GEP)<\/p>\n\n\n\n<figure class=\"wp-block-image size-full\"><a href=\"https:\/\/agora.xtec.cat\/escolamasprats\/wp-content\/uploads\/usu1866\/2025\/05\/GEP.jpg\"><img loading=\"lazy\" decoding=\"async\" width=\"1024\" height=\"768\" src=\"https:\/\/agora.xtec.cat\/escolamasprats\/wp-content\/uploads\/usu1866\/2025\/05\/GEP.jpg\" alt=\"\" class=\"wp-image-8750\" srcset=\"https:\/\/agora.xtec.cat\/escolamasprats\/wp-content\/uploads\/usu1866\/2025\/05\/GEP.jpg 1024w, https:\/\/agora.xtec.cat\/escolamasprats\/wp-content\/uploads\/usu1866\/2025\/05\/GEP-300x225.jpg 300w, https:\/\/agora.xtec.cat\/escolamasprats\/wp-content\/uploads\/usu1866\/2025\/05\/GEP-768x576.jpg 768w\" sizes=\"auto, (max-width: 1024px) 100vw, 1024px\" \/><\/a><\/figure>\n\n\n\n<p>El programa d\u2019innovaci\u00f3 pedag\u00f2gica&nbsp;<strong>Generaci\u00f3 Pluriling\u00fce (GEP)&nbsp;<\/strong>del Departament d\u2019educaci\u00f3, t\u00e9 com a finalitat millorar la compet\u00e8ncia en lleng\u00fces estrangeres de l\u2019alumnat, afavorint el seu creixement acad\u00e8mic i posterior inserci\u00f3 laboral, i capacitant-lo per interactuar amb el m\u00f3n en diverses lleng\u00fces i de manera cr\u00edtica.<\/p>\n\n\n\n<div class=\"wp-block-buttons is-layout-flex wp-block-buttons-is-layout-flex\">\n<div class=\"wp-block-button\"><a class=\"wp-block-button__link wp-element-button\" href=\"https:\/\/agora.xtec.cat\/escolamasprats\/categoria\/projectes\/gep\/\">Visita el blog<\/a><\/div>\n<\/div>\n<\/div>\n<\/div>\n\n\n\n<div class=\"wp-block-columns is-layout-flex wp-container-core-columns-is-layout-2 wp-block-columns-is-layout-flex\">\n<div class=\"wp-block-column is-layout-flow wp-block-column-is-layout-flow\">\n<p class=\"has-text-align-center\">APRENENTATGE COOPETARATIU<\/p>\n\n\n\n<figure class=\"wp-block-image size-full\"><a href=\"https:\/\/agora.xtec.cat\/escolamasprats\/wp-content\/uploads\/usu1866\/2025\/05\/CAAC.jpg\"><img loading=\"lazy\" decoding=\"async\" width=\"1024\" height=\"768\" src=\"https:\/\/agora.xtec.cat\/escolamasprats\/wp-content\/uploads\/usu1866\/2025\/05\/CAAC.jpg\" alt=\"\" class=\"wp-image-8747\" srcset=\"https:\/\/agora.xtec.cat\/escolamasprats\/wp-content\/uploads\/usu1866\/2025\/05\/CAAC.jpg 1024w, https:\/\/agora.xtec.cat\/escolamasprats\/wp-content\/uploads\/usu1866\/2025\/05\/CAAC-300x225.jpg 300w, https:\/\/agora.xtec.cat\/escolamasprats\/wp-content\/uploads\/usu1866\/2025\/05\/CAAC-768x576.jpg 768w\" sizes=\"auto, (max-width: 1024px) 100vw, 1024px\" \/><\/a><\/figure>\n\n\n\n<p>El treball cooperatiu \u00e9s la base dels projectes que tant ens caracteritzen a Mas Prats. Treballem en aquest sentit mitjan\u00e7ant Equips Base. Els membres de cada equip tenen un rol assignat per distribuir les tasques i garantir un bon funcionament en el desenvolupament de les tasques assignades.<\/p>\n\n\n\n<div class=\"wp-block-buttons is-layout-flex wp-block-buttons-is-layout-flex\">\n<div class=\"wp-block-button\"><a class=\"wp-block-button__link wp-element-button\" href=\"https:\/\/agora.xtec.cat\/escolamasprats\/categoria\/projectes\/ca-ac\/\">Visita el blog<\/a><\/div>\n<\/div>\n<\/div>\n\n\n\n<div class=\"wp-block-column is-layout-flow wp-block-column-is-layout-flow\">\n<p class=\"has-text-align-center\">HORT ESCOLAR<\/p>\n\n\n\n<figure class=\"wp-block-image size-full\"><a href=\"https:\/\/agora.xtec.cat\/escolamasprats\/wp-content\/uploads\/usu1866\/2025\/05\/HORT-1.jpg\"><img loading=\"lazy\" decoding=\"async\" width=\"1024\" height=\"768\" src=\"https:\/\/agora.xtec.cat\/escolamasprats\/wp-content\/uploads\/usu1866\/2025\/05\/HORT-1.jpg\" alt=\"\" class=\"wp-image-8751\" srcset=\"https:\/\/agora.xtec.cat\/escolamasprats\/wp-content\/uploads\/usu1866\/2025\/05\/HORT-1.jpg 1024w, https:\/\/agora.xtec.cat\/escolamasprats\/wp-content\/uploads\/usu1866\/2025\/05\/HORT-1-300x225.jpg 300w, https:\/\/agora.xtec.cat\/escolamasprats\/wp-content\/uploads\/usu1866\/2025\/05\/HORT-1-768x576.jpg 768w\" sizes=\"auto, (max-width: 1024px) 100vw, 1024px\" \/><\/a><\/figure>\n\n\n\n<p>Al nostra hort, preparem el s\u00f2l, sembrem, reguem, treiem herbes, observem i collim els fruits que ens d\u00f3na la terra. \u00c9s un projecte que es porta a terme al llarg de tota l\u2019escolaritzaci\u00f3 de manera que cada curs conrea una verdura o hortalissa. Mitjan\u00e7ant l\u2019hort es posa en valor l\u2019alimentaci\u00f3 saludable i el cultiu ecol\u00f2gic.<\/p>\n\n\n\n<div class=\"wp-block-buttons is-layout-flex wp-block-buttons-is-layout-flex\">\n<div class=\"wp-block-button\"><a class=\"wp-block-button__link wp-element-button\" href=\"https:\/\/agora.xtec.cat\/escolamasprats\/categoria\/projectes\/hort\/\">Visita el blog<\/a><\/div>\n<\/div>\n<\/div>\n\n\n\n<div class=\"wp-block-column is-layout-flow wp-block-column-is-layout-flow\">\n<p class=\"has-text-align-center\">BIBLIOTECA ESCOLAR<\/p>\n\n\n\n<figure class=\"wp-block-image size-large\"><a href=\"https:\/\/agora.xtec.cat\/escolamasprats\/wp-content\/uploads\/usu1866\/2023\/03\/image_6483441-66.jpg\"><img loading=\"lazy\" decoding=\"async\" width=\"1024\" height=\"768\" src=\"https:\/\/agora.xtec.cat\/escolamasprats\/wp-content\/uploads\/usu1866\/2023\/03\/image_6483441-66-1024x768.jpg\" alt=\"\" class=\"wp-image-6480\" srcset=\"https:\/\/agora.xtec.cat\/escolamasprats\/wp-content\/uploads\/usu1866\/2023\/03\/image_6483441-66-1024x768.jpg 1024w, https:\/\/agora.xtec.cat\/escolamasprats\/wp-content\/uploads\/usu1866\/2023\/03\/image_6483441-66-300x225.jpg 300w, https:\/\/agora.xtec.cat\/escolamasprats\/wp-content\/uploads\/usu1866\/2023\/03\/image_6483441-66-768x576.jpg 768w, https:\/\/agora.xtec.cat\/escolamasprats\/wp-content\/uploads\/usu1866\/2023\/03\/image_6483441-66-1536x1152.jpg 1536w, https:\/\/agora.xtec.cat\/escolamasprats\/wp-content\/uploads\/usu1866\/2023\/03\/image_6483441-66-200x150.jpg 200w, https:\/\/agora.xtec.cat\/escolamasprats\/wp-content\/uploads\/usu1866\/2023\/03\/image_6483441-66.jpg 2048w\" sizes=\"auto, (max-width: 1024px) 100vw, 1024px\" \/><\/a><\/figure>\n\n\n\n<p>La biblioteca de l\u2019escola \u00e9s un espai cabdal. En aquesta es potencia la literatura infantil a trav\u00e9s de diferents activitats com la lectura de contes, lectures col.lectives o lectura silenciosa.<\/p>\n\n\n\n<div class=\"wp-block-buttons is-layout-flex wp-block-buttons-is-layout-flex\">\n<div class=\"wp-block-button\"><a class=\"wp-block-button__link wp-element-button\" href=\"https:\/\/agora.xtec.cat\/escolamasprats\/categoria\/projectes\/biblioteca\/\">Visita el blog<\/a><\/div>\n<\/div>\n<\/div>\n<\/div>\n\n\n\n<div class=\"wp-block-columns is-layout-flex wp-container-core-columns-is-layout-3 wp-block-columns-is-layout-flex\">\n<div class=\"wp-block-column is-layout-flow wp-block-column-is-layout-flow\">\n<p class=\"has-text-align-center\">CONVENI AMB UNIVERSITATS I INSTITUTS<\/p>\n\n\n\n<figure class=\"wp-block-image size-full\"><a href=\"https:\/\/agora.xtec.cat\/escolamasprats\/wp-content\/uploads\/usu1866\/2025\/05\/CONVENI.jpg\"><img loading=\"lazy\" decoding=\"async\" width=\"1024\" height=\"768\" src=\"https:\/\/agora.xtec.cat\/escolamasprats\/wp-content\/uploads\/usu1866\/2025\/05\/CONVENI.jpg\" alt=\"\" class=\"wp-image-8748\" srcset=\"https:\/\/agora.xtec.cat\/escolamasprats\/wp-content\/uploads\/usu1866\/2025\/05\/CONVENI.jpg 1024w, https:\/\/agora.xtec.cat\/escolamasprats\/wp-content\/uploads\/usu1866\/2025\/05\/CONVENI-300x225.jpg 300w, https:\/\/agora.xtec.cat\/escolamasprats\/wp-content\/uploads\/usu1866\/2025\/05\/CONVENI-768x576.jpg 768w\" sizes=\"auto, (max-width: 1024px) 100vw, 1024px\" \/><\/a><\/figure>\n\n\n\n<p>Mas Prats t\u00e9 conveni amb diferents Universitats per formar futur mestres. Tamb\u00e9 amb els Instituts de la zona amb qui col\u00b7laborem en diferents Formacions Professional. I amb l&#8217;Aula Oberta de l&#8217;Ins Font del Ferro acollint alumnat que ens ajuda en diferents tasques administratives i de consergeria.<\/p>\n\n\n\n<div class=\"wp-block-buttons is-layout-flex wp-block-buttons-is-layout-flex\">\n<div class=\"wp-block-button\"><a class=\"wp-block-button__link wp-element-button\" href=\"https:\/\/agora.xtec.cat\/escolamasprats\/categoria\/projectes\/conveni\/\">Visita el blog<\/a><\/div>\n<\/div>\n<\/div>\n\n\n\n<div class=\"wp-block-column is-layout-flow wp-block-column-is-layout-flow\"><\/div>\n\n\n\n<div class=\"wp-block-column is-layout-flow wp-block-column-is-layout-flow\"><\/div>\n<\/div>\n\n\n\n<p><\/p>\n","protected":false},"excerpt":{"rendered":"<p>LA M\u00c0GIA DE LLEGIR I ESCRIURE Quan parlem de la M\u00e0gia de Llegir i Escriure fem refer\u00e8ncia principalment l\u2019aprenentatge de la lectura i l\u2019escriptura. El domini d\u2019ambdues habilitats \u00e9s un objectiu prioritari a l\u2019escola. \u00c9s un proc\u00e9s perceptiu, ling\u00fc\u00edstic i cognitiu molt complex que requereix d\u2019un conjunt d\u2019habilitats i destreses. Aquest conjunt d\u2019habilitats pr\u00e8vies s\u00f3n [&hellip;]<\/p>\n","protected":false},"author":1,"featured_media":0,"parent":0,"menu_order":0,"comment_status":"closed","ping_status":"close","template":"","meta":{"_bbp_topic_count":0,"_bbp_reply_count":0,"_bbp_total_topic_count":0,"_bbp_total_reply_count":0,"_bbp_voice_count":0,"_bbp_anonymous_reply_count":0,"_bbp_topic_count_hidden":0,"_bbp_reply_count_hidden":0,"_bbp_forum_subforum_count":0,"site-sidebar-layout":"default","site-content-layout":"","ast-site-content-layout":"default","site-content-style":"default","site-sidebar-style":"default","ast-global-header-display":"","ast-banner-title-visibility":"","ast-main-header-display":"","ast-hfb-above-header-display":"","ast-hfb-below-header-display":"","ast-hfb-mobile-header-display":"","site-post-title":"","ast-breadcrumbs-content":"","ast-featured-img":"","footer-sml-layout":"","theme-transparent-header-meta":"","adv-header-id-meta":"","stick-header-meta":"","header-above-stick-meta":"","header-main-stick-meta":"","header-below-stick-meta":"","astra-migrate-meta-layouts":"set","ast-page-background-enabled":"default","ast-page-background-meta":{"desktop":{"background-color":"var(--ast-global-color-4)","background-image":"","background-repeat":"repeat","background-position":"center center","background-size":"auto","background-attachment":"scroll","background-type":"","background-media":"","overlay-type":"","overlay-color":"","overlay-opacity":"","overlay-gradient":""},"tablet":{"background-color":"","background-image":"","background-repeat":"repeat","background-position":"center center","background-size":"auto","background-attachment":"scroll","background-type":"","background-media":"","overlay-type":"","overlay-color":"","overlay-opacity":"","overlay-gradient":""},"mobile":{"background-color":"","background-image":"","background-repeat":"repeat","background-position":"center center","background-size":"auto","background-attachment":"scroll","background-type":"","background-media":"","overlay-type":"","overlay-color":"","overlay-opacity":"","overlay-gradient":""}},"ast-content-background-meta":{"desktop":{"background-color":"var(--ast-global-color-5)","background-image":"","background-repeat":"repeat","background-position":"center center","background-size":"auto","background-attachment":"scroll","background-type":"","background-media":"","overlay-type":"","overlay-color":"","overlay-opacity":"","overlay-gradient":""},"tablet":{"background-color":"var(--ast-global-color-5)","background-image":"","background-repeat":"repeat","background-position":"center center","background-size":"auto","background-attachment":"scroll","background-type":"","background-media":"","overlay-type":"","overlay-color":"","overlay-opacity":"","overlay-gradient":""},"mobile":{"background-color":"var(--ast-global-color-5)","background-image":"","background-repeat":"repeat","background-position":"center center","background-size":"auto","background-attachment":"scroll","background-type":"","background-media":"","overlay-type":"","overlay-color":"","overlay-opacity":"","overlay-gradient":""}},"footnotes":""},"class_list":["post-8746","page","type-page","status-publish","hentry"],"post_mailing_queue_ids":[],"_links":{"self":[{"href":"https:\/\/agora.xtec.cat\/escolamasprats\/wp-json\/wp\/v2\/pages\/8746","targetHints":{"allow":["GET"]}}],"collection":[{"href":"https:\/\/agora.xtec.cat\/escolamasprats\/wp-json\/wp\/v2\/pages"}],"about":[{"href":"https:\/\/agora.xtec.cat\/escolamasprats\/wp-json\/wp\/v2\/types\/page"}],"author":[{"embeddable":true,"href":"https:\/\/agora.xtec.cat\/escolamasprats\/wp-json\/wp\/v2\/users\/1"}],"replies":[{"embeddable":true,"href":"https:\/\/agora.xtec.cat\/escolamasprats\/wp-json\/wp\/v2\/comments?post=8746"}],"version-history":[{"count":4,"href":"https:\/\/agora.xtec.cat\/escolamasprats\/wp-json\/wp\/v2\/pages\/8746\/revisions"}],"predecessor-version":[{"id":8915,"href":"https:\/\/agora.xtec.cat\/escolamasprats\/wp-json\/wp\/v2\/pages\/8746\/revisions\/8915"}],"wp:attachment":[{"href":"https:\/\/agora.xtec.cat\/escolamasprats\/wp-json\/wp\/v2\/media?parent=8746"}],"curies":[{"name":"wp","href":"https:\/\/api.w.org\/{rel}","templated":true}]}}