{"id":769,"date":"2018-07-08T12:46:55","date_gmt":"2018-07-08T10:46:55","guid":{"rendered":"http:\/\/agora.xtec.cat\/escolamasprats\/?page_id=769"},"modified":"2025-11-26T10:22:03","modified_gmt":"2025-11-26T09:22:03","slug":"equip-de-persones","status":"publish","type":"page","link":"https:\/\/agora.xtec.cat\/escolamasprats\/lescola\/equip-de-persones\/","title":{"rendered":"Equip de persones"},"content":{"rendered":"<h3><\/h3>\n<table style=\"width: 868px; height: 1728px;\">\n<tbody>\n<tr style=\"height: 184px;\">\n<td style=\"width: 862px; height: 184px;\">\n<h3>Equip directiu<\/h3>\n<p><strong>Directora<\/strong>: Laura Duarte<\/p>\n<p><strong>Cap d&#8217;estudis<\/strong>: S\u00edlvia Vidal<\/p>\n<p><strong><b>Secret\u00e0ria:\u00a0<\/b><\/strong>Patr\u00edcia Bernad\u00e0s<\/td>\n<\/tr>\n<tr style=\"height: 223px;\">\n<td style=\"width: 862px; height: 223px;\">\n<h3>Equip Coordinador<\/h3>\n<p><strong>Educaci\u00f3 Infantil:<\/strong>\u00a0Ana Nadal<\/p>\n<p><strong>Cicle Inicial:\u00a0<\/strong>Aina Gonz\u00e0lez<\/p>\n<p><strong>Cicle Mitj\u00e0:\u00a0<\/strong>Gemma Reynaldos<\/p>\n<p><strong>Cicle Superior:<\/strong>\u00a0Carmen Serrat<\/td>\n<\/tr>\n<tr style=\"height: 776px;\">\n<td style=\"width: 862px; height: 734px;\">\n<h3>Tutors\/es<\/h3>\n<p><strong>I3A:<\/strong> Noelia Gallardo<\/p>\n<p><strong>I3B:<\/strong> Montserrat Coll<\/p>\n<p><strong>I4A: <\/strong>Mariam Gaillardo<\/p>\n<p><strong>I4B: <\/strong>Anna Nadal<\/p>\n<p><strong>I5A<\/strong>: Elisenda Hern\u00e1ndez<\/p>\n<p><strong>I5B<\/strong>: Laura Periago<\/p>\n<p><strong>1rA:<\/strong> Laia Vega<\/p>\n<p><strong>1r B:<\/strong>\u00a0Anna Gamb\u00edn<\/p>\n<p><strong>2n A<\/strong><strong>:<\/strong> Aina Gonzalez<\/p>\n<p><strong>2n B<\/strong><strong>: <\/strong>Gl\u00f2ria Morcillo<\/p>\n<p><strong>3rA:<\/strong> Josep Guiu<\/p>\n<p><strong>4tA:<\/strong> Ingrid Escobair\u00f3<\/p>\n<p><strong>4t B:<\/strong>\u00a0Gemma Delgado<\/p>\n<p><strong>5\u00e8A:<\/strong>\u00a0N\u00e0dia Porcar<\/p>\n<p><strong>5\u00e8B:<\/strong>\u00a0 Nadine Arias<\/p>\n<p><strong>6\u00e8A:<\/strong>\u00a0Carmen Serrat<\/p>\n<p><strong>6\u00e8B:<\/strong>\u00a0 Patr\u00edcia Bernad\u00e0s<\/p>\n<p><strong>SIEI<\/strong>: Maribel Salcedo<\/td>\n<\/tr>\n<tr style=\"height: 285px;\">\n<td style=\"width: 862px; height: 285px;\">\n<h3>Especialistes i Refor\u00e7<\/h3>\n<p><strong>Infantil:<\/strong> S\u00edlvia Ortet<\/p>\n<p><strong>Castell\u00e0:<\/strong> Gemma Reynaldos i Abel Canalejo<\/p>\n<p><strong>Educaci\u00f3 Art\u00edstica: <\/strong>Begonya Dalmau i S\u00edlvia Vidal<\/p>\n<p><strong>M\u00fasica:\u00a0<\/strong>Anna Aguas<\/p>\n<p><strong>Angl\u00e8s:<\/strong> Carme Amor, Tamara Mar\u00edn i Alba Nu\u00f1ez<\/p>\n<p><strong>Educaci\u00f3 F\u00edsica i Psicomotricitat:<\/strong> Erika Bartolom\u00e9 i Xavi L\u00f3pez<\/p>\n<p><strong>Religi\u00f3:<\/strong> Maria Guerrero<\/p>\n<p><strong>Mestres d\u2019educaci\u00f3 especial:<\/strong> Roser Vives, Mireia Pla i Sara Mirete<\/p>\n<p><strong>Refor\u00e7 SIEI:<\/strong> Laura Duarte<\/td>\n<\/tr>\n<tr style=\"height: 302px;\">\n<td style=\"width: 862px; height: 302px;\">\n<h3>Pesonal no docent:<\/h3>\n<p><strong>Administrativa:<\/strong> Cristina Batlle<\/p>\n<p><strong>TEEI:<\/strong> M\u00edriam Contreras<\/p>\n<p><strong>Educadora d&#8217;educaci\u00f3 especial:<\/strong> Ana Sot\u00e9s<\/p>\n<p><strong>EAP: <\/strong>In\u00e9s Ojeda<\/p>\n<p><strong>Vetllador\/a:<\/strong> S\u00f2nia Barbero i Al\u00edcia Ortega<\/p>\n<p><strong>Conserge: <\/strong>Xevi Salicr\u00fa<\/td>\n<\/tr>\n<\/tbody>\n<\/table>\n","protected":false},"excerpt":{"rendered":"<p>Equip directiu Directora: Laura Duarte Cap d&#8217;estudis: S\u00edlvia Vidal Secret\u00e0ria:\u00a0Patr\u00edcia Bernad\u00e0s Equip Coordinador Educaci\u00f3 Infantil:\u00a0Ana Nadal Cicle Inicial:\u00a0Aina Gonz\u00e0lez Cicle Mitj\u00e0:\u00a0Gemma Reynaldos Cicle Superior:\u00a0Carmen Serrat Tutors\/es I3A: Noelia Gallardo I3B: Montserrat Coll I4A: Mariam Gaillardo I4B: Anna Nadal I5A: Elisenda Hern\u00e1ndez I5B: Laura Periago 1rA: Laia Vega 1r B:\u00a0Anna Gamb\u00edn 2n A: Aina Gonzalez 2n [&hellip;]<\/p>\n","protected":false},"author":1,"featured_media":0,"parent":22,"menu_order":40,"comment_status":"closed","ping_status":"closed","template":"","meta":{"_bbp_topic_count":0,"_bbp_reply_count":0,"_bbp_total_topic_count":0,"_bbp_total_reply_count":0,"_bbp_voice_count":0,"_bbp_anonymous_reply_count":0,"_bbp_topic_count_hidden":0,"_bbp_reply_count_hidden":0,"_bbp_forum_subforum_count":0,"site-sidebar-layout":"default","site-content-layout":"","ast-site-content-layout":"default","site-content-style":"default","site-sidebar-style":"default","ast-global-header-display":"","ast-banner-title-visibility":"","ast-main-header-display":"","ast-hfb-above-header-display":"","ast-hfb-below-header-display":"","ast-hfb-mobile-header-display":"","site-post-title":"","ast-breadcrumbs-content":"","ast-featured-img":"","footer-sml-layout":"","theme-transparent-header-meta":"","adv-header-id-meta":"","stick-header-meta":"","header-above-stick-meta":"","header-main-stick-meta":"","header-below-stick-meta":"","astra-migrate-meta-layouts":"set","ast-page-background-enabled":"default","ast-page-background-meta":{"desktop":{"background-color":"var(--ast-global-color-4)","background-image":"","background-repeat":"repeat","background-position":"center center","background-size":"auto","background-attachment":"scroll","background-type":"","background-media":"","overlay-type":"","overlay-color":"","overlay-opacity":"","overlay-gradient":""},"tablet":{"background-color":"","background-image":"","background-repeat":"repeat","background-position":"center center","background-size":"auto","background-attachment":"scroll","background-type":"","background-media":"","overlay-type":"","overlay-color":"","overlay-opacity":"","overlay-gradient":""},"mobile":{"background-color":"","background-image":"","background-repeat":"repeat","background-position":"center center","background-size":"auto","background-attachment":"scroll","background-type":"","background-media":"","overlay-type":"","overlay-color":"","overlay-opacity":"","overlay-gradient":""}},"ast-content-background-meta":{"desktop":{"background-color":"var(--ast-global-color-5)","background-image":"","background-repeat":"repeat","background-position":"center center","background-size":"auto","background-attachment":"scroll","background-type":"","background-media":"","overlay-type":"","overlay-color":"","overlay-opacity":"","overlay-gradient":""},"tablet":{"background-color":"var(--ast-global-color-5)","background-image":"","background-repeat":"repeat","background-position":"center center","background-size":"auto","background-attachment":"scroll","background-type":"","background-media":"","overlay-type":"","overlay-color":"","overlay-opacity":"","overlay-gradient":""},"mobile":{"background-color":"var(--ast-global-color-5)","background-image":"","background-repeat":"repeat","background-position":"center center","background-size":"auto","background-attachment":"scroll","background-type":"","background-media":"","overlay-type":"","overlay-color":"","overlay-opacity":"","overlay-gradient":""}},"footnotes":""},"class_list":["post-769","page","type-page","status-publish","hentry"],"post_mailing_queue_ids":[],"_links":{"self":[{"href":"https:\/\/agora.xtec.cat\/escolamasprats\/wp-json\/wp\/v2\/pages\/769","targetHints":{"allow":["GET"]}}],"collection":[{"href":"https:\/\/agora.xtec.cat\/escolamasprats\/wp-json\/wp\/v2\/pages"}],"about":[{"href":"https:\/\/agora.xtec.cat\/escolamasprats\/wp-json\/wp\/v2\/types\/page"}],"author":[{"embeddable":true,"href":"https:\/\/agora.xtec.cat\/escolamasprats\/wp-json\/wp\/v2\/users\/1"}],"replies":[{"embeddable":true,"href":"https:\/\/agora.xtec.cat\/escolamasprats\/wp-json\/wp\/v2\/comments?post=769"}],"version-history":[{"count":6,"href":"https:\/\/agora.xtec.cat\/escolamasprats\/wp-json\/wp\/v2\/pages\/769\/revisions"}],"predecessor-version":[{"id":9126,"href":"https:\/\/agora.xtec.cat\/escolamasprats\/wp-json\/wp\/v2\/pages\/769\/revisions\/9126"}],"up":[{"embeddable":true,"href":"https:\/\/agora.xtec.cat\/escolamasprats\/wp-json\/wp\/v2\/pages\/22"}],"wp:attachment":[{"href":"https:\/\/agora.xtec.cat\/escolamasprats\/wp-json\/wp\/v2\/media?parent=769"}],"curies":[{"name":"wp","href":"https:\/\/api.w.org\/{rel}","templated":true}]}}