{"id":6750,"date":"2023-05-25T17:59:35","date_gmt":"2023-05-25T15:59:35","guid":{"rendered":"https:\/\/agora.xtec.cat\/escolamasprats\/?page_id=6750"},"modified":"2023-07-04T18:23:40","modified_gmt":"2023-07-04T16:23:40","slug":"equipament-digital","status":"publish","type":"page","link":"https:\/\/agora.xtec.cat\/escolamasprats\/estrategia-digital-de-centre\/cultura-digital\/equipament-digital\/","title":{"rendered":"Equipament digital"},"content":{"rendered":"<p>&nbsp;<\/p>\n<table style=\"border-collapse: collapse; width: 100%; height: 454px;\">\n<tbody>\n<tr style=\"height: 51px;\">\n<td style=\"width: 21.7568%; height: 51px;\"><img loading=\"lazy\" decoding=\"async\" class=\"alignright size-full wp-image-6804\" src=\"https:\/\/agora.xtec.cat\/escolamasprats\/wp-content\/uploads\/usu1866\/2023\/06\/portatil.jpg\" alt=\"\" width=\"246\" height=\"205\" \/><\/td>\n<td style=\"width: 78.2432%; height: 51px;\">Tot el professorat del Claustre i personal PAE disposa d\u2019un ordinador port\u00e0til, cedit pel Departament d\u2019Educaci\u00f3 gr\u00e0cies al PEDC.<\/p>\n<p>Totes les aules disposen d&#8217;un port\u00e0til connectat a un sistema de projecci\u00f3 i altaveu.<\/td>\n<\/tr>\n<tr style=\"height: 47px;\">\n<td style=\"width: 21.7568%; height: 47px;\"><img loading=\"lazy\" decoding=\"async\" class=\"alignright size-full wp-image-6803\" src=\"https:\/\/agora.xtec.cat\/escolamasprats\/wp-content\/uploads\/usu1866\/2023\/06\/chromebook.jpg\" alt=\"\" width=\"259\" height=\"194\" srcset=\"https:\/\/agora.xtec.cat\/escolamasprats\/wp-content\/uploads\/usu1866\/2023\/06\/chromebook.jpg 259w, https:\/\/agora.xtec.cat\/escolamasprats\/wp-content\/uploads\/usu1866\/2023\/06\/chromebook-200x150.jpg 200w\" sizes=\"auto, (max-width: 259px) 100vw, 259px\" \/><\/td>\n<td style=\"width: 78.2432%; height: 47px;\">Tot l&#8217;alumnat de 5\u00e8 i 6\u00e8 disposa d&#8217;un chromebook, cedit pel Departament d&#8217;Educaci\u00f3 gr\u00e0cies al PEDC.<\/p>\n<p>L&#8217;alumnat de 4t a 1r de Prim\u00e0ria disposa d&#8217;un carro de 25 chromebooks per nivell, propietat de l&#8217;escola.<\/td>\n<\/tr>\n<tr style=\"height: 32px;\">\n<td style=\"width: 21.7568%; height: 32px;\"><img loading=\"lazy\" decoding=\"async\" class=\"alignright size-full wp-image-6805\" src=\"https:\/\/agora.xtec.cat\/escolamasprats\/wp-content\/uploads\/usu1866\/2023\/06\/pdi.jpg\" alt=\"\" width=\"225\" height=\"225\" srcset=\"https:\/\/agora.xtec.cat\/escolamasprats\/wp-content\/uploads\/usu1866\/2023\/06\/pdi.jpg 225w, https:\/\/agora.xtec.cat\/escolamasprats\/wp-content\/uploads\/usu1866\/2023\/06\/pdi-150x150.jpg 150w\" sizes=\"auto, (max-width: 225px) 100vw, 225px\" \/><\/td>\n<td style=\"width: 78.2432%; height: 32px;\">La majoria de les aules disposen d&#8217;una Pissara Digital Interactiva (PDI) tipus Promethean, StardBoard o Notebook.<\/td>\n<\/tr>\n<tr style=\"height: 32px;\">\n<td style=\"width: 21.7568%; height: 32px;\"><img loading=\"lazy\" decoding=\"async\" class=\"alignright size-full wp-image-6806\" src=\"https:\/\/agora.xtec.cat\/escolamasprats\/wp-content\/uploads\/usu1866\/2023\/06\/pc-sobretaula.jpg\" alt=\"\" width=\"272\" height=\"185\" \/><\/td>\n<td style=\"width: 78.2432%; height: 32px;\">Els despatxos disposen d&#8217;ordinadors de sobretaula.<\/td>\n<\/tr>\n<tr style=\"height: 32px;\">\n<td style=\"width: 21.7568%; height: 32px;\"><img loading=\"lazy\" decoding=\"async\" class=\"wp-image-6809 aligncenter\" src=\"https:\/\/agora.xtec.cat\/escolamasprats\/wp-content\/uploads\/usu1866\/2023\/06\/ipad.jpg\" alt=\"\" width=\"78\" height=\"111\" \/><\/td>\n<td style=\"width: 78.2432%; height: 32px;\">El centre disposa de tauletes digitals per \u00fas de l&#8217;alumnat, distribu\u00efdes entre Infantil i Pirm\u00e0ria i tamb\u00e9 per \u00fas dels especialistes i direcci\u00f3.<\/td>\n<\/tr>\n<tr>\n<td style=\"width: 21.7568%;\"><img loading=\"lazy\" decoding=\"async\" class=\"wp-image-6810 aligncenter\" src=\"https:\/\/agora.xtec.cat\/escolamasprats\/wp-content\/uploads\/usu1866\/2023\/06\/apple-tv.jpg\" alt=\"\" width=\"73\" height=\"73\" srcset=\"https:\/\/agora.xtec.cat\/escolamasprats\/wp-content\/uploads\/usu1866\/2023\/06\/apple-tv.jpg 225w, https:\/\/agora.xtec.cat\/escolamasprats\/wp-content\/uploads\/usu1866\/2023\/06\/apple-tv-150x150.jpg 150w\" sizes=\"auto, (max-width: 73px) 100vw, 73px\" \/><\/td>\n<td style=\"width: 78.2432%;\">El centre disposa d&#8217;un Apple TV.<\/td>\n<\/tr>\n<tr style=\"height: 31px;\">\n<td style=\"width: 21.7568%; height: 31px;\"><img loading=\"lazy\" decoding=\"async\" class=\"alignright size-full wp-image-6811\" src=\"https:\/\/agora.xtec.cat\/escolamasprats\/wp-content\/uploads\/usu1866\/2023\/06\/equip-de-so.jpg\" alt=\"\" width=\"225\" height=\"225\" srcset=\"https:\/\/agora.xtec.cat\/escolamasprats\/wp-content\/uploads\/usu1866\/2023\/06\/equip-de-so.jpg 225w, https:\/\/agora.xtec.cat\/escolamasprats\/wp-content\/uploads\/usu1866\/2023\/06\/equip-de-so-150x150.jpg 150w\" sizes=\"auto, (max-width: 225px) 100vw, 225px\" \/><\/td>\n<td style=\"width: 78.2432%; height: 31px;\">El centre disposa de 4 equips de so, un equip fixe a l&#8217;aula de m\u00fasica, un al gimn\u00e0s i 2 equips portables.<\/td>\n<\/tr>\n<tr style=\"height: 32px;\">\n<td style=\"width: 21.7568%; height: 32px;\"><img loading=\"lazy\" decoding=\"async\" class=\"alignright size-full wp-image-6802\" src=\"https:\/\/agora.xtec.cat\/escolamasprats\/wp-content\/uploads\/usu1866\/2023\/06\/taula-de-llum.jpg\" alt=\"\" width=\"284\" height=\"177\" \/><\/td>\n<td style=\"width: 78.2432%; height: 32px;\">El centre disposa de 3 taules de llum a l&#8217;aula d&#8217;experimentaci\u00f3 d&#8217;infantil.<\/td>\n<\/tr>\n<tr style=\"height: 141px;\">\n<td style=\"width: 21.7568%; height: 141px;\"><img loading=\"lazy\" decoding=\"async\" class=\"alignright size-full wp-image-6812\" src=\"https:\/\/agora.xtec.cat\/escolamasprats\/wp-content\/uploads\/usu1866\/2023\/06\/impressora.jpg\" alt=\"\" width=\"225\" height=\"225\" srcset=\"https:\/\/agora.xtec.cat\/escolamasprats\/wp-content\/uploads\/usu1866\/2023\/06\/impressora.jpg 225w, https:\/\/agora.xtec.cat\/escolamasprats\/wp-content\/uploads\/usu1866\/2023\/06\/impressora-150x150.jpg 150w\" sizes=\"auto, (max-width: 225px) 100vw, 225px\" \/><\/td>\n<td style=\"width: 78.2432%; height: 141px;\">El centre disposa de 4 impressores:<\/p>\n<ul>\n<li>2 impressores de renting per \u00fas dels docents amb codi, una a cada edifici.<\/li>\n<li>1 impressora del Departament d&#8217;Educaci\u00f3, per \u00fas al despatx.<\/li>\n<li>1 impressora de propietat per \u00fas de la SIEI.<\/li>\n<\/ul>\n<\/td>\n<\/tr>\n<tr style=\"height: 56px;\">\n<td style=\"width: 21.7568%; height: 56px;\"><img loading=\"lazy\" decoding=\"async\" class=\"alignright size-full wp-image-6813\" src=\"https:\/\/agora.xtec.cat\/escolamasprats\/wp-content\/uploads\/usu1866\/2023\/06\/wifi.jpg\" alt=\"\" width=\"310\" height=\"162\" srcset=\"https:\/\/agora.xtec.cat\/escolamasprats\/wp-content\/uploads\/usu1866\/2023\/06\/wifi.jpg 310w, https:\/\/agora.xtec.cat\/escolamasprats\/wp-content\/uploads\/usu1866\/2023\/06\/wifi-300x157.jpg 300w\" sizes=\"auto, (max-width: 310px) 100vw, 310px\" \/><\/td>\n<td style=\"width: 78.2432%; height: 56px;\">El centre disposa de xarxa cablejada i xarxa WIFI i de 4 antenes de propietat.<\/td>\n<\/tr>\n<\/tbody>\n<\/table>\n","protected":false},"excerpt":{"rendered":"<p>&nbsp; Tot el professorat del Claustre i personal PAE disposa d\u2019un ordinador port\u00e0til, cedit pel Departament d\u2019Educaci\u00f3 gr\u00e0cies al PEDC. Totes les aules disposen d&#8217;un port\u00e0til connectat a un sistema de projecci\u00f3 i altaveu. Tot l&#8217;alumnat de 5\u00e8 i 6\u00e8 disposa d&#8217;un chromebook, cedit pel Departament d&#8217;Educaci\u00f3 gr\u00e0cies al PEDC. L&#8217;alumnat de 4t a 1r [&hellip;]<\/p>\n","protected":false},"author":1,"featured_media":0,"parent":5482,"menu_order":1,"comment_status":"closed","ping_status":"closed","template":"page-templates\/side-menu.php","meta":{"_bbp_topic_count":0,"_bbp_reply_count":0,"_bbp_total_topic_count":0,"_bbp_total_reply_count":0,"_bbp_voice_count":0,"_bbp_anonymous_reply_count":0,"_bbp_topic_count_hidden":0,"_bbp_reply_count_hidden":0,"_bbp_forum_subforum_count":0,"site-sidebar-layout":"default","site-content-layout":"","ast-site-content-layout":"","site-content-style":"default","site-sidebar-style":"default","ast-global-header-display":"","ast-banner-title-visibility":"","ast-main-header-display":"","ast-hfb-above-header-display":"","ast-hfb-below-header-display":"","ast-hfb-mobile-header-display":"","site-post-title":"","ast-breadcrumbs-content":"","ast-featured-img":"","footer-sml-layout":"","theme-transparent-header-meta":"","adv-header-id-meta":"","stick-header-meta":"","header-above-stick-meta":"","header-main-stick-meta":"","header-below-stick-meta":"","astra-migrate-meta-layouts":"default","ast-page-background-enabled":"default","ast-page-background-meta":{"desktop":{"background-color":"var(--ast-global-color-4)","background-image":"","background-repeat":"repeat","background-position":"center center","background-size":"auto","background-attachment":"scroll","background-type":"","background-media":"","overlay-type":"","overlay-color":"","overlay-opacity":"","overlay-gradient":""},"tablet":{"background-color":"","background-image":"","background-repeat":"repeat","background-position":"center center","background-size":"auto","background-attachment":"scroll","background-type":"","background-media":"","overlay-type":"","overlay-color":"","overlay-opacity":"","overlay-gradient":""},"mobile":{"background-color":"","background-image":"","background-repeat":"repeat","background-position":"center center","background-size":"auto","background-attachment":"scroll","background-type":"","background-media":"","overlay-type":"","overlay-color":"","overlay-opacity":"","overlay-gradient":""}},"ast-content-background-meta":{"desktop":{"background-color":"var(--ast-global-color-5)","background-image":"","background-repeat":"repeat","background-position":"center center","background-size":"auto","background-attachment":"scroll","background-type":"","background-media":"","overlay-type":"","overlay-color":"","overlay-opacity":"","overlay-gradient":""},"tablet":{"background-color":"var(--ast-global-color-5)","background-image":"","background-repeat":"repeat","background-position":"center center","background-size":"auto","background-attachment":"scroll","background-type":"","background-media":"","overlay-type":"","overlay-color":"","overlay-opacity":"","overlay-gradient":""},"mobile":{"background-color":"var(--ast-global-color-5)","background-image":"","background-repeat":"repeat","background-position":"center center","background-size":"auto","background-attachment":"scroll","background-type":"","background-media":"","overlay-type":"","overlay-color":"","overlay-opacity":"","overlay-gradient":""}},"footnotes":""},"class_list":["post-6750","page","type-page","status-publish","hentry"],"post_mailing_queue_ids":[],"_links":{"self":[{"href":"https:\/\/agora.xtec.cat\/escolamasprats\/wp-json\/wp\/v2\/pages\/6750","targetHints":{"allow":["GET"]}}],"collection":[{"href":"https:\/\/agora.xtec.cat\/escolamasprats\/wp-json\/wp\/v2\/pages"}],"about":[{"href":"https:\/\/agora.xtec.cat\/escolamasprats\/wp-json\/wp\/v2\/types\/page"}],"author":[{"embeddable":true,"href":"https:\/\/agora.xtec.cat\/escolamasprats\/wp-json\/wp\/v2\/users\/1"}],"replies":[{"embeddable":true,"href":"https:\/\/agora.xtec.cat\/escolamasprats\/wp-json\/wp\/v2\/comments?post=6750"}],"version-history":[{"count":3,"href":"https:\/\/agora.xtec.cat\/escolamasprats\/wp-json\/wp\/v2\/pages\/6750\/revisions"}],"predecessor-version":[{"id":6935,"href":"https:\/\/agora.xtec.cat\/escolamasprats\/wp-json\/wp\/v2\/pages\/6750\/revisions\/6935"}],"up":[{"embeddable":true,"href":"https:\/\/agora.xtec.cat\/escolamasprats\/wp-json\/wp\/v2\/pages\/5482"}],"wp:attachment":[{"href":"https:\/\/agora.xtec.cat\/escolamasprats\/wp-json\/wp\/v2\/media?parent=6750"}],"curies":[{"name":"wp","href":"https:\/\/api.w.org\/{rel}","templated":true}]}}