{"id":6733,"date":"2023-05-25T16:23:50","date_gmt":"2023-05-25T14:23:50","guid":{"rendered":"https:\/\/agora.xtec.cat\/escolamasprats\/?page_id=6733"},"modified":"2024-03-12T16:30:40","modified_gmt":"2024-03-12T15:30:40","slug":"acords-de-centre","status":"publish","type":"page","link":"https:\/\/agora.xtec.cat\/escolamasprats\/estrategia-digital-de-centre\/cultura-digital\/acords-de-centre\/","title":{"rendered":"Documents i acords de centre"},"content":{"rendered":"<p>La cultura digital es present en el desenvolupament i organitzaci\u00f3 del centre, en aquest apartat recollirem els documents expl\u00edcits de funcionament i els acords del claustre i\/o el consell escolar.<\/p>\n<table style=\"border-collapse: collapse; width: 100%;\">\n<tbody>\n<tr>\n<td style=\"width: 24.4595%;\">\n<h3>Documents d&#8217;organitzaci\u00f3 i gesti\u00f3 de centre<\/h3>\n<\/td>\n<td style=\"width: 75.5405%;\">\n<ul>\n<li><a href=\"https:\/\/drive.google.com\/file\/d\/1GpevTw6vnecJYA-S6cbkpOGsMlOQzgRI\/view?usp=sharing\" target=\"_blank\" rel=\"noopener\">NOFC Punt 7<\/a><\/li>\n<\/ul>\n<\/td>\n<\/tr>\n<tr>\n<td style=\"width: 24.4595%;\">\n<h3>Documents de gesti\u00f3 \u00e0mbit digital<\/h3>\n<\/td>\n<td style=\"width: 75.5405%;\">\n<ul>\n<li><a href=\"https:\/\/drive.google.com\/file\/d\/1Y6jFqwZ3fGQD2WkbB0NgypSegYD-_tn6\/view?usp=drive_link\" target=\"_blank\" rel=\"noopener\">Funcionament del Google Workspace de centre.<\/a><\/li>\n<li><a href=\"https:\/\/drive.google.com\/file\/d\/1FGkIXwACooEdywHP_REKsfoQEyQ3e4tN\/view?usp=sharing\" target=\"_blank\" rel=\"noopener\">Les publicacions a l&#8217;escola.<\/a><\/li>\n<li><a href=\"https:\/\/drive.google.com\/file\/d\/1ueLB1djyeDP98tvDV-kNS2A3SuInl2p3\/view?usp=drive_link\" target=\"_blank\" rel=\"noopener\">Publicaci\u00f3 d&#8217;un article al web del centre.<\/a><\/li>\n<li><a href=\"https:\/\/drive.google.com\/file\/d\/10w2vIr3LCovHMYRfKDpvAy8DLaoVzr5Q\/view?usp=drive_link\" target=\"_blank\" rel=\"noopener\">Port\u00e0tils docents, \u00fas i manteniment.<\/a><\/li>\n<li><a href=\"https:\/\/drive.google.com\/file\/d\/1ajXXIP5KD0xBMH8rScdmCsJucgOFePWP\/view?usp=drive_link\" target=\"_blank\" rel=\"noopener\">Tasques \u00e0mbit digital fi de curs mestres.<\/a><\/li>\n<li><a href=\"https:\/\/drive.google.com\/file\/d\/15SMhoVn2PYVo1KKPZ8s5kD1zdFDh_MuH\/view?usp=sharing\">Protocol drets d&#8217;autoria dels arxius de l&#8217;escola.<\/a><\/li>\n<li><a href=\"https:\/\/drive.google.com\/file\/d\/1QbyiIO-ZaxYSqwd6hjbULM0w2LoIhGH_\/view?usp=sharing\">Rob\u00f2tica a l&#8217;escola.<\/a><\/li>\n<\/ul>\n<\/td>\n<\/tr>\n<tr>\n<td style=\"width: 24.4595%;\">\n<h3>Acords de claustre\/consell escolar<\/h3>\n<\/td>\n<td style=\"width: 75.5405%;\">\n<ul>\n<li><a href=\"https:\/\/drive.google.com\/file\/d\/1VfdA2OeqbJCV_SqHJAH31vPvSONuNJb-\/view?usp=drive_link\" target=\"_blank\" rel=\"noopener\">Acords per donar feedback a l&#8217;alumnat.<\/a><\/li>\n<\/ul>\n<\/td>\n<\/tr>\n<\/tbody>\n<\/table>\n","protected":false},"excerpt":{"rendered":"<p>La cultura digital es present en el desenvolupament i organitzaci\u00f3 del centre, en aquest apartat recollirem els documents expl\u00edcits de funcionament i els acords del claustre i\/o el consell escolar. Documents d&#8217;organitzaci\u00f3 i gesti\u00f3 de centre NOFC Punt 7 Documents de gesti\u00f3 \u00e0mbit digital Funcionament del Google Workspace de centre. Les publicacions a l&#8217;escola. Publicaci\u00f3 [&hellip;]<\/p>\n","protected":false},"author":1,"featured_media":0,"parent":5482,"menu_order":3,"comment_status":"closed","ping_status":"closed","template":"page-templates\/side-menu.php","meta":{"_bbp_topic_count":0,"_bbp_reply_count":0,"_bbp_total_topic_count":0,"_bbp_total_reply_count":0,"_bbp_voice_count":0,"_bbp_anonymous_reply_count":0,"_bbp_topic_count_hidden":0,"_bbp_reply_count_hidden":0,"_bbp_forum_subforum_count":0,"site-sidebar-layout":"default","site-content-layout":"","ast-site-content-layout":"","site-content-style":"default","site-sidebar-style":"default","ast-global-header-display":"","ast-banner-title-visibility":"","ast-main-header-display":"","ast-hfb-above-header-display":"","ast-hfb-below-header-display":"","ast-hfb-mobile-header-display":"","site-post-title":"","ast-breadcrumbs-content":"","ast-featured-img":"","footer-sml-layout":"","theme-transparent-header-meta":"","adv-header-id-meta":"","stick-header-meta":"","header-above-stick-meta":"","header-main-stick-meta":"","header-below-stick-meta":"","astra-migrate-meta-layouts":"default","ast-page-background-enabled":"default","ast-page-background-meta":{"desktop":{"background-color":"var(--ast-global-color-4)","background-image":"","background-repeat":"repeat","background-position":"center center","background-size":"auto","background-attachment":"scroll","background-type":"","background-media":"","overlay-type":"","overlay-color":"","overlay-opacity":"","overlay-gradient":""},"tablet":{"background-color":"","background-image":"","background-repeat":"repeat","background-position":"center center","background-size":"auto","background-attachment":"scroll","background-type":"","background-media":"","overlay-type":"","overlay-color":"","overlay-opacity":"","overlay-gradient":""},"mobile":{"background-color":"","background-image":"","background-repeat":"repeat","background-position":"center center","background-size":"auto","background-attachment":"scroll","background-type":"","background-media":"","overlay-type":"","overlay-color":"","overlay-opacity":"","overlay-gradient":""}},"ast-content-background-meta":{"desktop":{"background-color":"var(--ast-global-color-5)","background-image":"","background-repeat":"repeat","background-position":"center center","background-size":"auto","background-attachment":"scroll","background-type":"","background-media":"","overlay-type":"","overlay-color":"","overlay-opacity":"","overlay-gradient":""},"tablet":{"background-color":"var(--ast-global-color-5)","background-image":"","background-repeat":"repeat","background-position":"center center","background-size":"auto","background-attachment":"scroll","background-type":"","background-media":"","overlay-type":"","overlay-color":"","overlay-opacity":"","overlay-gradient":""},"mobile":{"background-color":"var(--ast-global-color-5)","background-image":"","background-repeat":"repeat","background-position":"center center","background-size":"auto","background-attachment":"scroll","background-type":"","background-media":"","overlay-type":"","overlay-color":"","overlay-opacity":"","overlay-gradient":""}},"footnotes":""},"class_list":["post-6733","page","type-page","status-publish","hentry"],"post_mailing_queue_ids":[],"_links":{"self":[{"href":"https:\/\/agora.xtec.cat\/escolamasprats\/wp-json\/wp\/v2\/pages\/6733","targetHints":{"allow":["GET"]}}],"collection":[{"href":"https:\/\/agora.xtec.cat\/escolamasprats\/wp-json\/wp\/v2\/pages"}],"about":[{"href":"https:\/\/agora.xtec.cat\/escolamasprats\/wp-json\/wp\/v2\/types\/page"}],"author":[{"embeddable":true,"href":"https:\/\/agora.xtec.cat\/escolamasprats\/wp-json\/wp\/v2\/users\/1"}],"replies":[{"embeddable":true,"href":"https:\/\/agora.xtec.cat\/escolamasprats\/wp-json\/wp\/v2\/comments?post=6733"}],"version-history":[{"count":5,"href":"https:\/\/agora.xtec.cat\/escolamasprats\/wp-json\/wp\/v2\/pages\/6733\/revisions"}],"predecessor-version":[{"id":8038,"href":"https:\/\/agora.xtec.cat\/escolamasprats\/wp-json\/wp\/v2\/pages\/6733\/revisions\/8038"}],"up":[{"embeddable":true,"href":"https:\/\/agora.xtec.cat\/escolamasprats\/wp-json\/wp\/v2\/pages\/5482"}],"wp:attachment":[{"href":"https:\/\/agora.xtec.cat\/escolamasprats\/wp-json\/wp\/v2\/media?parent=6733"}],"curies":[{"name":"wp","href":"https:\/\/api.w.org\/{rel}","templated":true}]}}