{"id":5861,"date":"2023-05-25T13:19:46","date_gmt":"2023-05-25T11:19:46","guid":{"rendered":"https:\/\/agora.xtec.cat\/escolamasprats\/?page_id=5861"},"modified":"2023-06-14T13:08:48","modified_gmt":"2023-06-14T11:08:48","slug":"comunicacio","status":"publish","type":"page","link":"https:\/\/agora.xtec.cat\/escolamasprats\/estrategia-digital-de-centre\/cultura-digital\/comunicacio\/","title":{"rendered":"Pla de Comunicaci\u00f3"},"content":{"rendered":"<table style=\"border-collapse: collapse; width: 100%;\">\n<tbody>\n<tr>\n<td style=\"width: 100%; text-align: center;\">\n<h3>COMUNICACI\u00d3 EXTERIOR<\/h3>\n<\/td>\n<\/tr>\n<\/tbody>\n<\/table>\n<div>\n<div>\n<table style=\"border-collapse: collapse; width: 100%;\">\n<tbody>\n<tr>\n<td style=\"width: 19.5431%;\"><img loading=\"lazy\" decoding=\"async\" class=\"alignleft\" style=\"font-family: inherit; font-size: 1em;\" src=\"https:\/\/projectes.xtec.cat\/edc-suport\/wp-content\/uploads\/usu2435\/2021\/12\/nodes-300x173.png\" width=\"203\" height=\"117\" \/><\/td>\n<td style=\"width: 80.4569%;\">\n<h4>LA WEB DEL CENTRE<\/h4>\n<p>El centre disposa d\u2019un web amb la infor<span style=\"font-family: inherit; font-size: 1em;\">maci\u00f3 p\u00fablica. S\u2019hi poden trobar informacions est\u00e0tiques, que es revisen peri\u00f2dicament (documentaci\u00f3, normativa, ..) i articles din\u00e0mics s<\/span><span style=\"font-family: inherit; font-size: 1em;\">obre el que va succeint al centre dia a dia. Aquest web est\u00e0 realitzat aprofitant el servei nodes que ofereix el Departament d\u2019Educaci\u00f3.<\/span><\/td>\n<\/tr>\n<tr>\n<td style=\"width: 19.5431%;\"><img loading=\"lazy\" decoding=\"async\" class=\"size-full wp-image-6705 aligncenter\" style=\"font-size: 1.4375em; font-weight: bold;\" src=\"https:\/\/agora.xtec.cat\/escolamasprats\/wp-content\/uploads\/usu1866\/2023\/05\/xarxes-socials.jpg\" alt=\"\" width=\"211\" height=\"119\" \/><\/td>\n<td style=\"width: 80.4569%;\">\n<h4>XARXES SOCIALS<\/h4>\n<div>\n<p>El centre utilitza Facebook i Instagram per publicar not\u00edcies d&#8217;esdeveniments rellevants de caire<span style=\"font-family: inherit; font-size: 1em;\"> pedag\u00f2gic o d&#8217;inter\u00e8s per la comunitat educativa.<\/span><\/p>\n<\/div>\n<\/td>\n<\/tr>\n<tr>\n<td style=\"width: 19.5431%;\">\n<h4><img loading=\"lazy\" decoding=\"async\" class=\"wp-image-5870 aligncenter\" src=\"https:\/\/agora.xtec.cat\/escolamasprats\/wp-content\/uploads\/usu1866\/2022\/11\/googlge-fotos.png\" alt=\"\" width=\"96\" height=\"96\" srcset=\"https:\/\/agora.xtec.cat\/escolamasprats\/wp-content\/uploads\/usu1866\/2022\/11\/googlge-fotos.png 225w, https:\/\/agora.xtec.cat\/escolamasprats\/wp-content\/uploads\/usu1866\/2022\/11\/googlge-fotos-150x150.png 150w\" sizes=\"auto, (max-width: 96px) 100vw, 96px\" \/><\/h4>\n<p>&nbsp;<\/td>\n<td style=\"width: 80.4569%;\">\n<div>\n<div>\n<div>\n<div>\n<h4>GOOGLE FOTOS<\/h4>\n<\/div>\n<div><\/div>\n<\/div>\n<\/div>\n<div>\n<p>S&#8217;utilitza el Google Fotos per la publicaci\u00f3 dels \u00c0lbums de Fotos, de les activitats pedag\u00f2giques i sortides realitzades per a cada promoci\u00f3 d&#8217;alumnes.<\/p>\n<\/div>\n<\/div>\n<\/td>\n<\/tr>\n<tr>\n<td style=\"width: 19.5431%;\"><img loading=\"lazy\" decoding=\"async\" class=\"wp-image-5872 aligncenter\" style=\"font-size: 16px; background-color: #ffffff;\" src=\"https:\/\/agora.xtec.cat\/escolamasprats\/wp-content\/uploads\/usu1866\/2022\/11\/youtube-1.png\" alt=\"\" width=\"101\" height=\"101\" srcset=\"https:\/\/agora.xtec.cat\/escolamasprats\/wp-content\/uploads\/usu1866\/2022\/11\/youtube-1.png 225w, https:\/\/agora.xtec.cat\/escolamasprats\/wp-content\/uploads\/usu1866\/2022\/11\/youtube-1-150x150.png 150w\" sizes=\"auto, (max-width: 101px) 100vw, 101px\" \/><\/td>\n<td style=\"width: 80.4569%;\">\n<h4>YOUTUBE<\/h4>\n<div>\n<p>El centre disposa del seu propi canal Youtube per fer difusi\u00f3 dels v\u00eddeos de festes i festivals.<\/p>\n<\/div>\n<\/td>\n<\/tr>\n<\/tbody>\n<\/table>\n<p>&nbsp;<\/p>\n<\/div>\n<\/div>\n<div>\n<table style=\"border-collapse: collapse; width: 100%;\">\n<tbody>\n<tr>\n<td style=\"width: 100%; text-align: center;\">\n<h3>COMUNICACI\u00d3 AMB LES FAM\u00cdLIES<\/h3>\n<\/td>\n<\/tr>\n<\/tbody>\n<\/table>\n<\/div>\n<div>\n<table style=\"border-collapse: collapse; width: 100%; height: 490px;\">\n<tbody>\n<tr style=\"height: 263px;\">\n<td style=\"width: 19.3256%; height: 263px;\"><img loading=\"lazy\" decoding=\"async\" class=\"wp-image-6706 aligncenter\" style=\"font-size: 16px;\" src=\"https:\/\/agora.xtec.cat\/escolamasprats\/wp-content\/uploads\/usu1866\/2023\/05\/gmail.png\" alt=\"\" width=\"204\" height=\"128\" \/><\/td>\n<td style=\"width: 80.6744%; height: 263px;\">\n<h4>GMAIL<\/h4>\n<p>El correu electr\u00f2nic \u00e9s el mitj\u00e0 de comunicaci\u00f3 escrit principal entre fam\u00edlia-escola. Les fam\u00edlies informen a l&#8217;escola, l&#8217;adre\u00e7a on volen rebre els missatges del centre en el moment de la preinscripci\u00f3. \u00c9s obligaci\u00f3 de les fam\u00edlies comunicar qualsevol canvi en l&#8217;adre\u00e7a electr\u00f2nica.<\/p>\n<p>L&#8217;escola disposa, a m\u00e9s a m\u00e9s de l&#8217;adre\u00e7a de correu xtec del centre (<strong>a8060423@xtec.cat<\/strong>), de dos adreces m\u00e9s, una per notificacions massives (<strong>no-contestar@escolamasprats.cat<\/strong>) i una altra per gestions administratives (<strong>administracio@escolamasprats.cat<\/strong>)<\/p>\n<p>Tots els\/les docents del centre disposen d&#8217;una adre\u00e7a de correu corporativa <strong>@escolamasprat.cat<\/strong> per comunicaci\u00f3 amb les fam\u00edlies i els alumnes.<\/p>\n<p>L&#8217;escola es preserva el dret de NO enviar correus fora de la jornada laboral (de dilluns a divendres de 8:45h a 13:15h i de 15h a 16:30h)<\/td>\n<\/tr>\n<tr style=\"height: 131px;\">\n<td style=\"width: 19.3256%; height: 131px;\">\n<h4><img loading=\"lazy\" decoding=\"async\" class=\"wp-image-6708 aligncenter\" style=\"font-size: 16px; background-color: #ffffff;\" src=\"https:\/\/agora.xtec.cat\/escolamasprats\/wp-content\/uploads\/usu1866\/2023\/05\/TPV.png\" alt=\"\" width=\"103\" height=\"103\" srcset=\"https:\/\/agora.xtec.cat\/escolamasprats\/wp-content\/uploads\/usu1866\/2023\/05\/TPV.png 225w, https:\/\/agora.xtec.cat\/escolamasprats\/wp-content\/uploads\/usu1866\/2023\/05\/TPV-150x150.png 150w\" sizes=\"auto, (max-width: 103px) 100vw, 103px\" \/><\/h4>\n<\/td>\n<td style=\"width: 80.6744%; height: 131px;\">\n<h4>TPV ESCOLA<\/h4>\n<p>L&#8217;app TPV escola, \u00e9s l&#8217;aplicaci\u00f3 de gesti\u00f3 i comunicaci\u00f3 d&#8217;abs\u00e8ncies i retards de l&#8217;alumnat, aix\u00ed com tamb\u00e9 pel pagament de quotes i sortides.<\/td>\n<\/tr>\n<tr style=\"height: 32px;\">\n<td style=\"width: 19.3256%; height: 32px;\"><img loading=\"lazy\" decoding=\"async\" class=\"wp-image-6710 aligncenter\" style=\"font-size: 16px;\" src=\"https:\/\/agora.xtec.cat\/escolamasprats\/wp-content\/uploads\/usu1866\/2023\/05\/google-meet.png\" alt=\"\" width=\"212\" height=\"119\" \/><\/td>\n<td style=\"width: 80.6744%; height: 32px;\">\n<h4>GOOGLE MEET<\/h4>\n<p>Les fam\u00edlies tenen tamb\u00e9 l&#8217;opci\u00f3 de fer una videotrucada, en aquest cas \u00e9s el\/la docent qui envia l&#8217;enlla\u00e7 a les fam\u00edlies, l&#8217;aplicaci\u00f3 que s&#8217;utilitza en aquest canal de comunicaci\u00f3 \u00e9s el Google Meet amb l&#8217;usuari corporatiu del centre.<\/td>\n<\/tr>\n<tr>\n<td style=\"width: 19.3256%;\"><img loading=\"lazy\" decoding=\"async\" class=\"wp-image-6755 aligncenter\" src=\"https:\/\/agora.xtec.cat\/escolamasprats\/wp-content\/uploads\/usu1866\/2023\/05\/google-calendar.png\" alt=\"\" width=\"147\" height=\"106\" \/><\/td>\n<td style=\"width: 80.6744%;\">\n<h4>GOOGLE CALENDAR<\/h4>\n<p>L&#8217;aplicaci\u00f3 Google Calendar s&#8217;utilitza per programar les entrevistes de final de curs amb les fam\u00edlies.<\/td>\n<\/tr>\n<tr style=\"height: 32px;\">\n<td style=\"width: 19.3256%; height: 32px;\"><img loading=\"lazy\" decoding=\"async\" class=\"wp-image-6711 aligncenter\" style=\"font-size: 16px; background-color: #ffffff;\" src=\"https:\/\/agora.xtec.cat\/escolamasprats\/wp-content\/uploads\/usu1866\/2023\/05\/telefon.png\" alt=\"\" width=\"108\" height=\"108\" srcset=\"https:\/\/agora.xtec.cat\/escolamasprats\/wp-content\/uploads\/usu1866\/2023\/05\/telefon.png 225w, https:\/\/agora.xtec.cat\/escolamasprats\/wp-content\/uploads\/usu1866\/2023\/05\/telefon-150x150.png 150w\" sizes=\"auto, (max-width: 108px) 100vw, 108px\" \/><\/td>\n<td style=\"width: 80.6744%; height: 32px;\">\n<h4>TEL\u00c8FON<\/h4>\n<p>Les fam\u00edlies poden trucar a l&#8217;escola al tel\u00e8fon del centre <strong>93 762 00 87.<\/strong><\/p>\n<p>El personal docent pot trucar a les fam\u00edlies si ho vol amb el seu m\u00f2bil particular, en aquest cas ho faran en mode n\u00famero ocult, utilitzant el codi \u00a0#31# .<\/td>\n<\/tr>\n<tr>\n<td style=\"width: 19.3256%;\"><img loading=\"lazy\" decoding=\"async\" class=\"wp-image-6754 aligncenter\" src=\"https:\/\/agora.xtec.cat\/escolamasprats\/wp-content\/uploads\/usu1866\/2023\/05\/agenda.png\" alt=\"\" width=\"159\" height=\"114\" \/><\/td>\n<td style=\"width: 80.6744%;\">\n<h4>AGENDA<\/h4>\n<p>L&#8217;agenda s&#8217;utilitza a diari com a mitja de comunicaci\u00f3 amb les fam\u00edlies, tant pel seguiment de feines per acabar, dates de proves i materials que cal portar de casa, com per altres comunicacions del dia a dia.<\/td>\n<\/tr>\n<tr style=\"height: 32px;\">\n<td style=\"width: 19.3256%; height: 32px;\"><img loading=\"lazy\" decoding=\"async\" class=\"wp-image-6712 aligncenter\" style=\"font-size: 16px;\" src=\"https:\/\/agora.xtec.cat\/escolamasprats\/wp-content\/uploads\/usu1866\/2023\/05\/cita-previa.jpg\" alt=\"\" width=\"170\" height=\"102\" \/><\/td>\n<td style=\"width: 80.6744%; height: 32px;\">\n<h4>CITA PR\u00c8VIA<\/h4>\n<p>Les fam\u00edlies, es poden adre\u00e7ar a l&#8217;escola en persona, sempre amb cita pr\u00e8via amb la persona amb qui es vol parlar.<\/td>\n<\/tr>\n<\/tbody>\n<\/table>\n<p>&nbsp;<\/p>\n<\/div>\n<table style=\"border-collapse: collapse; width: 100%;\">\n<tbody>\n<tr>\n<td style=\"width: 100%; text-align: center;\">\n<h3>COMUNICACI\u00d3 INTERNA<\/h3>\n<\/td>\n<\/tr>\n<\/tbody>\n<\/table>\n<table style=\"border-collapse: collapse; width: 100%;\">\n<tbody>\n<tr>\n<td style=\"width: 19.5431%;\"><img loading=\"lazy\" decoding=\"async\" class=\"wp-image-6706 aligncenter\" style=\"font-size: 16px;\" src=\"https:\/\/agora.xtec.cat\/escolamasprats\/wp-content\/uploads\/usu1866\/2023\/05\/gmail.png\" alt=\"\" width=\"204\" height=\"128\" \/><\/td>\n<td style=\"width: 80.4568%;\">\n<h3>GMAIL<\/h3>\n<p>L&#8217;escola utilitza el correu electr\u00f2nic <strong>a8060423@xtec.cat\u00a0<\/strong>per difondre entre els docents les informacions rellevants. Tots\/es els docents han de comunicar a la direcci\u00f3 del centre el seu correu @xtec.cat en incorporar-se al centre, utilitzant-lo com a contacte d&#8217;\u00fas intern.<\/p>\n<p>Cal valorar la import\u00e0ncia de l&#8217;enviament de missatges en horari no lectiu i utilitzar si cal la programaci\u00f3 d&#8217;enviaments.<\/td>\n<\/tr>\n<tr>\n<td style=\"width: 19.5431%;\"><img loading=\"lazy\" decoding=\"async\" class=\"alignright size-full wp-image-6756\" src=\"https:\/\/agora.xtec.cat\/escolamasprats\/wp-content\/uploads\/usu1866\/2023\/05\/drive.jpg\" alt=\"\" width=\"275\" height=\"183\" \/><\/td>\n<td style=\"width: 80.4568%;\">\n<h3>GOOGLE DRIVE<\/h3>\n<p>L&#8217;escola utilitza el Google Drive per compartir la documentaci\u00f3 interna del centre. Una carpeta per curs escolar, recull diferents subcarpetes. La direcci\u00f3 del centre \u00e9s la propiet\u00e0ria de totes les carpetes i d\u00f3na permisos de gestor de continguts i edici\u00f3 a qui ho consideri.<\/td>\n<\/tr>\n<tr>\n<td style=\"width: 19.5431%;\"><img loading=\"lazy\" decoding=\"async\" class=\"wp-image-6755 aligncenter\" src=\"https:\/\/agora.xtec.cat\/escolamasprats\/wp-content\/uploads\/usu1866\/2023\/05\/google-calendar.png\" alt=\"\" width=\"147\" height=\"106\" \/><\/td>\n<td style=\"width: 80.4568%;\">\n<h3>GOOGLE CALENDAR<\/h3>\n<p>L&#8217;escola utilitza el Google Calendar per compartir les dates dels esdeveniments m\u00e9s rellevants. La direcci\u00f3 del centre \u00e9s la propiet\u00e0ria i convida als docents a veure els esdeveniments.<\/p>\n<p>Tamb\u00e9 hi ha un Calendar anomenat Ipads, al qual tots\/es els docents tenen perm\u00eds d&#8217;edici\u00f3 per tal de reservar l&#8217;\u00fas d&#8217;aquests dispositius<span style=\"text-decoration: line-through;\">.<\/span><\/td>\n<\/tr>\n<tr>\n<td style=\"width: 19.5431%;\"><img loading=\"lazy\" decoding=\"async\" class=\"wp-image-6757 aligncenter\" src=\"https:\/\/agora.xtec.cat\/escolamasprats\/wp-content\/uploads\/usu1866\/2023\/05\/whatsapp.jpg\" alt=\"\" width=\"127\" height=\"128\" srcset=\"https:\/\/agora.xtec.cat\/escolamasprats\/wp-content\/uploads\/usu1866\/2023\/05\/whatsapp.jpg 224w, https:\/\/agora.xtec.cat\/escolamasprats\/wp-content\/uploads\/usu1866\/2023\/05\/whatsapp-150x150.jpg 150w\" sizes=\"auto, (max-width: 127px) 100vw, 127px\" \/><\/td>\n<td style=\"width: 80.4568%;\">\n<h3>WHATSAPP<\/h3>\n<p>L&#8217;aplicaci\u00f3 whatsapp \u00e9s el canal de comunicaci\u00f3 immediat entre els docents. Hi ha un grup general de tot el claustre i personal no docent (Conserge, PAS, PAE i vetlladors\/es) i d&#8217;altres grups per a cada cicle i grups impulsors.<\/p>\n<p>Els docents tenen la responsabilitat d&#8217;estar pendent del grup general de l&#8217;escola, cada mati abans de l&#8217;inici de les classes, perqu\u00e8 \u00e9s el mitj\u00e0 de comunicaci\u00f3 del quadre de substitucions.<\/td>\n<\/tr>\n<\/tbody>\n<\/table>\n<p><strong>\u00a0<\/strong><\/p>\n","protected":false},"excerpt":{"rendered":"<p>COMUNICACI\u00d3 EXTERIOR LA WEB DEL CENTRE El centre disposa d\u2019un web amb la informaci\u00f3 p\u00fablica. S\u2019hi poden trobar informacions est\u00e0tiques, que es revisen peri\u00f2dicament (documentaci\u00f3, normativa, ..) i articles din\u00e0mics sobre el que va succeint al centre dia a dia. Aquest web est\u00e0 realitzat aprofitant el servei nodes que ofereix el Departament d\u2019Educaci\u00f3. XARXES SOCIALS [&hellip;]<\/p>\n","protected":false},"author":1,"featured_media":0,"parent":5482,"menu_order":4,"comment_status":"closed","ping_status":"closed","template":"page-templates\/side-menu.php","meta":{"_bbp_topic_count":0,"_bbp_reply_count":0,"_bbp_total_topic_count":0,"_bbp_total_reply_count":0,"_bbp_voice_count":0,"_bbp_anonymous_reply_count":0,"_bbp_topic_count_hidden":0,"_bbp_reply_count_hidden":0,"_bbp_forum_subforum_count":0,"site-sidebar-layout":"default","site-content-layout":"","ast-site-content-layout":"","site-content-style":"default","site-sidebar-style":"default","ast-global-header-display":"","ast-banner-title-visibility":"","ast-main-header-display":"","ast-hfb-above-header-display":"","ast-hfb-below-header-display":"","ast-hfb-mobile-header-display":"","site-post-title":"","ast-breadcrumbs-content":"","ast-featured-img":"","footer-sml-layout":"","theme-transparent-header-meta":"","adv-header-id-meta":"","stick-header-meta":"","header-above-stick-meta":"","header-main-stick-meta":"","header-below-stick-meta":"","astra-migrate-meta-layouts":"default","ast-page-background-enabled":"default","ast-page-background-meta":{"desktop":{"background-color":"var(--ast-global-color-4)","background-image":"","background-repeat":"repeat","background-position":"center center","background-size":"auto","background-attachment":"scroll","background-type":"","background-media":"","overlay-type":"","overlay-color":"","overlay-opacity":"","overlay-gradient":""},"tablet":{"background-color":"","background-image":"","background-repeat":"repeat","background-position":"center center","background-size":"auto","background-attachment":"scroll","background-type":"","background-media":"","overlay-type":"","overlay-color":"","overlay-opacity":"","overlay-gradient":""},"mobile":{"background-color":"","background-image":"","background-repeat":"repeat","background-position":"center center","background-size":"auto","background-attachment":"scroll","background-type":"","background-media":"","overlay-type":"","overlay-color":"","overlay-opacity":"","overlay-gradient":""}},"ast-content-background-meta":{"desktop":{"background-color":"var(--ast-global-color-5)","background-image":"","background-repeat":"repeat","background-position":"center center","background-size":"auto","background-attachment":"scroll","background-type":"","background-media":"","overlay-type":"","overlay-color":"","overlay-opacity":"","overlay-gradient":""},"tablet":{"background-color":"var(--ast-global-color-5)","background-image":"","background-repeat":"repeat","background-position":"center center","background-size":"auto","background-attachment":"scroll","background-type":"","background-media":"","overlay-type":"","overlay-color":"","overlay-opacity":"","overlay-gradient":""},"mobile":{"background-color":"var(--ast-global-color-5)","background-image":"","background-repeat":"repeat","background-position":"center center","background-size":"auto","background-attachment":"scroll","background-type":"","background-media":"","overlay-type":"","overlay-color":"","overlay-opacity":"","overlay-gradient":""}},"footnotes":""},"class_list":["post-5861","page","type-page","status-publish","hentry"],"post_mailing_queue_ids":[],"_links":{"self":[{"href":"https:\/\/agora.xtec.cat\/escolamasprats\/wp-json\/wp\/v2\/pages\/5861","targetHints":{"allow":["GET"]}}],"collection":[{"href":"https:\/\/agora.xtec.cat\/escolamasprats\/wp-json\/wp\/v2\/pages"}],"about":[{"href":"https:\/\/agora.xtec.cat\/escolamasprats\/wp-json\/wp\/v2\/types\/page"}],"author":[{"embeddable":true,"href":"https:\/\/agora.xtec.cat\/escolamasprats\/wp-json\/wp\/v2\/users\/1"}],"replies":[{"embeddable":true,"href":"https:\/\/agora.xtec.cat\/escolamasprats\/wp-json\/wp\/v2\/comments?post=5861"}],"version-history":[{"count":3,"href":"https:\/\/agora.xtec.cat\/escolamasprats\/wp-json\/wp\/v2\/pages\/5861\/revisions"}],"predecessor-version":[{"id":6760,"href":"https:\/\/agora.xtec.cat\/escolamasprats\/wp-json\/wp\/v2\/pages\/5861\/revisions\/6760"}],"up":[{"embeddable":true,"href":"https:\/\/agora.xtec.cat\/escolamasprats\/wp-json\/wp\/v2\/pages\/5482"}],"wp:attachment":[{"href":"https:\/\/agora.xtec.cat\/escolamasprats\/wp-json\/wp\/v2\/media?parent=5861"}],"curies":[{"name":"wp","href":"https:\/\/api.w.org\/{rel}","templated":true}]}}