{"id":5259,"date":"2022-02-01T09:34:23","date_gmt":"2022-02-01T08:34:23","guid":{"rendered":"https:\/\/agora.xtec.cat\/escolamasprats\/?page_id=5259"},"modified":"2022-02-01T09:34:23","modified_gmt":"2022-02-01T08:34:23","slug":"escola-lliure-de-violencies","status":"publish","type":"page","link":"https:\/\/agora.xtec.cat\/escolamasprats\/escola-lliure-de-violencies\/","title":{"rendered":"Escola lliure de viol\u00e8ncies"},"content":{"rendered":"<p>El Pla les escoles lliures de viol\u00e8ncies pret\u00e9n visibilitzar les viol\u00e8ncies ocultes als centres educatius, identificar-les i actuar-hi per protegir infants i adolescents. L\u2019objectiu de Les escoles lliures de viol\u00e8ncies \u00e9s la prevenci\u00f3 (sensibilitzaci\u00f3, formaci\u00f3, detecci\u00f3), actuaci\u00f3 (notificaci\u00f3, derivaci\u00f3, coordinaci\u00f3) i acompanyament (seguiment i coordinaci\u00f3) de les situacions de viol\u00e8ncia que afecten l\u2019alumnat dins i fora del sistema educatiu.<\/p>\n<p><strong>UsApps<\/strong><\/p>\n<p>\u00c9s l\u2019aplicaci\u00f3 web del Departament d\u2019Educaci\u00f3 perqu\u00e8 l\u2019alumnat pugui comunicar-hi situacions de viol\u00e8ncia que pot viure d\u2019una forma f\u00e0cil, intu\u00eftiva i efica\u00e7. Concretament, es pot dirigir a la\u00a0<strong>UsApps<\/strong> l\u2019alumnat, exalumnat i tota la comunitat educativa, tant si \u00e9s una persona que viu directament una situaci\u00f3 de viol\u00e8ncia com si n\u2019\u00e9s testimoni. Darrere de la\u00a0<strong>UsApps<\/strong>\u00a0hi ha la\u00a0<strong>Unitat de Suport a l\u2019Alumnat en Situaci\u00f3 de Viol\u00e8ncia<\/strong>.<\/p>\n<p>https:\/\/youtu.be\/nkgENcCaHH8<\/p>\n<p>M\u00e9s informaci\u00f3 a <a href=\"http:\/\/xtec.gencat.cat\/ca\/curriculum\/diversitat-i-inclusio\/les-escoles-lliures-de-violencies\/\" target=\"_blank\" rel=\"noopener\">http:\/\/xtec.gencat.cat\/ca\/curriculum\/diversitat-i-inclusio\/les-escoles-lliures-de-violencies\/<\/a><\/p>\n<p>&nbsp;<\/p>\n","protected":false},"excerpt":{"rendered":"<p>El Pla les escoles lliures de viol\u00e8ncies pret\u00e9n visibilitzar les viol\u00e8ncies ocultes als centres educatius, identificar-les i actuar-hi per protegir infants i adolescents. L\u2019objectiu de Les escoles lliures de viol\u00e8ncies \u00e9s la prevenci\u00f3 (sensibilitzaci\u00f3, formaci\u00f3, detecci\u00f3), actuaci\u00f3 (notificaci\u00f3, derivaci\u00f3, coordinaci\u00f3) i acompanyament (seguiment i coordinaci\u00f3) de les situacions de viol\u00e8ncia que afecten l\u2019alumnat dins i [&hellip;]<\/p>\n","protected":false},"author":3,"featured_media":0,"parent":0,"menu_order":0,"comment_status":"closed","ping_status":"closed","template":"","meta":{"_bbp_topic_count":0,"_bbp_reply_count":0,"_bbp_total_topic_count":0,"_bbp_total_reply_count":0,"_bbp_voice_count":0,"_bbp_anonymous_reply_count":0,"_bbp_topic_count_hidden":0,"_bbp_reply_count_hidden":0,"_bbp_forum_subforum_count":0,"site-sidebar-layout":"default","site-content-layout":"","ast-site-content-layout":"","site-content-style":"default","site-sidebar-style":"default","ast-global-header-display":"","ast-banner-title-visibility":"","ast-main-header-display":"","ast-hfb-above-header-display":"","ast-hfb-below-header-display":"","ast-hfb-mobile-header-display":"","site-post-title":"","ast-breadcrumbs-content":"","ast-featured-img":"","footer-sml-layout":"","theme-transparent-header-meta":"","adv-header-id-meta":"","stick-header-meta":"","header-above-stick-meta":"","header-main-stick-meta":"","header-below-stick-meta":"","astra-migrate-meta-layouts":"default","ast-page-background-enabled":"default","ast-page-background-meta":{"desktop":{"background-color":"var(--ast-global-color-4)","background-image":"","background-repeat":"repeat","background-position":"center center","background-size":"auto","background-attachment":"scroll","background-type":"","background-media":"","overlay-type":"","overlay-color":"","overlay-opacity":"","overlay-gradient":""},"tablet":{"background-color":"","background-image":"","background-repeat":"repeat","background-position":"center center","background-size":"auto","background-attachment":"scroll","background-type":"","background-media":"","overlay-type":"","overlay-color":"","overlay-opacity":"","overlay-gradient":""},"mobile":{"background-color":"","background-image":"","background-repeat":"repeat","background-position":"center center","background-size":"auto","background-attachment":"scroll","background-type":"","background-media":"","overlay-type":"","overlay-color":"","overlay-opacity":"","overlay-gradient":""}},"ast-content-background-meta":{"desktop":{"background-color":"var(--ast-global-color-5)","background-image":"","background-repeat":"repeat","background-position":"center center","background-size":"auto","background-attachment":"scroll","background-type":"","background-media":"","overlay-type":"","overlay-color":"","overlay-opacity":"","overlay-gradient":""},"tablet":{"background-color":"var(--ast-global-color-5)","background-image":"","background-repeat":"repeat","background-position":"center center","background-size":"auto","background-attachment":"scroll","background-type":"","background-media":"","overlay-type":"","overlay-color":"","overlay-opacity":"","overlay-gradient":""},"mobile":{"background-color":"var(--ast-global-color-5)","background-image":"","background-repeat":"repeat","background-position":"center center","background-size":"auto","background-attachment":"scroll","background-type":"","background-media":"","overlay-type":"","overlay-color":"","overlay-opacity":"","overlay-gradient":""}},"footnotes":""},"class_list":["post-5259","page","type-page","status-publish","hentry"],"post_mailing_queue_ids":[],"_links":{"self":[{"href":"https:\/\/agora.xtec.cat\/escolamasprats\/wp-json\/wp\/v2\/pages\/5259","targetHints":{"allow":["GET"]}}],"collection":[{"href":"https:\/\/agora.xtec.cat\/escolamasprats\/wp-json\/wp\/v2\/pages"}],"about":[{"href":"https:\/\/agora.xtec.cat\/escolamasprats\/wp-json\/wp\/v2\/types\/page"}],"author":[{"embeddable":true,"href":"https:\/\/agora.xtec.cat\/escolamasprats\/wp-json\/wp\/v2\/users\/3"}],"replies":[{"embeddable":true,"href":"https:\/\/agora.xtec.cat\/escolamasprats\/wp-json\/wp\/v2\/comments?post=5259"}],"version-history":[{"count":1,"href":"https:\/\/agora.xtec.cat\/escolamasprats\/wp-json\/wp\/v2\/pages\/5259\/revisions"}],"predecessor-version":[{"id":5260,"href":"https:\/\/agora.xtec.cat\/escolamasprats\/wp-json\/wp\/v2\/pages\/5259\/revisions\/5260"}],"wp:attachment":[{"href":"https:\/\/agora.xtec.cat\/escolamasprats\/wp-json\/wp\/v2\/media?parent=5259"}],"curies":[{"name":"wp","href":"https:\/\/api.w.org\/{rel}","templated":true}]}}