{"id":500,"date":"2018-06-27T19:26:11","date_gmt":"2018-06-27T17:26:11","guid":{"rendered":"http:\/\/agora.xtec.cat\/escolamasprats\/?page_id=500"},"modified":"2022-09-13T16:30:28","modified_gmt":"2022-09-13T14:30:28","slug":"autoritzacions","status":"publish","type":"page","link":"https:\/\/agora.xtec.cat\/escolamasprats\/lescola\/autoritzacions\/","title":{"rendered":"Autoritzacions"},"content":{"rendered":"<p class=\"font_5\">Descarregar impressos en format .pdf<\/p>\n<table>\n<tbody>\n<tr>\n<td>\n<h3 class=\"font_5\"><span class=\"color_23\">Sortida de l&#8217;escola<\/span><\/h3>\n<ul>\n<li class=\"font_5\">\u00a0<a href=\"https:\/\/drive.google.com\/file\/d\/1SpMcZ-m8CgOtQIAXTfdcpXuHnJZMf-re\/view?usp=sharing\" target=\"_blank\" rel=\"nofollow noopener noreferrer\" data-content=\"https:\/\/drive.google.com\/file\/d\/0B1J-cIIkNNpLb3djc2xjRklkbE0\/view?usp=sharing\" data-type=\"external\">Marxar sol\/a de l&#8217;escola.<\/a><\/li>\n<\/ul>\n<ul class=\"font_5\">\n<li>\n<p class=\"font_5\"><a href=\"https:\/\/drive.google.com\/file\/d\/0B1J-cIIkNNpLd3VEQ1d6WDFCblE\/view?usp=sharing\" target=\"_blank\" rel=\"nofollow noopener noreferrer\" data-content=\"https:\/\/drive.google.com\/file\/d\/0B1J-cIIkNNpLd3VEQ1d6WDFCblE\/view?usp=sharing\" data-type=\"external\">Recollida d&#8217;un infant per un altre menor.<\/a><\/p>\n<\/li>\n<li>\n<p class=\"font_5\"><a href=\"https:\/\/drive.google.com\/file\/d\/0B1J-cIIkNNpLenpLT2l0RURBT00\/view?usp=sharing\" target=\"_blank\" rel=\"nofollow noopener noreferrer\" data-content=\"https:\/\/drive.google.com\/file\/d\/0B1J-cIIkNNpLenpLT2l0RURBT00\/view?usp=sharing\" data-type=\"external\">Recollida d&#8217;un infant per un altre adult.<\/a><\/p>\n<\/li>\n<li>\n<p class=\"font_5\"><a href=\"https:\/\/drive.google.com\/file\/d\/0B1J-cIIkNNpLMGlOaE5ZQS1NWUE\/view?usp=sharing\" target=\"_blank\" rel=\"nofollow noopener noreferrer\" data-content=\"https:\/\/drive.google.com\/file\/d\/0B1J-cIIkNNpLMGlOaE5ZQS1NWUE\/view?usp=sharing\" data-type=\"external\">Sortida pel poble o al CAP.<\/a><\/p>\n<\/li>\n<\/ul>\n<\/td>\n<td><a href=\"http:\/\/agora.xtec.cat\/escolamasprats\/wp-content\/uploads\/usu1866\/2018\/06\/zona-escolar.jpg\"><img loading=\"lazy\" decoding=\"async\" class=\"size-full wp-image-503 aligncenter\" src=\"http:\/\/agora.xtec.cat\/escolamasprats\/wp-content\/uploads\/usu1866\/2018\/06\/zona-escolar.jpg\" alt=\"\" width=\"241\" height=\"209\" \/><\/a><\/td>\n<\/tr>\n<tr>\n<td>\n<h3 class=\"font_5\"><span class=\"color_23\">Salut<\/span><\/h3>\n<ul class=\"font_5\">\n<li>\n<p class=\"font_5\"><a href=\"https:\/\/drive.google.com\/file\/d\/0B1J-cIIkNNpLRGpxdFlWYXVuMFk\/view?usp=sharing\" target=\"_blank\" rel=\"nofollow noopener noreferrer\" data-content=\"https:\/\/drive.google.com\/file\/d\/0B1J-cIIkNNpLRGpxdFlWYXVuMFk\/view?usp=sharing\" data-type=\"external\">Administraci\u00f3 de medicaments.<\/a><\/p>\n<\/li>\n<li>\n<p class=\"font_5\"><a href=\"https:\/\/drive.google.com\/file\/d\/0B1J-cIIkNNpLSmFMMmlvaTRIYmM\/view?usp=sharing\" target=\"_blank\" rel=\"nofollow noopener noreferrer\" data-content=\"https:\/\/drive.google.com\/file\/d\/0B1J-cIIkNNpLSmFMMmlvaTRIYmM\/view?usp=sharing\" data-type=\"external\">Administraci\u00f3 de paracetamol.<\/a><\/p>\n<\/li>\n<li>\n<p class=\"font_5\"><a href=\"https:\/\/drive.google.com\/file\/d\/0B1J-cIIkNNpLZU44SGtIcXJVYUU\/view?usp=sharing\" target=\"_blank\" rel=\"nofollow noopener noreferrer\" data-content=\"https:\/\/drive.google.com\/file\/d\/0B1J-cIIkNNpLZU44SGtIcXJVYUU\/view?usp=sharing\" data-type=\"external\">Diabetis: comunicaci\u00f3<\/a><\/p>\n<\/li>\n<li>\n<p class=\"font_5\"><a href=\"https:\/\/drive.google.com\/file\/d\/0B1J-cIIkNNpLNTJHeWgxejdqdDg\/view?usp=sharing\" target=\"_blank\" rel=\"nofollow noopener noreferrer\" data-content=\"https:\/\/drive.google.com\/file\/d\/0B1J-cIIkNNpLNTJHeWgxejdqdDg\/view?usp=sharing\" data-type=\"external\">Diabetis: control i administraci\u00f3 de glucosa i insulina.<\/a><\/p>\n<\/li>\n<li>\n<p class=\"font_5\"><a href=\"https:\/\/drive.google.com\/file\/d\/0B1J-cIIkNNpLZ2pTblZWVllkelU\/view?usp=sharing\" target=\"_blank\" rel=\"nofollow noopener noreferrer\" data-content=\"https:\/\/drive.google.com\/file\/d\/0B1J-cIIkNNpLZ2pTblZWVllkelU\/view?usp=sharing\" data-type=\"external\">Diabetis: Administraci\u00f3 de glucag\u00f3<\/a><\/p>\n<\/li>\n<\/ul>\n<\/td>\n<td>\u00a0<a href=\"http:\/\/agora.xtec.cat\/escolamasprats\/wp-content\/uploads\/usu1866\/2018\/06\/farmaciona.png\"><img loading=\"lazy\" decoding=\"async\" class=\"size-full wp-image-504 aligncenter\" src=\"http:\/\/agora.xtec.cat\/escolamasprats\/wp-content\/uploads\/usu1866\/2018\/06\/farmaciona.png\" alt=\"\" width=\"200\" height=\"159\" \/><\/a><\/td>\n<\/tr>\n<tr>\n<td>\n<h3 class=\"font_5\"><span class=\"color_23\">Altres<\/span><\/h3>\n<ul class=\"font_5\">\n<li>\n<p class=\"font_5\"><a href=\"https:\/\/drive.google.com\/file\/d\/1D3E0DF2mZnu_dn8Ftdh1ZqIQSbnk3bbZ\/view?usp=sharing\" target=\"_blank\" rel=\"noopener\">\u00das del dret d&#8217;imatge, dades i publicacions.<\/a><\/p>\n<\/li>\n<li>\n<p class=\"font_5\"><a href=\"https:\/\/drive.google.com\/file\/d\/0B1J-cIIkNNpLNk5TalM3OGt4TGs\/view?usp=sharing\" target=\"_blank\" rel=\"nofollow noopener noreferrer\" data-content=\"https:\/\/drive.google.com\/file\/d\/0B1J-cIIkNNpLNk5TalM3OGt4TGs\/view?usp=sharing\" data-type=\"external\">Opci\u00f3 religiosa.<\/a><\/p>\n<\/li>\n<\/ul>\n<\/td>\n<td>\u00a0<a href=\"http:\/\/agora.xtec.cat\/escolamasprats\/wp-content\/uploads\/usu1866\/2018\/06\/fotos.jpg\"><img loading=\"lazy\" decoding=\"async\" class=\"size-full wp-image-505 aligncenter\" src=\"http:\/\/agora.xtec.cat\/escolamasprats\/wp-content\/uploads\/usu1866\/2018\/06\/fotos.jpg\" alt=\"\" width=\"249\" height=\"202\" \/><\/a><\/td>\n<\/tr>\n<\/tbody>\n<\/table>\n<h3 class=\"font_5\"><\/h3>\n","protected":false},"excerpt":{"rendered":"<p>Descarregar impressos en format .pdf Sortida de l&#8217;escola \u00a0Marxar sol\/a de l&#8217;escola. Recollida d&#8217;un infant per un altre menor. Recollida d&#8217;un infant per un altre adult. Sortida pel poble o al CAP. Salut Administraci\u00f3 de medicaments. Administraci\u00f3 de paracetamol. Diabetis: comunicaci\u00f3 Diabetis: control i administraci\u00f3 de glucosa i insulina. Diabetis: Administraci\u00f3 de glucag\u00f3 \u00a0 Altres [&hellip;]<\/p>\n","protected":false},"author":1,"featured_media":0,"parent":22,"menu_order":70,"comment_status":"closed","ping_status":"closed","template":"page-templates\/side-menu.php","meta":{"_bbp_topic_count":0,"_bbp_reply_count":0,"_bbp_total_topic_count":0,"_bbp_total_reply_count":0,"_bbp_voice_count":0,"_bbp_anonymous_reply_count":0,"_bbp_topic_count_hidden":0,"_bbp_reply_count_hidden":0,"_bbp_forum_subforum_count":0,"site-sidebar-layout":"default","site-content-layout":"","ast-site-content-layout":"","site-content-style":"default","site-sidebar-style":"default","ast-global-header-display":"","ast-banner-title-visibility":"","ast-main-header-display":"","ast-hfb-above-header-display":"","ast-hfb-below-header-display":"","ast-hfb-mobile-header-display":"","site-post-title":"","ast-breadcrumbs-content":"","ast-featured-img":"","footer-sml-layout":"","theme-transparent-header-meta":"","adv-header-id-meta":"","stick-header-meta":"","header-above-stick-meta":"","header-main-stick-meta":"","header-below-stick-meta":"","astra-migrate-meta-layouts":"default","ast-page-background-enabled":"default","ast-page-background-meta":{"desktop":{"background-color":"var(--ast-global-color-4)","background-image":"","background-repeat":"repeat","background-position":"center center","background-size":"auto","background-attachment":"scroll","background-type":"","background-media":"","overlay-type":"","overlay-color":"","overlay-opacity":"","overlay-gradient":""},"tablet":{"background-color":"","background-image":"","background-repeat":"repeat","background-position":"center center","background-size":"auto","background-attachment":"scroll","background-type":"","background-media":"","overlay-type":"","overlay-color":"","overlay-opacity":"","overlay-gradient":""},"mobile":{"background-color":"","background-image":"","background-repeat":"repeat","background-position":"center center","background-size":"auto","background-attachment":"scroll","background-type":"","background-media":"","overlay-type":"","overlay-color":"","overlay-opacity":"","overlay-gradient":""}},"ast-content-background-meta":{"desktop":{"background-color":"var(--ast-global-color-5)","background-image":"","background-repeat":"repeat","background-position":"center center","background-size":"auto","background-attachment":"scroll","background-type":"","background-media":"","overlay-type":"","overlay-color":"","overlay-opacity":"","overlay-gradient":""},"tablet":{"background-color":"var(--ast-global-color-5)","background-image":"","background-repeat":"repeat","background-position":"center center","background-size":"auto","background-attachment":"scroll","background-type":"","background-media":"","overlay-type":"","overlay-color":"","overlay-opacity":"","overlay-gradient":""},"mobile":{"background-color":"var(--ast-global-color-5)","background-image":"","background-repeat":"repeat","background-position":"center center","background-size":"auto","background-attachment":"scroll","background-type":"","background-media":"","overlay-type":"","overlay-color":"","overlay-opacity":"","overlay-gradient":""}},"footnotes":""},"class_list":["post-500","page","type-page","status-publish","hentry"],"post_mailing_queue_ids":[],"_links":{"self":[{"href":"https:\/\/agora.xtec.cat\/escolamasprats\/wp-json\/wp\/v2\/pages\/500","targetHints":{"allow":["GET"]}}],"collection":[{"href":"https:\/\/agora.xtec.cat\/escolamasprats\/wp-json\/wp\/v2\/pages"}],"about":[{"href":"https:\/\/agora.xtec.cat\/escolamasprats\/wp-json\/wp\/v2\/types\/page"}],"author":[{"embeddable":true,"href":"https:\/\/agora.xtec.cat\/escolamasprats\/wp-json\/wp\/v2\/users\/1"}],"replies":[{"embeddable":true,"href":"https:\/\/agora.xtec.cat\/escolamasprats\/wp-json\/wp\/v2\/comments?post=500"}],"version-history":[{"count":3,"href":"https:\/\/agora.xtec.cat\/escolamasprats\/wp-json\/wp\/v2\/pages\/500\/revisions"}],"predecessor-version":[{"id":5740,"href":"https:\/\/agora.xtec.cat\/escolamasprats\/wp-json\/wp\/v2\/pages\/500\/revisions\/5740"}],"up":[{"embeddable":true,"href":"https:\/\/agora.xtec.cat\/escolamasprats\/wp-json\/wp\/v2\/pages\/22"}],"wp:attachment":[{"href":"https:\/\/agora.xtec.cat\/escolamasprats\/wp-json\/wp\/v2\/media?parent=500"}],"curies":[{"name":"wp","href":"https:\/\/api.w.org\/{rel}","templated":true}]}}